{"id":73,"date":"2021-11-23T12:45:49","date_gmt":"2021-11-23T11:45:49","guid":{"rendered":"http:\/\/us.edu.pl\/centra-badawcze\/sct\/?page_id=73"},"modified":"2022-01-26T11:15:19","modified_gmt":"2022-01-26T10:15:19","slug":"kontakt","status":"publish","type":"page","link":"https:\/\/us.edu.pl\/centra-badawcze\/cyberscience\/kontakt\/","title":{"rendered":"Kontakt"},"content":{"rendered":"<p>[vc_row][vc_column]\r\n                <div class=\"text-modules\">\r\n                    <div class=\"container\">\r\n                        <h3 class=\"page-title text__title\">Kontakt<\/h3>\r\n                        <div class=\"text-modules__content\"><p>\u015al\u0105skie Centrum In\u017cynierii Prawa, Technologii i\u00a0Kompetencji Cyfrowych CYBER SCIENCE<br \/>\n40-007 Katowice<\/p>\n<\/div>\r\n                    <\/div>\r\n                <\/div>[\/vc_column][\/vc_row]<\/p>","protected":false},"excerpt":{"rendered":"<p>[vc_row][vc_column][\/vc_column][\/vc_row] [&#8230;]<\/p>\n<p><a class=\"btn btn-secondary understrap-read-more-link\" href=\"https:\/\/us.edu.pl\/centra-badawcze\/cyberscience\/kontakt\/\">Read More&#8230;<\/a><\/p>\n","protected":false},"author":29,"featured_media":0,"parent":0,"menu_order":0,"comment_status":"closed","ping_status":"closed","template":"","meta":{"_expiration-date-status":"saved","_expiration-date":0,"_expiration-date-type":"","_expiration-date-categories":[],"_expiration-date-options":[]},"acf":[],"_links":{"self":[{"href":"https:\/\/us.edu.pl\/centra-badawcze\/cyberscience\/wp-json\/wp\/v2\/pages\/73"}],"collection":[{"href":"https:\/\/us.edu.pl\/centra-badawcze\/cyberscience\/wp-json\/wp\/v2\/pages"}],"about":[{"href":"https:\/\/us.edu.pl\/centra-badawcze\/cyberscience\/wp-json\/wp\/v2\/types\/page"}],"author":[{"embeddable":true,"href":"https:\/\/us.edu.pl\/centra-badawcze\/cyberscience\/wp-json\/wp\/v2\/users\/29"}],"replies":[{"embeddable":true,"href":"https:\/\/us.edu.pl\/centra-badawcze\/cyberscience\/wp-json\/wp\/v2\/comments?post=73"}],"version-history":[{"count":4,"href":"https:\/\/us.edu.pl\/centra-badawcze\/cyberscience\/wp-json\/wp\/v2\/pages\/73\/revisions"}],"predecessor-version":[{"id":274,"href":"https:\/\/us.edu.pl\/centra-badawcze\/cyberscience\/wp-json\/wp\/v2\/pages\/73\/revisions\/274"}],"wp:attachment":[{"href":"https:\/\/us.edu.pl\/centra-badawcze\/cyberscience\/wp-json\/wp\/v2\/media?parent=73"}],"curies":[{"name":"wp","href":"https:\/\/api.w.org\/{rel}","templated":true}]}}