{"id":91,"date":"2021-11-25T16:15:46","date_gmt":"2021-11-25T15:15:46","guid":{"rendered":"http:\/\/us.edu.pl\/centra-badawcze\/sct\/?page_id=91"},"modified":"2022-04-14T10:53:22","modified_gmt":"2022-04-14T08:53:22","slug":"cele","status":"publish","type":"page","link":"https:\/\/us.edu.pl\/centra-badawcze\/cyberscience\/centrum\/cele\/","title":{"rendered":"cele"},"content":{"rendered":"<p><\/p>\n<p>[vc_row][vc_column]\r\n                <div class=\"text-modules\">\r\n                    <div class=\"container\">\r\n                        <h3 class=\"page-title text__title\">Cele<\/h3>\r\n                        <div class=\"text-modules__content\"><\/div>\r\n                    <\/div>\r\n                <\/div>[\/vc_column][\/vc_row][vc_row el_class=&#8221;container&#8221;][vc_column width=&#8221;1\/4&#8243;]\r\n                <div class=\"text-modules\">\r\n                    <div class=\"container\">\r\n                        \r\n                        <div class=\"text-modules__content\"><p><img class=\"wp-image-107 size-thumbnail alignleft\" src=\"http:\/\/us.edu.pl\/centra-badawcze\/sct\/wp-content\/uploads\/sites\/68\/cyfry\/1g-150x150.png\" alt=\"cyfra 1\" width=\"150\" height=\"150\" srcset=\"https:\/\/us.edu.pl\/centra-badawcze\/cyberscience\/wp-content\/uploads\/sites\/68\/cyfry\/1g-150x150.png 150w, https:\/\/us.edu.pl\/centra-badawcze\/cyberscience\/wp-content\/uploads\/sites\/68\/cyfry\/1g-300x300.png 300w, https:\/\/us.edu.pl\/centra-badawcze\/cyberscience\/wp-content\/uploads\/sites\/68\/cyfry\/1g.png 500w\" sizes=\"(max-width: 150px) 100vw, 150px\" \/><\/p>\n<\/div>\r\n                    <\/div>\r\n                <\/div>[\/vc_column][vc_column width=&#8221;3\/4&#8243;][vc_empty_space height=&#8221;90px&#8221;]\r\n                <div class=\"text-modules\">\r\n                    <div class=\"container\">\r\n                        \r\n                        <div class=\"text-modules__content\"><p>Utworzenie mi\u0119dzyuczelnianego zespo\u0142u badawczo-dydaktycznego z zakresu:<\/p>\n<ul>\n<li>Eco Smart City,<\/li>\n<li>LegalTech i Legalengineering,<\/li>\n<li>Digital Economy,<\/li>\n<li>Digital Heritage,<\/li>\n<li>Digital Culture,<\/li>\n<li>eGaming.<\/li>\n<\/ul>\n<p>\n<\/div>\r\n                    <\/div>\r\n                <\/div>[\/vc_column][\/vc_row][vc_row el_class=&#8221;container&#8221;][vc_column width=&#8221;1\/4&#8243;]\r\n                <div class=\"text-modules\">\r\n                    <div class=\"container\">\r\n                        \r\n                        <div class=\"text-modules__content\"><p><img class=\"wp-image-106 size-thumbnail alignleft\" src=\"http:\/\/us.edu.pl\/centra-badawcze\/sct\/wp-content\/uploads\/sites\/68\/cyfry\/2g-150x150.png\" alt=\"cyfra 2\" width=\"150\" height=\"150\" srcset=\"https:\/\/us.edu.pl\/centra-badawcze\/cyberscience\/wp-content\/uploads\/sites\/68\/cyfry\/2g-150x150.png 150w, https:\/\/us.edu.pl\/centra-badawcze\/cyberscience\/wp-content\/uploads\/sites\/68\/cyfry\/2g-300x300.png 300w, https:\/\/us.edu.pl\/centra-badawcze\/cyberscience\/wp-content\/uploads\/sites\/68\/cyfry\/2g.png 500w\" sizes=\"(max-width: 150px) 100vw, 150px\" \/><\/p>\n<\/div>\r\n                    <\/div>\r\n                <\/div>[\/vc_column][vc_column width=&#8221;3\/4&#8243;][vc_empty_space height=&#8221;90px&#8221;]\r\n                <div class=\"text-modules\">\r\n                    <div class=\"container\">\r\n                        \r\n                        <div class=\"text-modules__content\"><p>Realizacja bada\u0144 naukowych, pozyskanie grant\u00f3w krajowych i mi\u0119dzynarodowych.<\/p>\n<\/div>\r\n                    <\/div>\r\n                <\/div>[\/vc_column][\/vc_row][vc_row el_class=&#8221;container&#8221;][vc_column width=&#8221;1\/4&#8243;]\r\n                <div class=\"text-modules\">\r\n                    <div class=\"container\">\r\n                        \r\n                        <div class=\"text-modules__content\"><p><img class=\"wp-image-105 size-thumbnail alignleft\" src=\"http:\/\/us.edu.pl\/centra-badawcze\/sct\/wp-content\/uploads\/sites\/68\/cyfry\/3g-150x150.png\" alt=\"cyfra 3\" width=\"150\" height=\"150\" srcset=\"https:\/\/us.edu.pl\/centra-badawcze\/cyberscience\/wp-content\/uploads\/sites\/68\/cyfry\/3g-150x150.png 150w, https:\/\/us.edu.pl\/centra-badawcze\/cyberscience\/wp-content\/uploads\/sites\/68\/cyfry\/3g-300x300.png 300w, https:\/\/us.edu.pl\/centra-badawcze\/cyberscience\/wp-content\/uploads\/sites\/68\/cyfry\/3g.png 500w\" sizes=\"(max-width: 150px) 100vw, 150px\" \/><\/p>\n<\/div>\r\n                    <\/div>\r\n                <\/div>[\/vc_column][vc_column width=&#8221;3\/4&#8243;][vc_empty_space height=&#8221;90px&#8221;]\r\n                <div class=\"text-modules\">\r\n                    <div class=\"container\">\r\n                        \r\n                        <div class=\"text-modules__content\"><p>Kszta\u0142cenie na poziomie I, II oraz III stopnia:<\/p>\n<ul>\n<li>utworzenie \u015bcie\u017cek dydaktycznych dla student\u00f3w uczestnik\u00f3w konsorcjum, w tym nowoczesny e-learning,<\/li>\n<li>otwarte seminaria naukowe,<\/li>\n<li>wyk\u0142ady go\u015bcinne.<\/li>\n<\/ul>\n<p>\n<\/div>\r\n                    <\/div>\r\n                <\/div>[\/vc_column][\/vc_row]<\/p>\n<p><\/p>","protected":false},"excerpt":{"rendered":"<p>[vc_row][vc_column][\/vc_column][\/vc_row][vc_row el_class=&#8221;container&#8221;][vc_column width=&#8221;1\/4&#8243;][\/vc_column][vc_column width=&#8221;3\/4&#8243;][vc_empty_space height=&#8221;90px&#8221;][\/vc_column][\/vc_row][vc_row el_class=&#8221;container&#8221;][vc_column width=&#8221;1\/4&#8243;][\/vc_column][vc_column width=&#8221;3\/4&#8243;][vc_empty_space height=&#8221;90px&#8221;][\/vc_column][\/vc_row][vc_row el_class=&#8221;container&#8221;][vc_column width=&#8221;1\/4&#8243;][\/vc_column][vc_column width=&#8221;3\/4&#8243;][vc_empty_space height=&#8221;90px&#8221;][\/vc_column][\/vc_row] [&#8230;]<\/p>\n<p><a class=\"btn btn-secondary understrap-read-more-link\" href=\"https:\/\/us.edu.pl\/centra-badawcze\/cyberscience\/centrum\/cele\/\">Read More&#8230;<\/a><\/p>\n","protected":false},"author":33,"featured_media":0,"parent":79,"menu_order":0,"comment_status":"closed","ping_status":"closed","template":"","meta":{"_expiration-date-status":"saved","_expiration-date":0,"_expiration-date-type":"","_expiration-date-categories":[],"_expiration-date-options":[]},"acf":[],"_links":{"self":[{"href":"https:\/\/us.edu.pl\/centra-badawcze\/cyberscience\/wp-json\/wp\/v2\/pages\/91"}],"collection":[{"href":"https:\/\/us.edu.pl\/centra-badawcze\/cyberscience\/wp-json\/wp\/v2\/pages"}],"about":[{"href":"https:\/\/us.edu.pl\/centra-badawcze\/cyberscience\/wp-json\/wp\/v2\/types\/page"}],"author":[{"embeddable":true,"href":"https:\/\/us.edu.pl\/centra-badawcze\/cyberscience\/wp-json\/wp\/v2\/users\/33"}],"replies":[{"embeddable":true,"href":"https:\/\/us.edu.pl\/centra-badawcze\/cyberscience\/wp-json\/wp\/v2\/comments?post=91"}],"version-history":[{"count":10,"href":"https:\/\/us.edu.pl\/centra-badawcze\/cyberscience\/wp-json\/wp\/v2\/pages\/91\/revisions"}],"predecessor-version":[{"id":308,"href":"https:\/\/us.edu.pl\/centra-badawcze\/cyberscience\/wp-json\/wp\/v2\/pages\/91\/revisions\/308"}],"up":[{"embeddable":true,"href":"https:\/\/us.edu.pl\/centra-badawcze\/cyberscience\/wp-json\/wp\/v2\/pages\/79"}],"wp:attachment":[{"href":"https:\/\/us.edu.pl\/centra-badawcze\/cyberscience\/wp-json\/wp\/v2\/media?parent=91"}],"curies":[{"name":"wp","href":"https:\/\/api.w.org\/{rel}","templated":true}]}}