{"id":217,"date":"2021-04-02T11:30:05","date_gmt":"2021-04-02T09:30:05","guid":{"rendered":"http:\/\/us.edu.pl\/centra-badawcze\/gamelab\/?page_id=217"},"modified":"2021-05-18T13:13:09","modified_gmt":"2021-05-18T11:13:09","slug":"warsztaty","status":"publish","type":"page","link":"https:\/\/us.edu.pl\/centra-badawcze\/gamelab\/en\/warsztaty\/","title":{"rendered":"workshops"},"content":{"rendered":"<p>[vc_row el_class=&#8221;container&#8221;][vc_column]\r\n                <div class=\"text-modules\">\r\n                    <div class=\"container\">\r\n                        <h3 class=\"page-title text__title\">game lab | workshops<\/h3>\r\n                        <div class=\"text-modules__content\"><\/div>\r\n                    <\/div>\r\n                <\/div>[\/vc_column][\/vc_row][vc_row el_class=&#8221;container&#8221;][vc_column width=&#8221;2\/3&#8243;]\r\n                <div class=\"text-modules\">\r\n                    <div class=\"container\">\r\n                        \r\n                        <div class=\"text-modules__content\"><p>The GAME LAB Design Centre focuses on virtual space design and research, including the gaming environment. One of the reasons for the establishment of our international lab was to combine the experience and knowledge of artists, researchers, and students from around the world. The best form of cooperation is workshop with a practical goal, i.e. to create a complete game with all elements, from idea to implementation, under the supervision of a mentor.<br \/>\nOne of such initiatives is the <a href=\"https:\/\/gamelab.us.edu.pl\/game_lab\/\">Game Lab Challenge<\/a>. international workshop. The workshop is attended by 42 students from such countries as: Poland, Mexico, Czech Republic, Belgium, Germany, USA, and Japan. Their task is not only to develop a game, but also to prepare and test new tools and methods used for designing virtual spaces. They work under the supervision of 14 outstanding mentors from different academic centres all over the world.<\/p>\n<p>The workshops are organised as part of the \u201cGAME LAB \u2013 International Laboratory for Game Studies and Design\u201d project.<\/p>\n<\/div>\r\n                    <\/div>\r\n                <\/div><div class=\"container\"><div class=\"separator\" style=\"background-color: #EBEBEB\"><\/div><\/div>\r\n                <div class=\"text-modules\">\r\n                    <div class=\"container\">\r\n                        \r\n                        <div class=\"text-modules__content\"><p>Works of the students involved in Game Lab Challenge workshop | theme: MUTATIONS OF NATURE<\/p>\n<\/div>\r\n                    <\/div>\r\n                <\/div>\r\n                <div class=\"text-modules\">\r\n                    <div class=\"container\">\r\n                        \r\n                        <div class=\"text-modules__content\"><\/p>\n<p style=\"text-align: left\"><small><span style=\"letter-spacing: 2mm;color: #002e5a;font-size: 140%\"><strong>CHARACTER DESIGNS<\/strong><br \/>\n<\/span><\/small><\/p>\n<p>\n<\/div>\r\n                    <\/div>\r\n                <\/div>\r\n                <div class=\"text-modules\">\r\n                    <div class=\"container\">\r\n                        \r\n                        <div class=\"text-modules__content\"><p><small><span style=\"letter-spacing: 2mm;color: #333333;font-size: 10pt\">GAME LAB CHALLENGE | MUTATIONS OF NATURE<\/span><\/small><\/p>\n<\/div>\r\n                    <\/div>\r\n                <\/div>[vc_row_inner][vc_column_inner width=&#8221;1\/2&#8243;]\r\n                <div class=\"text-modules\">\r\n                    <div class=\"container\">\r\n                        \r\n                        <div class=\"text-modules__content\"><\/p>\n<p><img class=\"alignnone wp-image-219 size-full\" src=\"http:\/\/us.edu.pl\/centra-badawcze\/gamelab\/wp-content\/uploads\/sites\/62\/Obrazy\/grafiki\/postaci.png\" alt=\"Trzy zaprojektowane postaci przypominaj\u0105ce owady, ka\u017cda w odcieniach granatu\" width=\"100%\" height=\"auto\" srcset=\"https:\/\/us.edu.pl\/centra-badawcze\/gamelab\/wp-content\/uploads\/sites\/62\/Obrazy\/grafiki\/postaci.png 558w, https:\/\/us.edu.pl\/centra-badawcze\/gamelab\/wp-content\/uploads\/sites\/62\/Obrazy\/grafiki\/postaci-300x181.png 300w\" sizes=\"(max-width: 558px) 100vw, 558px\" \/><\/p>\n<p>\n<\/div>\r\n                    <\/div>\r\n                <\/div>[\/vc_column_inner][vc_column_inner width=&#8221;1\/2&#8243;]\r\n                <div class=\"text-modules\">\r\n                    <div class=\"container\">\r\n                        \r\n                        <div class=\"text-modules__content\"><\/p>\n<p style=\"text-align: right\"><img class=\"alignnone wp-image-220 size-full\" src=\"http:\/\/us.edu.pl\/centra-badawcze\/gamelab\/wp-content\/uploads\/sites\/62\/Obrazy\/grafiki\/postaci2.png\" alt=\"Trzy zaprojektowane postaci przypominaj\u0105ce le\u015bne stworzenia, wszystkie w odcieniach bordowych\" width=\"100%\" height=\"auto\" srcset=\"https:\/\/us.edu.pl\/centra-badawcze\/gamelab\/wp-content\/uploads\/sites\/62\/Obrazy\/grafiki\/postaci2.png 558w, https:\/\/us.edu.pl\/centra-badawcze\/gamelab\/wp-content\/uploads\/sites\/62\/Obrazy\/grafiki\/postaci2-300x181.png 300w\" sizes=\"(max-width: 558px) 100vw, 558px\" \/><\/p>\n<\/div>\r\n                    <\/div>\r\n                <\/div>[\/vc_column_inner][\/vc_row_inner]\r\n                <div class=\"text-modules\">\r\n                    <div class=\"container\">\r\n                        \r\n                        <div class=\"text-modules__content\"><\/p>\n<p style=\"text-align: right\"><span style=\"color: #808080;font-size: small\">source: <a style=\"color: #808080\" href=\"https:\/\/gamelab.us.edu.pl\/wp-content\/uploads\/2021\/03\/POL_Game-lab-MILESTONE-1-1.pdf\" class=\"mtli_attachment mtli_pdf\" class=\"mtli_attachment mtli_pdf\">www.gamelab.us.edu.pl<\/a><\/span><\/p>\n<p>\n<\/div>\r\n                    <\/div>\r\n                <\/div><div class=\"container\"><div class=\"separator\" style=\"background-color: #EBEBEB\"><\/div><\/div>\r\n                <div class=\"text-modules\">\r\n                    <div class=\"container\">\r\n                        \r\n                        <div class=\"text-modules__content\"><\/p>\n<p style=\"text-align: left\"><small><span style=\"letter-spacing: 2mm;color: #002e5a;font-size: 140%\"><strong>SCENERY DESIGNS<\/strong><br \/>\n<\/span><\/small><\/p>\n<p>\n<\/div>\r\n                    <\/div>\r\n                <\/div>\r\n                <div class=\"text-modules\">\r\n                    <div class=\"container\">\r\n                        \r\n                        <div class=\"text-modules__content\"><p><small><span style=\"letter-spacing: 2mm;color: #333333;font-size: 10pt\">GAME LAB CHALLENGE | MUTATIONS OF NATURE<\/span><\/small><\/p>\n<\/div>\r\n                    <\/div>\r\n                <\/div>\r\n                <div class=\"text-modules\">\r\n                    <div class=\"container\">\r\n                        \r\n                        <div class=\"text-modules__content\"><\/p>\n<p style=\"text-align: right\"><a href=\"http:\/\/us.edu.pl\/centra-badawcze\/gamelab\/wp-content\/uploads\/sites\/62\/Obrazy\/grafiki\/GLCh4.png\"><img class=\"alignnone wp-image-193 size-full\" src=\"http:\/\/us.edu.pl\/centra-badawcze\/gamelab\/wp-content\/uploads\/sites\/62\/Obrazy\/grafiki\/GLCh4.png\" alt=\"Le\u015bny krajobraz w odcieniach zieleni i \u017c\u00f3\u0142ci, \u015bcie\u017cka, drzewa\" width=\"100%\" height=\"auto\" srcset=\"https:\/\/us.edu.pl\/centra-badawcze\/gamelab\/wp-content\/uploads\/sites\/62\/Obrazy\/grafiki\/GLCh4.png 906w, https:\/\/us.edu.pl\/centra-badawcze\/gamelab\/wp-content\/uploads\/sites\/62\/Obrazy\/grafiki\/GLCh4-300x177.png 300w, https:\/\/us.edu.pl\/centra-badawcze\/gamelab\/wp-content\/uploads\/sites\/62\/Obrazy\/grafiki\/GLCh4-768x453.png 768w, https:\/\/us.edu.pl\/centra-badawcze\/gamelab\/wp-content\/uploads\/sites\/62\/Obrazy\/grafiki\/GLCh4-575x339.png 575w\" sizes=\"(max-width: 906px) 100vw, 906px\" \/><\/a><br \/>\n<span style=\"color: #808080;font-size: small\">source: <a style=\"color: #808080\" href=\"https:\/\/gamelab.us.edu.pl\/wp-content\/uploads\/2021\/03\/POL_Game-lab-MILESTONE-1-1.pdf\" class=\"mtli_attachment mtli_pdf\" class=\"mtli_attachment mtli_pdf\">www.gamelab.us.edu.pl<\/a><\/span><\/p>\n<p>\n<\/div>\r\n                    <\/div>\r\n                <\/div>\r\n                <div class=\"text-modules\">\r\n                    <div class=\"container\">\r\n                        \r\n                        <div class=\"text-modules__content\"><\/p>\n<p style=\"text-align: right\"><a href=\"http:\/\/us.edu.pl\/centra-badawcze\/gamelab\/wp-content\/uploads\/sites\/62\/Obrazy\/grafiki\/GLCh2.png\"><img class=\"alignnone wp-image-191 size-full\" src=\"http:\/\/us.edu.pl\/centra-badawcze\/gamelab\/wp-content\/uploads\/sites\/62\/Obrazy\/grafiki\/GLCh2.png\" alt=\"Grafika prezentuj\u0105ca krajobraz w odcieniach szaro\u015bci, wida\u0107 fragmenty drzew i wysokie, ostre ska\u0142y\" width=\"100%\" height=\"auto\" srcset=\"https:\/\/us.edu.pl\/centra-badawcze\/gamelab\/wp-content\/uploads\/sites\/62\/Obrazy\/grafiki\/GLCh2.png 906w, https:\/\/us.edu.pl\/centra-badawcze\/gamelab\/wp-content\/uploads\/sites\/62\/Obrazy\/grafiki\/GLCh2-300x177.png 300w, https:\/\/us.edu.pl\/centra-badawcze\/gamelab\/wp-content\/uploads\/sites\/62\/Obrazy\/grafiki\/GLCh2-768x453.png 768w, https:\/\/us.edu.pl\/centra-badawcze\/gamelab\/wp-content\/uploads\/sites\/62\/Obrazy\/grafiki\/GLCh2-575x339.png 575w\" sizes=\"(max-width: 906px) 100vw, 906px\" \/><\/a><br \/>\n<span style=\"color: #808080;font-size: small\">source: <a style=\"color: #808080\" href=\"https:\/\/gamelab.us.edu.pl\/wp-content\/uploads\/2021\/03\/POL_Game-lab-MILESTONE-1-1.pdf\" class=\"mtli_attachment mtli_pdf\" class=\"mtli_attachment mtli_pdf\">www.gamelab.us.edu.pl<\/a><\/span><\/p>\n<p>\n<\/div>\r\n                    <\/div>\r\n                <\/div>[\/vc_column][vc_column width=&#8221;1\/3&#8243;]\r\n                <div class=\"text-modules\">\r\n                    <div class=\"container\">\r\n                        \r\n                        <div class=\"text-modules__content\"><p><img class=\"alignnone wp-image-221 size-full\" src=\"http:\/\/us.edu.pl\/centra-badawcze\/gamelab\/wp-content\/uploads\/sites\/62\/Obrazy\/grafiki\/kolory-1.png\" alt=\"Grafika przedstawiaj\u0105ce projekt drzewa: w wersji monochromatycznej i kolorowej, dodatkowo obiekt kuli\" width=\"100%\" height=\"auto\" srcset=\"https:\/\/us.edu.pl\/centra-badawcze\/gamelab\/wp-content\/uploads\/sites\/62\/Obrazy\/grafiki\/kolory-1.png 534w, https:\/\/us.edu.pl\/centra-badawcze\/gamelab\/wp-content\/uploads\/sites\/62\/Obrazy\/grafiki\/kolory-1-300x169.png 300w\" sizes=\"(max-width: 534px) 100vw, 534px\" \/><\/p>\n<p style=\"text-align: right\"><span style=\"color: #808080;font-size: small\">source: <a style=\"color: #808080\" href=\"https:\/\/gamelab.us.edu.pl\/wp-content\/uploads\/2021\/03\/POL_Game-lab-MILESTONE-1-1.pdf\" class=\"mtli_attachment mtli_pdf\" class=\"mtli_attachment mtli_pdf\">www.gamelab.us.edu.pl<\/a><\/span><\/p>\n<p>\n<\/div>\r\n                    <\/div>\r\n                <\/div>[\/vc_column][\/vc_row]<\/p>","protected":false},"excerpt":{"rendered":"<p>[vc_row el_class=&#8221;container&#8221;][vc_column][\/vc_column][\/vc_row][vc_row el_class=&#8221;container&#8221;][vc_column width=&#8221;2\/3&#8243;][vc_row_inner][vc_column_inner width=&#8221;1\/2&#8243;][\/vc_column_inner][vc_column_inner width=&#8221;1\/2&#8243;][\/vc_column_inner][\/vc_row_inner][\/vc_column][vc_column width=&#8221;1\/3&#8243;][\/vc_column][\/vc_row] [&#8230;]<\/p>\n<p><a class=\"btn btn-secondary understrap-read-more-link\" href=\"https:\/\/us.edu.pl\/centra-badawcze\/gamelab\/en\/warsztaty\/\">Read More&#8230;<\/a><\/p>\n","protected":false},"author":139,"featured_media":0,"parent":0,"menu_order":0,"comment_status":"closed","ping_status":"closed","template":"","meta":{"_expiration-date-status":"saved","_expiration-date":0,"_expiration-date-type":"","_expiration-date-categories":[],"_expiration-date-options":[]},"acf":[],"_links":{"self":[{"href":"https:\/\/us.edu.pl\/centra-badawcze\/gamelab\/en\/wp-json\/wp\/v2\/pages\/217"}],"collection":[{"href":"https:\/\/us.edu.pl\/centra-badawcze\/gamelab\/en\/wp-json\/wp\/v2\/pages"}],"about":[{"href":"https:\/\/us.edu.pl\/centra-badawcze\/gamelab\/en\/wp-json\/wp\/v2\/types\/page"}],"author":[{"embeddable":true,"href":"https:\/\/us.edu.pl\/centra-badawcze\/gamelab\/en\/wp-json\/wp\/v2\/users\/139"}],"replies":[{"embeddable":true,"href":"https:\/\/us.edu.pl\/centra-badawcze\/gamelab\/en\/wp-json\/wp\/v2\/comments?post=217"}],"version-history":[{"count":13,"href":"https:\/\/us.edu.pl\/centra-badawcze\/gamelab\/en\/wp-json\/wp\/v2\/pages\/217\/revisions"}],"predecessor-version":[{"id":523,"href":"https:\/\/us.edu.pl\/centra-badawcze\/gamelab\/en\/wp-json\/wp\/v2\/pages\/217\/revisions\/523"}],"wp:attachment":[{"href":"https:\/\/us.edu.pl\/centra-badawcze\/gamelab\/en\/wp-json\/wp\/v2\/media?parent=217"}],"curies":[{"name":"wp","href":"https:\/\/api.w.org\/{rel}","templated":true}]}}