{"id":232,"date":"2021-04-02T11:59:14","date_gmt":"2021-04-02T09:59:14","guid":{"rendered":"http:\/\/us.edu.pl\/centra-badawcze\/gamelab\/?page_id=232"},"modified":"2021-05-18T14:47:12","modified_gmt":"2021-05-18T12:47:12","slug":"wystawy","status":"publish","type":"page","link":"https:\/\/us.edu.pl\/centra-badawcze\/gamelab\/en\/wystawy\/","title":{"rendered":"exhibitions"},"content":{"rendered":"<p>[vc_row el_class=&#8221;container&#8221;][vc_column]\r\n                <div class=\"text-modules\">\r\n                    <div class=\"container\">\r\n                        <h3 class=\"page-title text__title\">game lab | exhibitions<\/h3>\r\n                        <div class=\"text-modules__content\"><\/div>\r\n                    <\/div>\r\n                <\/div>[\/vc_column][\/vc_row][vc_row el_class=&#8221;container&#8221;][vc_column][vc_row_inner][vc_column_inner width=&#8221;2\/3&#8243;]\r\n                <div class=\"text-modules\">\r\n                    <div class=\"container\">\r\n                        \r\n                        <div class=\"text-modules__content\"><p>What are the limits of combining traditional and digital techniques? This is one of the questions we ask ourselves in the GAME LAB Design Centre. We are creators and researchers. We look for new methods of presenting our artistic and research activities. We cooperate with art galleries and centres. We organise exhibitions and multimedia displays. We use both traditional and digital technologies, such as mobile apps, to influence the reception and presentation of artistic works created by us and our collaborators.<\/p>\n<p>Our interactive works have been presented in countries such as Mexico, USA, Vietnam, and Belgium. Find out more: <a href=\"https:\/\/gamelab.us.edu.pl\/ar-project\/ar-exhibitions-2019\/\">www.gamelab.us.edu.pl<\/a>.<\/p>\n<\/div>\r\n                    <\/div>\r\n                <\/div><div class=\"container\"><div class=\"separator\" style=\"background-color: #EBEBEB\"><\/div><\/div>[\/vc_column_inner][vc_column_inner width=&#8221;1\/3&#8243;]\r\n                <div class=\"text-modules\">\r\n                    <div class=\"container\">\r\n                        \r\n                        <div class=\"text-modules__content\"><\/p>\n<p style=\"text-align: center\"><img class=\"aligncenter wp-image-83 size-full\" src=\"http:\/\/us.edu.pl\/centra-badawcze\/gamelab\/wp-content\/uploads\/sites\/62\/Obrazy\/Centrum-gamlab-logo.jpg\" alt=\"\" width=\"60%\" height=\"auto\" srcset=\"https:\/\/us.edu.pl\/centra-badawcze\/gamelab\/wp-content\/uploads\/sites\/62\/Obrazy\/Centrum-gamlab-logo.jpg 396w, https:\/\/us.edu.pl\/centra-badawcze\/gamelab\/wp-content\/uploads\/sites\/62\/Obrazy\/Centrum-gamlab-logo-150x150.jpg 150w, https:\/\/us.edu.pl\/centra-badawcze\/gamelab\/wp-content\/uploads\/sites\/62\/Obrazy\/Centrum-gamlab-logo-300x300.jpg 300w\" sizes=\"(max-width: 396px) 100vw, 396px\" \/><\/p>\n<p>\n<\/div>\r\n                    <\/div>\r\n                <\/div>[\/vc_column_inner][\/vc_row_inner][\/vc_column][\/vc_row][vc_row el_class=&#8221;container&#8221;][vc_column]\r\n                <div class=\"text-modules\">\r\n                    <div class=\"container\">\r\n                        <h3 class=\"page-title text__title\">our works<\/h3>\r\n                        <div class=\"text-modules__content\"><\/div>\r\n                    <\/div>\r\n                <\/div>\r\n                <div class=\"text-modules\">\r\n                    <div class=\"container\">\r\n                        \r\n                        <div class=\"text-modules__content\"><\/p>\n<p style=\"text-align: left\"><small><span style=\"letter-spacing: 2mm;color: #002e5a;font-size: 140%\"><strong>AR GALLERY<\/strong><br \/>\n<\/span><\/small><\/p>\n<p>\n<\/div>\r\n                    <\/div>\r\n                <\/div>[vc_row_inner][vc_column_inner width=&#8221;1\/2&#8243;]\r\n                <div class=\"text-modules\">\r\n                    <div class=\"container\">\r\n                        \r\n                        <div class=\"text-modules__content\"><\/p>\n<table style=\"border-collapse: collapse;width: 100%\">\n<tbody>\n<tr>\n<td style=\"width: 50%;text-align: center\"><a href=\"http:\/\/us.edu.pl\/centra-badawcze\/gamelab\/wp-content\/uploads\/sites\/62\/Obrazy\/grafiki\/PerceptionExplosion.jpg\"><img class=\"alignnone wp-image-257 size-full\" src=\"http:\/\/us.edu.pl\/centra-badawcze\/gamelab\/wp-content\/uploads\/sites\/62\/Obrazy\/grafiki\/PerceptionExplosion.jpg\" alt=\"Praca Perception Explosion \u2013 grafika przedstawiaj\u0105ca ogrom drobnych kolorowych element\u00f3w w formie eksplozji na czarnym tle\" width=\"95%\" height=\"auto\" srcset=\"https:\/\/us.edu.pl\/centra-badawcze\/gamelab\/wp-content\/uploads\/sites\/62\/Obrazy\/grafiki\/PerceptionExplosion.jpg 632w, https:\/\/us.edu.pl\/centra-badawcze\/gamelab\/wp-content\/uploads\/sites\/62\/Obrazy\/grafiki\/PerceptionExplosion-210x300.jpg 210w, https:\/\/us.edu.pl\/centra-badawcze\/gamelab\/wp-content\/uploads\/sites\/62\/Obrazy\/grafiki\/PerceptionExplosion-403x575.jpg 403w\" sizes=\"(max-width: 632px) 100vw, 632px\" \/><\/a><\/td>\n<td style=\"width: 50%;text-align: center\"><a href=\"http:\/\/us.edu.pl\/centra-badawcze\/gamelab\/wp-content\/uploads\/sites\/62\/Obrazy\/grafiki\/PerceptionCity.jpg\"><img class=\"alignnone wp-image-256 size-full\" src=\"http:\/\/us.edu.pl\/centra-badawcze\/gamelab\/wp-content\/uploads\/sites\/62\/Obrazy\/grafiki\/PerceptionCity.jpg\" alt=\"Praca Perception City \u2013 grafika prezentuj\u0105ca tysi\u0105ce drobnych kolorowych kwadracik\u00f3w na czernym tle\" width=\"95%\" height=\"auto\" srcset=\"https:\/\/us.edu.pl\/centra-badawcze\/gamelab\/wp-content\/uploads\/sites\/62\/Obrazy\/grafiki\/PerceptionCity.jpg 632w, https:\/\/us.edu.pl\/centra-badawcze\/gamelab\/wp-content\/uploads\/sites\/62\/Obrazy\/grafiki\/PerceptionCity-210x300.jpg 210w, https:\/\/us.edu.pl\/centra-badawcze\/gamelab\/wp-content\/uploads\/sites\/62\/Obrazy\/grafiki\/PerceptionCity-403x575.jpg 403w\" sizes=\"(max-width: 632px) 100vw, 632px\" \/><\/a><\/td>\n<\/tr>\n<tr>\n<td style=\"width: 50%;text-align: center;font-size: small\">Ma\u0142gorzata \u0141uszczak<br \/>\nPerception Explosion<\/td>\n<td style=\"width: 50%;text-align: center;font-size: small\">Ma\u0142gorzata \u0141uszczak<br \/>\nPerception City<\/td>\n<\/tr>\n<\/tbody>\n<\/table>\n<p>\n<\/div>\r\n                    <\/div>\r\n                <\/div>[\/vc_column_inner][vc_column_inner width=&#8221;1\/2&#8243;]\r\n                <div class=\"text-modules\">\r\n                    <div class=\"container\">\r\n                        \r\n                        <div class=\"text-modules__content\"><\/p>\n<table style=\"border-collapse: collapse;width: 100%\">\n<tbody>\n<tr>\n<td style=\"width: 50%;text-align: center\"><a href=\"http:\/\/us.edu.pl\/centra-badawcze\/gamelab\/wp-content\/uploads\/sites\/62\/Obrazy\/grafiki\/08.jpg\"><img class=\"alignnone wp-image-255 size-full\" src=\"http:\/\/us.edu.pl\/centra-badawcze\/gamelab\/wp-content\/uploads\/sites\/62\/Obrazy\/grafiki\/08.jpg\" alt=\"Praca z cyklu motion design: posta\u0107 przypominaj\u0105ca m\u0119\u017cczyzn\u0119 ze skrzyd\u0142ami z kamer\u0105 zamiast g\u0142owy i informacj\u0105: KORT FILM FESTIVAL Leuven\" width=\"95%\" height=\"auto\" srcset=\"https:\/\/us.edu.pl\/centra-badawcze\/gamelab\/wp-content\/uploads\/sites\/62\/Obrazy\/grafiki\/08.jpg 632w, https:\/\/us.edu.pl\/centra-badawcze\/gamelab\/wp-content\/uploads\/sites\/62\/Obrazy\/grafiki\/08-210x300.jpg 210w, https:\/\/us.edu.pl\/centra-badawcze\/gamelab\/wp-content\/uploads\/sites\/62\/Obrazy\/grafiki\/08-403x575.jpg 403w\" sizes=\"(max-width: 632px) 100vw, 632px\" \/><\/a><\/td>\n<td style=\"width: 50%;text-align: center\"><a href=\"http:\/\/us.edu.pl\/centra-badawcze\/gamelab\/wp-content\/uploads\/sites\/62\/Obrazy\/grafiki\/03.png\"><img class=\"alignnone wp-image-254 size-full\" src=\"http:\/\/us.edu.pl\/centra-badawcze\/gamelab\/wp-content\/uploads\/sites\/62\/Obrazy\/grafiki\/03.png\" alt=\"Praca z cyklu motion design: posta\u0107 kobieca bez n\u00f3g w kr\u00f3tkiej sukience z bufiastymi r\u0119kawami i czaszk\u0105 w miejscu g\u0142owy, kwiatami zamiast w\u0142os\u00f3w i melonikiem unosz\u0105cym si\u0119 nad g\u0142ow\u0105\" width=\"95%\" height=\"auto\" srcset=\"https:\/\/us.edu.pl\/centra-badawcze\/gamelab\/wp-content\/uploads\/sites\/62\/Obrazy\/grafiki\/03.png 632w, https:\/\/us.edu.pl\/centra-badawcze\/gamelab\/wp-content\/uploads\/sites\/62\/Obrazy\/grafiki\/03-210x300.png 210w, https:\/\/us.edu.pl\/centra-badawcze\/gamelab\/wp-content\/uploads\/sites\/62\/Obrazy\/grafiki\/03-403x575.png 403w\" sizes=\"(max-width: 632px) 100vw, 632px\" \/><\/a><\/td>\n<\/tr>\n<tr>\n<td style=\"width: 50%;text-align: center;font-size: small\">Kaja Renkas, motion design:<br \/>\nIwona Pom, KLF<\/td>\n<td style=\"width: 50%;text-align: center;font-size: small\">Kaja Renkas, motion design:<br \/>\nIwona Pom, Dydo Poster Gallery<\/td>\n<\/tr>\n<\/tbody>\n<\/table>\n<p>\n<\/div>\r\n                    <\/div>\r\n                <\/div>[\/vc_column_inner][\/vc_row_inner]<div class=\"container\"><div class=\"separator\" style=\"background-color: #EBEBEB\"><\/div><\/div>\r\n                <div class=\"text-modules\">\r\n                    <div class=\"container\">\r\n                        \r\n                        <div class=\"text-modules__content\"><p><small><span style=\"letter-spacing: 2mm;color: #333333;font-size: 10pt\">AUGMENTED REALITY EXPO 2019<\/span><\/small><\/p>\n<p>Leuven | Belgium<br \/>\nCurator: Iwona Pom<\/p>\n<\/div>\r\n                    <\/div>\r\n                <\/div>[vc_row_inner][vc_column_inner width=&#8221;7\/12&#8243;]\r\n                <div class=\"text-modules\">\r\n                    <div class=\"container\">\r\n                        \r\n                        <div class=\"text-modules__content\"><p>The artists cooperating with the GAME LAB Design Centre use various art techniques and technologies as tools for multimedia artistic communication. They test the possibilities to combine traditional and digital techniques. They present their works at international exhibitions. The below video footage was created at the Augmented Reality Expo, an exhibition organised in 2019 at Cinema ZED in Leuven, Belgium. The authors of the works included Prof. Ma\u0142gorzata \u0141uszczak, Kaja Renkas, PhD, DLitt, Associate Professor, and Katarzyna Kroczek-Wasi\u0144ska, PhD, DLitt, Associate Professor |source:\u00a0<a href=\"https:\/\/gamelab.us.edu.pl\/ar-project\/artistic-project\/\">www.gamelab.us.edu.pl<\/a><\/p>\n<\/div>\r\n                    <\/div>\r\n                <\/div>[vc_empty_space height=&#8221;2px&#8221; css=&#8221;.vc_custom_1617788090306{background-color: #5b87a0 !important;}&#8221;][vc_empty_space][\/vc_column_inner][vc_column_inner width=&#8221;5\/12&#8243;][\/vc_column_inner][\/vc_row_inner][vc_row_inner][vc_column_inner width=&#8221;1\/2&#8243;][vc_video link=&#8221;https:\/\/vimeo.com\/306350471&#8243; el_width=&#8221;90&#8243; align=&#8221;center&#8221;][\/vc_column_inner][vc_column_inner width=&#8221;1\/2&#8243;][vc_video link=&#8221;https:\/\/vimeo.com\/324823777&#8243; el_width=&#8221;90&#8243; align=&#8221;center&#8221;][\/vc_column_inner][\/vc_row_inner][\/vc_column][\/vc_row][vc_row][vc_column]<div class=\"container\"><div class=\"separator\" style=\"background-color: #EBEBEB\"><\/div><\/div>[\/vc_column][\/vc_row][vc_row el_class=&#8221;container&#8221;][vc_column width=&#8221;1\/3&#8243;]\r\n                <div class=\"text-modules\">\r\n                    <div class=\"container\">\r\n                        \r\n                        <div class=\"text-modules__content\"><\/p>\n<table style=\"border-collapse: collapse;width: 100%\">\n<tbody>\n<tr>\n<td style=\"width: 100%;text-align: center\">\n<p style=\"text-align: left\"><small><span style=\"letter-spacing: 2mm;color: #333333;font-size: 10pt\">VIVA LA VIDA<\/span><\/small><\/p>\n<p style=\"text-align: left\">Casa Cartel<br \/>\nSan Luis Potosi | Mexico<br \/>\nCurator: Julio Broca<\/p>\n<hr \/>\n<\/td>\n<\/tr>\n<tr>\n<td style=\"width: 100%;text-align: center\"><a href=\"http:\/\/us.edu.pl\/centra-badawcze\/gamelab\/wp-content\/uploads\/sites\/62\/Obrazy\/zdj\u0119cia\/14_Casa-Cartel_-Viva-la-Vida_-San-Luis-Potosi_-Mexico.jpg\"><img class=\"alignnone wp-image-270 size-full\" src=\"http:\/\/us.edu.pl\/centra-badawcze\/gamelab\/wp-content\/uploads\/sites\/62\/Obrazy\/zdj\u0119cia\/14_Casa-Cartel_-Viva-la-Vida_-San-Luis-Potosi_-Mexico.jpg\" alt=\"Du\u017ca grupa os\u00f3b, kilka os\u00f3b ogl\u0105da prace w aplikacji\" width=\"95%\" height=\"auto\" srcset=\"https:\/\/us.edu.pl\/centra-badawcze\/gamelab\/wp-content\/uploads\/sites\/62\/Obrazy\/zdj\u0119cia\/14_Casa-Cartel_-Viva-la-Vida_-San-Luis-Potosi_-Mexico.jpg 1280w, https:\/\/us.edu.pl\/centra-badawcze\/gamelab\/wp-content\/uploads\/sites\/62\/Obrazy\/zdj\u0119cia\/14_Casa-Cartel_-Viva-la-Vida_-San-Luis-Potosi_-Mexico-300x225.jpg 300w, https:\/\/us.edu.pl\/centra-badawcze\/gamelab\/wp-content\/uploads\/sites\/62\/Obrazy\/zdj\u0119cia\/14_Casa-Cartel_-Viva-la-Vida_-San-Luis-Potosi_-Mexico-768x576.jpg 768w, https:\/\/us.edu.pl\/centra-badawcze\/gamelab\/wp-content\/uploads\/sites\/62\/Obrazy\/zdj\u0119cia\/14_Casa-Cartel_-Viva-la-Vida_-San-Luis-Potosi_-Mexico-1024x768.jpg 1024w, https:\/\/us.edu.pl\/centra-badawcze\/gamelab\/wp-content\/uploads\/sites\/62\/Obrazy\/zdj\u0119cia\/14_Casa-Cartel_-Viva-la-Vida_-San-Luis-Potosi_-Mexico-575x431.jpg 575w\" sizes=\"(max-width: 1280px) 100vw, 1280px\" \/><\/a><\/td>\n<\/tr>\n<\/tbody>\n<\/table>\n<p>\n<\/div>\r\n                    <\/div>\r\n                <\/div>[\/vc_column][vc_column width=&#8221;1\/3&#8243;]\r\n                <div class=\"text-modules\">\r\n                    <div class=\"container\">\r\n                        \r\n                        <div class=\"text-modules__content\"><\/p>\n<table style=\"border-collapse: collapse;width: 100%\">\n<tbody>\n<tr>\n<td style=\"width: 100%;text-align: center\">\n<p style=\"text-align: left\"><small><span style=\"letter-spacing: 2mm;color: #333333;font-size: 10pt\">HIDDEN MEANINGS<\/span><\/small><\/p>\n<p style=\"text-align: left\">The Boyle Family Gallery<br \/>\nLindenwood University | USA<br \/>\nCurator: Chris Smentkowski<\/p>\n<hr \/>\n<\/td>\n<\/tr>\n<tr>\n<td style=\"width: 100%;text-align: center\"><a href=\"http:\/\/us.edu.pl\/centra-badawcze\/gamelab\/wp-content\/uploads\/sites\/62\/Obrazy\/zdj\u0119cia\/19_The-Boyle-Family-Gallery-Lindenwood-UniversitySt.Louis-USA-scaled.jpg\"><img class=\"alignnone wp-image-271 size-full\" src=\"http:\/\/us.edu.pl\/centra-badawcze\/gamelab\/wp-content\/uploads\/sites\/62\/Obrazy\/zdj\u0119cia\/19_The-Boyle-Family-Gallery-Lindenwood-UniversitySt.Louis-USA-scaled.jpg\" alt=\"M\u0119\u017cczyzna ogl\u0105daj\u0105cy prace na wystawie z wykorzystaniem aplikacji mobilnej\" width=\"95%\" height=\"auto\" srcset=\"https:\/\/us.edu.pl\/centra-badawcze\/gamelab\/wp-content\/uploads\/sites\/62\/Obrazy\/zdj\u0119cia\/19_The-Boyle-Family-Gallery-Lindenwood-UniversitySt.Louis-USA-scaled.jpg 1280w, https:\/\/us.edu.pl\/centra-badawcze\/gamelab\/wp-content\/uploads\/sites\/62\/Obrazy\/zdj\u0119cia\/19_The-Boyle-Family-Gallery-Lindenwood-UniversitySt.Louis-USA-scaled-300x225.jpg 300w, https:\/\/us.edu.pl\/centra-badawcze\/gamelab\/wp-content\/uploads\/sites\/62\/Obrazy\/zdj\u0119cia\/19_The-Boyle-Family-Gallery-Lindenwood-UniversitySt.Louis-USA-scaled-768x576.jpg 768w, https:\/\/us.edu.pl\/centra-badawcze\/gamelab\/wp-content\/uploads\/sites\/62\/Obrazy\/zdj\u0119cia\/19_The-Boyle-Family-Gallery-Lindenwood-UniversitySt.Louis-USA-scaled-1024x768.jpg 1024w, https:\/\/us.edu.pl\/centra-badawcze\/gamelab\/wp-content\/uploads\/sites\/62\/Obrazy\/zdj\u0119cia\/19_The-Boyle-Family-Gallery-Lindenwood-UniversitySt.Louis-USA-scaled-575x431.jpg 575w\" sizes=\"(max-width: 1280px) 100vw, 1280px\" \/><\/a><\/td>\n<\/tr>\n<\/tbody>\n<\/table>\n<p>\n<\/div>\r\n                    <\/div>\r\n                <\/div>[\/vc_column][vc_column width=&#8221;1\/3&#8243;]\r\n                <div class=\"text-modules\">\r\n                    <div class=\"container\">\r\n                        \r\n                        <div class=\"text-modules__content\"><\/p>\n<table style=\"border-collapse: collapse;width: 100%\">\n<tbody>\n<tr>\n<td style=\"width: 100%\">\n<p style=\"text-align: left\"><small><span style=\"letter-spacing: 2mm;color: #333333;font-size: 10pt\">A.R. GRAPHICS<\/span><\/small><\/p>\n<p style=\"text-align: left\">Saigon International New Cinema Festival<br \/>\nHo Chi Minh | Vietnam<br \/>\nCurator: Francois Serre<\/p>\n<hr \/>\n<\/td>\n<\/tr>\n<tr>\n<td style=\"width: 100%;text-align: center\"><a href=\"http:\/\/us.edu.pl\/centra-badawcze\/gamelab\/wp-content\/uploads\/sites\/62\/Obrazy\/zdj\u0119cia\/21_Saigon-International-New-Cinema-Festival.jpg\"><img class=\"alignnone wp-image-268 size-full\" src=\"http:\/\/us.edu.pl\/centra-badawcze\/gamelab\/wp-content\/uploads\/sites\/62\/Obrazy\/zdj\u0119cia\/21_Saigon-International-New-Cinema-Festival.jpg\" alt=\"Wystawa kilku prac i dw\u00f3ch m\u0142odych m\u0119\u017cczyzn ogl\u0105daj\u0105cych wystaw\u0119, obok kamerzysta\" width=\"95%\" height=\"auto\" srcset=\"https:\/\/us.edu.pl\/centra-badawcze\/gamelab\/wp-content\/uploads\/sites\/62\/Obrazy\/zdj\u0119cia\/21_Saigon-International-New-Cinema-Festival.jpg 1280w, https:\/\/us.edu.pl\/centra-badawcze\/gamelab\/wp-content\/uploads\/sites\/62\/Obrazy\/zdj\u0119cia\/21_Saigon-International-New-Cinema-Festival-300x225.jpg 300w, https:\/\/us.edu.pl\/centra-badawcze\/gamelab\/wp-content\/uploads\/sites\/62\/Obrazy\/zdj\u0119cia\/21_Saigon-International-New-Cinema-Festival-768x576.jpg 768w, https:\/\/us.edu.pl\/centra-badawcze\/gamelab\/wp-content\/uploads\/sites\/62\/Obrazy\/zdj\u0119cia\/21_Saigon-International-New-Cinema-Festival-1024x768.jpg 1024w, https:\/\/us.edu.pl\/centra-badawcze\/gamelab\/wp-content\/uploads\/sites\/62\/Obrazy\/zdj\u0119cia\/21_Saigon-International-New-Cinema-Festival-575x431.jpg 575w\" sizes=\"(max-width: 1280px) 100vw, 1280px\" \/><\/a><\/td>\n<\/tr>\n<\/tbody>\n<\/table>\n<p>\n<\/div>\r\n                    <\/div>\r\n                <\/div>[\/vc_column][\/vc_row][vc_row el_class=&#8221;container&#8221;][vc_column][vc_empty_space][\/vc_column][\/vc_row][vc_row el_class=&#8221;container&#8221;][vc_column width=&#8221;1\/2&#8243;]\r\n                <div class=\"text-modules\">\r\n                    <div class=\"container\">\r\n                        \r\n                        <div class=\"text-modules__content\"><\/p>\n<table style=\"border-collapse: collapse;width: 100%\">\n<tbody>\n<tr>\n<td style=\"width: 100%;text-align: center\">\n<p style=\"text-align: left\"><small><span style=\"letter-spacing: 2mm;color: #333333;font-size: 10pt\">A.R. GRAPHICS<\/span><\/small><\/p>\n<p style=\"text-align: left\">Curant3D Festival<br \/>\nAngouleme | France<br \/>\nCurator: Francois Serre<\/p>\n<hr \/>\n<\/td>\n<\/tr>\n<tr>\n<td style=\"width: 100%;text-align: center\"><a href=\"http:\/\/us.edu.pl\/centra-badawcze\/gamelab\/wp-content\/uploads\/sites\/62\/Obrazy\/zdj\u0119cia\/4_Musee-de-la-Bande-DessineeAngoulemeCurant3D-FestivalFrance_2-scaled.jpg\"><img class=\"alignnone wp-image-269 size-full\" src=\"http:\/\/us.edu.pl\/centra-badawcze\/gamelab\/wp-content\/uploads\/sites\/62\/Obrazy\/zdj\u0119cia\/4_Musee-de-la-Bande-DessineeAngoulemeCurant3D-FestivalFrance_2-scaled.jpg\" alt=\"Wystawa kilku prac i dwoje zwiedzaj\u0105cych\" width=\"95%\" height=\"auto\" srcset=\"https:\/\/us.edu.pl\/centra-badawcze\/gamelab\/wp-content\/uploads\/sites\/62\/Obrazy\/zdj\u0119cia\/4_Musee-de-la-Bande-DessineeAngoulemeCurant3D-FestivalFrance_2-scaled.jpg 960w, https:\/\/us.edu.pl\/centra-badawcze\/gamelab\/wp-content\/uploads\/sites\/62\/Obrazy\/zdj\u0119cia\/4_Musee-de-la-Bande-DessineeAngoulemeCurant3D-FestivalFrance_2-scaled-267x300.jpg 267w, https:\/\/us.edu.pl\/centra-badawcze\/gamelab\/wp-content\/uploads\/sites\/62\/Obrazy\/zdj\u0119cia\/4_Musee-de-la-Bande-DessineeAngoulemeCurant3D-FestivalFrance_2-scaled-768x864.jpg 768w, https:\/\/us.edu.pl\/centra-badawcze\/gamelab\/wp-content\/uploads\/sites\/62\/Obrazy\/zdj\u0119cia\/4_Musee-de-la-Bande-DessineeAngoulemeCurant3D-FestivalFrance_2-scaled-910x1024.jpg 910w, https:\/\/us.edu.pl\/centra-badawcze\/gamelab\/wp-content\/uploads\/sites\/62\/Obrazy\/zdj\u0119cia\/4_Musee-de-la-Bande-DessineeAngoulemeCurant3D-FestivalFrance_2-scaled-511x575.jpg 511w\" sizes=\"(max-width: 960px) 100vw, 960px\" \/><\/a><\/td>\n<\/tr>\n<\/tbody>\n<\/table>\n<p>\n<\/div>\r\n                    <\/div>\r\n                <\/div>[\/vc_column][vc_column width=&#8221;1\/2&#8243;]\r\n                <div class=\"text-modules\">\r\n                    <div class=\"container\">\r\n                        \r\n                        <div class=\"text-modules__content\"><\/p>\n<table style=\"border-collapse: collapse;width: 100%\">\n<tbody>\n<tr>\n<td style=\"width: 100%;text-align: center\">\n<p style=\"text-align: left\"><small><span style=\"letter-spacing: 2mm;color: #333333;font-size: 10pt\">NEW SPACE<\/span><\/small><\/p>\n<p style=\"text-align: left\">UNAM National University<br \/>\nMexico City | Mexico<br \/>\nCurator: Eric Olivares Lira<\/p>\n<hr \/>\n<\/td>\n<\/tr>\n<tr>\n<td style=\"width: 100%;text-align: center\"><a href=\"http:\/\/us.edu.pl\/centra-badawcze\/gamelab\/wp-content\/uploads\/sites\/62\/Obrazy\/zdj\u0119cia\/20_UNAM-National-UniversityMexico-CityMexico-scaled.jpg\"><img class=\"alignnone wp-image-267 size-full\" src=\"http:\/\/us.edu.pl\/centra-badawcze\/gamelab\/wp-content\/uploads\/sites\/62\/Obrazy\/zdj\u0119cia\/20_UNAM-National-UniversityMexico-CityMexico-scaled.jpg\" alt=\"Dw\u00f3ch m\u0119\u017cczyzn na tle 8 wystawionych prac\" width=\"95%\" height=\"auto\" srcset=\"https:\/\/us.edu.pl\/centra-badawcze\/gamelab\/wp-content\/uploads\/sites\/62\/Obrazy\/zdj\u0119cia\/20_UNAM-National-UniversityMexico-CityMexico-scaled.jpg 960w, https:\/\/us.edu.pl\/centra-badawcze\/gamelab\/wp-content\/uploads\/sites\/62\/Obrazy\/zdj\u0119cia\/20_UNAM-National-UniversityMexico-CityMexico-scaled-266x300.jpg 266w, https:\/\/us.edu.pl\/centra-badawcze\/gamelab\/wp-content\/uploads\/sites\/62\/Obrazy\/zdj\u0119cia\/20_UNAM-National-UniversityMexico-CityMexico-scaled-768x865.jpg 768w, https:\/\/us.edu.pl\/centra-badawcze\/gamelab\/wp-content\/uploads\/sites\/62\/Obrazy\/zdj\u0119cia\/20_UNAM-National-UniversityMexico-CityMexico-scaled-909x1024.jpg 909w, https:\/\/us.edu.pl\/centra-badawcze\/gamelab\/wp-content\/uploads\/sites\/62\/Obrazy\/zdj\u0119cia\/20_UNAM-National-UniversityMexico-CityMexico-scaled-511x575.jpg 511w\" sizes=\"(max-width: 960px) 100vw, 960px\" \/><\/a><\/td>\n<\/tr>\n<\/tbody>\n<\/table>\n<p>\n<\/div>\r\n                    <\/div>\r\n                <\/div>[\/vc_column][\/vc_row]<\/p>","protected":false},"excerpt":{"rendered":"<p>[vc_row el_class=&#8221;container&#8221;][vc_column][\/vc_column][\/vc_row][vc_row el_class=&#8221;container&#8221;][vc_column][vc_row_inner][vc_column_inner width=&#8221;2\/3&#8243;][\/vc_column_inner][vc_column_inner width=&#8221;1\/3&#8243;][\/vc_column_inner][\/vc_row_inner][\/vc_column][\/vc_row][vc_row el_class=&#8221;container&#8221;][vc_column][vc_row_inner][vc_column_inner width=&#8221;1\/2&#8243;][\/vc_column_inner][vc_column_inner width=&#8221;1\/2&#8243;][\/vc_column_inner][\/vc_row_inner][vc_row_inner][vc_column_inner width=&#8221;7\/12&#8243;][vc_empty_space height=&#8221;2px&#8221; css=&#8221;.vc_custom_1617788090306{background-color: #5b87a0 !important;}&#8221;][vc_empty_space][\/vc_column_inner][vc_column_inner width=&#8221;5\/12&#8243;][\/vc_column_inner][\/vc_row_inner][vc_row_inner][vc_column_inner width=&#8221;1\/2&#8243;][vc_video link=&#8221;https:\/\/vimeo.com\/306350471&#8243; el_width=&#8221;90&#8243; align=&#8221;center&#8221;][\/vc_column_inner][vc_column_inner width=&#8221;1\/2&#8243;][vc_video link=&#8221;https:\/\/vimeo.com\/324823777&#8243; el_width=&#8221;90&#8243; align=&#8221;center&#8221;][\/vc_column_inner][\/vc_row_inner][\/vc_column][\/vc_row][vc_row][vc_column][\/vc_column][\/vc_row][vc_row el_class=&#8221;container&#8221;][vc_column width=&#8221;1\/3&#8243;][\/vc_column][vc_column width=&#8221;1\/3&#8243;][\/vc_column][vc_column width=&#8221;1\/3&#8243;][\/vc_column][\/vc_row][vc_row el_class=&#8221;container&#8221;][vc_column][vc_empty_space][\/vc_column][\/vc_row][vc_row el_class=&#8221;container&#8221;][vc_column width=&#8221;1\/2&#8243;][\/vc_column][vc_column width=&#8221;1\/2&#8243;][\/vc_column][\/vc_row] [&#8230;]<\/p>\n<p><a class=\"btn btn-secondary understrap-read-more-link\" href=\"https:\/\/us.edu.pl\/centra-badawcze\/gamelab\/en\/wystawy\/\">Read More&#8230;<\/a><\/p>\n","protected":false},"author":139,"featured_media":0,"parent":0,"menu_order":0,"comment_status":"closed","ping_status":"closed","template":"","meta":{"_expiration-date-status":"saved","_expiration-date":0,"_expiration-date-type":"","_expiration-date-categories":[],"_expiration-date-options":[]},"acf":[],"_links":{"self":[{"href":"https:\/\/us.edu.pl\/centra-badawcze\/gamelab\/en\/wp-json\/wp\/v2\/pages\/232"}],"collection":[{"href":"https:\/\/us.edu.pl\/centra-badawcze\/gamelab\/en\/wp-json\/wp\/v2\/pages"}],"about":[{"href":"https:\/\/us.edu.pl\/centra-badawcze\/gamelab\/en\/wp-json\/wp\/v2\/types\/page"}],"author":[{"embeddable":true,"href":"https:\/\/us.edu.pl\/centra-badawcze\/gamelab\/en\/wp-json\/wp\/v2\/users\/139"}],"replies":[{"embeddable":true,"href":"https:\/\/us.edu.pl\/centra-badawcze\/gamelab\/en\/wp-json\/wp\/v2\/comments?post=232"}],"version-history":[{"count":21,"href":"https:\/\/us.edu.pl\/centra-badawcze\/gamelab\/en\/wp-json\/wp\/v2\/pages\/232\/revisions"}],"predecessor-version":[{"id":536,"href":"https:\/\/us.edu.pl\/centra-badawcze\/gamelab\/en\/wp-json\/wp\/v2\/pages\/232\/revisions\/536"}],"wp:attachment":[{"href":"https:\/\/us.edu.pl\/centra-badawcze\/gamelab\/en\/wp-json\/wp\/v2\/media?parent=232"}],"curies":[{"name":"wp","href":"https:\/\/api.w.org\/{rel}","templated":true}]}}