{"id":168,"date":"2021-03-31T15:16:03","date_gmt":"2021-03-31T13:16:03","guid":{"rendered":"http:\/\/us.edu.pl\/centra-badawcze\/gamelab\/?page_id=168"},"modified":"2021-05-24T13:43:07","modified_gmt":"2021-05-24T11:43:07","slug":"game-lab","status":"publish","type":"page","link":"https:\/\/us.edu.pl\/centra-badawcze\/gamelab\/game-lab\/","title":{"rendered":"game lab"},"content":{"rendered":"<p>[vc_row el_class=&#8221;container&#8221;][vc_column]\r\n                <div class=\"text-modules\">\r\n                    <div class=\"container\">\r\n                        <h3 class=\"page-title text__title\">game lab<\/h3>\r\n                        <div class=\"text-modules__content\"><\/div>\r\n                    <\/div>\r\n                <\/div>[\/vc_column][\/vc_row][vc_row el_class=&#8221;container&#8221;][vc_column width=&#8221;1\/3&#8243;]\r\n                <div class=\"text-modules\">\r\n                    <div class=\"container\">\r\n                        \r\n                        <div class=\"text-modules__content\"><\/p>\n<p style=\"text-align: center\"><img class=\"alignnone wp-image-83 size-full\" src=\"http:\/\/us.edu.pl\/centra-badawcze\/gamelab\/wp-content\/uploads\/sites\/62\/Obrazy\/Centrum-gamlab-logo.jpg\" alt=\"Grafika przedstawiaj\u0105ca sze\u015bciok\u0105t podzielony na 6 tr\u00f3jk\u0105t\u00f3w w odcieniach niebieskiego\" width=\"60%\" height=\"AUTO\" srcset=\"https:\/\/us.edu.pl\/centra-badawcze\/gamelab\/wp-content\/uploads\/sites\/62\/Obrazy\/Centrum-gamlab-logo.jpg 396w, https:\/\/us.edu.pl\/centra-badawcze\/gamelab\/wp-content\/uploads\/sites\/62\/Obrazy\/Centrum-gamlab-logo-150x150.jpg 150w, https:\/\/us.edu.pl\/centra-badawcze\/gamelab\/wp-content\/uploads\/sites\/62\/Obrazy\/Centrum-gamlab-logo-300x300.jpg 300w\" sizes=\"(max-width: 396px) 100vw, 396px\" \/><\/p>\n<p>\n<\/div>\r\n                    <\/div>\r\n                <\/div>[vc_empty_space height=&#8221;1px&#8221; css=&#8221;.vc_custom_1617196546385{background-color: #5b87a1 !important;}&#8221;]\r\n                <div class=\"text-modules\">\r\n                    <div class=\"container\">\r\n                        \r\n                        <div class=\"text-modules__content\"><\/p>\n<p style=\"text-align: right\"><small><span style=\"letter-spacing: 2mm;color: #333333;font-size: 14pt\">KULTURA CYFROWA <span style=\"color: #5b87a1\">|<\/span><\/span><\/small><\/p>\n<p style=\"text-align: right\"><small><span style=\"letter-spacing: 2mm;color: #333333;font-size: 10pt\">SZTUKA <span style=\"color: #5b87a1\">|<\/span><\/span><\/small><\/p>\n<p style=\"text-align: right\"><small><span style=\"letter-spacing: 2mm;color: #333333;font-size: 10pt\">NAUKA <span style=\"color: #5b87a1\">|<\/span><\/span><\/small><\/p>\n<p style=\"text-align: right\"><small><span style=\"letter-spacing: 2mm;color: #333333;font-size: 10pt\">EDUKACJA <span style=\"color: #5b87a1\">|<\/span><\/span><\/small><\/p>\n<p>\n<\/div>\r\n                    <\/div>\r\n                <\/div>[\/vc_column][vc_column width=&#8221;2\/3&#8243;]\r\n                <div class=\"text-modules\">\r\n                    <div class=\"container\">\r\n                        \r\n                        <div class=\"text-modules__content\"><p>Projektujemy i badamy \u015brodowiska wirtualne o r\u00f3\u017cnym przeznaczeniu oraz popularyzujemy wiedz\u0119 z zakresu kultury cyfrowej. Chcemy sprawdzi\u0107 granice mo\u017cliwo\u015bci przekazu obrazem p\u0142askim, animacj\u0105 i przestrzeniami wirtualnymi wykorzystuj\u0105cymi technologie 3D, AR i VR, a tak\u017ce holografi\u0119.<\/p>\n<p>\u0141\u0105czymy tw\u00f3rczo\u015b\u0107 artystyczn\u0105 i badania naukowe. Wsp\u00f3\u0142pracujemy z przemys\u0142em kreatywnym oraz o\u015brodkami akademickimi z Europy, Azji i Ameryki. Tworzymy i badamy gry artystyczne, edukacyjne oraz tzw. <em>serious games<\/em>. Interesuj\u0105 nas eksperymentalne dzia\u0142ania i projekty artystyczno-badawcze na styku sztuki, nauki i technologii tradycyjnej oraz cyfrowej.<\/p>\n<p>Zapraszamy do wsp\u00f3\u0142pracy naukowc\u00f3w z ca\u0142ego \u015bwiata, student\u00f3w, doktorant\u00f3w i absolwent\u00f3w, a tak\u017ce przedstawicieli przemys\u0142u kreatywnego. \u0141\u0105czymy praktyczne artystyczne i techniczne kompetencje, nowoczesne technologie cyfrowe z humanistyczn\u0105 refleksj\u0105 nad interakcj\u0105, narracj\u0105, to\u017csamo\u015bci\u0105 i percepcj\u0105.<\/p>\n<\/div>\r\n                    <\/div>\r\n                <\/div><div class=\"container\"><div class=\"separator\" style=\"background-color: #EBEBEB\"><\/div><\/div>\r\n                <div class=\"text-modules\">\r\n                    <div class=\"container\">\r\n                        \r\n                        <div class=\"text-modules__content\"><p>Centrum artystyczno-badawcze Game Lab powsta\u0142o jako naturalna kontynuacja projektu pn. \u201eGAME LAB \u2013 International Laboratory for Game Studies and Design\u201d. W jego realizacj\u0119 zaanga\u017cowali si\u0119 studenci, arty\u015bci oraz naukowcy reprezentuj\u0105cy siedem uczelni: Uniwersytet \u015al\u0105ski w Katowicach (lidera projektu), School of Art Uniwersytetu P\u00f3\u0142nocnego Illinois (Stany Zjednoczone), Harz University of Applied Sciences (Niemcy), Uniwersytet w Ostrawie (Czechy), LUCA School of Arts (Belgia), Tokyo University of Technology (Japonia) oraz Benem\u00e9rita Universidad Aut\u00f3noma de Puebla (Meksyk).<\/p>\n<p>Wsp\u00f3lnie stworzyli\u015bmy mi\u0119dzynarodowe laboratorium, kt\u00f3rego g\u0142\u00f3wnym celem jest badanie i projektowanie gier. Jest to jedna z najbardziej dynamicznie rozwijaj\u0105cych si\u0119 i unikatowych zarazem dziedzin aktywno\u015bci artystycznej i akademickiej. Osi\u0105 projektu jest International Game Lab Challenge \u2013 mi\u0119dzynarodowe warsztaty dla student\u00f3w pracuj\u0105cych w zespo\u0142ach pod kierunkiem czternastu znakomitych mentor\u00f3w ze wszystkich partnerskich uczelni. Ka\u017cdy z zespo\u0142\u00f3w mia\u0142 jedno zadanie: zaprojektowa\u0107 gr\u0119 \u2013 wraz z histori\u0105, mechanik\u0105, d\u017awi\u0119kiem, grafik\u0105 i muzyk\u0105.<\/p>\n<p>Projekt <a href=\"https:\/\/gamelab.us.edu.pl\">\u201eGAME LAB \u2013 International Laboratory for Game Studies and Design\u201d<\/a> zosta\u0142 dofinansowany przez Narodow\u0105 Agencj\u0119 Wymiany Akademickiej (NAWA).<\/p>\n<\/div>\r\n                    <\/div>\r\n                <\/div>[\/vc_column][\/vc_row]<\/p>","protected":false},"excerpt":{"rendered":"<p>[vc_row el_class=&#8221;container&#8221;][vc_column][\/vc_column][\/vc_row][vc_row el_class=&#8221;container&#8221;][vc_column width=&#8221;1\/3&#8243;][vc_empty_space height=&#8221;1px&#8221; css=&#8221;.vc_custom_1617196546385{background-color: #5b87a1 !important;}&#8221;][\/vc_column][vc_column width=&#8221;2\/3&#8243;][\/vc_column][\/vc_row] [&#8230;]<\/p>\n<p><a class=\"btn btn-secondary understrap-read-more-link\" href=\"https:\/\/us.edu.pl\/centra-badawcze\/gamelab\/game-lab\/\">Read More&#8230;<\/a><\/p>\n","protected":false},"author":139,"featured_media":0,"parent":0,"menu_order":0,"comment_status":"closed","ping_status":"closed","template":"","meta":{"_expiration-date-status":"saved","_expiration-date":0,"_expiration-date-type":"","_expiration-date-categories":[],"_expiration-date-options":[]},"acf":[],"_links":{"self":[{"href":"https:\/\/us.edu.pl\/centra-badawcze\/gamelab\/wp-json\/wp\/v2\/pages\/168"}],"collection":[{"href":"https:\/\/us.edu.pl\/centra-badawcze\/gamelab\/wp-json\/wp\/v2\/pages"}],"about":[{"href":"https:\/\/us.edu.pl\/centra-badawcze\/gamelab\/wp-json\/wp\/v2\/types\/page"}],"author":[{"embeddable":true,"href":"https:\/\/us.edu.pl\/centra-badawcze\/gamelab\/wp-json\/wp\/v2\/users\/139"}],"replies":[{"embeddable":true,"href":"https:\/\/us.edu.pl\/centra-badawcze\/gamelab\/wp-json\/wp\/v2\/comments?post=168"}],"version-history":[{"count":21,"href":"https:\/\/us.edu.pl\/centra-badawcze\/gamelab\/wp-json\/wp\/v2\/pages\/168\/revisions"}],"predecessor-version":[{"id":553,"href":"https:\/\/us.edu.pl\/centra-badawcze\/gamelab\/wp-json\/wp\/v2\/pages\/168\/revisions\/553"}],"wp:attachment":[{"href":"https:\/\/us.edu.pl\/centra-badawcze\/gamelab\/wp-json\/wp\/v2\/media?parent=168"}],"curies":[{"name":"wp","href":"https:\/\/api.w.org\/{rel}","templated":true}]}}