{"id":201,"date":"2021-04-02T10:33:59","date_gmt":"2021-04-02T08:33:59","guid":{"rendered":"http:\/\/us.edu.pl\/centra-badawcze\/gamelab\/?page_id=201"},"modified":"2021-05-18T13:22:47","modified_gmt":"2021-05-18T11:22:47","slug":"game-lab-historie","status":"publish","type":"page","link":"https:\/\/us.edu.pl\/centra-badawcze\/gamelab\/game-lab-historie\/","title":{"rendered":"game lab | historie"},"content":{"rendered":"<p>[vc_row el_class=&#8221;container&#8221;][vc_column]\r\n                <div class=\"text-modules\">\r\n                    <div class=\"container\">\r\n                        <h3 class=\"page-title text__title\">game lab | historie<\/h3>\r\n                        <div class=\"text-modules__content\"><\/div>\r\n                    <\/div>\r\n                <\/div>[\/vc_column][\/vc_row][vc_row el_class=&#8221;container&#8221;][vc_column]\r\n                <div class=\"text-modules\">\r\n                    <div class=\"container\">\r\n                        \r\n                        <div class=\"text-modules__content\"><\/p>\n<p id=\"grzegorz\" style=\"text-align: left\"><small><span style=\"letter-spacing: 2mm;color: #002e5a;font-size: 140%\"><strong>GRZEGORZ D\u0104BROWSKI<\/strong><br \/>\n<\/span><\/small><\/p>\n<p>\n<\/div>\r\n                    <\/div>\r\n                <\/div>[\/vc_column][\/vc_row][vc_row el_class=&#8221;container&#8221;][vc_column width=&#8221;1\/3&#8243;][vc_empty_space height=&#8221;2px&#8221; css=&#8221;.vc_custom_1617352801928{background-color: #5b87a1 !important;}&#8221;][vc_empty_space height=&#8221;48px&#8221;]\r\n                <div class=\"text-modules\">\r\n                    <div class=\"container\">\r\n                        \r\n                        <div class=\"text-modules__content\"><p><img class=\"alignnone wp-image-202 size-full\" src=\"http:\/\/us.edu.pl\/centra-badawcze\/gamelab\/wp-content\/uploads\/sites\/62\/Obrazy\/zdj\u0119cia\/Dabrowski_2.png\" alt=\"Zdj\u0119cie portretowe Mateusza D\u0105browskiego\" width=\"100%\" height=\"auto\" srcset=\"https:\/\/us.edu.pl\/centra-badawcze\/gamelab\/wp-content\/uploads\/sites\/62\/Obrazy\/zdj\u0119cia\/Dabrowski_2.png 726w, https:\/\/us.edu.pl\/centra-badawcze\/gamelab\/wp-content\/uploads\/sites\/62\/Obrazy\/zdj\u0119cia\/Dabrowski_2-150x150.png 150w, https:\/\/us.edu.pl\/centra-badawcze\/gamelab\/wp-content\/uploads\/sites\/62\/Obrazy\/zdj\u0119cia\/Dabrowski_2-300x298.png 300w, https:\/\/us.edu.pl\/centra-badawcze\/gamelab\/wp-content\/uploads\/sites\/62\/Obrazy\/zdj\u0119cia\/Dabrowski_2-575x570.png 575w\" sizes=\"(max-width: 726px) 100vw, 726px\" \/><\/p>\n<\/div>\r\n                    <\/div>\r\n                <\/div>[\/vc_column][vc_column width=&#8221;2\/3&#8243;]\r\n                <div class=\"text-modules\">\r\n                    <div class=\"container\">\r\n                        \r\n                        <div class=\"text-modules__content\"><p><small><span style=\"letter-spacing: 2mm;color: #333333;font-size: 10pt\">PROJEKT \u201eGAME LAB CHALLENGE\u201d<\/span><\/small><\/p>\n<\/div>\r\n                    <\/div>\r\n                <\/div>\r\n                <div class=\"text-modules\">\r\n                    <div class=\"container\">\r\n                        \r\n                        <div class=\"text-modules__content\"><p>Jestem liderem mi\u0119dzynarodowej dru\u017cyny w ramach projektu Game Lab Challenge, zajmuj\u0119 si\u0119 produkcj\u0105 gry. Jestem r\u00f3wnie\u017c aktywnie dzia\u0142aj\u0105cym artyst\u0105 koncepcyjnym oraz grafikiem 3D. Poszukuj\u0119 nowych metod pracy nad grami komputerowymi oraz szukam rozwi\u0105za\u0144 maj\u0105cych doprowadzi\u0107 do wdro\u017cenia ich do projektu.<\/p>\n<p>Pracuj\u0119 zazwyczaj dru\u017cynowo, by realizowa\u0107 nowe pomys\u0142y i wprowadza\u0107 je w \u017cycie. Rozwijam swoje umiej\u0119tno\u015bci w zakresie tworzenia gier wideo od czterech lat na Uniwersytecie \u015al\u0105skim na kierunku projektowanie gier i przestrzeni wirtualnej. Gry komputerowe sta\u0142y si\u0119 moj\u0105 pasj\u0105 znacznie wcze\u015bniej \u2013 od najm\u0142odszych lat by\u0142em zapalonym graczem. Zainspirowany r\u00f3\u017cnymi produkcjami, pr\u00f3bowa\u0142em projektowa\u0107 swoje rozwi\u0105zania ju\u017c jako nastolatek. Dzi\u015b zajmuj\u0119 si\u0119 tym profesjonalnie.<\/p>\n<p>Jestem zaanga\u017cowanym tw\u00f3rc\u0105 dzia\u0142aj\u0105cym w obszarze wirtualnej rzeczywisto\u015bci; pracowa\u0142em przy tytule komercyjnym, wydanym na platform\u0119 Oculus Quest i Oculus Quest 2 (Blair Witch: Oculus Quest Edition). Aktualnie\u00a0 projektuj\u0119 gr\u0119 w wirtualnej rzeczywisto\u015bci Royal Game Of Ur we wsp\u00f3\u0142pracy z Institute of IDEAS (Institute for Immersive Designs, Experiences, Applications, and Stories) w American University w Waszyngtonie (Oculus Rift). By\u0142em wsp\u00f3\u0142organizatorem Silesia Game Jam w 2020 roku na terenie Uniwersytetu \u015al\u0105skiego w Katowicach w ramach inicjatywy Global Game Jam.<\/p>\n<\/div>\r\n                    <\/div>\r\n                <\/div>[\/vc_column][\/vc_row][vc_row el_class=&#8221;container&#8221;][vc_column]<div class=\"container\"><div class=\"separator\" style=\"background-color: #EBEBEB\"><\/div><\/div>[\/vc_column][\/vc_row][vc_row el_class=&#8221;container&#8221;][vc_column]\r\n                <div class=\"text-modules\">\r\n                    <div class=\"container\">\r\n                        \r\n                        <div class=\"text-modules__content\"><\/p>\n<p id=\"seav\" style=\"text-align: left\"><small><span style=\"letter-spacing: 2mm;color: #002e5a;font-size: 140%\"><strong>SEAV MEY TAING<\/strong><br \/>\n<\/span><\/small><\/p>\n<p>\n<\/div>\r\n                    <\/div>\r\n                <\/div>[\/vc_column][\/vc_row][vc_row el_class=&#8221;container&#8221;][vc_column width=&#8221;1\/3&#8243;][vc_empty_space height=&#8221;2px&#8221; css=&#8221;.vc_custom_1617352801928{background-color: #5b87a1 !important;}&#8221;][vc_empty_space height=&#8221;48px&#8221;]\r\n                <div class=\"text-modules\">\r\n                    <div class=\"container\">\r\n                        \r\n                        <div class=\"text-modules__content\"><p><img class=\"alignnone wp-image-204 size-full\" src=\"http:\/\/us.edu.pl\/centra-badawcze\/gamelab\/wp-content\/uploads\/sites\/62\/Obrazy\/zdj\u0119cia\/Seay-Mey_2.png\" alt=\"Zdj\u0119cie portretowe Seav Mey Taing\" width=\"100%\" height=\"auto\" srcset=\"https:\/\/us.edu.pl\/centra-badawcze\/gamelab\/wp-content\/uploads\/sites\/62\/Obrazy\/zdj\u0119cia\/Seay-Mey_2.png 726w, https:\/\/us.edu.pl\/centra-badawcze\/gamelab\/wp-content\/uploads\/sites\/62\/Obrazy\/zdj\u0119cia\/Seay-Mey_2-150x150.png 150w, https:\/\/us.edu.pl\/centra-badawcze\/gamelab\/wp-content\/uploads\/sites\/62\/Obrazy\/zdj\u0119cia\/Seay-Mey_2-300x298.png 300w, https:\/\/us.edu.pl\/centra-badawcze\/gamelab\/wp-content\/uploads\/sites\/62\/Obrazy\/zdj\u0119cia\/Seay-Mey_2-575x570.png 575w\" sizes=\"(max-width: 726px) 100vw, 726px\" \/><\/p>\n<\/div>\r\n                    <\/div>\r\n                <\/div>[\/vc_column][vc_column width=&#8221;2\/3&#8243;]\r\n                <div class=\"text-modules\">\r\n                    <div class=\"container\">\r\n                        \r\n                        <div class=\"text-modules__content\"><p><small><span style=\"letter-spacing: 2mm;color: #333333;font-size: 10pt\">PROJEKT \u201eGAME LAB CHALLENGE\u201d<\/span><\/small><\/p>\n<\/div>\r\n                    <\/div>\r\n                <\/div>\r\n                <div class=\"text-modules\">\r\n                    <div class=\"container\">\r\n                        \r\n                        <div class=\"text-modules__content\"><p>Jestem studentk\u0105 Northern Illinois University w Stanach Zjednoczonych. Studiuj\u0119 komunikacj\u0119 wizualn\u0105 oraz j\u0119zyk chi\u0144ski.<\/p>\n<p>Bior\u0119 udzia\u0142 w Game Lab Challenge z zespo\u0142em Uniwersytetu \u015al\u0105skiego w Katowicach. Wsp\u00f3lnie tworzymy gr\u0119 wideo, kt\u00f3rej tematem s\u0105 mutacje natury (ang. <em>Mutations of nature<\/em>).<\/p>\n<p>W naszym zespole jestem odpowiedzialna za projekt interfejsu u\u017cytkownika gry oraz harmonogram spotka\u0144. Pomagam w komunikacji pomi\u0119dzy zagranicznymi cz\u0142onkami zespo\u0142u a liderem grupy. Musz\u0119 dopilnowa\u0107, aby nasi cz\u0142onkowie rozumieli swoje cotygodniowe zadania i odpowiada\u0107 na ich pytania dotycz\u0105ce harmonogramu spotka\u0144.<\/p>\n<\/div>\r\n                    <\/div>\r\n                <\/div>[\/vc_column][\/vc_row][vc_row el_class=&#8221;container&#8221;][vc_column]<div class=\"container\"><div class=\"separator\" style=\"background-color: #EBEBEB\"><\/div><\/div>[\/vc_column][\/vc_row][vc_row el_class=&#8221;container&#8221;][vc_column]\r\n                <div class=\"text-modules\">\r\n                    <div class=\"container\">\r\n                        \r\n                        <div class=\"text-modules__content\"><\/p>\n<p id=\"vera\" style=\"text-align: left\"><small><span style=\"letter-spacing: 2mm;color: #002e5a;font-size: 140%\"><strong>MATEUSZ JAWORZYN | ADRIAN KU\u015a | PAULINA RUDZI\u0143SKA<\/strong><br \/>\n<\/span><\/small><\/p>\n<p>\n<\/div>\r\n                    <\/div>\r\n                <\/div>[\/vc_column][\/vc_row][vc_row el_class=&#8221;container&#8221;][vc_column width=&#8221;1\/3&#8243;][vc_empty_space height=&#8221;2px&#8221; css=&#8221;.vc_custom_1617352801928{background-color: #5b87a1 !important;}&#8221;][vc_empty_space height=&#8221;48px&#8221;]\r\n                <div class=\"text-modules\">\r\n                    <div class=\"container\">\r\n                        \r\n                        <div class=\"text-modules__content\"><p><img class=\"alignnone wp-image-210 size-full\" src=\"http:\/\/us.edu.pl\/centra-badawcze\/gamelab\/wp-content\/uploads\/sites\/62\/Obrazy\/zdj\u0119cia\/Paulina_Adrian_Mateusz_3-2.png\" alt=\"Trzy zdj\u0119cia portretowe: Pauliny Rudzi\u0144skiej, Adriana Kusia i Mateusza Jaworzyna\" width=\"100%\" height=\"auto\" srcset=\"https:\/\/us.edu.pl\/centra-badawcze\/gamelab\/wp-content\/uploads\/sites\/62\/Obrazy\/zdj\u0119cia\/Paulina_Adrian_Mateusz_3-2.png 726w, https:\/\/us.edu.pl\/centra-badawcze\/gamelab\/wp-content\/uploads\/sites\/62\/Obrazy\/zdj\u0119cia\/Paulina_Adrian_Mateusz_3-2-300x296.png 300w, https:\/\/us.edu.pl\/centra-badawcze\/gamelab\/wp-content\/uploads\/sites\/62\/Obrazy\/zdj\u0119cia\/Paulina_Adrian_Mateusz_3-2-575x567.png 575w\" sizes=\"(max-width: 726px) 100vw, 726px\" \/><\/p>\n<\/div>\r\n                    <\/div>\r\n                <\/div>[\/vc_column][vc_column width=&#8221;2\/3&#8243;]\r\n                <div class=\"text-modules\">\r\n                    <div class=\"container\">\r\n                        \r\n                        <div class=\"text-modules__content\"><p><small><span style=\"letter-spacing: 2mm;color: #333333;font-size: 10pt\">PROJEKT \u201eVERA\u201d<\/span><\/small><\/p>\n<\/div>\r\n                    <\/div>\r\n                <\/div>\r\n                <div class=\"text-modules\">\r\n                    <div class=\"container\">\r\n                        \r\n                        <div class=\"text-modules__content\"><p>Zostali\u015bmy poproszeni o wykonanie cyfrowej scenografii w 3D do projektu interaktywnego filmu \u201eVera\u201d. Otrzymali\u015bmy kilkadziesi\u0105t modeli wykonanych w technice fotogrametrii kt\u00f3re nale\u017ca\u0142o przystosowa\u0107 do ogranicze\u0144 stawianych przez technologi\u0119. By\u0142o to dla nas przede wszystkim wyzwanie techniczne, nigdy wcze\u015bniej nie pracowali\u015bmy nad scen\u0105, kt\u00f3ra mia\u0142a by\u0107 wy\u015bwietlana w rzeczywisto\u015bci rozszerzonej (AR).<\/p>\n<p>W oparciu o projekt filmu zaprojektowali\u015bmy wn\u0119trze baru, w kt\u00f3rym dwa hologramy aktor\u00f3w prowadz\u0105 dialog. Wystr\u00f3j musia\u0142 by\u0107 przemy\u015blany przede wszystkim pod k\u0105tem dost\u0119pnej liczby poligon\u00f3w, kt\u00f3r\u0105 bardzo mocno ogranicza\u0142 sprz\u0119t, na jakim film mia\u0142 by\u0107 docelowo wy\u015bwietlany.<\/p>\n<p>Kolejnym wyzwaniem by\u0142 w\u0105ski zakres walor\u00f3w, jakie poprawnie wy\u015bwietla\u0142y si\u0119 w goglach AR. Kolory te nie mog\u0142y by\u0107 ciemne, poniewa\u017c modele aktor\u00f3w stawa\u0142y si\u0119 czarne i ma\u0142o widoczne. Rozwi\u0105zali\u015bmy to poprzez nadanie teksturom stylizacji w duchu malarstwa impresjonizmu. \u017bywa kolorystyka by\u0142a dobrze widoczna w wi\u0119kszo\u015bci przypadk\u00f3w domowego o\u015bwietlenia, a relacja barw ciep\u0142ych\u2013zimnych, w przeciwie\u0144stwie do ciemnych\u2013jasnych, pozwoli\u0142a zachowa\u0107 g\u0142\u0119bi\u0119 w zaprojektowanych modelach.<\/p>\n<p>Ostatecznie wykonali\u015bmy stylizowan\u0105 scen\u0119 z budynkiem i wn\u0119trzem, w kt\u00f3rym rozgrywa si\u0119 akcja filmu, a tak\u017ce wersj\u0119 realistyczn\u0105, sk\u0142adaj\u0105c\u0105 si\u0119 wy\u0142\u0105cznie z wn\u0119trza.<\/p>\n<p>Aktualnie pracujemy nad wykonaniem scenografii na potrzeb\u0119 utwor\u00f3w z filmu \u201eLes Miserables\u201d.<\/p>\n<p><span style=\"color: #808080;font-size: small\">Na zdj\u0119ciu (od lewej): Mateusz Jaworzyn, Adrian Ku\u015b i Paulina Rudzi\u0144ska<\/span><\/p>\n<\/div>\r\n                    <\/div>\r\n                <\/div>[\/vc_column][\/vc_row]<\/p>","protected":false},"excerpt":{"rendered":"<p>[vc_row el_class=&#8221;container&#8221;][vc_column][\/vc_column][\/vc_row][vc_row el_class=&#8221;container&#8221;][vc_column][\/vc_column][\/vc_row][vc_row el_class=&#8221;container&#8221;][vc_column width=&#8221;1\/3&#8243;][vc_empty_space height=&#8221;2px&#8221; css=&#8221;.vc_custom_1617352801928{background-color: #5b87a1 !important;}&#8221;][vc_empty_space height=&#8221;48px&#8221;][\/vc_column][vc_column width=&#8221;2\/3&#8243;][\/vc_column][\/vc_row][vc_row el_class=&#8221;container&#8221;][vc_column][\/vc_column][\/vc_row][vc_row el_class=&#8221;container&#8221;][vc_column][\/vc_column][\/vc_row][vc_row el_class=&#8221;container&#8221;][vc_column width=&#8221;1\/3&#8243;][vc_empty_space height=&#8221;2px&#8221; css=&#8221;.vc_custom_1617352801928{background-color: #5b87a1 !important;}&#8221;][vc_empty_space height=&#8221;48px&#8221;][\/vc_column][vc_column width=&#8221;2\/3&#8243;][\/vc_column][\/vc_row][vc_row el_class=&#8221;container&#8221;][vc_column][\/vc_column][\/vc_row][vc_row el_class=&#8221;container&#8221;][vc_column][\/vc_column][\/vc_row][vc_row el_class=&#8221;container&#8221;][vc_column width=&#8221;1\/3&#8243;][vc_empty_space height=&#8221;2px&#8221; css=&#8221;.vc_custom_1617352801928{background-color: #5b87a1 !important;}&#8221;][vc_empty_space height=&#8221;48px&#8221;][\/vc_column][vc_column width=&#8221;2\/3&#8243;][\/vc_column][\/vc_row] [&#8230;]<\/p>\n<p><a class=\"btn btn-secondary understrap-read-more-link\" href=\"https:\/\/us.edu.pl\/centra-badawcze\/gamelab\/game-lab-historie\/\">Read More&#8230;<\/a><\/p>\n","protected":false},"author":139,"featured_media":0,"parent":0,"menu_order":0,"comment_status":"closed","ping_status":"closed","template":"","meta":{"_expiration-date-status":"saved","_expiration-date":0,"_expiration-date-type":"","_expiration-date-categories":[],"_expiration-date-options":[]},"acf":[],"_links":{"self":[{"href":"https:\/\/us.edu.pl\/centra-badawcze\/gamelab\/wp-json\/wp\/v2\/pages\/201"}],"collection":[{"href":"https:\/\/us.edu.pl\/centra-badawcze\/gamelab\/wp-json\/wp\/v2\/pages"}],"about":[{"href":"https:\/\/us.edu.pl\/centra-badawcze\/gamelab\/wp-json\/wp\/v2\/types\/page"}],"author":[{"embeddable":true,"href":"https:\/\/us.edu.pl\/centra-badawcze\/gamelab\/wp-json\/wp\/v2\/users\/139"}],"replies":[{"embeddable":true,"href":"https:\/\/us.edu.pl\/centra-badawcze\/gamelab\/wp-json\/wp\/v2\/comments?post=201"}],"version-history":[{"count":14,"href":"https:\/\/us.edu.pl\/centra-badawcze\/gamelab\/wp-json\/wp\/v2\/pages\/201\/revisions"}],"predecessor-version":[{"id":525,"href":"https:\/\/us.edu.pl\/centra-badawcze\/gamelab\/wp-json\/wp\/v2\/pages\/201\/revisions\/525"}],"wp:attachment":[{"href":"https:\/\/us.edu.pl\/centra-badawcze\/gamelab\/wp-json\/wp\/v2\/media?parent=201"}],"curies":[{"name":"wp","href":"https:\/\/api.w.org\/{rel}","templated":true}]}}