{"id":437,"date":"2021-04-13T17:35:05","date_gmt":"2021-04-13T15:35:05","guid":{"rendered":"http:\/\/us.edu.pl\/centra-badawcze\/gamelab\/?page_id=437"},"modified":"2021-05-18T12:52:17","modified_gmt":"2021-05-18T10:52:17","slug":"nasze-projekty","status":"publish","type":"page","link":"https:\/\/us.edu.pl\/centra-badawcze\/gamelab\/nasze-projekty\/","title":{"rendered":"nasze projekty"},"content":{"rendered":"<p>[vc_row el_class=&#8221;container&#8221;][vc_column]\r\n                <div class=\"text-modules\">\r\n                    <div class=\"container\">\r\n                        <h3 class=\"page-title text__title\">nasze projekty<\/h3>\r\n                        <div class=\"text-modules__content\"><\/div>\r\n                    <\/div>\r\n                <\/div>[vc_empty_space][\/vc_column][\/vc_row][vc_row el_class=&#8221;container&#8221;][vc_column width=&#8221;1\/3&#8243;]\r\n                <div class=\"text-modules\">\r\n                    <div class=\"container\">\r\n                        \r\n                        <div class=\"text-modules__content\"><\/p>\n<p style=\"text-align: right\"><small><span style=\"letter-spacing: 2mm;color: #002e5a;font-size: 140%\"><strong>projekt GAME LAB<\/strong><br \/>\n<\/span><\/small><\/p>\n<p style=\"text-align: right\"><small><span style=\"letter-spacing: 2mm;color: #333333;font-size: 10pt\">INTERNATIONAL LABORATORY<br \/>\nFOR GAME STUDIES<br \/>\nAND DESIGN <\/span><\/small><\/p>\n<p>\n<\/div>\r\n                    <\/div>\r\n                <\/div>[vc_empty_space height=&#8221;2px&#8221; css=&#8221;.vc_custom_1618394165035{background-color: #5b87a1 !important;}&#8221;][\/vc_column][vc_column width=&#8221;2\/3&#8243;]\r\n                <div class=\"text-modules\">\r\n                    <div class=\"container\">\r\n                        \r\n                        <div class=\"text-modules__content\"><p>Projektowanie i badanie gier to dynamicznie rozwijaj\u0105ca si\u0119 i unikatowa dziedzina aktywno\u015bci akademickiej i artystycznej. \u0141\u0105czy r\u00f3\u017cne kompetencje, nowoczesne technologie cyfrowe oraz humanistyczn\u0105 refleksj\u0119 nad interakcj\u0105, narracj\u0105, to\u017csamo\u015bci\u0105 i percepcj\u0105 ze spo\u0142eczn\u0105 odpowiedzialno\u015bci\u0105.<\/p>\n<p>Wsp\u00f3lnie stworzyli\u015bmy przestrze\u0144 dla artyst\u00f3w i naukowc\u00f3w \u2013 wyk\u0142adowc\u00f3w akademickich i student\u00f3w \u2013 aby mogli razem projektowa\u0107 i analizowa\u0107 gry. Jest ni\u0105 mi\u0119dzynarodowe laboratorium, w kt\u00f3rym wszyscy uczestnicy projektu podejmuj\u0105 wyzwania zwi\u0105zane z komunikacj\u0105, integracj\u0105, kultur\u0105, sztuk\u0105, technologi\u0105, nauk\u0105 i partnerstwem.<\/p>\n<p>Rdzeniem inicjatywy jest International Game Lab Challenge \u2013 mi\u0119dzynarodowe warsztaty dla student\u00f3w pracuj\u0105cych w zespo\u0142ach pod kierunkiem mentor\u00f3w z partnerskich uczelni z ca\u0142ego \u015bwiata.<\/p>\n<p>Projekt otrzyma\u0142 dofinansowanie z Narodowej Agencji Wymiany Akademickiej. Funkcj\u0119 koordynatora pe\u0142ni prof. dr hab. Ma\u0142gorzata \u0141uszczak.<\/p>\n<\/div>\r\n                    <\/div>\r\n                <\/div>[vc_row_inner][vc_column_inner width=&#8221;1\/3&#8243;]\r\n                <div class='sidebar_moduls sidebar_button' style=\"background-color: #FFFFFF; color: #002E5A\">\r\n                    <h3><\/h3>\r\n                    <div class='link-button-wrap'><a style=\"background-color: #002E5A!important; color: #FFFFFF!important\" href='www.gamelab.us.edu.pl' class='link-button'>odwied\u017a stron\u0119 projektu Game Lab<\/a><\/div>\r\n                <\/div>[\/vc_column_inner][vc_column_inner width=&#8221;1\/3&#8243;][\/vc_column_inner][vc_column_inner width=&#8221;1\/3&#8243;][\/vc_column_inner][\/vc_row_inner][\/vc_column][\/vc_row][vc_row][vc_column]<div class=\"container\"><div class=\"separator\" style=\"background-color: #EBEBEB\"><\/div><\/div>\r\n                <div class=\"text-modules\">\r\n                    <div class=\"container\">\r\n                        <h3 class=\"page-title text__title\">projekty | wsp\u00f3\u0142praca<\/h3>\r\n                        <div class=\"text-modules__content\"><\/div>\r\n                    <\/div>\r\n                <\/div>[vc_empty_space][\/vc_column][\/vc_row][vc_row el_class=&#8221;container&#8221;][vc_column width=&#8221;1\/3&#8243;]\r\n                <div class=\"text-modules\">\r\n                    <div class=\"container\">\r\n                        \r\n                        <div class=\"text-modules__content\"><\/p>\n<p style=\"text-align: right\"><small><span style=\"letter-spacing: 2mm;color: #002e5a;font-size: 140%\"><strong>projekt VERA<\/strong><br \/>\n<\/span><\/small><\/p>\n<p style=\"text-align: right\"><small><span style=\"letter-spacing: 2mm;color: #333333;font-size: 10pt\">lider<br \/>\nSCHOOL OF COMMUNICATION<br \/>\nAMERICAN UNIVERSITY<br \/>\nWASHINGTON D.C. | USA<\/span><\/small><\/p>\n<p>\n<\/div>\r\n                    <\/div>\r\n                <\/div>[vc_empty_space height=&#8221;2px&#8221; css=&#8221;.vc_custom_1618394165035{background-color: #5b87a1 !important;}&#8221;][\/vc_column][vc_column width=&#8221;2\/3&#8243;]\r\n                <div class=\"text-modules\">\r\n                    <div class=\"container\">\r\n                        \r\n                        <div class=\"text-modules__content\"><p>\u201eVera\u201d to instalacja transmedialna na podstawie opowiadania Katerine Mansfield \u2013 nowozelandzkiej pisarki okresu modernistycznego. Instalacja sk\u0142ada si\u0119 z sze\u015bciu element\u00f3w:<\/p>\n<ul>\n<li>czternastominutowego filmu tradycyjnego,<\/li>\n<li>osiemnastominutowego filmu 360\u00b0,<\/li>\n<li>filmu wolumerycznego (holograficznego),<\/li>\n<li>dwudziestominutowego s\u0142uchowiska radiowego,<\/li>\n<li>ksi\u0105\u017cki \u201eThe Dill Pickle\u201d autorstwa Katherine Mansfield,<\/li>\n<li>instalacji w rzeczywisto\u015bci wirtualnej, w kt\u00f3rej widz mo\u017ce w\u0119drowa\u0107 po zrekonstruowanym planie filmowym, wchodz\u0105c w interakcj\u0119 z rekwizytami z filmu i odkrywaj\u0105c szczeg\u00f3\u0142y wzbogacaj\u0105ce poznan\u0105 histori\u0119.<\/li>\n<\/ul>\n<p>Przy realizacji projektu jego lider, prof. Krzysztof Pietroszek, wsp\u00f3\u0142pracowa\u0142 z mi\u0119dzynarodowym zespo\u0142em student\u00f3w. W pracach tych uczestniczyli m.in. absolwenci kierunku projektowanie gier i przestrzeni wirtualnej Uniwersytetu \u015al\u0105skiego w Katowicach: Adrian Ku\u015b, Paulina Rudzi\u0144ska i Mateusz Jaworzyn, kt\u00f3rzy zaprojektowali elementy \u015brodowiska wirtualnego w formacie 3D. Dyrektor centrum Game Lab prof. Ma\u0142gorzata \u0141uszczak pe\u0142ni\u0142a funkcj\u0119 External Faculty Fellows w Institute for IDEAS w American University (Washington, D.C.).<\/p>\n<\/div>\r\n                    <\/div>\r\n                <\/div>[\/vc_column][\/vc_row][vc_row][vc_column]<div class=\"container\"><div class=\"separator\" style=\"background-color: #EBEBEB\"><\/div><\/div>[\/vc_column][\/vc_row]<\/p>","protected":false},"excerpt":{"rendered":"<p>[vc_row el_class=&#8221;container&#8221;][vc_column][vc_empty_space][\/vc_column][\/vc_row][vc_row el_class=&#8221;container&#8221;][vc_column width=&#8221;1\/3&#8243;][vc_empty_space height=&#8221;2px&#8221; css=&#8221;.vc_custom_1618394165035{background-color: #5b87a1 !important;}&#8221;][\/vc_column][vc_column width=&#8221;2\/3&#8243;][vc_row_inner][vc_column_inner width=&#8221;1\/3&#8243;][\/vc_column_inner][vc_column_inner width=&#8221;1\/3&#8243;][\/vc_column_inner][vc_column_inner width=&#8221;1\/3&#8243;][\/vc_column_inner][\/vc_row_inner][\/vc_column][\/vc_row][vc_row][vc_column][vc_empty_space][\/vc_column][\/vc_row][vc_row el_class=&#8221;container&#8221;][vc_column width=&#8221;1\/3&#8243;][vc_empty_space height=&#8221;2px&#8221; css=&#8221;.vc_custom_1618394165035{background-color: #5b87a1 !important;}&#8221;][\/vc_column][vc_column width=&#8221;2\/3&#8243;][\/vc_column][\/vc_row][vc_row][vc_column][\/vc_column][\/vc_row] [&#8230;]<\/p>\n<p><a class=\"btn btn-secondary understrap-read-more-link\" href=\"https:\/\/us.edu.pl\/centra-badawcze\/gamelab\/nasze-projekty\/\">Read More&#8230;<\/a><\/p>\n","protected":false},"author":139,"featured_media":0,"parent":0,"menu_order":0,"comment_status":"closed","ping_status":"closed","template":"","meta":{"_expiration-date-status":"saved","_expiration-date":0,"_expiration-date-type":"","_expiration-date-categories":[],"_expiration-date-options":[]},"acf":[],"_links":{"self":[{"href":"https:\/\/us.edu.pl\/centra-badawcze\/gamelab\/wp-json\/wp\/v2\/pages\/437"}],"collection":[{"href":"https:\/\/us.edu.pl\/centra-badawcze\/gamelab\/wp-json\/wp\/v2\/pages"}],"about":[{"href":"https:\/\/us.edu.pl\/centra-badawcze\/gamelab\/wp-json\/wp\/v2\/types\/page"}],"author":[{"embeddable":true,"href":"https:\/\/us.edu.pl\/centra-badawcze\/gamelab\/wp-json\/wp\/v2\/users\/139"}],"replies":[{"embeddable":true,"href":"https:\/\/us.edu.pl\/centra-badawcze\/gamelab\/wp-json\/wp\/v2\/comments?post=437"}],"version-history":[{"count":8,"href":"https:\/\/us.edu.pl\/centra-badawcze\/gamelab\/wp-json\/wp\/v2\/pages\/437\/revisions"}],"predecessor-version":[{"id":521,"href":"https:\/\/us.edu.pl\/centra-badawcze\/gamelab\/wp-json\/wp\/v2\/pages\/437\/revisions\/521"}],"wp:attachment":[{"href":"https:\/\/us.edu.pl\/centra-badawcze\/gamelab\/wp-json\/wp\/v2\/media?parent=437"}],"curies":[{"name":"wp","href":"https:\/\/api.w.org\/{rel}","templated":true}]}}