{"id":657,"date":"2024-02-23T12:34:19","date_gmt":"2024-02-23T11:34:19","guid":{"rendered":"https:\/\/us.edu.pl\/centra-badawcze\/gamelab\/?page_id=657"},"modified":"2024-02-27T11:18:20","modified_gmt":"2024-02-27T10:18:20","slug":"misja","status":"publish","type":"page","link":"https:\/\/us.edu.pl\/centra-badawcze\/gamelab\/misja\/","title":{"rendered":"Misja"},"content":{"rendered":"<p>[vc_row][vc_column]\r\n                <div class=\"text-modules\">\r\n                    <div class=\"container\">\r\n                        \r\n                        <div class=\"text-modules__content\"><\/p>\n<h1 style=\"font-family: 'PT Sans Caption',sans-serif; font-weight: bold; font-size: 2.85em; line-height: 1.1; color: #002e5a;\">Misja<\/h1>\n<p>\n<\/div>\r\n                    <\/div>\r\n                <\/div><div class=\"container\"><div class=\"separator\" style=\"background-color: #002E5A\"><\/div><\/div>[vc_empty_space height=&#8221;24px&#8221;][\/vc_column][\/vc_row][vc_row el_class=&#8221;container&#8221;][vc_column][vc_column_text]<strong><span style=\"color: #000000; font-size: 1.4em;\">Centrum Artystyczno-Badawcze Game Lab<\/span><\/strong><\/p>\n<p><img class=\"alignnone wp-image-406 size-full\" src=\"https:\/\/us.edu.pl\/centra-badawcze\/gamelab\/wp-content\/uploads\/sites\/62\/Obrazy\/grafiki\/znak-GL.png\" alt=\"Grafika przedstawiaj\u0105ca sze\u015bciok\u0105t podzielony na 6 tr\u00f3jk\u0105t\u00f3w w odcieniach niebieskiego\" width=\"5%\" height=\"auto\" srcset=\"https:\/\/us.edu.pl\/centra-badawcze\/gamelab\/wp-content\/uploads\/sites\/62\/Obrazy\/grafiki\/znak-GL.png 340w, https:\/\/us.edu.pl\/centra-badawcze\/gamelab\/wp-content\/uploads\/sites\/62\/Obrazy\/grafiki\/znak-GL-150x150.png 150w, https:\/\/us.edu.pl\/centra-badawcze\/gamelab\/wp-content\/uploads\/sites\/62\/Obrazy\/grafiki\/znak-GL-300x300.png 300w\" sizes=\"(max-width: 340px) 100vw, 340px\" \/>[\/vc_column_text][\/vc_column][\/vc_row][vc_row el_class=&#8221;container&#8221;][vc_column width=&#8221;1\/12&#8243;][\/vc_column][vc_column width=&#8221;4\/12&#8243;][vc_column_text]<span style=\"font-family: 'PT Sans Narrow'; color: #011535; font-size: 1.4em;\"><strong>MISJA<\/strong><\/span><\/p>\n<hr \/>\n<p><span style=\"font-family: 'PT Sans Narrow'; font-size: 1.2em; color: black;\">\u201e\u017byjemy w \u015bwiecie symulacji, w kt\u00f3rym najwy\u017csz\u0105 funkcj\u0105 znaku jest wymazanie rzeczywisto\u015bci i jednocze\u015bnie ukrycie jej znikni\u0119cia\u201d. Jean Baudrillard<br \/>\nCzy jedyn\u0105 funkcj\u0105 sztuki jest obecnie kamufla\u017c w\u0142asnej \u015bmierci, czy przeciwnie, to sztuka w\u0142a\u015bnie pozwoli nam samym wyzwoli\u0107 si\u0119 z bycia symulakrami? Oto niekt\u00f3re z pyta\u0144, na kt\u00f3re poszukujemy odpowiedzi, projektuj\u0105c i badaj\u0105c \u015brodowiska wirtualne o r\u00f3\u017cnym przeznaczeniu. Poszukujemy granic mo\u017cliwo\u015bci przekazu audiowizualnego, obrazem p\u0142askim, animacj\u0105 i przestrzeniami wirtualnym, przy wykorzystaniu technologii 3D, AR i VR, holografii, jak r\u00f3wnie\u017c innymi autorskimi formami. Nasze eksperymentalne dzia\u0142ania i projekty artystyczno-badawcze balansuj\u0105 na styku sztuki, nauki, technologii cyfrowych i tradycyjnych. \u0141\u0105czymy praktyczne, artystyczne i techniczne kompetencje, nowoczesne technologie cyfrowe z humanistyczn\u0105 refleksj\u0105 nad interakcj\u0105, narracj\u0105, to\u017csamo\u015bci\u0105 i percepcj\u0105. Wsp\u00f3\u0142pracujemy z najlepszymi o\u015brodkami akademickimi z Europy, Azji i Ameryki, jak i instytucjami kulturalnymi, organizacjami pozarz\u0105dowymi oraz szeroko rozumianym przemys\u0142em kreatywnym.<br \/>\nJe\u015bli chcesz przekracza\u0107 dotychczasowe granice poznania, interesuje ci\u0119 humanistyczna refleksja nad interakcj\u0105, narracj\u0105, to\u017csamo\u015bci\u0105 i percepcj\u0105 w kontek\u015bcie kultury cyfrowej, jej tajniki, a tak\u017ce popularyzacja wiedzy w tym zakresie \u2013 do\u0142\u0105cz do naszego zespo\u0142u. Szukamy os\u00f3b otwartych na innowacyjne do\u015bwiadczanie \u015bwiata \u2013 artyst\u00f3w oraz naukowc\u00f3w reprezentuj\u0105cych dziedziny sztuki, a tak\u017ce nauk: humanistycznych, spo\u0142ecznych, medycznych i nauk o zdrowiu, in\u017cynieryjno-technicznych oraz \u015bcis\u0142ych i przyrodniczych. Zosta\u0144 cz\u0142onkiem zespo\u0142u kreuj\u0105cego now\u0105 rzeczywisto\u015b\u0107 w obszarach sztuki i nauki.<br \/>\n<\/span>[\/vc_column_text][\/vc_column][vc_column width=&#8221;1\/12&#8243;][\/vc_column][vc_column width=&#8221;4\/12&#8243;][vc_column_text]<span style=\"font-family: 'PT Sans Narrow'; color: #011535; font-size: 1.4em;\"><strong>HISTORIA<\/strong><\/span><\/p>\n<hr \/>\n<p><span style=\"font-family: 'PT Sans Narrow'; font-size: 1.2em; color: black;\">Centrum artystyczno-badawcze Game Lab powsta\u0142o jako kontynuacja projektu pn. \u201eGAME LAB \u2013 International Laboratory for Game Studies and Design\u201d. Projekt zosta\u0142 dofinansowany przez Narodow\u0105 Agencj\u0119 Wymiany Akademickiej (NAWA), by\u0142 realizowany w latach 2019-2022.<br \/>\nW jego realizacj\u0119 zaanga\u017cowali si\u0119 studenci, doktoranci, arty\u015bci oraz naukowcy reprezentuj\u0105cy siedem uczelni: Uniwersytet \u015al\u0105ski w Katowicach (lidera projektu), School of Art Uniwersytetu P\u00f3\u0142nocnego Illinois (Stany Zjednoczone), Harz University of Applied Sciences (Niemcy), Uniwersytet w Ostrawie (Czechy), LUCA School of Arts (Belgia), Tokyo University of Technology (Japonia) oraz Benem\u00e9rita Universidad Aut\u00f3noma de Puebla (Meksyk). Wsp\u00f3lnie stworzyli\u015bmy mi\u0119dzynarodowe laboratorium, kt\u00f3rego jednym z cel\u00f3w by\u0142a wymiana dobrych praktyk w zakresie dydaktyki z obszaru projektowania gier wideo oraz artystycznej dzia\u0142alno\u015bci audiowizualnej.<br \/>\nOsi\u0105 projektu by\u0142 \u201eInternational Game Lab Challenge\u201d \u2013 mi\u0119dzynarodowe warsztaty dla student\u00f3w pracuj\u0105cych w zespo\u0142ach pod kierunkiem czternastu znakomitych mentor\u00f3w ze wszystkich partnerskich uczelni. Ka\u017cdy z zespo\u0142\u00f3w otrzyma\u0142 jedno zadanie: zaprojektowa\u0107 gr\u0119 \u2013 wraz z histori\u0105, mechanik\u0105, d\u017awi\u0119kiem, grafik\u0105 i muzyk\u0105. Jest to jedna z najbardziej dynamicznie rozwijaj\u0105cych si\u0119 i unikatowych zarazem dziedzin aktywno\u015bci artystycznej i akademickiej.<br \/>\nDrugim niezwykle istotnym filarem projektu Game Lab by\u0142a prezentacja artystycznej dzia\u0142alno\u015bci audiowizualnej artyst\u00f3w \u2013 pedagog\u00f3w z partnerskich uczelni, zaprezentowana na kilku wystawach w Republice Czeskiej, Meksyku i Polsce oraz w galerii wirtualnej NAWA ART.<br \/>\n<\/span>[\/vc_column_text][\/vc_column][vc_column width=&#8221;2\/12&#8243;][\/vc_column][\/vc_row]<\/p>","protected":false},"excerpt":{"rendered":"<p>[vc_row][vc_column][vc_empty_space height=&#8221;24px&#8221;][\/vc_column][\/vc_row][vc_row el_class=&#8221;container&#8221;][vc_column][vc_column_text]Centrum Artystyczno-Badawcze Game Lab [\/vc_column_text][\/vc_column][\/vc_row][vc_row el_class=&#8221;container&#8221;][vc_column width=&#8221;1\/12&#8243;][\/vc_column][vc_column width=&#8221;4\/12&#8243;][vc_column_text]MISJA \u201e\u017byjemy w \u015bwiecie symulacji, w kt\u00f3rym najwy\u017csz\u0105 funkcj\u0105 znaku jest wymazanie rzeczywisto\u015bci i jednocze\u015bnie ukrycie jej znikni\u0119cia\u201d. Jean Baudrillard Czy jedyn\u0105 funkcj\u0105 sztuki jest obecnie kamufla\u017c w\u0142asnej \u015bmierci, czy przeciwnie, to sztuka w\u0142a\u015bnie pozwoli nam samym wyzwoli\u0107 si\u0119 z bycia symulakrami? Oto niekt\u00f3re z pyta\u0144, [&#8230;]<\/p>\n<p><a class=\"btn btn-secondary understrap-read-more-link\" href=\"https:\/\/us.edu.pl\/centra-badawcze\/gamelab\/misja\/\">Read More&#8230;<\/a><\/p>\n","protected":false},"author":139,"featured_media":0,"parent":0,"menu_order":0,"comment_status":"closed","ping_status":"closed","template":"","meta":{"_expiration-date-status":"","_expiration-date":0,"_expiration-date-type":"","_expiration-date-categories":[],"_expiration-date-options":[]},"acf":[],"_links":{"self":[{"href":"https:\/\/us.edu.pl\/centra-badawcze\/gamelab\/wp-json\/wp\/v2\/pages\/657"}],"collection":[{"href":"https:\/\/us.edu.pl\/centra-badawcze\/gamelab\/wp-json\/wp\/v2\/pages"}],"about":[{"href":"https:\/\/us.edu.pl\/centra-badawcze\/gamelab\/wp-json\/wp\/v2\/types\/page"}],"author":[{"embeddable":true,"href":"https:\/\/us.edu.pl\/centra-badawcze\/gamelab\/wp-json\/wp\/v2\/users\/139"}],"replies":[{"embeddable":true,"href":"https:\/\/us.edu.pl\/centra-badawcze\/gamelab\/wp-json\/wp\/v2\/comments?post=657"}],"version-history":[{"count":10,"href":"https:\/\/us.edu.pl\/centra-badawcze\/gamelab\/wp-json\/wp\/v2\/pages\/657\/revisions"}],"predecessor-version":[{"id":860,"href":"https:\/\/us.edu.pl\/centra-badawcze\/gamelab\/wp-json\/wp\/v2\/pages\/657\/revisions\/860"}],"wp:attachment":[{"href":"https:\/\/us.edu.pl\/centra-badawcze\/gamelab\/wp-json\/wp\/v2\/media?parent=657"}],"curies":[{"name":"wp","href":"https:\/\/api.w.org\/{rel}","templated":true}]}}