{"id":128,"date":"2022-03-09T14:29:42","date_gmt":"2022-03-09T13:29:42","guid":{"rendered":"https:\/\/us.edu.pl\/centra-badawcze\/icbws\/?page_id=128"},"modified":"2022-06-09T21:11:48","modified_gmt":"2022-06-09T19:11:48","slug":"program","status":"publish","type":"page","link":"https:\/\/us.edu.pl\/centra-badawcze\/icbws\/en\/konferencja-wplyw-covid-19\/program\/","title":{"rendered":"programme"},"content":{"rendered":"<p>[vc_row][vc_column]\r\n                <div class=\"text-modules\">\r\n                    <div class=\"container\">\r\n                        <h3 class=\"page-title text__title\">Programme<\/h3>\r\n                        <div class=\"text-modules__content\"><\/div>\r\n                    <\/div>\r\n                <\/div>[\/vc_column][\/vc_row][vc_row el_class=&#8221;container&#8221;][vc_column][vc_btn title=&#8221;go back to the conference website&#8221; style=&#8221;outline-custom&#8221; outline_custom_color=&#8221;#730e64&#8243; outline_custom_hover_background=&#8221;#730e64&#8243; outline_custom_hover_text=&#8221;#ffffff&#8221; shape=&#8221;round&#8221; align=&#8221;left&#8221; i_icon_fontawesome=&#8221;fa fa-reply&#8221; css_animation=&#8221;fadeIn&#8221; add_icon=&#8221;true&#8221; link=&#8221;url:https%3A%2F%2Fus.edu.pl%2Fcentra-badawcze%2Ficbws%2Fkonferencja-wplyw-covid-19%2F|||&#8221;][\/vc_column][\/vc_row][vc_row][vc_column][vc_empty_space][\/vc_column][\/vc_row][vc_row][vc_column]\r\n                <div class=\"text-modules\">\r\n                    <div class=\"container\">\r\n                        \r\n                        <div class=\"text-modules__content\"><\/p>\n<h3 style=\"text-align: center;\"><strong>Day I \u2013 26 May 2022, Katowice<\/strong><\/h3>\n<p>\n<\/div>\r\n                    <\/div>\r\n                <\/div>\r\n                <div class=\"text-modules\">\r\n                    <div class=\"container\">\r\n                        \r\n                        <div class=\"text-modules__content\"><\/p>\n<h4>8.30\u20139.00 a.m. \u2013 registration<\/h4>\n<ul>\n<li>Faculty of Law and Administration, University of Silesia in Katowice, ul. Bankowa 11B, Katowice<\/li>\n<\/ul>\n<h4>9.00\u20139.10 a.m. \u2013 opening of the first day of the conference<\/h4>\n<ul>\n<li>Katarzyna Gajda-Roszczynialska, habilitated doctor of law, Assistant Professor, judge, Faculty of Law and Administration of the University of Silesia, University of Silesia Interdisciplinary Centre for Research on Judicature, Director of the NAWA Project \u201cThe impact of the COVID-19 pandemic on the justice system. Case study and suggested solutions\u201d (Poland)<\/li>\n<li>Krystian Markiewicz, habilitated doctor of law, Associate Professor, judge, Faculty of Law and Administration of the University of Silesia in Katowice, Head of the University of Silesia<br \/>\nInterdisciplinary Centre for Research on Judicature, President of the Association of Polish Judges \u201cIustitia\u201d (Poland)<\/li>\n<li>Prof. Tomasz Pietrzykowski, attorney-at-law, Deputy Rector for International and Domestic Cooperation at the University of Silesia (Poland)<\/li>\n<\/ul>\n<h4>Panel I: The administration of justice in national and supernational courts in the era of the COVID-19 pandemic<\/h4>\n<p>Moderator: Grzegorz Borkowski, PhD, judge, University of Silesia, Interdisciplinary Centre for Research on Judicature (Poland)<\/p>\n<ul>\n<li>9.10\u20139.20 a.m. \u2013 \u201eThe COVID-19 pandemic and the independence of judges\u201d, Jos\u00e9 Igreja Matos, judge, President of the IAJ (Portugal)<\/li>\n<li>9.20\u20139.30 a.m. \u2013 \u201eThe COVID-19 pandemic and the rule of law\u201d, Duro Sessa, judge, President of the EAJ, President of the Supreme Court of the Republic of Croatia (Croatia)<\/li>\n<li>9.30\u20139.40 a.m. \u2013 \u201eRole of courts and observance of the right to a fail trail in post pandemic reality\u201d, Ghenadie Barba, Chief of Rule of Law Unit at ODIHR\/OBWE<\/li>\n<li>9.40\u201310.00 a.m. \u2013 \u201eThe COVID-19 pandemic and proceedings before The Court of Justice of the European Union\u201d, Prof. Maciej Szpunar, Faculty of Law and Administration, University of Silesia, The First Advocate General of the CJEU (Poland)<\/li>\n<li>10.00\u201310.20 a.m. \u2013 \u201eThe COVID-19 pandemic and proceedings before The European Court of Human Rights\u201d, Micha\u0142 Balcerzak,\u00a0 PhD, DLitt, Associate Professor, Faculty of Political Science and Security Studies, Nicolaus Copernicus University in Toru\u0144 (Poland)<\/li>\n<li>10.20\u201310.40 a.m. \u2013 \u201eThe functioning of common courts in the era COVID-19 pandemic in Poland\u201d, Urszula \u017b\u00f3\u0142tak, PhD, judge, Association of Polish Judges \u201cIustitia\u201d (Poland)<\/li>\n<\/ul>\n<h4>10.40\u201311.00 a.m. \u2013 coffee break<\/h4>\n<h4>Panel II: Impact of the COVID-19 pandemic on the civil proceedings \u2013 systematic changes<\/h4>\n<p>Moderator: Prof. Robert Kulski, Faculty of Law and Administration, University of \u0141\u00f3d\u017a (Poland)<\/p>\n<ul>\n<li>11.00\u201311.50 a.m. \u2013 \u201eChanges in the system of civil procedural law introduced by COVID-19 pandemic\u201d\n<ul>\n<li>Prof. Anna Nylund, Faculty of Law, University of Bergen (Norway),<\/li>\n<li>Prof. Andrzej Jakubecki, Faculty of Law and Administration, Maria Curie-Sk\u0142odowska University in Lublin (Poland)<\/li>\n<\/ul>\n<\/li>\n<li>11.50 a.m. \u20131.30 p.m. \u2013 \u201eDigitalisation of civil proceedings\u201d\n<ul>\n<li>Prof. Fernando Gascon Inhausti, Full Professor of Procedural Law (Civil and Criminal Procedure), Universidad Complutense de Madrid Law School (Spain)<\/li>\n<li>K. Kenneth Wright, Jr. Presiding Judge, First Municipal District Circuit Court of Cook Country (USA)<\/li>\n<li>Prof. Vigita Vebraite, Faculty of Law, Vilnius University (Lithuania)<\/li>\n<li>Prof. Irina Izarowa, Law School of the Taras Shevchenko National University of Kyiv (Ukraine)<\/li>\n<\/ul>\n<\/li>\n<\/ul>\n<h4>1.30\u20131.40 p.m. \u2013 open discussion<\/h4>\n<h4>1.40\u20133.00 p.m.\u2013 lunch break<\/h4>\n<h4>Panel III:\u00a0Impact of the COVID-19 pandemic on the course of civil proceedings<\/h4>\n<p>Moderator: Prof. Karol Weitz, Judge of the Polish Supreme Court, University of Warsaw (Poland)<\/p>\n<ul>\n<li>3.00\u20133.50 p.m. \u2013 \u201eOrganization of proceedings during the COVID-19 pandemic\u201d\n<ul>\n<li>Prof. Remco van Rhee, Professor of European Legal History and Comparative Civil Procedure at Maastricht University, director of the program \u201cFoundations and Principles of Civil Procedure in Europe\u201d (the Netherlands)<\/li>\n<li>Piotr Rylski, habilitated doctor of law, Associate Professor, Faculty of Law and Administration, University of Warsaw (Poland)<\/li>\n<\/ul>\n<\/li>\n<\/ul>\n<h4>3.50\u20134.00 p.m. \u2013 coffee break<\/h4>\n<h4>Panel IV: Impact of the COVID-19 pandemic on the right to the fair trial before civil courts<\/h4>\n<p>Moderator: Andrzej Torbus, habilitated doctor of law, Associate Professor, Faculty of Law and Administration, University of Silesia (Poland)<\/p>\n<ul>\n<li>3.50\u20134.40 p.m. \u2013 \u201eThe open justice principle and the pandemic COVID-19\u201d\n<ul>\n<li>Anna Machnikowska, habilitated doctor of law, Associate Professor, Faculty of Law and Administration, University of Gda\u0144sk (Poland)<\/li>\n<li>Katica Artukovic, judge, ODIHR\/OBWE (Bosnia and Herzegovina)<\/li>\n<\/ul>\n<\/li>\n<li>4.40\u20135.30 p.m. \u2013 \u201eThe right to a competent court, composition of courts in civil cases, principle of stability of panels during COVID-19 pandemic\u201d\n<ul>\n<li>Krystian Markiewicz, habilitated doctor of law, Associate Professor, Faculty of Law and Administration, University of Silesia, University of Silesia Interdisciplinary Centre for Research on Judicature, The Association of Polish Judges \u201cIustitia\u201d (Poland)<\/li>\n<li>Dragos C\u0103lin, PhD, judge, ODIHR\/OBWE (Romania)<\/li>\n<\/ul>\n<\/li>\n<\/ul>\n<h4>5.30\u20135.40 p.m. \u2013 open discussion<\/h4>\n<h4>5.40\u20135.50 p.m. \u2013 final remarks and closing of the first day of the conference<\/h4>\n<h4>5.50\u20136.00 p.m. \u2013 awards in the competition of the Scentific Association of Civil Procedure Academics for the best master\u2019s thesis ceremony<\/h4>\n<p>\n<\/div>\r\n                    <\/div>\r\n                <\/div>[\/vc_column][\/vc_row][vc_row][vc_column]<div class=\"container\"><div class=\"separator\" style=\"background-color: #EBEBEB\"><\/div><\/div>[\/vc_column][\/vc_row][vc_row][vc_column]\r\n                <div class=\"text-modules\">\r\n                    <div class=\"container\">\r\n                        \r\n                        <div class=\"text-modules__content\"><\/p>\n<h3 style=\"text-align: center;\"><strong>Day II \u2013 27 May 2022, Krak\u00f3w<\/strong><\/h3>\n<p>\n<\/div>\r\n                    <\/div>\r\n                <\/div>[\/vc_column][\/vc_row][vc_row][vc_column][vc_empty_space]\r\n                <div class=\"text-modules\">\r\n                    <div class=\"container\">\r\n                        \r\n                        <div class=\"text-modules__content\"><\/p>\n<h4>9.00\u201310.00 a.m. \u2013 registration<\/h4>\n<ul>\n<li>Faculty of Law and Administration, Jagiellonian University in Krak\u00f3w, ul. Krupnicza 33a, Krak\u00f3w<\/li>\n<\/ul>\n<h4>10.00\u201310.20 a.m. \u2013 opening of the second day if the conference<\/h4>\n<ul>\n<li>Prof. Jerzy Pisuli\u0144ski, Dean of the Faculty of Law and Administration, Jagiellonian University (Poland)<\/li>\n<li>Dobros\u0142awa Szumi\u0142o-Kulczycka, habilitated doctor of law, Associate Professor, attorney-at-law, Jagiellonian University (Poland)<\/li>\n<li>Katarzyna Gajda-Roszczynialska, habilitated doctor of law, judge, Faculty of Law and Administration of the University of Silesia, University of Silesia Interdisciplinary Centre for Research on Judicature, Director of the NAWA Project \u201cThe impact of the COVID-19 pandemic on the justice system. Case study and suggested solutions\u201d<br \/>\n(Poland)<\/li>\n<\/ul>\n<h4>10.20\u201311.30 a.m. \u2013 introductory speeches<\/h4>\n<ul>\n<li>10.20\u201310.30 a.m. \u2013 \u201eCriminal trial in a state of necessity?\u201d, Prof. Stanis\u0142aw Walto\u015b, Distinguished Professor of the Jagiellonian University (Poland)<\/li>\n<li>10.30\u201310.50 a.m. \u2013 \u201eLegislation games\u201d, Prof. Ewa \u0141\u0119towska, former Judge of the Polish Constitutional Court (2002\u20132011), former Ombudsman (1988\u20131992) (Poland)<\/li>\n<li>10.50\u201311.10 a.m. \u2013 \u201eProtection of the constitutional standard of an individual\u2019s right to a fair trial in times of the COVID-19 pandemic\u201d, Prof.<br \/>\nPawe\u0142 Wili\u0144ski, Judge of the Polish Supreme Court, Adam Mickiewicz University in Pozna\u0144 (Poland)<\/li>\n<li>11.10\u201311.30 a.m. \u2013 \u201eCOVID-19 pandemic and the International Criminal Court\u201d, Prof. Piotr Hofma\u0144ski, ICC President, Jagiellonian University (Poland)<\/li>\n<\/ul>\n<h4>11.30\u201312.00 a.m.\u2013 coffee break<\/h4>\n<h4>Panel I: Impact of the COVID-19 pandemic on criminal proceedings in other legal systems<\/h4>\n<p>Moderator: Prof. Andrzej \u015awiat\u0142owski, Jagiellonian University (Poland)<\/p>\n<ul>\n<li>12.00\u201312.20 a.m.\u2013 \u201eCOVID-19 pandemic and criminal proceedings in the Netherlands\u201d, Prof. Marc de Werd, judge, University of Amsterdam (the<br \/>\nNetherlands)<\/li>\n<li>12.20\u201312.40 a.m. \u2013 \u201eCOVID-19 pandemic and criminal proceedings in Germany\u201d, Roland Kempfle LL.M., judge (Germany)<\/li>\n<li>12.40 a.m. \u20131.00 p.m.\u2013 \u201eCOVID-19 pandemic and criminal proceedings in Denmark\u201d, Mikael Sj\u00f6berg, High Court Judge\/President of the Danish Association of Judges (Denmark)<\/li>\n<li>1.00\u20131.20 p.m. \u2013 \u201eCOVID-19 pandemic and criminal proceedings in Ukraine\u201d, Prof. Oksana Kaplina, Yaroslav Mudryi National Law University (Ukraine)<\/li>\n<\/ul>\n<h4>1.20\u20132.00 p.m. \u2013 open discussion<\/h4>\n<h4>2.00\u20133.00 p.m. \u2013 lunch break<\/h4>\n<h4>Panel II: The COVID-19 pandemic and the right to a fair trial in Poland<\/h4>\n<p>Moderator: Prof. Kazimierz Zgryzek, University of Silesia (Poland)<\/p>\n<ul>\n<li>3.00\u20133.20 p.m. \u2013 \u201eCOVID-19 pandemic and coercive measures\u201d, Prof. Rados\u0142aw Olszewski, University of \u0141\u00f3d\u017a (Poland)<\/li>\n<li>3.20\u20133.40 p.m. \u2013 \u201eCOVID-19 pandemic and openness of criminal proceedings\u201d, assoc. prof. Hanna Gajewska-Kraczkowska, PhD, University of Warsaw,<br \/>\n(Poland)<\/li>\n<li>3.40\u20134.00 p.m. \u2013 \u201eCOVID-19 pandemic and the principle of collegiality\u201d, Prof. Jerzy Skorupka, judge, University of Wroc\u0142aw (Poland)<\/li>\n<li>4.00\u20134.20 p.m. \u2013 \u201eCOVID-19 pandemic and the time limits\u201d, Prof. Hanna Paluszkiewicz, University of Zielona G\u00f3ra (Poland)<\/li>\n<\/ul>\n<h4>4.20\u20135.00 p.m. \u2013 open discussion<\/h4>\n<h4>5.00 p.m. \u2013 final remarks and closing of the second day of the conference<\/h4>\n<p>\n<\/div>\r\n                    <\/div>\r\n                <\/div>[\/vc_column][\/vc_row]<\/p>","protected":false},"excerpt":{"rendered":"<p>[vc_row][vc_column][\/vc_column][\/vc_row][vc_row el_class=&#8221;container&#8221;][vc_column][vc_btn title=&#8221;go back to the conference website&#8221; style=&#8221;outline-custom&#8221; outline_custom_color=&#8221;#730e64&#8243; outline_custom_hover_background=&#8221;#730e64&#8243; outline_custom_hover_text=&#8221;#ffffff&#8221; shape=&#8221;round&#8221; align=&#8221;left&#8221; i_icon_fontawesome=&#8221;fa fa-reply&#8221; css_animation=&#8221;fadeIn&#8221; add_icon=&#8221;true&#8221; link=&#8221;url:https%3A%2F%2Fus.edu.pl%2Fcentra-badawcze%2Ficbws%2Fkonferencja-wplyw-covid-19%2F|||&#8221;][\/vc_column][\/vc_row][vc_row][vc_column][vc_empty_space][\/vc_column][\/vc_row][vc_row][vc_column][\/vc_column][\/vc_row][vc_row][vc_column][\/vc_column][\/vc_row][vc_row][vc_column][\/vc_column][\/vc_row][vc_row][vc_column][vc_empty_space][\/vc_column][\/vc_row] [&#8230;]<\/p>\n<p><a class=\"btn btn-secondary understrap-read-more-link\" href=\"https:\/\/us.edu.pl\/centra-badawcze\/icbws\/en\/konferencja-wplyw-covid-19\/program\/\">Read More&#8230;<\/a><\/p>\n","protected":false},"author":33,"featured_media":0,"parent":80,"menu_order":0,"comment_status":"closed","ping_status":"closed","template":"","meta":{"_expiration-date-status":"","_expiration-date":0,"_expiration-date-type":"","_expiration-date-categories":[],"_expiration-date-options":[]},"acf":[],"_links":{"self":[{"href":"https:\/\/us.edu.pl\/centra-badawcze\/icbws\/en\/wp-json\/wp\/v2\/pages\/128"}],"collection":[{"href":"https:\/\/us.edu.pl\/centra-badawcze\/icbws\/en\/wp-json\/wp\/v2\/pages"}],"about":[{"href":"https:\/\/us.edu.pl\/centra-badawcze\/icbws\/en\/wp-json\/wp\/v2\/types\/page"}],"author":[{"embeddable":true,"href":"https:\/\/us.edu.pl\/centra-badawcze\/icbws\/en\/wp-json\/wp\/v2\/users\/33"}],"replies":[{"embeddable":true,"href":"https:\/\/us.edu.pl\/centra-badawcze\/icbws\/en\/wp-json\/wp\/v2\/comments?post=128"}],"version-history":[{"count":11,"href":"https:\/\/us.edu.pl\/centra-badawcze\/icbws\/en\/wp-json\/wp\/v2\/pages\/128\/revisions"}],"predecessor-version":[{"id":460,"href":"https:\/\/us.edu.pl\/centra-badawcze\/icbws\/en\/wp-json\/wp\/v2\/pages\/128\/revisions\/460"}],"up":[{"embeddable":true,"href":"https:\/\/us.edu.pl\/centra-badawcze\/icbws\/en\/wp-json\/wp\/v2\/pages\/80"}],"wp:attachment":[{"href":"https:\/\/us.edu.pl\/centra-badawcze\/icbws\/en\/wp-json\/wp\/v2\/media?parent=128"}],"curies":[{"name":"wp","href":"https:\/\/api.w.org\/{rel}","templated":true}]}}