{"id":4,"date":"2022-03-08T08:47:47","date_gmt":"2022-03-08T07:47:47","guid":{"rendered":"https:\/\/us.edu.pl\/centra-badawcze\/icbws\/?page_id=4"},"modified":"2022-07-18T14:15:40","modified_gmt":"2022-07-18T12:15:40","slug":"strona-glowna","status":"publish","type":"page","link":"https:\/\/us.edu.pl\/centra-badawcze\/icbws\/en\/","title":{"rendered":"Home page"},"content":{"rendered":"<p>[vc_row][vc_column][vc_empty_space][\/vc_column][\/vc_row][vc_row][vc_column width=&#8221;1\/6&#8243;][\/vc_column][vc_column width=&#8221;2\/3&#8243;][vc_single_image image=&#8221;542&#8243; img_size=&#8221;full&#8221; alignment=&#8221;center&#8221;][\/vc_column][vc_column width=&#8221;1\/6&#8243;][\/vc_column][\/vc_row][vc_row el_class=&#8221;container&#8221;][vc_column el_class=&#8221;shadow margines&#8221;][vc_empty_space]\r\n                <div class=\"text-modules\">\r\n                    <div class=\"container\">\r\n                        \r\n                        <div class=\"text-modules__content\"><\/p>\n<h3><strong><a name=\"o-icbws\"><\/a>About ICBWS<\/strong><\/h3>\n<hr \/>\n<p>Interdisciplinary Centre for Research on Judicature of the University of Silesia in Katowice is an organisational unit of the University of Silesia, the subject of which is the construction and description of a model of modern judicature.<\/p>\n<\/div>\r\n                    <\/div>\r\n                <\/div>[\/vc_column][\/vc_row][vc_row][vc_column][vc_empty_space height=&#8221;10px&#8221;][\/vc_column][\/vc_row][vc_row el_class=&#8221;container&#8221;][vc_column el_class=&#8221;shadow margines&#8221;][vc_empty_space]\r\n                <div class=\"text-modules\">\r\n                    <div class=\"container\">\r\n                        \r\n                        <div class=\"text-modules__content\"><p>The ongoing social, technological, political and cultural changes result in the need to look at the justice system anew and answer the question of what the judicature should be like in the 21st century, taking into account the need to ensure its reliability, transparency, efficiency and independence.<\/p>\n<p>Social expectations regarding the functioning of the judiciary set the directions for its shaping \u2013 modernisation and reconstruction aimed at creating a simpler, understandable, efficient, accessible and independent judiciary. ICBWS conducts dogmatic and legal, comparative, sociological, and philosophical and axiological research, the aim of which is to answer the question of what the justice system should be like, so that it meets social expectations and enjoys the trust of citizens, and at the same time functions in accordance with the principles that should apply in democratic and law-abiding country.<\/p>\n<\/div>\r\n                    <\/div>\r\n                <\/div>[\/vc_column][\/vc_row][vc_row el_class=&#8221;container&#8221;][vc_column][vc_empty_space height=&#8221;50px&#8221;][\/vc_column][\/vc_row][vc_row][vc_column]\n\t\t\t\t<input type=\"hidden\" name=\"promoted_only\" value=\"\">\n\t\t\t\t<input type=\"hidden\" name=\"order\" value=\"ASC\">\n\t\t\t\t<input type=\"hidden\" name=\"order_by\" value=\"menu_order\">\n\n\t\t\t\t<div class=\"article-loop loop-section article-loop_tall color-blue\" style=\"background: #EBEBEB\">\n\t\t\t\t\t <div class=\"container \">\n\t\t\t\t\t \t<div class=\"col-12 article-loop-gutter-left\">\n\t\t\t\t\t\t  <div class=\"article-loop-top loop-section-top\">\n\t\t\t\t\t\t\t\t<h2 class=\"section-title\">News<\/h2><div class=\"article-loop-top_right loop-section-top__right\" >\n\t\t\t\t\t\t\t\t\t <select name=\"sort\" title = \"filter by category\"\n\t\t\t\t\t\t\t\t\t\t  class=\"article-loop-sort\" >\n\t\t\t\t\t\t\t\t\t\t  <option value = \"\" selected disabled > filter by category<\/option>\n\t\t\t\t\t\t\t\t\t\t  <option value = \"73-8\" > All<\/option> <option data-link='https:\/\/us.edu.pl\/centra-badawcze\/icbws\/category\/informacje\/' value='73-8'>informacje<\/option><\/select>    <a href = \"https:\/\/us.edu.pl\/centra-badawcze\/icbws\/category\/informacje\/\" class=\"link-button \" > All<\/a><\/div>  \n\t\t\t\t\t\t  <\/div>\n\t\t\t\t\t\t  <div class=\"article-loop-main carousel\" data-home-url=\"https:\/\/us.edu.pl\/centra-badawcze\/icbws\/en\" >\n\t\t\t\t\t\t\t\t<a href = \"#\" data-slide = \"prev\" title=\"przesu\u0144 pasek Newsw lewo\" class=\"arrow\" >\n\t\t\t\t\t\t\t\t\t <em class=\"ci ci-arrow-left\" ><\/em >\n\t\t\t\t\t\t\t\t\t <span class=\"d-none\" > arrow<\/span >\n\t\t\t\t\t\t\t\t<\/a>\n\t \n\t\t\t\t\t\t\t\t<a href = \"#\" data-slide = \"next\" title=\"przesu\u0144 pasek News w prawo\" class=\"arrow\" >\n\t\t\t\t\t\t\t\t\t <em class=\"ci ci-arrow-right\" ><\/em >\n\t\t\t\t\t\t\t\t\t <span class=\"d-none\" > arrow<\/span >\n\t\t\t\t\t\t\t\t<\/a>\n\t\t\t\t\t\t\t\t<div class=\"row items\" >\n\t\t\t\t\t\t\t\t\t \r\n            <article class=\"article-loop-post carousel-slide\">\r\n                <a href=\"https:\/\/us.edu.pl\/miedzynarodowy-projekt-international-judicial-training-zakonczony\/\" class=\"article-loop-post__thumbnail thumbnail\"\r\n                    style=\"background-image: url(https:\/\/us.edu.pl\/centra-badawcze\/icbws\/wp-content\/uploads\/sites\/73\/obrazki-wyrozniajace\/pexels-ekaterina-bolovtsova-6077326-300x200.jpg)\">\r\n                    <span>more<\/span>\r\n                <\/a>\r\n\r\n                <div class=\"article-loop-post__content\">\r\n                    <h3 class=\"article-loop-post__title\">\r\n                        <a href=\"https:\/\/us.edu.pl\/miedzynarodowy-projekt-international-judicial-training-zakonczony\/\">(Polish) Mi\u0119dzynarodowy projekt \u201eInternational Judicial Training\u201d zako\u0144czony<\/a>\r\n                    <\/h3>\r\n            \r\n                    <div class=\"article-loop-post__categories\">\r\n                        <a href=\"https:\/\/us.edu.pl\/centra-badawcze\/icbws\/en\/category\/informacje\/\">informacje<\/a>\r\n                    <\/div>    \r\n                <\/div>\r\n            <\/article>\r\n        \r\n            <article class=\"article-loop-post carousel-slide\">\r\n                <a href=\"https:\/\/us.edu.pl\/centra-badawcze\/icbws\/en\/grant-z-programu-komisji-europejskiej\/\" class=\"article-loop-post__thumbnail thumbnail\"\r\n                    style=\"background-image: url(https:\/\/us.edu.pl\/centra-badawcze\/icbws\/wp-content\/uploads\/sites\/73\/obrazki-wyrozniajace\/pexels-karolina-grabowska-7876093-300x200.jpg)\">\r\n                    <span>more<\/span>\r\n                <\/a>\r\n\r\n                <div class=\"article-loop-post__content\">\r\n                    <h3 class=\"article-loop-post__title\">\r\n                        <a href=\"https:\/\/us.edu.pl\/centra-badawcze\/icbws\/en\/grant-z-programu-komisji-europejskiej\/\">(Polish) Grant z programu Komisji Europejskiej<\/a>\r\n                    <\/h3>\r\n            \r\n                    <div class=\"article-loop-post__categories\">\r\n                        <a href=\"https:\/\/us.edu.pl\/centra-badawcze\/icbws\/en\/category\/informacje\/\">informacje<\/a>\r\n                    <\/div>    \r\n                <\/div>\r\n            <\/article>\r\n        \r\n            <article class=\"article-loop-post carousel-slide\">\r\n                <a href=\"https:\/\/us.edu.pl\/centra-badawcze\/icbws\/en\/konferencja-wplyw-covid-19-na-wymiar-sprawiedliwosci-analiza-problemu-i-sugerowane-rozwiazania\/\" class=\"article-loop-post__thumbnail thumbnail\"\r\n                    style=\"background-image: url(https:\/\/us.edu.pl\/centra-badawcze\/icbws\/wp-content\/uploads\/sites\/73\/obrazki-wyrozniajace\/konferencja-covid-19-300x200.png)\">\r\n                    <span>more<\/span>\r\n                <\/a>\r\n\r\n                <div class=\"article-loop-post__content\">\r\n                    <h3 class=\"article-loop-post__title\">\r\n                        <a href=\"https:\/\/us.edu.pl\/centra-badawcze\/icbws\/en\/konferencja-wplyw-covid-19-na-wymiar-sprawiedliwosci-analiza-problemu-i-sugerowane-rozwiazania\/\">\u201eThe impact of COVID-19 on the justice system. Case study and suggested solutions\u201d<\/a>\r\n                    <\/h3>\r\n            \r\n                    <div class=\"article-loop-post__categories\">\r\n                        <a href=\"https:\/\/us.edu.pl\/centra-badawcze\/icbws\/en\/category\/informacje\/\">informacje<\/a><a href=\"https:\/\/us.edu.pl\/centra-badawcze\/icbws\/en\/category\/multimedia\/\">multimedia<\/a>\r\n                    <\/div>    \r\n                <\/div>\r\n            <\/article>\r\n        \r\n            <article class=\"article-loop-post carousel-slide\">\r\n                <a href=\"https:\/\/us.edu.pl\/centra-badawcze\/icbws\/en\/dr-hab-katarzyna-gajda-roszczynialska-czlonkiem-advisory-board\/\" class=\"article-loop-post__thumbnail thumbnail\"\r\n                    style=\"background-image: url(https:\/\/us.edu.pl\/centra-badawcze\/icbws\/wp-content\/uploads\/sites\/73\/obrazki-wyrozniajace\/pexels-sam-jean-1764956-300x200.jpg)\">\r\n                    <span>more<\/span>\r\n                <\/a>\r\n\r\n                <div class=\"article-loop-post__content\">\r\n                    <h3 class=\"article-loop-post__title\">\r\n                        <a href=\"https:\/\/us.edu.pl\/centra-badawcze\/icbws\/en\/dr-hab-katarzyna-gajda-roszczynialska-czlonkiem-advisory-board\/\">(Polish) Dr hab. Katarzyna Gajda-Roszczynialska cz\u0142onkiem Advisory Board<\/a>\r\n                    <\/h3>\r\n            \r\n                    <div class=\"article-loop-post__categories\">\r\n                        <a href=\"https:\/\/us.edu.pl\/centra-badawcze\/icbws\/en\/category\/informacje\/\">informacje<\/a>\r\n                    <\/div>    \r\n                <\/div>\r\n            <\/article>\r\n        \r\n            <article class=\"article-loop-post carousel-slide\">\r\n                <a href=\"https:\/\/vimeo.com\/725193793\/45f601e0c5\" class=\"article-loop-post__thumbnail thumbnail\"\r\n                    style=\"background-image: url(https:\/\/us.edu.pl\/centra-badawcze\/icbws\/wp-content\/uploads\/sites\/73\/image\/CovidTalks_anim-300x169.gif)\">\r\n                    <span>more<\/span>\r\n                <\/a>\r\n\r\n                <div class=\"article-loop-post__content\">\r\n                    <h3 class=\"article-loop-post__title\">\r\n                        <a href=\"https:\/\/vimeo.com\/725193793\/45f601e0c5\">(Polish) Post\u0119powanie egzekucyjne \u2013 sytuacja wierzycieli i komornik\u00f3w w czasach COVID-19<\/a>\r\n                    <\/h3>\r\n            \r\n                    <div class=\"article-loop-post__categories\">\r\n                        <a href=\"https:\/\/us.edu.pl\/centra-badawcze\/icbws\/en\/category\/informacje\/\">informacje<\/a><a href=\"https:\/\/us.edu.pl\/centra-badawcze\/icbws\/en\/category\/multimedia\/\">multimedia<\/a>\r\n                    <\/div>    \r\n                <\/div>\r\n            <\/article>\r\n        \r\n            <article class=\"article-loop-post carousel-slide\">\r\n                <a href=\"https:\/\/vimeo.com\/720216999\/953bfb9691\" class=\"article-loop-post__thumbnail thumbnail\"\r\n                    style=\"background-image: url(https:\/\/us.edu.pl\/centra-badawcze\/icbws\/wp-content\/uploads\/sites\/73\/image\/CovidTalks_anim-300x169.gif)\">\r\n                    <span>more<\/span>\r\n                <\/a>\r\n\r\n                <div class=\"article-loop-post__content\">\r\n                    <h3 class=\"article-loop-post__title\">\r\n                        <a href=\"https:\/\/vimeo.com\/720216999\/953bfb9691\">(Polish) Restrukturyzacja i upad\u0142o\u015b\u0107 w czasach COVID-19<\/a>\r\n                    <\/h3>\r\n            \r\n                    <div class=\"article-loop-post__categories\">\r\n                        <a href=\"https:\/\/us.edu.pl\/centra-badawcze\/icbws\/en\/category\/informacje\/\">informacje<\/a><a href=\"https:\/\/us.edu.pl\/centra-badawcze\/icbws\/en\/category\/multimedia\/\">multimedia<\/a>\r\n                    <\/div>    \r\n                <\/div>\r\n            <\/article>\r\n        \r\n            <article class=\"article-loop-post carousel-slide\">\r\n                <a href=\"https:\/\/vimeo.com\/710357535\/83a6455a36\" class=\"article-loop-post__thumbnail thumbnail\"\r\n                    style=\"background-image: url(https:\/\/us.edu.pl\/centra-badawcze\/icbws\/wp-content\/uploads\/sites\/73\/image\/CovidTalks_anim-300x169.gif)\">\r\n                    <span>more<\/span>\r\n                <\/a>\r\n\r\n                <div class=\"article-loop-post__content\">\r\n                    <h3 class=\"article-loop-post__title\">\r\n                        <a href=\"https:\/\/vimeo.com\/710357535\/83a6455a36\">(Polish) Elektronizacja wymiaru sprawiedliwo\u015bci w wyniku pandemii COVID-19<\/a>\r\n                    <\/h3>\r\n            \r\n                    <div class=\"article-loop-post__categories\">\r\n                        <a href=\"https:\/\/us.edu.pl\/centra-badawcze\/icbws\/en\/category\/informacje\/\">informacje<\/a><a href=\"https:\/\/us.edu.pl\/centra-badawcze\/icbws\/en\/category\/multimedia\/\">multimedia<\/a>\r\n                    <\/div>    \r\n                <\/div>\r\n            <\/article>\r\n        \r\n            <article class=\"article-loop-post carousel-slide\">\r\n                <a href=\"https:\/\/vimeo.com\/701097725\/cafd3f4da0\" class=\"article-loop-post__thumbnail thumbnail\"\r\n                    style=\"background-image: url(https:\/\/us.edu.pl\/centra-badawcze\/icbws\/wp-content\/uploads\/sites\/73\/image\/CovidTalks_anim-300x169.gif)\">\r\n                    <span>more<\/span>\r\n                <\/a>\r\n\r\n                <div class=\"article-loop-post__content\">\r\n                    <h3 class=\"article-loop-post__title\">\r\n                        <a href=\"https:\/\/vimeo.com\/701097725\/cafd3f4da0\">(Polish) Sprawno\u015b\u0107 wymiaru sprawiedliwo\u015bci i organizacja post\u0119powa\u0144 | Webinar<\/a>\r\n                    <\/h3>\r\n            \r\n                    <div class=\"article-loop-post__categories\">\r\n                        <a href=\"https:\/\/us.edu.pl\/centra-badawcze\/icbws\/en\/category\/informacje\/\">informacje<\/a><a href=\"https:\/\/us.edu.pl\/centra-badawcze\/icbws\/en\/category\/multimedia\/\">multimedia<\/a>\r\n                    <\/div>    \r\n                <\/div>\r\n            <\/article>\r\n        \r\n            <article class=\"article-loop-post carousel-slide\">\r\n                <a href=\"https:\/\/www.wolterskluwer.com\/pl-pl\/news\/polski-proces-cywilny-1-2022\" class=\"article-loop-post__thumbnail thumbnail\"\r\n                    style=\"background-image: url(https:\/\/us.edu.pl\/centra-badawcze\/icbws\/wp-content\/uploads\/sites\/73\/obrazki-wyrozniajace\/zala\u0328cznik-2-300x200.jpg)\">\r\n                    <span>more<\/span>\r\n                <\/a>\r\n\r\n                <div class=\"article-loop-post__content\">\r\n                    <h3 class=\"article-loop-post__title\">\r\n                        <a href=\"https:\/\/www.wolterskluwer.com\/pl-pl\/news\/polski-proces-cywilny-1-2022\">(Polish) Numer specjalny kwartalnika \u201ePolski Proces Cywilny\u201d<\/a>\r\n                    <\/h3>\r\n            \r\n                    <div class=\"article-loop-post__categories\">\r\n                        <a href=\"https:\/\/us.edu.pl\/centra-badawcze\/icbws\/en\/category\/informacje\/\">informacje<\/a>\r\n                    <\/div>    \r\n                <\/div>\r\n            <\/article>\r\n        \r\n            <article class=\"article-loop-post carousel-slide\">\r\n                <a href=\"https:\/\/www.prawo.pl\/prawnicy-sady\/konferencja-o-wplywie-pandemii-na-wymiar-sprawiedliwosci,515612.html\" class=\"article-loop-post__thumbnail thumbnail\"\r\n                    style=\"background-image: url(https:\/\/us.edu.pl\/centra-badawcze\/icbws\/wp-content\/uploads\/sites\/73\/obrazki-wyrozniajace\/pexels-august-de-richelieu-4427957-300x200.jpg)\">\r\n                    <span>more<\/span>\r\n                <\/a>\r\n\r\n                <div class=\"article-loop-post__content\">\r\n                    <h3 class=\"article-loop-post__title\">\r\n                        <a href=\"https:\/\/www.prawo.pl\/prawnicy-sady\/konferencja-o-wplywie-pandemii-na-wymiar-sprawiedliwosci,515612.html\">(Polish) Mi\u0119dzynarodowa konferencja o wp\u0142ywie pandemii na wymiar sprawiedliwo\u015bci | Informacja prasowa<\/a>\r\n                    <\/h3>\r\n            \r\n                    <div class=\"article-loop-post__categories\">\r\n                        <a href=\"https:\/\/us.edu.pl\/centra-badawcze\/icbws\/en\/category\/informacje\/\">informacje<\/a>\r\n                    <\/div>    \r\n                <\/div>\r\n            <\/article>\r\n        \n\t\t\t\t\t\t\t\t<\/div>\n\t\t\t\t\t\t  <\/div>\n\t\t\t\t\t <\/div>\n\t\t\t\t\t <\/div>\n\t\t\t\t<\/div>[\/vc_column][\/vc_row][vc_row el_class=&#8221;container&#8221;][vc_column][vc_empty_space height=&#8221;50px&#8221;][\/vc_column][\/vc_row][vc_row el_class=&#8221;container&#8221;][vc_column width=&#8221;1\/3&#8243;]\r\n                <div class=\"text-modules\">\r\n                    <div class=\"container\">\r\n                        \r\n                        <div class=\"text-modules__content\"><\/p>\n<h3><span style=\"color: #002e5a;\"><strong><a name=\"kontakt\"><\/a>CONTACT<\/strong><\/span><\/h3>\n<hr \/>\n<p><span style=\"font-size: 14pt;\"><small>We invite scientists, educators, students and doctoral students in the field of justice to cooperate with us.<\/small><\/span><\/p>\n<\/div>\r\n                    <\/div>\r\n                <\/div>[\/vc_column][vc_column width=&#8221;1\/3&#8243;]\r\n                <div class=\"text-modules\">\r\n                    <div class=\"container\">\r\n                        \r\n                        <div class=\"text-modules__content\"><\/p>\n<p style=\"letter-spacing: 1mm; color: #333333; font-size: 14pt;\">INTERDISCIPLINARY CENTRE FOR RESEARCH ON JUDICATURE<\/p>\n<p><span style=\"font-size: 14pt;\"><small>ul. Bankowa 11b<\/small><\/span><br \/>\n<span style=\"font-size: 14pt;\"><small>40-007 Katowice<\/small><\/span><br \/>\n<span style=\"font-size: 14pt;\"><small><a href=\"mailto:icbws@us.edu.pl\">icbws@us.edu.pl<\/a><\/small><\/span><br \/>\n<span style=\"font-size: 14pt;\"><small>phone no. 500 629 788<\/small><\/span><\/p>\n<p><span style=\"font-size: 15.5556px;\">Find us on Facebook: <a href=\"https:\/\/www.facebook.com\/icbws\/\" rel=\"nofollow \">facebook.com\/icbws<\/a><\/span><\/p>\n<\/div>\r\n                    <\/div>\r\n                <\/div>[\/vc_column][vc_column width=&#8221;1\/3&#8243;]\r\n                <div class=\"text-modules\">\r\n                    <div class=\"container\">\r\n                        \r\n                        <div class=\"text-modules__content\"><p><img loading=\"lazy\" class=\"wp-image-532 size-full\" src=\"https:\/\/us.edu.pl\/centra-badawcze\/icbws\/wp-content\/uploads\/sites\/73\/fotografie\/IMG_3797_fot-Julia-Agnieszka-Szymala-1.jpg\" alt=\"budynek Wydzia\u0142u Prawa i Administracji Uniwersytetu \u015al\u0105skiego w Katowicach\" width=\"100%\" height=\"auto\" srcset=\"https:\/\/us.edu.pl\/centra-badawcze\/icbws\/wp-content\/uploads\/sites\/73\/fotografie\/IMG_3797_fot-Julia-Agnieszka-Szymala-1.jpg 900w, https:\/\/us.edu.pl\/centra-badawcze\/icbws\/wp-content\/uploads\/sites\/73\/fotografie\/IMG_3797_fot-Julia-Agnieszka-Szymala-1-300x200.jpg 300w, https:\/\/us.edu.pl\/centra-badawcze\/icbws\/wp-content\/uploads\/sites\/73\/fotografie\/IMG_3797_fot-Julia-Agnieszka-Szymala-1-768x512.jpg 768w, https:\/\/us.edu.pl\/centra-badawcze\/icbws\/wp-content\/uploads\/sites\/73\/fotografie\/IMG_3797_fot-Julia-Agnieszka-Szymala-1-575x383.jpg 575w\" sizes=\"(max-width: 900px) 100vw, 900px\" \/><\/p>\n<p><em>Building of the Faculty of Law and Administration of the University of Silesia in Katowice | photo Julia Agnieszka Szymala<\/em><\/p>\n<\/div>\r\n                    <\/div>\r\n                <\/div>[\/vc_column][\/vc_row][vc_row][vc_column][vc_empty_space][\/vc_column][\/vc_row]<\/p>","protected":false},"excerpt":{"rendered":"<p>[vc_row][vc_column][vc_empty_space][\/vc_column][\/vc_row][vc_row][vc_column width=&#8221;1\/6&#8243;][\/vc_column][vc_column width=&#8221;2\/3&#8243;][vc_single_image image=&#8221;542&#8243; img_size=&#8221;full&#8221; alignment=&#8221;center&#8221;][\/vc_column][vc_column width=&#8221;1\/6&#8243;][\/vc_column][\/vc_row][vc_row el_class=&#8221;container&#8221;][vc_column el_class=&#8221;shadow margines&#8221;][vc_empty_space][\/vc_column][\/vc_row][vc_row][vc_column][vc_empty_space height=&#8221;10px&#8221;][\/vc_column][\/vc_row][vc_row el_class=&#8221;container&#8221;][vc_column el_class=&#8221;shadow margines&#8221;][vc_empty_space][\/vc_column][\/vc_row][vc_row el_class=&#8221;container&#8221;][vc_column][vc_empty_space height=&#8221;50px&#8221;][\/vc_column][\/vc_row][vc_row][vc_column][\/vc_column][\/vc_row][vc_row el_class=&#8221;container&#8221;][vc_column][vc_empty_space height=&#8221;50px&#8221;][\/vc_column][\/vc_row][vc_row el_class=&#8221;container&#8221;][vc_column width=&#8221;1\/3&#8243;][\/vc_column][vc_column width=&#8221;1\/3&#8243;][\/vc_column][vc_column width=&#8221;1\/3&#8243;][\/vc_column][\/vc_row][vc_row][vc_column][vc_empty_space][\/vc_column][\/vc_row] [&#8230;]<\/p>\n<p><a class=\"btn btn-secondary understrap-read-more-link\" href=\"https:\/\/us.edu.pl\/centra-badawcze\/icbws\/en\/miedzynarodowa-konferencja-o-wplywie-pandemii-na-wymiar-sprawiedliwosci-informacja-prasowa\/\">Read More&#8230;<\/a><\/p>\n","protected":false},"author":25,"featured_media":0,"parent":0,"menu_order":0,"comment_status":"closed","ping_status":"closed","template":"page-templates\/index-template.php","meta":{"_expiration-date-status":"","_expiration-date":0,"_expiration-date-type":"","_expiration-date-categories":[],"_expiration-date-options":[]},"acf":[],"_links":{"self":[{"href":"https:\/\/us.edu.pl\/centra-badawcze\/icbws\/en\/wp-json\/wp\/v2\/pages\/4"}],"collection":[{"href":"https:\/\/us.edu.pl\/centra-badawcze\/icbws\/en\/wp-json\/wp\/v2\/pages"}],"about":[{"href":"https:\/\/us.edu.pl\/centra-badawcze\/icbws\/en\/wp-json\/wp\/v2\/types\/page"}],"author":[{"embeddable":true,"href":"https:\/\/us.edu.pl\/centra-badawcze\/icbws\/en\/wp-json\/wp\/v2\/users\/25"}],"replies":[{"embeddable":true,"href":"https:\/\/us.edu.pl\/centra-badawcze\/icbws\/en\/wp-json\/wp\/v2\/comments?post=4"}],"version-history":[{"count":10,"href":"https:\/\/us.edu.pl\/centra-badawcze\/icbws\/en\/wp-json\/wp\/v2\/pages\/4\/revisions"}],"predecessor-version":[{"id":569,"href":"https:\/\/us.edu.pl\/centra-badawcze\/icbws\/en\/wp-json\/wp\/v2\/pages\/4\/revisions\/569"}],"wp:attachment":[{"href":"https:\/\/us.edu.pl\/centra-badawcze\/icbws\/en\/wp-json\/wp\/v2\/media?parent=4"}],"curies":[{"name":"wp","href":"https:\/\/api.w.org\/{rel}","templated":true}]}}