{"id":128,"date":"2022-03-09T14:29:42","date_gmt":"2022-03-09T13:29:42","guid":{"rendered":"https:\/\/us.edu.pl\/centra-badawcze\/icbws\/?page_id=128"},"modified":"2022-06-09T21:11:48","modified_gmt":"2022-06-09T19:11:48","slug":"program","status":"publish","type":"page","link":"https:\/\/us.edu.pl\/centra-badawcze\/icbws\/konferencja-wplyw-covid-19\/program\/","title":{"rendered":"program"},"content":{"rendered":"<p>[vc_row][vc_column]\r\n                <div class=\"text-modules\">\r\n                    <div class=\"container\">\r\n                        <h3 class=\"page-title text__title\">Program<\/h3>\r\n                        <div class=\"text-modules__content\"><\/div>\r\n                    <\/div>\r\n                <\/div>[\/vc_column][\/vc_row][vc_row el_class=&#8221;container&#8221;][vc_column][vc_btn title=&#8221;powr\u00f3t na stron\u0119 konferencji&#8221; style=&#8221;outline-custom&#8221; outline_custom_color=&#8221;#730e64&#8243; outline_custom_hover_background=&#8221;#730e64&#8243; outline_custom_hover_text=&#8221;#ffffff&#8221; shape=&#8221;round&#8221; align=&#8221;left&#8221; i_icon_fontawesome=&#8221;fa fa-reply&#8221; css_animation=&#8221;fadeIn&#8221; add_icon=&#8221;true&#8221; link=&#8221;url:https%3A%2F%2Fus.edu.pl%2Fcentra-badawcze%2Ficbws%2Fkonferencja-wplyw-covid-19%2F|||&#8221;][\/vc_column][\/vc_row][vc_row][vc_column][vc_empty_space][\/vc_column][\/vc_row][vc_row][vc_column]\r\n                <div class=\"text-modules\">\r\n                    <div class=\"container\">\r\n                        \r\n                        <div class=\"text-modules__content\"><\/p>\n<h3 style=\"text-align: center;\"><strong>Dzie\u0144 I \u2013 26 maja 2022, Katowice<\/strong><\/h3>\n<p>\n<\/div>\r\n                    <\/div>\r\n                <\/div>\r\n                <div class=\"text-modules\">\r\n                    <div class=\"container\">\r\n                        \r\n                        <div class=\"text-modules__content\"><\/p>\n<h4>8.30\u20139.00 \u2013 rejestracja<\/h4>\n<ul>\n<li>Wydzia\u0142 Prawa I Administracji Uniwersytetu \u015al\u0105skiego, ul. Bankowa 11B, Katowice<\/li>\n<\/ul>\n<h4>9.00\u20139.10 \u2013 otwarcie pierwszego dnia konferencji<\/h4>\n<ul>\n<li>dr hab. Katarzyna Gajda-Roszczynialska, s\u0119dzia, Wydzia\u0142 Prawa i Administracji Uniwersytetu \u015al\u0105skiego, Interdyscyplinarne Centrum Bada\u0144 nad Wymiarem Sprawiedliwo\u015bci U\u015a, kierownik projektu NAWA \u201eWp\u0142yw pandemii COVID-19 na wymiar sprawiedliwo\u015bci. Studium przypadku i sugerowane rozwi\u0105zania\u201d (Polska)<\/li>\n<li>dr hab. Krystian Markiewicz prof. U\u015a, s\u0119dzia, Wydzia\u0142 Prawa i Administracji Uniwersytetu \u015al\u0105skiego, dyrektor Interdyscyplinarnego Centrum Bada\u0144 nad<br \/>\nWymiarem Sprawiedliwo\u015bci U\u015a, prezes Stowarzyszenia S\u0119dzi\u00f3w Polskich \u201eIustitia\u201d (Polska)<\/li>\n<li>prof. dr hab. Tomasz Pietrzykowski, radca prawny, prorektor ds. wsp\u00f3\u0142pracy mi\u0119dzynarodowej i krajowej Uniwersytetu \u015al\u0105skiego w Katowicach (Polska)<\/li>\n<\/ul>\n<h4>Panel I: Administrowanie wymiarem sprawiedliwo\u015bci w s\u0105dach krajowych i ponadnarodowych w dobie pandemii COVID-19<\/h4>\n<p>Moderator: dr Grzegorz Borkowski, s\u0119dzia, Interdyscyplinarne Centrum Bada\u0144 nad Wymiarem Sprawiedliwo\u015bci U\u015a (Polska)<\/p>\n<ul>\n<li>9.10\u20139.20 \u2013 \u201ePandemia COVID-19 a niezale\u017cno\u015b\u0107 s\u0119dzi\u00f3w\u201d, Jos\u00e9 Igreja Matos, s\u0119dzia, prezes IAJ (Portugalia)<\/li>\n<li>9.20\u20139.30 \u2013 \u201ePandemia COVID 19 a zasada praworz\u0105dno\u015bci\u201d, Duro Sessa, s\u0119dzia, prezes EAJ, prezes S\u0105du Najwy\u017cszego Chorwacji (Chorwacja)<\/li>\n<li>9.30\u20139.40 \u2013 \u201eRola s\u0105d\u00f3w i przestrzeganie i przestrzeganie prawa do rzetelnego procesu w postpandemicznej rzeczywisto\u015bci\u201d, Ghenadie Barba, szef Dzia\u0142u Praworz\u0105dno\u015bci w Biurze Instytucji Demokratycznych i Praw Cz\u0142owieka (ODIHR) w Warszawie<\/li>\n<li>9.40\u201310.00 \u2013 \u201ePandemia COVID-19 a post\u0119powanie przed Trybuna\u0142em Sprawiedliwo\u015bci Unii Europejskiej w Luksemburgu\u201d, dr hab. Maciej Szpunar, prof. U\u015a, Wydzia\u0142 Prawa i Administracji U\u015a, Pierwszy Rzecznik Generalny TSUE (Polska)<\/li>\n<li>10.00\u201310.20 \u2013 \u201ePandemia COVID-19 a post\u0119powanie przed Europejskim Trybuna\u0142em Praw Cz\u0142owieka w Strasburgu\u201d, dr hab. Micha\u0142 Balcerzak, prof. UMK, Wydzia\u0142 Nauk o Polityce i Bezpiecze\u0144stwie UMK w Toruniu (Polska)<\/li>\n<li>10.20\u201310.40 \u2013 \u201eFunkcjonowanie s\u0105d\u00f3w powszechnych w czasie pandemii COVID-19 w Polsce\u201d, dr Urszula \u017b\u00f3\u0142tak, s\u0119dzia, Stowarzyszenie S\u0119dzi\u00f3w Polskich \u201eIustitia\u201d (Polska)<\/li>\n<\/ul>\n<h4>10.40\u201311.00 \u2013 przerwa kawowa<\/h4>\n<h4>Panel II: Wp\u0142yw pandemii COVID-19 na post\u0119powanie cywilne \u2013 zmiany systemowe<\/h4>\n<p>Moderator: dr. hab. Robert Kulski, prof. U\u0141, Wydzia\u0142 Prawa i Administracji Uniwersytetu \u0141\u00f3dzkiego (Polska)<\/p>\n<ul>\n<li>11.00\u201311.50 \u2013 \u201eZmiany w systemie procesowego prawa cywilnego wprowadzone przez pandemi\u0119 COVID-19\u201d\n<ul>\n<li>prof. dr Anna Nylund, Wydzia\u0142 Prawa Uniwersytetu w Bergen (Norwegia)<\/li>\n<li>prof. dr hab. Andrzej Jakubecki, Wydzia\u0142 Prawa i Administracji UMCS (Polska)<\/li>\n<\/ul>\n<\/li>\n<li>11.50\u201313.30 \u2013 \u201eDigitalizacja post\u0119powania cywilnego\u201d\n<ul>\n<li>prof. dr Fernando Gascon Inhausti, profesor prawa procesowego, Uniwersytet Complutense de Madrid Law School (Hiszpania)<\/li>\n<li>prof. dr Vigita Vebraite, Wydzia\u0142 Prawa Uniwersytetu Wile\u0144skiego (Litwa)<\/li>\n<li>prof. dr Irina Izarowa, Wydzia\u0142 Prawa Kijowskiego Uniwersytetu Narodowego im. Tarasa Szewczenki (Ukraina)<\/li>\n<li>K. Kenneth Wright, s\u0119dzia przewodnicz\u0105cy Pierwszego S\u0105du Okr\u0119gowego w Cook Country (USA)<\/li>\n<\/ul>\n<\/li>\n<\/ul>\n<h4>13.30\u201313.40 \u2013 otwarta dyskusja<\/h4>\n<h4>13.40\u201315.00 \u2013 przerwa obiadowa<\/h4>\n<h4>Panel III: Wp\u0142yw COVID-19 na przebieg post\u0119powania cywilnego<\/h4>\n<p>Moderator: prof. dr hab. Karol Weitz, s\u0119dzia S\u0105du Najwy\u017cszego, Uniwersytet Warszawski (Polska)<\/p>\n<ul>\n<li>15.00\u201315.50 \u2013 \u201eOrganizacja post\u0119powania cywilnego w dobie pandemii COVID-19\u201d\n<ul>\n<li>prof. dr Remco van Rhee, profesor historii prawa europejskiego i por\u00f3wnawczego post\u0119powania cywilnego na Uniwersytecie w Maastricht i dyrektor programu \u201ePodstawy i zasady post\u0119powania cywilnego w Europie\u201d (Holandia)<\/li>\n<li>dr hab. Piotr Rylski, prof. UW, Wydzia\u0142 Prawa i Administracji Uniwersytetu Warszawskiego (Polska)<\/li>\n<\/ul>\n<\/li>\n<\/ul>\n<h4>15.50\u201316.00 \u2013 przerwa kawowa<\/h4>\n<h4>Panel IV: Wp\u0142yw COVID-19 na prawo do rzetelnego procesu przed s\u0105dami cywilnymi<\/h4>\n<p>Moderator: dr hab. Andrzej Torbus, prof. U\u015a, Wydzia\u0142 Prawa i Administracji Uniwersytetu \u015al\u0105skiego (Polska)<\/p>\n<ul>\n<li>15.50\u201316.40 \u2013 \u201eZasada otwartego wymiaru sprawiedliwo\u015bci a pandemia COVID-19\u201d\n<ul>\n<li>dr hab. Anna Machnikowska, prof. UG, Wydzia\u0142 Prawa I Administracji Uniwersytetu Gda\u0144skiego (Polska)<\/li>\n<li>Katica Artukovic, s\u0119dzia, ODIHR\/OBWE (Bo\u015bnia i Hercegowina)<\/li>\n<\/ul>\n<\/li>\n<li>16.40\u201317.30 \u2013 \u201ePrawo do w\u0142a\u015bciwego s\u0105du, sk\u0142ad s\u0105d\u00f3w w sprawach cywilnych oraz zasada niezmienno\u015bci sk\u0142adu s\u0105du a pandemia COVID-19\u201d\n<ul>\n<li>dr hab. Krystian Markiewicz prof. U\u015a, Wydzia\u0142 Prawa i Administracji Uniwersytetu \u015al\u0105skiego, Interdyscyplinarne Centrum Bada\u0144 nad Wymiarem Sprawiedliwo\u015bci U\u015a, prezes Stowarzyszenia S\u0119dzi\u00f3w Polskich \u201eIustitia\u201d (Polska)<\/li>\n<li>Dragos C\u0103lin, PhD, s\u0119dzia, ODIHR\/OBWE (Rumunia)<\/li>\n<\/ul>\n<\/li>\n<\/ul>\n<h4>17.30\u201317.40 \u2013 dyskusja<\/h4>\n<h4>17.40\u201317.50 \u2013 podsumowanie i zamkni\u0119cie pierwszego dnia konferencji<\/h4>\n<h4>17.50\u201318.00 \u2013 ceremonia wr\u0119czenia nagr\u00f3d w konkursie Towarzystwa Naukowego Procesualist\u00f3w Cywilnych na najlepsz\u0105 prac\u0119 magistersk\u0105<\/h4>\n<p>\n<\/div>\r\n                    <\/div>\r\n                <\/div>[\/vc_column][\/vc_row][vc_row][vc_column]<div class=\"container\"><div class=\"separator\" style=\"background-color: #EBEBEB\"><\/div><\/div>[\/vc_column][\/vc_row][vc_row][vc_column]\r\n                <div class=\"text-modules\">\r\n                    <div class=\"container\">\r\n                        \r\n                        <div class=\"text-modules__content\"><\/p>\n<h3 style=\"text-align: center;\"><strong>Dzie\u0144 II \u2013 27 maja 2022 roku, Krak\u00f3w<\/strong><\/h3>\n<p>\n<\/div>\r\n                    <\/div>\r\n                <\/div>[\/vc_column][\/vc_row][vc_row][vc_column][vc_empty_space]\r\n                <div class=\"text-modules\">\r\n                    <div class=\"container\">\r\n                        \r\n                        <div class=\"text-modules__content\"><\/p>\n<h4>9.00\u201310.00 \u2013 rejestracja<\/h4>\n<ul>\n<li>Wydzia\u0142 Prawa i Administracji Uniwersytetu Jagiello\u0144skiego, ul. Krupnicza 33a, Krak\u00f3w<\/li>\n<\/ul>\n<h4>10.00\u201310.20 \u2013 otwarcie drugiego dnia konferencji<\/h4>\n<ul>\n<li>prof. dr hab. Jerzy Pisuli\u0144ski, dziekan Wydzia\u0142u Prawa i Administracji Uniwersytetu Jagiello\u0144skiego w Krakowie (Polska)<\/li>\n<li>dr hab. Dobros\u0142awa Szumi\u0142o-Kulczycka prof. UJ, adwokat, Uniwersytet Jagiello\u0144ski (Polska)<\/li>\n<li>dr hab. Katarzyna Gajda-Roszczynialska, s\u0119dzia, Wydzia\u0142 Prawa i Administracji Uniwersytetu \u015al\u0105skiego, Interdyscyplinarne Centrum Bada\u0144 nad<br \/>\nWymiarem Sprawiedliwo\u015bci U\u015a, kierownik projektu NAWA \u201eWp\u0142yw pandemii COVID-19 na wymiar sprawiedliwo\u015bci. Studium przypadku i sugerowane rozwi\u0105zania\u201d (Polska)<\/li>\n<\/ul>\n<h4>10.20\u201311.30 \u2013 przem\u00f3wienia wprowadzaj\u0105ce<\/h4>\n<ul>\n<li>10.20\u201310.30 \u2013 \u201eProces karny w stanie konieczno\u015bci?\u201d, prof. dr hab. Stanis\u0142aw Walto\u015b, profesor honorowy Uniwersytetu Jagiello\u0144skiego (Polska)<\/li>\n<li>10.30\u201310.50 \u2013 \u201eGry legislacyjne\u201d, prof. dr hab. Ewa \u0141\u0119towska, s\u0119dzia Trybuna\u0142u Konstytucyjnego (2002\u20132011), Rzecznik Praw Obywatelskich (1988\u20131992) (Polska)<\/li>\n<li>10.50\u201311.10 \u2013 \u201eOchrona konstytucyjnego standardu prawa jednostki do sprawiedliwego procesu w czasach pandemii COVID-19\u201d, prof. dr hab. Pawe\u0142 Wili\u0144ski, s\u0119dzia S\u0105du Najwy\u017cszego, Uniwersytet im. Adama Mickiewicza w Poznaniu (Polska)<\/li>\n<li>11.10\u201311.30 \u2013 \u201ePandemia COVID-19 a Mi\u0119dzynarodowy Trybuna\u0142 Karny\u201d, prof. dr hab. Piotr Hofma\u0144ski, Prezes Mi\u0119dzynarodowego Trybuna\u0142u Karnego, Uniwersytet Jagiello\u0144ski (Polska)<\/li>\n<\/ul>\n<h4>11.30\u201312.00 \u2013 przerwa kawowa<\/h4>\n<h4>Panel I: Wp\u0142yw pandemii COVID-19 na post\u0119powanie karne w innych systemach prawnych<\/h4>\n<p>Moderator: dr hab. Andrzej \u015awiat\u0142owski prof. UJ, Uniwersytet Jagiello\u0144ski (Polska)<\/p>\n<ul>\n<li>12.00\u201312.20 \u2013 \u201ePandemia COVID-19 a post\u0119powanie karne w Holandii\u201d, prof. dr Marc de Werd, s\u0119dzia, Uniwersytet w Amsterdamie (Holandia)<\/li>\n<li>12.20\u201312.40 \u2013 \u201ePandemia COVID-19 a post\u0119powanie karne w Niemczech\u201d, Roland Kempfle LL.M., s\u0119dzia (Niemcy)<\/li>\n<li>12.40\u201313.00 \u2013 \u201ePandemia COVID-19 a post\u0119powanie karne w Danii\u201d, Mikael Sj\u00f6berg, s\u0119dzia S\u0105du Najwy\u017cszego i prezydent Du\u0144skiego Stowarzyszenia S\u0119dzi\u00f3w (Dania)<\/li>\n<li>13.00\u201313.20 \u2013 \u201ePandemia COVID-19 a post\u0119powanie karne w Ukrainie\u201d, prof. dr Oksana Kaplina, Narodowy Uniwersytet Prawa im. Jaros\u0142awa Mudryi (Ukraina)<\/li>\n<\/ul>\n<h4>13.20\u201314.00 \u2013 otwarta dyskusja<\/h4>\n<h4>14.00\u201315.00 \u2013 przerwa obiadowa<\/h4>\n<h4>Panel II: Pandemia COVID-19 i prawo do rzetelnego procesu w Polsce<\/h4>\n<p>Moderator: prof. dr hab. Kazimierz Zgryzek, Uniwersytet \u015al\u0105ski (Polska)<\/p>\n<ul>\n<li>15.00\u201315.20 \u2013 \u201ePandemia COVID-19 a \u015brodki przymusu\u201d, dr hab. Rados\u0142aw Olszewski prof. U\u0141, Uniwersytet \u0141\u00f3dzki (Polska)<\/li>\n<li>15.20\u201315.40 \u2013 \u201ePandemia COVID-19 a jawno\u015b\u0107 post\u0119powania karnego\u201d, doc. dr Hanna Gajewska-Kraczkowska, Uniwersytet Warszawski (Polska)<\/li>\n<li>15.40\u201316.00 \u2013 \u201ePandemia COVID-19 a zasada kolegialno\u015bci\u201d, prof. dr hab. Jerzy Skorupka, s\u0119dzia, Uniwersytet Wroc\u0142awski (Polska)<\/li>\n<li>16.00\u201316.20 \u2013 \u201ePandemia COVID-19 a ograniczenia czasowe\u201d, prof. dr hab. Hanna Paluszkiewicz, Uniwersytet Zielonog\u00f3rski (Polska)<\/li>\n<\/ul>\n<h4>16.20\u201317.00 \u2013 dyskusja<\/h4>\n<h4>17.00 \u2013 podsumowanie i zamkni\u0119cie konferencji<\/h4>\n<ul>\n<li>dr hab. Dobros\u0142awa Szumi\u0142o-Kulczycka, prof. UJ<\/li>\n<\/ul>\n<p>\n<\/div>\r\n                    <\/div>\r\n                <\/div>[\/vc_column][\/vc_row]<\/p>","protected":false},"excerpt":{"rendered":"<p>[vc_row][vc_column][\/vc_column][\/vc_row][vc_row el_class=&#8221;container&#8221;][vc_column][vc_btn title=&#8221;powr\u00f3t na stron\u0119 konferencji&#8221; style=&#8221;outline-custom&#8221; outline_custom_color=&#8221;#730e64&#8243; outline_custom_hover_background=&#8221;#730e64&#8243; outline_custom_hover_text=&#8221;#ffffff&#8221; shape=&#8221;round&#8221; align=&#8221;left&#8221; i_icon_fontawesome=&#8221;fa fa-reply&#8221; css_animation=&#8221;fadeIn&#8221; add_icon=&#8221;true&#8221; link=&#8221;url:https%3A%2F%2Fus.edu.pl%2Fcentra-badawcze%2Ficbws%2Fkonferencja-wplyw-covid-19%2F|||&#8221;][\/vc_column][\/vc_row][vc_row][vc_column][vc_empty_space][\/vc_column][\/vc_row][vc_row][vc_column][\/vc_column][\/vc_row][vc_row][vc_column][\/vc_column][\/vc_row][vc_row][vc_column][\/vc_column][\/vc_row][vc_row][vc_column][vc_empty_space][\/vc_column][\/vc_row] [&#8230;]<\/p>\n<p><a class=\"btn btn-secondary understrap-read-more-link\" href=\"https:\/\/us.edu.pl\/centra-badawcze\/icbws\/konferencja-wplyw-covid-19\/program\/\">Read More&#8230;<\/a><\/p>\n","protected":false},"author":33,"featured_media":0,"parent":80,"menu_order":0,"comment_status":"closed","ping_status":"closed","template":"","meta":{"_expiration-date-status":"","_expiration-date":0,"_expiration-date-type":"","_expiration-date-categories":[],"_expiration-date-options":[]},"acf":[],"_links":{"self":[{"href":"https:\/\/us.edu.pl\/centra-badawcze\/icbws\/wp-json\/wp\/v2\/pages\/128"}],"collection":[{"href":"https:\/\/us.edu.pl\/centra-badawcze\/icbws\/wp-json\/wp\/v2\/pages"}],"about":[{"href":"https:\/\/us.edu.pl\/centra-badawcze\/icbws\/wp-json\/wp\/v2\/types\/page"}],"author":[{"embeddable":true,"href":"https:\/\/us.edu.pl\/centra-badawcze\/icbws\/wp-json\/wp\/v2\/users\/33"}],"replies":[{"embeddable":true,"href":"https:\/\/us.edu.pl\/centra-badawcze\/icbws\/wp-json\/wp\/v2\/comments?post=128"}],"version-history":[{"count":11,"href":"https:\/\/us.edu.pl\/centra-badawcze\/icbws\/wp-json\/wp\/v2\/pages\/128\/revisions"}],"predecessor-version":[{"id":460,"href":"https:\/\/us.edu.pl\/centra-badawcze\/icbws\/wp-json\/wp\/v2\/pages\/128\/revisions\/460"}],"up":[{"embeddable":true,"href":"https:\/\/us.edu.pl\/centra-badawcze\/icbws\/wp-json\/wp\/v2\/pages\/80"}],"wp:attachment":[{"href":"https:\/\/us.edu.pl\/centra-badawcze\/icbws\/wp-json\/wp\/v2\/media?parent=128"}],"curies":[{"name":"wp","href":"https:\/\/api.w.org\/{rel}","templated":true}]}}