{"id":288,"date":"2022-04-19T15:48:39","date_gmt":"2022-04-19T13:48:39","guid":{"rendered":"https:\/\/us.edu.pl\/centra-badawcze\/icbws\/?page_id=288"},"modified":"2022-07-11T19:17:25","modified_gmt":"2022-07-11T17:17:25","slug":"o-projekcie","status":"publish","type":"page","link":"https:\/\/us.edu.pl\/centra-badawcze\/icbws\/projekt-nawa\/o-projekcie\/","title":{"rendered":"o projekcie"},"content":{"rendered":"<p>[vc_row][vc_column]\r\n                <div class=\"text-modules\">\r\n                    <div class=\"container\">\r\n                        <h3 class=\"page-title text__title\">O projekcie<\/h3>\r\n                        <div class=\"text-modules__content\"><\/div>\r\n                    <\/div>\r\n                <\/div>[\/vc_column][\/vc_row][vc_row el_class=&#8221;container&#8221;][vc_column][vc_btn title=&#8221;powr\u00f3t na stron\u0119 centrum&#8221; style=&#8221;outline-custom&#8221; outline_custom_color=&#8221;#730e64&#8243; outline_custom_hover_background=&#8221;#730e64&#8243; outline_custom_hover_text=&#8221;#ffffff&#8221; shape=&#8221;round&#8221; align=&#8221;left&#8221; i_icon_fontawesome=&#8221;fa fa-reply&#8221; css_animation=&#8221;fadeIn&#8221; add_icon=&#8221;true&#8221; link=&#8221;url:https%3A%2F%2Fus.edu.pl%2Fcentra-badawcze%2Ficbws%2F|||&#8221;][\/vc_column][\/vc_row][vc_row][vc_column][vc_empty_space][\/vc_column][\/vc_row][vc_row css=&#8221;.vc_custom_1650376525033{background-color: #f2f2f2 !important;}&#8221; el_class=&#8221;container&#8221;][vc_column][vc_empty_space]\r\n                <div class=\"text-modules\">\r\n                    <div class=\"container\">\r\n                        \r\n                        <div class=\"text-modules__content\"><p>Grant pt. \u201eImpact of the COVID-19 pandemic on the justice system. Case study and suggested solutions\u201c (\u201eWp\u0142yw COVID 19 na wymiar sprawiedliwo\u015bci. Studium przypadku i sugerowane rozwi\u0105zania\u201d) z programu NAWA granty interwencyjne nr BPN\/GIN\/2021\/1\/00006\/U\/00001 (numer UN-2105-001) realizowany jest przez zesp\u00f3\u0142 projektowy pod kierunkiem dr hab. Katarzyny Gajdy-Roszczynialskiej i dotyczy funkcjonowania wymiaru sprawiedliwo\u015bci w czasach pandemii COVID-19.<\/p>\n<p>Grant realizowany jest przez Interdyscyplinarne Centrum Bada\u0144 nad Wymiarem Sprawiedliwo\u015bci przy wsp\u00f3\u0142pracy Wydzia\u0142u Prawa i Administracji Uniwersytetu \u015al\u0105skiego w latach 2021\u20132022.<\/p>\n<\/div>\r\n                    <\/div>\r\n                <\/div>[\/vc_column][\/vc_row][vc_row][vc_column][vc_empty_space height=&#8221;50px&#8221;][\/vc_column][\/vc_row][vc_row el_class=&#8221;container&#8221;][vc_column width=&#8221;1\/2&#8243;]\r\n                <div class=\"text-modules\">\r\n                    <div class=\"container\">\r\n                        \r\n                        <div class=\"text-modules__content\"><p><img loading=\"lazy\" class=\"alignnone wp-image-88 size-full\" src=\"https:\/\/us.edu.pl\/centra-badawcze\/icbws\/wp-content\/uploads\/sites\/73\/logotypy\/K1_logo_dopuszcz_wers_kontra_PL_RGB-02.gif\" alt=\"logo Narodowej Agencji Wymiany Akademickiej\" width=\"100%\" height=\"auto\" \/><\/p>\n<\/div>\r\n                    <\/div>\r\n                <\/div>[\/vc_column][vc_column width=&#8221;1\/2&#8243;]\r\n                <div class=\"text-modules\">\r\n                    <div class=\"container\">\r\n                        \r\n                        <div class=\"text-modules__content\"><p><img loading=\"lazy\" class=\"alignnone wp-image-292 size-full\" src=\"https:\/\/us.edu.pl\/centra-badawcze\/icbws\/wp-content\/uploads\/sites\/73\/logotypy\/logo-ICBWS-e1650377072445.jpg\" alt=\"logo Interdyscyplinarnego Centrum Bada\u0144 nad Wymiarem Sprawiedliwo\u015bci\" width=\"100%\" height=\"auto\" srcset=\"https:\/\/us.edu.pl\/centra-badawcze\/icbws\/wp-content\/uploads\/sites\/73\/logotypy\/logo-ICBWS-e1650377072445.jpg 1879w, https:\/\/us.edu.pl\/centra-badawcze\/icbws\/wp-content\/uploads\/sites\/73\/logotypy\/logo-ICBWS-e1650377072445-300x69.jpg 300w, https:\/\/us.edu.pl\/centra-badawcze\/icbws\/wp-content\/uploads\/sites\/73\/logotypy\/logo-ICBWS-e1650377072445-768x177.jpg 768w, https:\/\/us.edu.pl\/centra-badawcze\/icbws\/wp-content\/uploads\/sites\/73\/logotypy\/logo-ICBWS-e1650377072445-1024x235.jpg 1024w, https:\/\/us.edu.pl\/centra-badawcze\/icbws\/wp-content\/uploads\/sites\/73\/logotypy\/logo-ICBWS-e1650377072445-575x132.jpg 575w\" sizes=\"(max-width: 1879px) 100vw, 1879px\" \/><\/p>\n<\/div>\r\n                    <\/div>\r\n                <\/div>[\/vc_column][\/vc_row][vc_row][vc_column][vc_empty_space][\/vc_column][\/vc_row][vc_row el_class=&#8221;container&#8221;][vc_column]\r\n                <div class=\"text-modules\">\r\n                    <div class=\"container\">\r\n                        \r\n                        <div class=\"text-modules__content\"><p>Pandemia COVID-19 wp\u0142yn\u0119\u0142a na niemal wszystkie aspekty naszego \u017cycia &#8211; pocz\u0105wszy od tych zwi\u0105zanych z ochron\u0105 zdrowia, przez sprawy socjalne i pracownicze, na gospodarczych i karnych sko\u0144czywszy. Wszystkie wskazane powy\u017cej kwestie mog\u0105 sta\u0107 si\u0119 zal\u0105\u017ckiem stosunk\u00f3w spornych, kt\u00f3rych rozwi\u0105zanie b\u0119dzie musia\u0142o nast\u0105pi\u0107 na drodze s\u0105dowej. Celem projektu jest przeanalizowanie tego, jak pandemia COVID-19 wp\u0142ywa i wp\u0142ynie na wymiar sprawiedliwo\u015bci &#8211; sprawy, kt\u00f3re w czasie rozpocz\u0119cia stanu epidemii by\u0142y ju\u017c w toku, a tak\u017ce sprawy, kt\u00f3re w wyniku nowej rzeczywisto\u015bci post-pandemicznej dopiero b\u0119d\u0105 si\u0119 rozpoczyna\u0107 (np. spodziewane upad\u0142o\u015bci zwi\u0105zane z kryzysem gospodarczym). W trakcie prac naukowych podejmowanych w ramach projektu analizie poddane zostan\u0105 zar\u00f3wno kwestie ustrojowe jak i proceduralne, a ca\u0142e badania b\u0119d\u0105 mia\u0142y charakter komparatystyczny przy uwzgl\u0119dnieniu rozwi\u0105za\u0144 przyj\u0119tych w innych pa\u0144stwach. Oceniony zostanie nie tylko wp\u0142yw epidemii COVID-19 na modele procesu zar\u00f3wno cywilnego i karnego, ale tak\u017ce na realizacj\u0119 prawa do s\u0105du i sposobami oraz strategiami zarz\u0105dzania s\u0105dami. Partnerami w grancie s\u0105 Uniwersytet Wile\u0144ski (Litwa) oraz Kijowski Uniwersytet Narodowy im. Tarasa Szewczenki (Ukraina), za\u015b ekspertami wybitni specjali\u015bci z Uniwersytetu Complutense w Madrycie (Hiszpania) oraz Uniwersytetu w Bergen (Norwegia).<\/p>\n<p><strong>Projekt realizowany jest pod kierownictwem:<\/strong><\/p>\n<ul style=\"list-style-type: square;\">\n<li>dr hab. Katarzyny Gajda-Roszczynialskiej (Uniwersytet \u015al\u0105ski)<\/li>\n<\/ul>\n<p><strong>Zast\u0119pc\u0105 kierownika projektu jest:<\/strong><\/p>\n<ul style=\"list-style-type: square;\">\n<li>mgr Jakub P\u0142aziuk (Uniwersytet \u015al\u0105ski)<\/li>\n<\/ul>\n<p><strong>Cz\u0142onkami projektu s\u0105:<\/strong><\/p>\n<ul style=\"list-style-type: square;\">\n<li>SSO Bogdan J\u0119drys<\/li>\n<li>dr hab. Krystian Markiewicz, prof. U\u015a (Uniwersytet \u015al\u0105ski)<\/li>\n<li>dr hab. Dobros\u0142awa Szumi\u0142o-Kulczycka, prof. UJ (Uniwersytet Jagiello\u0144ski)<\/li>\n<li>dr hab. Andrzej Torbus, prof. U\u015a (Uniwersytet \u015al\u0105ski)<\/li>\n<li>prof. dr Vigita V\u0117brait\u0117 (Uniwersytet Wile\u0144ski)<\/li>\n<li>prof. dr Iryna Izarova (Kijowski Uniwersytet Narodowy im. Tarasa Szewczenki)<\/li>\n<\/ul>\n<p><strong>Ekspertami w projekcie s\u0105:<\/strong><\/p>\n<ul style=\"list-style-type: square;\">\n<li>prof. dr hab. Fernando Gasc\u00f3n Inchausti (Uniwersytet Complutense w Madrycie)<\/li>\n<li>prof. dr Anna Nylund (Uniwersytet w Bergen)<\/li>\n<\/ul>\n<p>\n<\/div>\r\n                    <\/div>\r\n                <\/div>[\/vc_column][\/vc_row]<\/p>","protected":false},"excerpt":{"rendered":"<p>[vc_row][vc_column][\/vc_column][\/vc_row][vc_row el_class=&#8221;container&#8221;][vc_column][vc_btn title=&#8221;powr\u00f3t na stron\u0119 centrum&#8221; style=&#8221;outline-custom&#8221; outline_custom_color=&#8221;#730e64&#8243; outline_custom_hover_background=&#8221;#730e64&#8243; outline_custom_hover_text=&#8221;#ffffff&#8221; shape=&#8221;round&#8221; align=&#8221;left&#8221; i_icon_fontawesome=&#8221;fa fa-reply&#8221; css_animation=&#8221;fadeIn&#8221; add_icon=&#8221;true&#8221; link=&#8221;url:https%3A%2F%2Fus.edu.pl%2Fcentra-badawcze%2Ficbws%2F|||&#8221;][\/vc_column][\/vc_row][vc_row][vc_column][vc_empty_space][\/vc_column][\/vc_row][vc_row css=&#8221;.vc_custom_1650376525033{background-color: #f2f2f2 !important;}&#8221; el_class=&#8221;container&#8221;][vc_column][vc_empty_space][\/vc_column][\/vc_row][vc_row][vc_column][vc_empty_space height=&#8221;50px&#8221;][\/vc_column][\/vc_row][vc_row el_class=&#8221;container&#8221;][vc_column width=&#8221;1\/2&#8243;][\/vc_column][vc_column width=&#8221;1\/2&#8243;][\/vc_column][\/vc_row][vc_row][vc_column][vc_empty_space][\/vc_column][\/vc_row][vc_row el_class=&#8221;container&#8221;][vc_column][\/vc_column][\/vc_row] [&#8230;]<\/p>\n<p><a class=\"btn btn-secondary understrap-read-more-link\" href=\"https:\/\/us.edu.pl\/centra-badawcze\/icbws\/projekt-nawa\/o-projekcie\/\">Read More&#8230;<\/a><\/p>\n","protected":false},"author":33,"featured_media":0,"parent":283,"menu_order":0,"comment_status":"closed","ping_status":"closed","template":"","meta":{"_expiration-date-status":"","_expiration-date":0,"_expiration-date-type":"","_expiration-date-categories":[],"_expiration-date-options":[]},"acf":[],"_links":{"self":[{"href":"https:\/\/us.edu.pl\/centra-badawcze\/icbws\/wp-json\/wp\/v2\/pages\/288"}],"collection":[{"href":"https:\/\/us.edu.pl\/centra-badawcze\/icbws\/wp-json\/wp\/v2\/pages"}],"about":[{"href":"https:\/\/us.edu.pl\/centra-badawcze\/icbws\/wp-json\/wp\/v2\/types\/page"}],"author":[{"embeddable":true,"href":"https:\/\/us.edu.pl\/centra-badawcze\/icbws\/wp-json\/wp\/v2\/users\/33"}],"replies":[{"embeddable":true,"href":"https:\/\/us.edu.pl\/centra-badawcze\/icbws\/wp-json\/wp\/v2\/comments?post=288"}],"version-history":[{"count":7,"href":"https:\/\/us.edu.pl\/centra-badawcze\/icbws\/wp-json\/wp\/v2\/pages\/288\/revisions"}],"predecessor-version":[{"id":291,"href":"https:\/\/us.edu.pl\/centra-badawcze\/icbws\/wp-json\/wp\/v2\/pages\/288\/revisions\/291"}],"up":[{"embeddable":true,"href":"https:\/\/us.edu.pl\/centra-badawcze\/icbws\/wp-json\/wp\/v2\/pages\/283"}],"wp:attachment":[{"href":"https:\/\/us.edu.pl\/centra-badawcze\/icbws\/wp-json\/wp\/v2\/media?parent=288"}],"curies":[{"name":"wp","href":"https:\/\/api.w.org\/{rel}","templated":true}]}}