{"id":306,"date":"2022-04-20T13:53:19","date_gmt":"2022-04-20T11:53:19","guid":{"rendered":"https:\/\/us.edu.pl\/centra-badawcze\/icbws\/?page_id=306"},"modified":"2022-07-11T18:53:17","modified_gmt":"2022-07-11T16:53:17","slug":"covid-talks","status":"publish","type":"page","link":"https:\/\/us.edu.pl\/centra-badawcze\/icbws\/wydarzenia\/covid-talks\/","title":{"rendered":"COVID TALKS"},"content":{"rendered":"<p>[vc_row][vc_column]\r\n                <div class=\"text-modules\">\r\n                    <div class=\"container\">\r\n                        <h3 class=\"page-title text__title\">COVID TALKS<\/h3>\r\n                        <div class=\"text-modules__content\"><\/div>\r\n                    <\/div>\r\n                <\/div>[\/vc_column][\/vc_row][vc_row el_class=&#8221;container&#8221;][vc_column][vc_btn title=&#8221;powr\u00f3t na stron\u0119 centrum&#8221; style=&#8221;outline-custom&#8221; outline_custom_color=&#8221;#730e64&#8243; outline_custom_hover_background=&#8221;#730e64&#8243; outline_custom_hover_text=&#8221;#ffffff&#8221; shape=&#8221;round&#8221; align=&#8221;left&#8221; i_icon_fontawesome=&#8221;fa fa-reply&#8221; css_animation=&#8221;fadeIn&#8221; add_icon=&#8221;true&#8221; link=&#8221;url:https%3A%2F%2Fus.edu.pl%2Fcentra-badawcze%2Ficbws%2F|||&#8221;][\/vc_column][\/vc_row][vc_row][vc_column][vc_empty_space][\/vc_column][\/vc_row][vc_row el_class=&#8221;container&#8221;][vc_column width=&#8221;1\/2&#8243;]\r\n                <div class=\"text-modules\">\r\n                    <div class=\"container\">\r\n                        \r\n                        <div class=\"text-modules__content\"><p><img loading=\"lazy\" class=\"alignnone wp-image-493 size-full\" src=\"https:\/\/us.edu.pl\/centra-badawcze\/icbws\/wp-content\/uploads\/sites\/73\/image\/webinaria-covid-talks.png\" alt=\"grafika promuj\u0105ca cykl webinari\u00f3w COVID Talks\" width=\"90%\" height=\"auto\" srcset=\"https:\/\/us.edu.pl\/centra-badawcze\/icbws\/wp-content\/uploads\/sites\/73\/image\/webinaria-covid-talks.png 2032w, https:\/\/us.edu.pl\/centra-badawcze\/icbws\/wp-content\/uploads\/sites\/73\/image\/webinaria-covid-talks-300x281.png 300w, https:\/\/us.edu.pl\/centra-badawcze\/icbws\/wp-content\/uploads\/sites\/73\/image\/webinaria-covid-talks-1024x960.png 1024w, https:\/\/us.edu.pl\/centra-badawcze\/icbws\/wp-content\/uploads\/sites\/73\/image\/webinaria-covid-talks-768x720.png 768w, https:\/\/us.edu.pl\/centra-badawcze\/icbws\/wp-content\/uploads\/sites\/73\/image\/webinaria-covid-talks-1536x1440.png 1536w, https:\/\/us.edu.pl\/centra-badawcze\/icbws\/wp-content\/uploads\/sites\/73\/image\/webinaria-covid-talks-575x539.png 575w\" sizes=\"(max-width: 2032px) 100vw, 2032px\" \/><\/p>\n<\/div>\r\n                    <\/div>\r\n                <\/div>[\/vc_column][vc_column width=&#8221;1\/2&#8243;][vc_empty_space height=&#8221;50px&#8221;]\r\n                <div class=\"text-modules\">\r\n                    <div class=\"container\">\r\n                        \r\n                        <div class=\"text-modules__content\"><p>Szczeg\u00f3lna sytuacja epidemiczna, z kt\u00f3r\u0105 mierzymy si\u0119 od blisko dw\u00f3ch lat, spowodowa\u0142a wprowadzenie do polskiego porz\u0105dku prawnego wielu nieznanych dot\u0105d rozwi\u0105za\u0144.<\/p>\n<p>COVID TALKS to cykl spotka\u0144 online realizowany przez wydawnictwo Wolters Kluwer we wsp\u00f3\u0142pracy z Interdyscyplinarnym Centrum Bada\u0144 nad Wymiarem Sprawiedliwo\u015bci. Spotkania te dedykowane b\u0119d\u0105 przede wszystkim przedstawicielom praktyki prawniczej \u2013 adwokatom, radcom prawnym, s\u0119dziom, komornikom, doradcom restrukturyzacyjnym, a tak\u017ce wszystkim zainteresowanym problematyk\u0105 praktycznego wp\u0142ywu epidemii COVID-19 na funkcjonowanie wymiaru sprawiedliwo\u015bci &#8211; w szczeg\u00f3lno\u015bci na procedur\u0105 karn\u0105 i cywiln\u0105.<\/p>\n<p>Serdecznie zapraszamy do wzi\u0119cia udzia\u0142u w rozmowach prowadzonych przez naszych ekspert\u00f3w.<\/p>\n<p>Szczeg\u00f3\u0142y dost\u0119pne s\u0105 na <a href=\"https:\/\/lrpoland.wolterskluwer.com\/cykl-covid-talks\">stronie wydawnictwa<\/a>.<\/p>\n<\/div>\r\n                    <\/div>\r\n                <\/div>[\/vc_column][\/vc_row][vc_row][vc_column][vc_empty_space][\/vc_column][\/vc_row][vc_row][vc_column]\r\n                <div class=\"text-modules\">\r\n                    <div class=\"container\">\r\n                        \r\n                        <div class=\"text-modules__content\"><\/p>\n<h3><strong>Lista spotka\u0144<\/strong><\/h3>\n<p>\n<\/div>\r\n                    <\/div>\r\n                <\/div>[\/vc_column][\/vc_row][vc_row equal_height=&#8221;yes&#8221; el_class=&#8221;container&#8221;][vc_column width=&#8221;1\/4&#8243; el_class=&#8221;cien karty&#8221;][vc_empty_space height=&#8221;20px&#8221;]\r\n                <div class=\"text-modules\">\r\n                    <div class=\"container\">\r\n                        \r\n                        <div class=\"text-modules__content\"><\/p>\n<p style=\"text-align: center;\">\u201eDost\u0119p do s\u0105du i zasada jawno\u015bci procesu w czasach pandemii COVID-19\u201d<\/p>\n<p style=\"text-align: right;\"><a href=\"https:\/\/us.edu.pl\/centra-badawcze\/icbws\/nagranie-webinarium-dostep-do-sadu-i-zasada-jawnosci-procesu-w-czasach-pandemii-covid-19-dostepne-w-open-access\/\"><span style=\"font-family: 'PT Sans Narrow', sans-serif; color: #000000;\">zobacz wi\u0119cej<\/span><\/a><\/p>\n<p>\n<\/div>\r\n                    <\/div>\r\n                <\/div>[\/vc_column][vc_column width=&#8221;1\/4&#8243; el_class=&#8221;cien karty&#8221;][vc_empty_space height=&#8221;20px&#8221;]\r\n                <div class=\"text-modules\">\r\n                    <div class=\"container\">\r\n                        \r\n                        <div class=\"text-modules__content\"><\/p>\n<p style=\"text-align: center;\">\u201ePandemia COVID-19 a kolegialno\u015b\u0107 sk\u0142ad\u00f3w orzekaj\u0105cych\u201d<\/p>\n<p style=\"text-align: right;\"><a href=\"https:\/\/us.edu.pl\/centra-badawcze\/icbws\/webinarium-covid-talks-pandemia-covid-19-a-kolegialnosc-skladow-orzekajacych\/\"><span style=\"font-family: 'PT Sans Narrow', sans-serif; color: #000000;\">zobacz wi\u0119cej<\/span><\/a><\/p>\n<p>\n<\/div>\r\n                    <\/div>\r\n                <\/div>[\/vc_column][vc_column width=&#8221;1\/4&#8243; el_class=&#8221;cien karty&#8221;][vc_empty_space height=&#8221;20px&#8221;]\r\n                <div class=\"text-modules\">\r\n                    <div class=\"container\">\r\n                        \r\n                        <div class=\"text-modules__content\"><\/p>\n<p style=\"text-align: center;\">\u201eSprawno\u015b\u0107 wymiaru sprawiedliwo\u015bci i organizacja post\u0119powa\u0144 a pandemia COVID-19\u201d<\/p>\n<p style=\"text-align: right;\"><a href=\"https:\/\/vimeo.com\/701097725\/cafd3f4da0\"><span style=\"font-family: 'PT Sans Narrow', sans-serif; color: #000000;\">zobacz wi\u0119cej<\/span><\/a><\/p>\n<p>\n<\/div>\r\n                    <\/div>\r\n                <\/div>[\/vc_column][vc_column width=&#8221;1\/4&#8243; el_class=&#8221;cien karty&#8221;][vc_empty_space height=&#8221;20px&#8221;]\r\n                <div class=\"text-modules\">\r\n                    <div class=\"container\">\r\n                        \r\n                        <div class=\"text-modules__content\"><\/p>\n<p style=\"text-align: center;\">\u201eElektronizacja wymiaru sprawiedliwo\u015bci w wyniku pandemii COVID-19\u201d<\/p>\n<p style=\"text-align: right;\"><a href=\"https:\/\/vimeo.com\/710357535\/83a6455a36\"><span style=\"font-family: 'PT Sans Narrow', sans-serif; color: #000000;\">zobacz wi\u0119cej<\/span><\/a><\/p>\n<p>\n<\/div>\r\n                    <\/div>\r\n                <\/div>[\/vc_column][\/vc_row][vc_row][vc_column][vc_empty_space][\/vc_column][\/vc_row][vc_row equal_height=&#8221;yes&#8221; el_class=&#8221;container&#8221;][vc_column width=&#8221;1\/4&#8243; el_class=&#8221;cien karty&#8221;][vc_empty_space height=&#8221;20px&#8221;]\r\n                <div class=\"text-modules\">\r\n                    <div class=\"container\">\r\n                        \r\n                        <div class=\"text-modules__content\"><\/p>\n<p style=\"text-align: center;\">\u201eRestrukturyzacja i upad\u0142o\u015b\u0107 w czasach COVID-19\u201d<\/p>\n<p style=\"text-align: right;\"><a href=\"https:\/\/vimeo.com\/720216999\/953bfb9691\"><span style=\"font-family: 'PT Sans Narrow', sans-serif; color: #000000;\">zobacz wi\u0119cej<\/span><\/a><\/p>\n<p>\n<\/div>\r\n                    <\/div>\r\n                <\/div>[\/vc_column][vc_column width=&#8221;1\/4&#8243; el_class=&#8221;cien karty&#8221;][vc_empty_space height=&#8221;20px&#8221;]\r\n                <div class=\"text-modules\">\r\n                    <div class=\"container\">\r\n                        \r\n                        <div class=\"text-modules__content\"><\/p>\n<p style=\"text-align: center;\">\u201ePost\u0119powanie egzekucyjne \u2013 sytuacja wierzycieli i komornik\u00f3w w czasach COVID-19\u201d<\/p>\n<p style=\"text-align: right;\"><a href=\"https:\/\/vimeo.com\/725193793\/45f601e0c5\"><span style=\"font-family: 'PT Sans Narrow', sans-serif; color: #000000;\">zobacz wi\u0119cej<\/span><\/a><\/p>\n<p>\n<\/div>\r\n                    <\/div>\r\n                <\/div>[\/vc_column][vc_column width=&#8221;1\/4&#8243;][\/vc_column][vc_column width=&#8221;1\/4&#8243;][\/vc_column][\/vc_row][vc_row][vc_column][vc_empty_space][\/vc_column][\/vc_row][vc_row][vc_column][vc_row_inner][vc_column_inner width=&#8221;1\/3&#8243;][\/vc_column_inner][vc_column_inner width=&#8221;1\/3&#8243;]\r\n                <div class=\"text-modules\">\r\n                    <div class=\"container\">\r\n                        \r\n                        <div class=\"text-modules__content\"><p><img loading=\"lazy\" class=\"alignnone wp-image-286 size-full\" src=\"https:\/\/us.edu.pl\/centra-badawcze\/icbws\/wp-content\/uploads\/sites\/73\/image\/CovidTalks_anim.gif\" alt=\"napis: COVID TALKS\" width=\"100%\" height=\"auto\" \/><\/p>\n<\/div>\r\n                    <\/div>\r\n                <\/div>[\/vc_column_inner][vc_column_inner width=&#8221;1\/3&#8243;][\/vc_column_inner][\/vc_row_inner][\/vc_column][\/vc_row]<\/p>","protected":false},"excerpt":{"rendered":"<p>[vc_row][vc_column][\/vc_column][\/vc_row][vc_row el_class=&#8221;container&#8221;][vc_column][vc_btn title=&#8221;powr\u00f3t na stron\u0119 centrum&#8221; style=&#8221;outline-custom&#8221; outline_custom_color=&#8221;#730e64&#8243; outline_custom_hover_background=&#8221;#730e64&#8243; outline_custom_hover_text=&#8221;#ffffff&#8221; shape=&#8221;round&#8221; align=&#8221;left&#8221; i_icon_fontawesome=&#8221;fa fa-reply&#8221; css_animation=&#8221;fadeIn&#8221; add_icon=&#8221;true&#8221; link=&#8221;url:https%3A%2F%2Fus.edu.pl%2Fcentra-badawcze%2Ficbws%2F|||&#8221;][\/vc_column][\/vc_row][vc_row][vc_column][vc_empty_space][\/vc_column][\/vc_row][vc_row el_class=&#8221;container&#8221;][vc_column width=&#8221;1\/2&#8243;][\/vc_column][vc_column width=&#8221;1\/2&#8243;][vc_empty_space height=&#8221;50px&#8221;][\/vc_column][\/vc_row][vc_row][vc_column][vc_empty_space][\/vc_column][\/vc_row][vc_row][vc_column][\/vc_column][\/vc_row][vc_row equal_height=&#8221;yes&#8221; el_class=&#8221;container&#8221;][vc_column width=&#8221;1\/4&#8243; el_class=&#8221;cien karty&#8221;][vc_empty_space height=&#8221;20px&#8221;][\/vc_column][vc_column width=&#8221;1\/4&#8243; el_class=&#8221;cien karty&#8221;][vc_empty_space height=&#8221;20px&#8221;][\/vc_column][vc_column width=&#8221;1\/4&#8243; el_class=&#8221;cien karty&#8221;][vc_empty_space height=&#8221;20px&#8221;][\/vc_column][vc_column width=&#8221;1\/4&#8243; el_class=&#8221;cien karty&#8221;][vc_empty_space height=&#8221;20px&#8221;][\/vc_column][\/vc_row][vc_row][vc_column][vc_empty_space][\/vc_column][\/vc_row][vc_row equal_height=&#8221;yes&#8221; el_class=&#8221;container&#8221;][vc_column width=&#8221;1\/4&#8243; el_class=&#8221;cien karty&#8221;][vc_empty_space height=&#8221;20px&#8221;][\/vc_column][vc_column width=&#8221;1\/4&#8243; el_class=&#8221;cien karty&#8221;][vc_empty_space height=&#8221;20px&#8221;][\/vc_column][vc_column width=&#8221;1\/4&#8243;][\/vc_column][vc_column width=&#8221;1\/4&#8243;][\/vc_column][\/vc_row][vc_row][vc_column][vc_empty_space][\/vc_column][\/vc_row][vc_row][vc_column][vc_row_inner][vc_column_inner width=&#8221;1\/3&#8243;][\/vc_column_inner][vc_column_inner width=&#8221;1\/3&#8243;][\/vc_column_inner][vc_column_inner width=&#8221;1\/3&#8243;][\/vc_column_inner][\/vc_row_inner][\/vc_column][\/vc_row] [&#8230;]<\/p>\n<p><a class=\"btn btn-secondary understrap-read-more-link\" href=\"https:\/\/us.edu.pl\/centra-badawcze\/icbws\/wydarzenia\/covid-talks\/\">Read More&#8230;<\/a><\/p>\n","protected":false},"author":33,"featured_media":0,"parent":297,"menu_order":0,"comment_status":"closed","ping_status":"closed","template":"","meta":{"_expiration-date-status":"","_expiration-date":0,"_expiration-date-type":"","_expiration-date-categories":[],"_expiration-date-options":[]},"acf":[],"_links":{"self":[{"href":"https:\/\/us.edu.pl\/centra-badawcze\/icbws\/wp-json\/wp\/v2\/pages\/306"}],"collection":[{"href":"https:\/\/us.edu.pl\/centra-badawcze\/icbws\/wp-json\/wp\/v2\/pages"}],"about":[{"href":"https:\/\/us.edu.pl\/centra-badawcze\/icbws\/wp-json\/wp\/v2\/types\/page"}],"author":[{"embeddable":true,"href":"https:\/\/us.edu.pl\/centra-badawcze\/icbws\/wp-json\/wp\/v2\/users\/33"}],"replies":[{"embeddable":true,"href":"https:\/\/us.edu.pl\/centra-badawcze\/icbws\/wp-json\/wp\/v2\/comments?post=306"}],"version-history":[{"count":8,"href":"https:\/\/us.edu.pl\/centra-badawcze\/icbws\/wp-json\/wp\/v2\/pages\/306\/revisions"}],"predecessor-version":[{"id":604,"href":"https:\/\/us.edu.pl\/centra-badawcze\/icbws\/wp-json\/wp\/v2\/pages\/306\/revisions\/604"}],"up":[{"embeddable":true,"href":"https:\/\/us.edu.pl\/centra-badawcze\/icbws\/wp-json\/wp\/v2\/pages\/297"}],"wp:attachment":[{"href":"https:\/\/us.edu.pl\/centra-badawcze\/icbws\/wp-json\/wp\/v2\/media?parent=306"}],"curies":[{"name":"wp","href":"https:\/\/api.w.org\/{rel}","templated":true}]}}