{"id":615,"date":"2021-05-06T14:18:58","date_gmt":"2021-05-06T12:18:58","guid":{"rendered":"http:\/\/us.edu.pl\/centra-badawcze\/opmim\/?page_id=615"},"modified":"2024-03-13T14:37:32","modified_gmt":"2024-03-13T13:37:32","slug":"zespol-procesy-metropolizacji","status":"publish","type":"page","link":"https:\/\/us.edu.pl\/centra-badawcze\/opmim\/en\/zespol-procesy-metropolizacji\/","title":{"rendered":"(Polski) Zesp\u00f3\u0142 ds. analiz proces\u00f3w metropolizacji i metropolitalnego wsp\u00f3\u0142rz\u0105dzenia"},"content":{"rendered":"<p>[\/vc_column_text][\/vc_column][\/vc_row][vc_row][vc_column][vc_column_text][\/vc_column_text][\/vc_column][\/vc_row][vc_row][vc_column][vc_column_text][\/vc_column_text][\/vc_column][\/vc_row][\/vc_column_text][\/vc_column][\/vc_row][vc_row][vc_column][vc_column_text][\/vc_column_text][\/vc_column][\/vc_row][\/vc_column_text][\/vc_column][\/vc_row]<\/p>","protected":false},"excerpt":{"rendered":"<p>[\/vc_column_text][\/vc_column][\/vc_row][vc_row][vc_column][vc_column_text][\/vc_column_text][\/vc_column][\/vc_row][vc_row][vc_column][vc_column_text][\/vc_column_text][\/vc_column][\/vc_row][\/vc_column_text][\/vc_column][\/vc_row][vc_row][vc_column][vc_column_text][\/vc_column_text][\/vc_column][\/vc_row][\/vc_column_text][\/vc_column][\/vc_row] [&#8230;]<\/p>\n<p><a class=\"btn btn-secondary understrap-read-more-link\" href=\"https:\/\/us.edu.pl\/centra-badawcze\/opmim\/en\/zespol-procesy-metropolizacji\/\">Read More&#8230;<\/a><\/p>\n","protected":false},"author":2808,"featured_media":0,"parent":0,"menu_order":0,"comment_status":"closed","ping_status":"closed","template":"","meta":{"_expiration-date-status":"","_expiration-date":0,"_expiration-date-type":"","_expiration-date-categories":[],"_expiration-date-options":[]},"acf":[],"_links":{"self":[{"href":"https:\/\/us.edu.pl\/centra-badawcze\/opmim\/en\/wp-json\/wp\/v2\/pages\/615"}],"collection":[{"href":"https:\/\/us.edu.pl\/centra-badawcze\/opmim\/en\/wp-json\/wp\/v2\/pages"}],"about":[{"href":"https:\/\/us.edu.pl\/centra-badawcze\/opmim\/en\/wp-json\/wp\/v2\/types\/page"}],"author":[{"embeddable":true,"href":"https:\/\/us.edu.pl\/centra-badawcze\/opmim\/en\/wp-json\/wp\/v2\/users\/2808"}],"replies":[{"embeddable":true,"href":"https:\/\/us.edu.pl\/centra-badawcze\/opmim\/en\/wp-json\/wp\/v2\/comments?post=615"}],"version-history":[{"count":10,"href":"https:\/\/us.edu.pl\/centra-badawcze\/opmim\/en\/wp-json\/wp\/v2\/pages\/615\/revisions"}],"predecessor-version":[{"id":1645,"href":"https:\/\/us.edu.pl\/centra-badawcze\/opmim\/en\/wp-json\/wp\/v2\/pages\/615\/revisions\/1645"}],"wp:attachment":[{"href":"https:\/\/us.edu.pl\/centra-badawcze\/opmim\/en\/wp-json\/wp\/v2\/media?parent=615"}],"curies":[{"name":"wp","href":"https:\/\/api.w.org\/{rel}","templated":true}]}}