{"id":624,"date":"2021-05-06T14:27:25","date_gmt":"2021-05-06T12:27:25","guid":{"rendered":"http:\/\/us.edu.pl\/centra-badawcze\/opmim\/?page_id=624"},"modified":"2021-08-17T14:43:10","modified_gmt":"2021-08-17T12:43:10","slug":"zespol-analizy-dokumenty-strategiczne","status":"publish","type":"page","link":"https:\/\/us.edu.pl\/centra-badawcze\/opmim\/en\/zespol-analizy-dokumenty-strategiczne\/","title":{"rendered":"(Polski) Zesp\u00f3\u0142 ds. analiz i dokument\u00f3w strategicznych"},"content":{"rendered":"<p class=\"qtranxs-available-languages-message qtranxs-available-languages-message-en\">Sorry, this entry is only available in <a href=\"https:\/\/us.edu.pl\/centra-badawcze\/opmim\/pl\/wp-json\/wp\/v2\/pages\/624\" class=\"qtranxs-available-language-link qtranxs-available-language-link-pl\" title=\"Polski\">Polish<\/a>.<\/p>","protected":false},"excerpt":{"rendered":"<p>Sorry, this entry is only available in Polish. [&#8230;]<\/p>\n<p><a class=\"btn btn-secondary understrap-read-more-link\" href=\"https:\/\/us.edu.pl\/centra-badawcze\/opmim\/en\/zespol-analizy-dokumenty-strategiczne\/\">Read More&#8230;<\/a><\/p>\n","protected":false},"author":2808,"featured_media":0,"parent":0,"menu_order":0,"comment_status":"closed","ping_status":"closed","template":"","meta":{"_expiration-date-status":"saved","_expiration-date":0,"_expiration-date-type":"","_expiration-date-categories":[],"_expiration-date-options":[]},"acf":[],"_links":{"self":[{"href":"https:\/\/us.edu.pl\/centra-badawcze\/opmim\/en\/wp-json\/wp\/v2\/pages\/624"}],"collection":[{"href":"https:\/\/us.edu.pl\/centra-badawcze\/opmim\/en\/wp-json\/wp\/v2\/pages"}],"about":[{"href":"https:\/\/us.edu.pl\/centra-badawcze\/opmim\/en\/wp-json\/wp\/v2\/types\/page"}],"author":[{"embeddable":true,"href":"https:\/\/us.edu.pl\/centra-badawcze\/opmim\/en\/wp-json\/wp\/v2\/users\/2808"}],"replies":[{"embeddable":true,"href":"https:\/\/us.edu.pl\/centra-badawcze\/opmim\/en\/wp-json\/wp\/v2\/comments?post=624"}],"version-history":[{"count":6,"href":"https:\/\/us.edu.pl\/centra-badawcze\/opmim\/en\/wp-json\/wp\/v2\/pages\/624\/revisions"}],"predecessor-version":[{"id":989,"href":"https:\/\/us.edu.pl\/centra-badawcze\/opmim\/en\/wp-json\/wp\/v2\/pages\/624\/revisions\/989"}],"wp:attachment":[{"href":"https:\/\/us.edu.pl\/centra-badawcze\/opmim\/en\/wp-json\/wp\/v2\/media?parent=624"}],"curies":[{"name":"wp","href":"https:\/\/api.w.org\/{rel}","templated":true}]}}