{"id":628,"date":"2021-05-06T14:31:35","date_gmt":"2021-05-06T12:31:35","guid":{"rendered":"http:\/\/us.edu.pl\/centra-badawcze\/opmim\/?page_id=628"},"modified":"2021-08-17T14:40:53","modified_gmt":"2021-08-17T12:40:53","slug":"zespol-kultura","status":"publish","type":"page","link":"https:\/\/us.edu.pl\/centra-badawcze\/opmim\/en\/zespol-kultura\/","title":{"rendered":"(Polski) Zesp\u00f3\u0142 ds. bada\u0144 zjawisk i proces\u00f3w kulturowych"},"content":{"rendered":"<p class=\"qtranxs-available-languages-message qtranxs-available-languages-message-en\">Sorry, this entry is only available in <a href=\"https:\/\/us.edu.pl\/centra-badawcze\/opmim\/pl\/wp-json\/wp\/v2\/pages\/628\" class=\"qtranxs-available-language-link qtranxs-available-language-link-pl\" title=\"Polski\">Polish<\/a>.<\/p>","protected":false},"excerpt":{"rendered":"<p>Sorry, this entry is only available in Polish. [&#8230;]<\/p>\n<p><a class=\"btn btn-secondary understrap-read-more-link\" href=\"https:\/\/us.edu.pl\/centra-badawcze\/opmim\/en\/zespol-kultura\/\">Read More&#8230;<\/a><\/p>\n","protected":false},"author":2808,"featured_media":0,"parent":0,"menu_order":0,"comment_status":"closed","ping_status":"closed","template":"","meta":{"_expiration-date-status":"saved","_expiration-date":0,"_expiration-date-type":"","_expiration-date-categories":[],"_expiration-date-options":[]},"acf":[],"_links":{"self":[{"href":"https:\/\/us.edu.pl\/centra-badawcze\/opmim\/en\/wp-json\/wp\/v2\/pages\/628"}],"collection":[{"href":"https:\/\/us.edu.pl\/centra-badawcze\/opmim\/en\/wp-json\/wp\/v2\/pages"}],"about":[{"href":"https:\/\/us.edu.pl\/centra-badawcze\/opmim\/en\/wp-json\/wp\/v2\/types\/page"}],"author":[{"embeddable":true,"href":"https:\/\/us.edu.pl\/centra-badawcze\/opmim\/en\/wp-json\/wp\/v2\/users\/2808"}],"replies":[{"embeddable":true,"href":"https:\/\/us.edu.pl\/centra-badawcze\/opmim\/en\/wp-json\/wp\/v2\/comments?post=628"}],"version-history":[{"count":7,"href":"https:\/\/us.edu.pl\/centra-badawcze\/opmim\/en\/wp-json\/wp\/v2\/pages\/628\/revisions"}],"predecessor-version":[{"id":987,"href":"https:\/\/us.edu.pl\/centra-badawcze\/opmim\/en\/wp-json\/wp\/v2\/pages\/628\/revisions\/987"}],"wp:attachment":[{"href":"https:\/\/us.edu.pl\/centra-badawcze\/opmim\/en\/wp-json\/wp\/v2\/media?parent=628"}],"curies":[{"name":"wp","href":"https:\/\/api.w.org\/{rel}","templated":true}]}}