{"id":697,"date":"2021-07-15T13:25:38","date_gmt":"2021-07-15T11:25:38","guid":{"rendered":"https:\/\/us.edu.pl\/centra-badawcze\/opmim\/?page_id=697"},"modified":"2021-08-17T14:33:45","modified_gmt":"2021-08-17T12:33:45","slug":"zespol-ochrona-srodowiska","status":"publish","type":"page","link":"https:\/\/us.edu.pl\/centra-badawcze\/opmim\/en\/zespol-ochrona-srodowiska\/","title":{"rendered":"(Polski) Zesp\u00f3\u0142 ds. ochrony i kszta\u0142towania \u015brodowiska przyrodniczego"},"content":{"rendered":"<p class=\"qtranxs-available-languages-message qtranxs-available-languages-message-en\">Sorry, this entry is only available in <a href=\"https:\/\/us.edu.pl\/centra-badawcze\/opmim\/pl\/wp-json\/wp\/v2\/pages\/697\" class=\"qtranxs-available-language-link qtranxs-available-language-link-pl\" title=\"Polski\">Polish<\/a>.<\/p>","protected":false},"excerpt":{"rendered":"<p>Sorry, this entry is only available in Polish. [&#8230;]<\/p>\n<p><a class=\"btn btn-secondary understrap-read-more-link\" href=\"https:\/\/us.edu.pl\/centra-badawcze\/opmim\/en\/zespol-ochrona-srodowiska\/\">Read More&#8230;<\/a><\/p>\n","protected":false},"author":2808,"featured_media":0,"parent":0,"menu_order":0,"comment_status":"closed","ping_status":"closed","template":"","meta":{"_expiration-date-status":"saved","_expiration-date":0,"_expiration-date-type":"","_expiration-date-categories":[],"_expiration-date-options":[]},"acf":[],"_links":{"self":[{"href":"https:\/\/us.edu.pl\/centra-badawcze\/opmim\/en\/wp-json\/wp\/v2\/pages\/697"}],"collection":[{"href":"https:\/\/us.edu.pl\/centra-badawcze\/opmim\/en\/wp-json\/wp\/v2\/pages"}],"about":[{"href":"https:\/\/us.edu.pl\/centra-badawcze\/opmim\/en\/wp-json\/wp\/v2\/types\/page"}],"author":[{"embeddable":true,"href":"https:\/\/us.edu.pl\/centra-badawcze\/opmim\/en\/wp-json\/wp\/v2\/users\/2808"}],"replies":[{"embeddable":true,"href":"https:\/\/us.edu.pl\/centra-badawcze\/opmim\/en\/wp-json\/wp\/v2\/comments?post=697"}],"version-history":[{"count":5,"href":"https:\/\/us.edu.pl\/centra-badawcze\/opmim\/en\/wp-json\/wp\/v2\/pages\/697\/revisions"}],"predecessor-version":[{"id":983,"href":"https:\/\/us.edu.pl\/centra-badawcze\/opmim\/en\/wp-json\/wp\/v2\/pages\/697\/revisions\/983"}],"wp:attachment":[{"href":"https:\/\/us.edu.pl\/centra-badawcze\/opmim\/en\/wp-json\/wp\/v2\/media?parent=697"}],"curies":[{"name":"wp","href":"https:\/\/api.w.org\/{rel}","templated":true}]}}