{"id":1253,"date":"2021-11-25T11:50:32","date_gmt":"2021-11-25T10:50:32","guid":{"rendered":"https:\/\/us.edu.pl\/centra-badawcze\/opmim\/?page_id=1253"},"modified":"2022-01-26T18:34:59","modified_gmt":"2022-01-26T17:34:59","slug":"seminarium-human-smart-city","status":"publish","type":"page","link":"https:\/\/us.edu.pl\/centra-badawcze\/opmim\/seminarium-human-smart-city\/","title":{"rendered":"Seminarium &#8222;Human Smart City &#8211; inteligentne rozwi\u0105zania dla ludzi i z lud\u017ami&#8221; 26 pa\u017adziernika"},"content":{"rendered":"<p>[vc_row][vc_column]\r\n                <div class=\"text-modules reverse\">\r\n                    <div class=\"container\">\r\n                        <h3 class=\"section-title section-title_border-bottom\">Seminarium ``Human Smart City - inteligentne rozwi\u0105zania dla ludzi i z lud\u017ami`` 26 pa\u017adziernika<\/h3> \r\n                        <div class=\"row m-0\">\r\n                            <div class=\"text-modules__content\">\r\n                                <span style=\"font-size: 12pt;\">Serdecznie zapraszamy na kolejne seminarium z cyklu &#8222;Akademii Samorz\u0105dowej&#8221; pn. <strong>\u201eHuman Smart City \u2013 inteligentne rozwi\u0105zania dla ludzi i z lud\u017ami\u201d<\/strong>. Seminarium odb\u0119dzie si\u0119 <strong>26 pa\u017adziernika 2021 r. (wtorek) o godz. 10:00 za po\u015brednictwem platformy Zoom.<\/strong><\/span><\/p>\n<p><span style=\"font-size: 12pt;\">Tematyka nadchodz\u0105cego seminarium koncentruje si\u0119 na koncepcji <em>human smart city<\/em>, obejmuj\u0105c zagadnienia nowoczesnych technologii w zarz\u0105dzaniu miastem i regionem, miejsc innowacyjnych wsp\u00f3\u0142tworzonych ze spo\u0142eczno\u015bciami lokalnymi czy zielonej transformacji miast i jej wyzwa\u0144.<\/span><\/p>\n<p><span style=\"font-size: 12pt;\">Zach\u0119camy serdecznie do dyskusji i wymiany do\u015bwiadcze\u0144!<\/span><\/p>\n<p><span style=\"font-size: 12pt;\">Udzia\u0142 w wydarzeniu jest bezp\u0142atny.<strong> Zg\u0142oszenia udzia\u0142u mo\u017cna dokona\u0107 do 25 pa\u017adziernika br.<\/strong> <strong>w\u0142\u0105cznie.<\/strong><\/span><\/p>\n<p><span style=\"font-size: 12pt;\"><a href=\"http:\/\/transfer.us.edu.pl\/seminarium-human-smart-city\"><strong>REJESTRACJA na wydarzenie pod linkiem &gt;&gt;&gt;<\/strong><\/a><\/span><\/p>\n<p><span style=\"font-size: 12pt;\"><strong><a href=\"https:\/\/us.edu.pl\/centra-badawcze\/opmim\/wp-content\/uploads\/sites\/56\/Nieprzypisane\/AKADEMIA-SAMORZ\u0104DOWA_26.10.2021_Program.pdf\" class=\"mtli_attachment mtli_pdf\" target=\"_blank\" rel=\"noopener noreferrer\">AGENDA wydarzenia &gt;&gt;&gt;<\/a><\/strong><\/span><\/p>\n<p><span style=\"font-size: 12pt;\">W razie pyta\u0144 zapraszamy do kontaktu z p. Zuzann\u0105 Neuve-\u00c9glise: <a href=\"mailto:zuzanna.neuve-eglise@us.edu.pl\">zuzanna.neuve-eglise@us.edu.pl<\/a> (tel. 32 359 18 16).<\/span><\/p>\n<p><span style=\"font-size: 12pt;\"><strong>Wsp\u00f3\u0142organizacja przez U\u015a spotkania jest dofinansowana z programu \u201eSpo\u0142eczna odpowiedzialno\u015b\u0107 nauki\u201d Ministra Edukacji i Nauki.<\/strong><\/span><\/p>\n<p><img class=\"alignnone size-medium wp-image-1297\" src=\"https:\/\/us.edu.pl\/centra-badawcze\/opmim\/wp-content\/uploads\/sites\/56\/Nieprzypisane\/Logo_ministerstwo_poziom_PL-300x155.jpg\" alt=\"Ministerstwo Edukacji i Nauki: bia\u0142y orze\u0142 na czerwonym tle\" width=\"300\" height=\"155\" srcset=\"https:\/\/us.edu.pl\/centra-badawcze\/opmim\/wp-content\/uploads\/sites\/56\/Nieprzypisane\/Logo_ministerstwo_poziom_PL-300x155.jpg 300w, https:\/\/us.edu.pl\/centra-badawcze\/opmim\/wp-content\/uploads\/sites\/56\/Nieprzypisane\/Logo_ministerstwo_poziom_PL-768x396.jpg 768w, https:\/\/us.edu.pl\/centra-badawcze\/opmim\/wp-content\/uploads\/sites\/56\/Nieprzypisane\/Logo_ministerstwo_poziom_PL-1024x528.jpg 1024w, https:\/\/us.edu.pl\/centra-badawcze\/opmim\/wp-content\/uploads\/sites\/56\/Nieprzypisane\/Logo_ministerstwo_poziom_PL-575x296.jpg 575w\" sizes=\"(max-width: 300px) 100vw, 300px\" \/> \r\n                                <div class=\"mt-3\"><\/div>\r\n                            <\/div>\r\n                            \r\n                            <div class=\"text-modules__img\"><img src=\"https:\/\/us.edu.pl\/centra-badawcze\/opmim\/wp-content\/uploads\/sites\/56\/Nieprzypisane\/Zaproszenie-Human-Smart-City-1.jpg\" alt=\"img\"><\/div>\r\n                        <\/div>\r\n                    <\/div>\r\n                <\/div>[\/vc_column][\/vc_row]<\/p>","protected":false},"excerpt":{"rendered":"<p>[vc_row][vc_column][\/vc_column][\/vc_row] [&#8230;]<\/p>\n<p><a class=\"btn btn-secondary understrap-read-more-link\" href=\"https:\/\/us.edu.pl\/centra-badawcze\/opmim\/seminarium-human-smart-city\/\">Read More&#8230;<\/a><\/p>\n","protected":false},"author":2808,"featured_media":1328,"parent":0,"menu_order":0,"comment_status":"closed","ping_status":"closed","template":"","meta":{"_expiration-date-status":"saved","_expiration-date":0,"_expiration-date-type":"","_expiration-date-categories":[],"_expiration-date-options":[]},"acf":[],"_links":{"self":[{"href":"https:\/\/us.edu.pl\/centra-badawcze\/opmim\/wp-json\/wp\/v2\/pages\/1253"}],"collection":[{"href":"https:\/\/us.edu.pl\/centra-badawcze\/opmim\/wp-json\/wp\/v2\/pages"}],"about":[{"href":"https:\/\/us.edu.pl\/centra-badawcze\/opmim\/wp-json\/wp\/v2\/types\/page"}],"author":[{"embeddable":true,"href":"https:\/\/us.edu.pl\/centra-badawcze\/opmim\/wp-json\/wp\/v2\/users\/2808"}],"replies":[{"embeddable":true,"href":"https:\/\/us.edu.pl\/centra-badawcze\/opmim\/wp-json\/wp\/v2\/comments?post=1253"}],"version-history":[{"count":5,"href":"https:\/\/us.edu.pl\/centra-badawcze\/opmim\/wp-json\/wp\/v2\/pages\/1253\/revisions"}],"predecessor-version":[{"id":1331,"href":"https:\/\/us.edu.pl\/centra-badawcze\/opmim\/wp-json\/wp\/v2\/pages\/1253\/revisions\/1331"}],"wp:featuredmedia":[{"embeddable":true,"href":"https:\/\/us.edu.pl\/centra-badawcze\/opmim\/wp-json\/wp\/v2\/media\/1328"}],"wp:attachment":[{"href":"https:\/\/us.edu.pl\/centra-badawcze\/opmim\/wp-json\/wp\/v2\/media?parent=1253"}],"curies":[{"name":"wp","href":"https:\/\/api.w.org\/{rel}","templated":true}]}}