{"id":1256,"date":"2021-11-25T13:05:16","date_gmt":"2021-11-25T12:05:16","guid":{"rendered":"https:\/\/us.edu.pl\/centra-badawcze\/opmim\/?page_id=1256"},"modified":"2022-01-26T18:48:10","modified_gmt":"2022-01-26T17:48:10","slug":"seminarium-otoczenie-przyjazne-osobom-starszym","status":"publish","type":"page","link":"https:\/\/us.edu.pl\/centra-badawcze\/opmim\/seminarium-otoczenie-przyjazne-osobom-starszym\/","title":{"rendered":"Seminarium \u201eOtoczenie przyjazne osobom starszym &#8211; modelowanie us\u0142ug spo\u0142ecznych\u201d 7 grudnia 2021"},"content":{"rendered":"<p>[vc_row][vc_column]\r\n                <div class=\"text-modules reverse\">\r\n                    <div class=\"container\">\r\n                        <h3 class=\"section-title section-title_border-bottom\">Seminarium \u201eOtoczenie przyjazne osobom starszym - modelowanie us\u0142ug spo\u0142ecznych\u201d 7 grudnia 2021<\/h3> \r\n                        <div class=\"row m-0\">\r\n                            <div class=\"text-modules__content\">\r\n                                <span style=\"font-size: 12pt;\">Wydzia\u0142 Nauk Spo\u0142ecznych Uniwersytetu \u015al\u0105skiego w Katowicach i Wy\u017csza Szko\u0142a Humanitas w Sosnowcu, w ramach inicjatywy Obserwatorium Proces\u00f3w Miejskich i Metropolitalnych, serdecznie zapraszaj\u0105 na seminarium on-line pn.<\/span><strong style=\"font-size: 12pt;\">\u201e<\/strong><strong style=\"font-size: 12pt;\">Otoczenie przyjazne osobom starszym &#8211; modelowanie us\u0142ug spo\u0142ecznych<\/strong><strong style=\"font-size: 12pt;\">\u201d<\/strong><span style=\"font-size: 12pt;\">. Seminarium odb\u0119dzie si\u0119 <\/span><strong style=\"font-size: 12pt;\">7 grudnia 2021 r. o godz. 10:00 za po\u015brednictwem platformy You Tube.<\/strong><\/p>\n<p><span style=\"font-size: 12pt;\">Tematyka nadchodz\u0105cego seminarium koncentruje si\u0119 na zagadnieniach zwi\u0105zanych z modelowaniem us\u0142ug i rozwi\u0105za\u0144 przeznaczonych dla os\u00f3b starszych.<\/span><\/p>\n<p><span style=\"font-size: 12pt;\">Zach\u0119camy serdecznie do uczestnictwa i zabrania g\u0142osu w dyskusji!<\/span><\/p>\n<p><span style=\"font-size: 12pt;\">Udzia\u0142 w wydarzeniu jest bezp\u0142atny. <strong>Zg\u0142oszenia udzia\u0142u mo\u017cna dokona\u0107 do 6 grudnia br.<\/strong> <strong>w\u0142\u0105cznie.<\/strong><\/span><\/p>\n<p><span style=\"font-size: 12pt;\"><strong><a href=\"http:\/\/transfer.us.edu.pl\/seminarium-otoczenie-przyjazne-osobom-starszym\">REJESTRACJA na wydarzenie &gt;&gt;&gt;<\/a><\/strong> \u00a0<\/span><\/p>\n<p><strong><span style=\"font-size: 12pt;\"><a href=\"https:\/\/us.edu.pl\/centra-badawcze\/opmim\/wp-content\/uploads\/sites\/56\/Nieprzypisane\/Seminarium-OPMiM_AKADEMIA-SAMORZ\u0104DOWA_07.12.2021_Program.pdf\" class=\"mtli_attachment mtli_pdf\">AGENDA seminarium &gt;&gt;&gt;<\/a><\/span><\/strong><\/p>\n<p>&nbsp;<\/p>\n<p><span style=\"font-size: 12pt;\">W razie pyta\u0144 zapraszamy do kontaktu z p. Zuzann\u0105 Neuve-\u00c9glise: <a href=\"mailto:zuzanna.neuve-eglise@us.edu.pl\">zuzanna.neuve-eglise@us.edu.pl<\/a> (tel. 32\u00a0359 18 16).<\/span><\/p>\n<p><span style=\"font-size: 12pt; color: #bf1d1d;\">Przed seminarium otrzymaj\u0105 Pa\u0144stwo mailowo *<strong>link<\/strong>\u00a0niezb\u0119dny do prawid\u0142owego do\u0142\u0105czenia do wydarzenia.<\/span><\/p>\n<p><span style=\"font-size: 12pt;\"><span style=\"color: #bf1d1d;\">*Uwaga: link zostanie do Pa\u0144stwa przes\u0142any po weryfikacji zg\u0142osze\u0144.<\/span> Je\u015bli nie b\u0119dzie znajdowa\u0142 si\u0119 w Pa\u0144stwa skrzynce odbiorczej prosimy o:<\/span><\/p>\n<ol>\n<li><span style=\"font-size: 12pt;\">Sprawdzenie folderu SPAM w skrzynce mailowej<\/span><\/li>\n<li><span style=\"font-size: 12pt;\">Skontaktowanie si\u0119 z osob\u0105 kontaktow\u0105 podan\u0105 powy\u017cej<\/span><\/li>\n<\/ol>\n<p><span style=\"font-size: 12pt;\"><strong>Wsp\u00f3\u0142organizacja przez U\u015a spotkania jest dofinansowana z programu \u201eSpo\u0142eczna odpowiedzialno\u015b\u0107 nauki\u201d Ministra Edukacji i Nauki.<\/strong><\/span><\/p>\n<p><img class=\"alignnone size-medium wp-image-1297\" src=\"https:\/\/us.edu.pl\/centra-badawcze\/opmim\/wp-content\/uploads\/sites\/56\/Nieprzypisane\/Logo_ministerstwo_poziom_PL-300x155.jpg\" alt=\"Ministerstwo Edukacji i Nauki: bia\u0142y orze\u0142 na czerwonym tle\" width=\"300\" height=\"155\" srcset=\"https:\/\/us.edu.pl\/centra-badawcze\/opmim\/wp-content\/uploads\/sites\/56\/Nieprzypisane\/Logo_ministerstwo_poziom_PL-300x155.jpg 300w, https:\/\/us.edu.pl\/centra-badawcze\/opmim\/wp-content\/uploads\/sites\/56\/Nieprzypisane\/Logo_ministerstwo_poziom_PL-768x396.jpg 768w, https:\/\/us.edu.pl\/centra-badawcze\/opmim\/wp-content\/uploads\/sites\/56\/Nieprzypisane\/Logo_ministerstwo_poziom_PL-1024x528.jpg 1024w, https:\/\/us.edu.pl\/centra-badawcze\/opmim\/wp-content\/uploads\/sites\/56\/Nieprzypisane\/Logo_ministerstwo_poziom_PL-575x296.jpg 575w\" sizes=\"(max-width: 300px) 100vw, 300px\" \/> \r\n                                <div class=\"mt-3\"><\/div>\r\n                            <\/div>\r\n                            \r\n                            <div class=\"text-modules__img\"><img src=\"https:\/\/us.edu.pl\/centra-badawcze\/opmim\/wp-content\/uploads\/sites\/56\/Nieprzypisane\/Seminarium-OPMiM_Otoczenie-przyjazne-osobom-starszym_7-grudnia-2021_plakat.jpg\" alt=\"img\"><\/div>\r\n                        <\/div>\r\n                    <\/div>\r\n                <\/div>[\/vc_column][\/vc_row]<\/p>","protected":false},"excerpt":{"rendered":"<p>[vc_row][vc_column][\/vc_column][\/vc_row] [&#8230;]<\/p>\n<p><a class=\"btn btn-secondary understrap-read-more-link\" href=\"https:\/\/us.edu.pl\/centra-badawcze\/opmim\/seminarium-otoczenie-przyjazne-osobom-starszym\/\">Read More&#8230;<\/a><\/p>\n","protected":false},"author":2808,"featured_media":0,"parent":0,"menu_order":0,"comment_status":"closed","ping_status":"closed","template":"","meta":{"_expiration-date-status":"saved","_expiration-date":0,"_expiration-date-type":"","_expiration-date-categories":[],"_expiration-date-options":[]},"acf":[],"_links":{"self":[{"href":"https:\/\/us.edu.pl\/centra-badawcze\/opmim\/wp-json\/wp\/v2\/pages\/1256"}],"collection":[{"href":"https:\/\/us.edu.pl\/centra-badawcze\/opmim\/wp-json\/wp\/v2\/pages"}],"about":[{"href":"https:\/\/us.edu.pl\/centra-badawcze\/opmim\/wp-json\/wp\/v2\/types\/page"}],"author":[{"embeddable":true,"href":"https:\/\/us.edu.pl\/centra-badawcze\/opmim\/wp-json\/wp\/v2\/users\/2808"}],"replies":[{"embeddable":true,"href":"https:\/\/us.edu.pl\/centra-badawcze\/opmim\/wp-json\/wp\/v2\/comments?post=1256"}],"version-history":[{"count":3,"href":"https:\/\/us.edu.pl\/centra-badawcze\/opmim\/wp-json\/wp\/v2\/pages\/1256\/revisions"}],"predecessor-version":[{"id":1335,"href":"https:\/\/us.edu.pl\/centra-badawcze\/opmim\/wp-json\/wp\/v2\/pages\/1256\/revisions\/1335"}],"wp:attachment":[{"href":"https:\/\/us.edu.pl\/centra-badawcze\/opmim\/wp-json\/wp\/v2\/media?parent=1256"}],"curies":[{"name":"wp","href":"https:\/\/api.w.org\/{rel}","templated":true}]}}