{"id":371,"date":"2021-01-05T15:45:31","date_gmt":"2021-01-05T14:45:31","guid":{"rendered":"http:\/\/us.edu.pl\/centra-badawcze\/opmim\/?page_id=371"},"modified":"2021-08-26T15:53:42","modified_gmt":"2021-08-26T13:53:42","slug":"doradztwo-eksperckie-i-wspomaganie-procesow-decyzyjnych","status":"publish","type":"page","link":"https:\/\/us.edu.pl\/centra-badawcze\/opmim\/doradztwo-eksperckie-i-wspomaganie-procesow-decyzyjnych\/","title":{"rendered":"Doradztwo eksperckie w procesach decyzyjnych"},"content":{"rendered":"<p>[vc_row][vc_column]\r\n                <div class=\"text-modules\">\r\n                    <div class=\"container\">\r\n                        <h3 class=\"page-title text__title\">Doradztwo eksperckie i wspomaganie proces\u00f3w decyzyjnych<\/h3>\r\n                        <div class=\"text-modules__content\"><p><span style=\"font-size: 12pt;\">Obserwatorium wychodzi naprzeciw potrzebom jednostek samorz\u0105du terytorialnego i podmiot\u00f3w gospodarczych, oferuj\u0105c profesjonalne us\u0142ugi doradztwa eksperckiego opartego na wynikach rzetelnych bada\u0144 naukowych.<br \/>\nDzi\u0119ki naszym us\u0142ugom organy w\u0142adzy publicznej mog\u0105 uzyska\u0107 rzeczowy materia\u0142, stanowi\u0105cy podbudow\u0119 dla podejmowania decyzji w realiach z\u0142o\u017conej miejskiej rzeczywisto\u015bci. Doradztwo mo\u017ce tak\u017ce obj\u0105\u0107 wsparcie eksperckie w ramach tematycznych spotka\u0144, komisji i grup doradczych.<\/span><\/p>\n<p><span style=\"text-decoration: underline; font-size: 12pt;\"><span style=\"color: #000080;\"><a style=\"color: #000080;\" href=\"https:\/\/us.edu.pl\/centra-badawcze\/opmim\/zespoly-eksperckie\/\"><strong>Sprawd\u017a szerokie spektrum zagadnie\u0144, kt\u00f3rymi zajmuje si\u0119 kadra naszych ekspert\u00f3w &gt;&gt;&gt;<\/strong><\/a><\/span><\/span><\/p>\n<p><span style=\"font-size: 12pt;\"><img class=\"alignnone size-full wp-image-426\" src=\"http:\/\/us.edu.pl\/centra-badawcze\/opmim\/wp-content\/uploads\/sites\/56\/Nieprzypisane\/Ikonka_doradztwo.jpg\" alt=\"\" width=\"134\" height=\"100\" \/><\/span><\/p>\n<\/div>\r\n                    <\/div>\r\n                <\/div>[\/vc_column][\/vc_row]<\/p>","protected":false},"excerpt":{"rendered":"<p>[vc_row][vc_column][\/vc_column][\/vc_row] [&#8230;]<\/p>\n<p><a class=\"btn btn-secondary understrap-read-more-link\" href=\"https:\/\/us.edu.pl\/centra-badawcze\/opmim\/doradztwo-eksperckie-i-wspomaganie-procesow-decyzyjnych\/\">Read More&#8230;<\/a><\/p>\n","protected":false},"author":2808,"featured_media":0,"parent":0,"menu_order":0,"comment_status":"closed","ping_status":"closed","template":"","meta":{"_expiration-date-status":"saved","_expiration-date":0,"_expiration-date-type":"","_expiration-date-categories":[],"_expiration-date-options":[]},"acf":[],"_links":{"self":[{"href":"https:\/\/us.edu.pl\/centra-badawcze\/opmim\/wp-json\/wp\/v2\/pages\/371"}],"collection":[{"href":"https:\/\/us.edu.pl\/centra-badawcze\/opmim\/wp-json\/wp\/v2\/pages"}],"about":[{"href":"https:\/\/us.edu.pl\/centra-badawcze\/opmim\/wp-json\/wp\/v2\/types\/page"}],"author":[{"embeddable":true,"href":"https:\/\/us.edu.pl\/centra-badawcze\/opmim\/wp-json\/wp\/v2\/users\/2808"}],"replies":[{"embeddable":true,"href":"https:\/\/us.edu.pl\/centra-badawcze\/opmim\/wp-json\/wp\/v2\/comments?post=371"}],"version-history":[{"count":14,"href":"https:\/\/us.edu.pl\/centra-badawcze\/opmim\/wp-json\/wp\/v2\/pages\/371\/revisions"}],"predecessor-version":[{"id":1191,"href":"https:\/\/us.edu.pl\/centra-badawcze\/opmim\/wp-json\/wp\/v2\/pages\/371\/revisions\/1191"}],"wp:attachment":[{"href":"https:\/\/us.edu.pl\/centra-badawcze\/opmim\/wp-json\/wp\/v2\/media?parent=371"}],"curies":[{"name":"wp","href":"https:\/\/api.w.org\/{rel}","templated":true}]}}