{"id":375,"date":"2021-01-05T15:48:02","date_gmt":"2021-01-05T14:48:02","guid":{"rendered":"http:\/\/us.edu.pl\/centra-badawcze\/opmim\/?page_id=375"},"modified":"2021-08-26T15:51:20","modified_gmt":"2021-08-26T13:51:20","slug":"popularyzacja-wiedzy","status":"publish","type":"page","link":"https:\/\/us.edu.pl\/centra-badawcze\/opmim\/popularyzacja-wiedzy\/","title":{"rendered":"Popularyzacja wiedzy"},"content":{"rendered":"<p>[vc_row][vc_column]\r\n                <div class=\"text-modules\">\r\n                    <div class=\"container\">\r\n                        <h3 class=\"page-title text__title\">Popularyzacja wiedzy<\/h3>\r\n                        <div class=\"text-modules__content\"><p><span style=\"font-size: 12pt;\">Jednym z cel\u00f3w Obserwatorium jest dysseminacja rzetelnej, opartej na dowodach wiedzy pozwalaj\u0105cej na kreowanie i realizowanie efektywnych polityk publicznych.\u00a0<\/span><\/p>\n<p><span style=\"font-size: 12pt;\">W ramach tej misji Obserwatorium prowadzi nast\u0119puj\u0105ce dzia\u0142ania:<\/span><\/p>\n<ul style=\"list-style-type: circle;\">\n<li><span style=\"font-size: 12pt;\">organizacja konferencji, seminari\u00f3w oraz cyklicznych spotka\u0144 w ramach <a href=\"https:\/\/us.edu.pl\/centra-badawcze\/opmim\/spotkania-trzech-sektorow\/\"><strong>Akademii Samorz\u0105dowej<\/strong><\/a> (kwartalnych spotka\u0144 typu <em>science to business<\/em> dla przedstawicieli jednostek samorz\u0105du terytorialnego, instytucji publicznych i przedsi\u0119biorstw);<\/span><\/li>\n<li><span style=\"font-size: 12pt;\">wzbogacanie debaty publicznej w zakresie wyzwa\u0144, szans i zagro\u017ce\u0144 stoj\u0105cych przed obszarami miejskimi perspektywie ich zr\u00f3wnowa\u017conego rozwoju;<\/span><\/li>\n<li><span style=\"font-size: 12pt;\">tworzenie p\u0142aszczyzny wymiany informacji i do\u015bwiadcze\u0144 pomi\u0119dzy osobami i instytucjami zainteresowanymi problematyk\u0105 konurbacji g\u00f3rno\u015bl\u0105skiej i nale\u017c\u0105cych do niej miast;<\/span><\/li>\n<li><span style=\"font-size: 12pt;\">prowadzenie dzia\u0142alno\u015bci wydawniczej.<\/span><\/li>\n<\/ul>\n<p>\n<\/div>\r\n                    <\/div>\r\n                <\/div>[\/vc_column][\/vc_row]<\/p>","protected":false},"excerpt":{"rendered":"<p>[vc_row][vc_column][\/vc_column][\/vc_row] [&#8230;]<\/p>\n<p><a class=\"btn btn-secondary understrap-read-more-link\" href=\"https:\/\/us.edu.pl\/centra-badawcze\/opmim\/popularyzacja-wiedzy\/\">Read More&#8230;<\/a><\/p>\n","protected":false},"author":2808,"featured_media":0,"parent":0,"menu_order":0,"comment_status":"closed","ping_status":"closed","template":"","meta":{"_expiration-date-status":"saved","_expiration-date":0,"_expiration-date-type":"","_expiration-date-categories":[],"_expiration-date-options":[]},"acf":[],"_links":{"self":[{"href":"https:\/\/us.edu.pl\/centra-badawcze\/opmim\/wp-json\/wp\/v2\/pages\/375"}],"collection":[{"href":"https:\/\/us.edu.pl\/centra-badawcze\/opmim\/wp-json\/wp\/v2\/pages"}],"about":[{"href":"https:\/\/us.edu.pl\/centra-badawcze\/opmim\/wp-json\/wp\/v2\/types\/page"}],"author":[{"embeddable":true,"href":"https:\/\/us.edu.pl\/centra-badawcze\/opmim\/wp-json\/wp\/v2\/users\/2808"}],"replies":[{"embeddable":true,"href":"https:\/\/us.edu.pl\/centra-badawcze\/opmim\/wp-json\/wp\/v2\/comments?post=375"}],"version-history":[{"count":10,"href":"https:\/\/us.edu.pl\/centra-badawcze\/opmim\/wp-json\/wp\/v2\/pages\/375\/revisions"}],"predecessor-version":[{"id":1189,"href":"https:\/\/us.edu.pl\/centra-badawcze\/opmim\/wp-json\/wp\/v2\/pages\/375\/revisions\/1189"}],"wp:attachment":[{"href":"https:\/\/us.edu.pl\/centra-badawcze\/opmim\/wp-json\/wp\/v2\/media?parent=375"}],"curies":[{"name":"wp","href":"https:\/\/api.w.org\/{rel}","templated":true}]}}