{"id":443,"date":"2021-01-13T14:05:19","date_gmt":"2021-01-13T13:05:19","guid":{"rendered":"http:\/\/us.edu.pl\/centra-badawcze\/opmim\/?page_id=443"},"modified":"2021-08-26T15:52:47","modified_gmt":"2021-08-26T13:52:47","slug":"badania-i-ekspertyzy","status":"publish","type":"page","link":"https:\/\/us.edu.pl\/centra-badawcze\/opmim\/badania-i-ekspertyzy\/","title":{"rendered":"Badania i ekspertyzy"},"content":{"rendered":"<p>[vc_row][vc_column]\r\n                <div class=\"text-modules\">\r\n                    <div class=\"container\">\r\n                        <h3 class=\"page-title text__title\">Badania i ekspertyzy<\/h3>\r\n                        <div class=\"text-modules__content\"><p><span style=\"font-size: 12pt;\">Eksperci zrzeszeni w Obserwatorium oferuj\u0105 szeroki zakres us\u0142ug badawczych, kt\u00f3ry obejmuje:<\/span><\/p>\n<ul style=\"list-style-type: circle;\">\n<li><span style=\"font-size: 12pt;\">badania proces\u00f3w miejskich i metropolitalnych oraz zwi\u0105zanych z nimi wyzwa\u0144 i potrzeb jednostek samorz\u0105du terytorialnego;<\/span><\/li>\n<li><span style=\"font-size: 12pt;\">analizy i badania sektorowe w r\u00f3\u017cnych obszarach (np. transport, turystyka, kultura, rynek pracy i jego trendy, us\u0142ugi komunalne, sektor edukacji, sytuacja demograficzna, infrastruktura i us\u0142ugi w zakresie s\u0142u\u017cby zdrowia i pomocy socjalnej);<\/span><\/li>\n<li><span style=\"font-size: 12pt;\">opracowywanie diagnoz spo\u0142eczno-gospodarczych dla jednostek samorz\u0105du terytorialnego oraz obszaru metropolitalnego;<\/span><\/li>\n<li><span style=\"font-size: 12pt;\">opracowywanie raport\u00f3w i rekomendacji w wybranym zakresie tematycznym.<\/span><\/li>\n<\/ul>\n<p><span style=\"text-decoration: underline; font-size: 12pt;\"><span style=\"color: #000080;\"><strong><a style=\"color: #000080; text-decoration: underline;\" href=\"https:\/\/us.edu.pl\/centra-badawcze\/opmim\/zespoly-eksperckie\/\">Zobacz zagadnienia badawcze zespo\u0142\u00f3w eksperckich &gt;&gt;&gt;<\/a><\/strong><\/span><\/span><\/p>\n<p><span style=\"text-decoration: underline; color: #000080; font-size: 12pt;\"><a style=\"color: #000080;\" href=\"https:\/\/us.edu.pl\/centra-badawcze\/opmim\/doswiadczenie\/\"><strong>Zobacz przyk\u0142ady zrealizowanych bada\u0144 &gt;&gt;&gt;<\/strong><\/a><\/span><\/p>\n<p><span style=\"font-size: 12pt;\"><img class=\"alignnone wp-image-414 size-full\" src=\"https:\/\/us.edu.pl\/centra-badawcze\/opmim\/wp-content\/uploads\/sites\/56\/Nieprzypisane\/Ikonka_badania-i-ekspertyzy.jpg\" alt=\"Grafika: badania i ekspertyzy (miasto pod lup\u0105)\" width=\"113\" height=\"94\" \/><\/span><\/p>\n<\/div>\r\n                    <\/div>\r\n                <\/div>[\/vc_column][\/vc_row]<\/p>","protected":false},"excerpt":{"rendered":"<p>[vc_row][vc_column][\/vc_column][\/vc_row] [&#8230;]<\/p>\n<p><a class=\"btn btn-secondary understrap-read-more-link\" href=\"https:\/\/us.edu.pl\/centra-badawcze\/opmim\/badania-i-ekspertyzy\/\">Read More&#8230;<\/a><\/p>\n","protected":false},"author":2808,"featured_media":0,"parent":0,"menu_order":0,"comment_status":"closed","ping_status":"closed","template":"","meta":{"_expiration-date-status":"saved","_expiration-date":0,"_expiration-date-type":"","_expiration-date-categories":[],"_expiration-date-options":[]},"acf":[],"_links":{"self":[{"href":"https:\/\/us.edu.pl\/centra-badawcze\/opmim\/wp-json\/wp\/v2\/pages\/443"}],"collection":[{"href":"https:\/\/us.edu.pl\/centra-badawcze\/opmim\/wp-json\/wp\/v2\/pages"}],"about":[{"href":"https:\/\/us.edu.pl\/centra-badawcze\/opmim\/wp-json\/wp\/v2\/types\/page"}],"author":[{"embeddable":true,"href":"https:\/\/us.edu.pl\/centra-badawcze\/opmim\/wp-json\/wp\/v2\/users\/2808"}],"replies":[{"embeddable":true,"href":"https:\/\/us.edu.pl\/centra-badawcze\/opmim\/wp-json\/wp\/v2\/comments?post=443"}],"version-history":[{"count":9,"href":"https:\/\/us.edu.pl\/centra-badawcze\/opmim\/wp-json\/wp\/v2\/pages\/443\/revisions"}],"predecessor-version":[{"id":1190,"href":"https:\/\/us.edu.pl\/centra-badawcze\/opmim\/wp-json\/wp\/v2\/pages\/443\/revisions\/1190"}],"wp:attachment":[{"href":"https:\/\/us.edu.pl\/centra-badawcze\/opmim\/wp-json\/wp\/v2\/media?parent=443"}],"curies":[{"name":"wp","href":"https:\/\/api.w.org\/{rel}","templated":true}]}}