{"id":445,"date":"2021-01-13T14:07:59","date_gmt":"2021-01-13T13:07:59","guid":{"rendered":"http:\/\/us.edu.pl\/centra-badawcze\/opmim\/?page_id=445"},"modified":"2024-04-11T15:51:05","modified_gmt":"2024-04-11T13:51:05","slug":"akademia-samorzadowa","status":"publish","type":"page","link":"https:\/\/us.edu.pl\/centra-badawcze\/opmim\/akademia-samorzadowa\/","title":{"rendered":"Akademia Samorz\u0105dowa"},"content":{"rendered":"<p>[vc_row][vc_column]\r\n                <div class=\"text-modules\">\r\n                    <div class=\"container\">\r\n                        <h3 class=\"page-title text__title\">Akademia Samorz\u0105dowa<\/h3>\r\n                        <div class=\"text-modules__content\"><p><span style=\"font-size: 12pt;\">Od pocz\u0105tku swojego istnienia Obserwatorium buduje przestrze\u0144 dialogu, wsp\u00f3\u0142pracy oraz wymiany wiedzy i do\u015bwiadcze\u0144 pomi\u0119dzy \u015brodowiskiem naukowym, otoczeniem spo\u0142eczno-biznesowym oraz lokalnym i regionalnym samorz\u0105dem. W tym celu organizuje cykliczne spotkania\u00a0<em>science to business<\/em>\u00a0pod nazw\u0105 \u201eAkademia Samorz\u0105dowa\u201d. W ramach tej inicjatywy wsp\u00f3\u0142pracuje z wieloma instytucjami i osobisto\u015bciami \u015bwiata nauki i polityki, jak europose\u0142 prof. Jerzy Buzek czy Kazimierz Karolczak, Przewodnicz\u0105cy G\u00f3rno\u015bl\u0105sko-Zag\u0142\u0119biowskiej Metropolii.<\/span><\/p>\n<p><span style=\"font-size: 12pt;\"><strong><span style=\"color: #000080;\">Dotychczas w ramach \u201cAkademii Samorz\u0105dowej\u201d odby\u0142y si\u0119 nast\u0119puj\u0105ce seminaria:<\/span><\/strong><\/span><\/p>\n<ol>\n<li><span style=\"font-size: 12pt;\"><a href=\"https:\/\/us.edu.pl\/centra-badawcze\/opmim\/inauguracja-obserwatorium-kwiecien-2017\">Seminarium inauguruj\u0105ce dzia\u0142alno\u015b\u0107 Obserwatorium \u201eNauka dla samorz\u0105du \u2013 wiedzie\u0107, \u017ceby dzia\u0142a\u0107\u201d i warsztaty 4 kwietnia 2017 r.<\/a><\/span><\/li>\n<li><span style=\"font-size: 12pt;\">Seminarium <a href=\"https:\/\/us.edu.pl\/centra-badawcze\/opmim\/inauguracja-obserwatorium-kwiecien-2017\" target=\"_blank\" rel=\"noopener noreferrer\">\u201eRewitalizacja zdegradowanych obszar\u00f3w miejskich w projektach finansowanych w ramach Zintegrowanych Inwestycji Terytorialnych Regionalnego Programu Operacyjnego Wojew\u00f3dztwa \u015al\u0105skiego na lata 2014-2020\u201d 16 kwietnia 2018 r., wsp\u00f3\u0142praca: Zwi\u0105zek Gmin i Powiat\u00f3w Subregionu Centralnego Woj. \u015al\u0105skiego <strong>&gt;&gt;&gt;<\/strong><\/a><\/span><\/li>\n<li><span style=\"font-size: 12pt;\"><a href=\"http:\/\/us.edu.pl\/centra-badawcze\/opmim\/3-seminarium-2018\/\">Seminarium \u201eBezp\u0142atny transport zbiorowy w miastach: przysz\u0142o\u015b\u0107 czy populizm?\u201d 14 wrze\u015bnia 2018 r.\u00a0<\/a><\/span><\/li>\n<li><span style=\"font-size: 12pt;\"><a href=\"http:\/\/us.edu.pl\/centra-badawcze\/opmim\/4-seminarium-1-marca-2019-r\/\">Seminarium \u201eW stron\u0119 natury, czyli jak poprawi\u0107 jako\u015b\u0107 \u017cycia w mie\u015bcie\u201d 1 marca 2019 r.<\/a>\u00a0<\/span><\/li>\n<li><span style=\"font-size: 12pt;\"><a href=\"http:\/\/us.edu.pl\/centra-badawcze\/opmim\/5-seminarium-24-maja-2019-r\/\">Seminarium \u201eCzym oddychamy? \u2013 monitoring jako\u015bci powietrza i jego ochrona\u201d 24 maja 2019 r.\u00a0<\/a><\/span><\/li>\n<li><span style=\"font-size: 12pt;\"><a href=\"http:\/\/us.edu.pl\/centra-badawcze\/opmim\/6-seminarium-2019-r\/\">Seminarium \u201eSeniorzy a srebrna gospodarka \u2013 szanse, wyzwania, perspektywy\u201d 21 pa\u017adziernika 2019 r.\u00a0<\/a><\/span><\/li>\n<li><span style=\"font-size: 12pt;\"><a href=\"https:\/\/us.edu.pl\/centra-badawcze\/opmim\/7-seminarium-23-marca-2020-r\/\">Seminarium \u201eGospodarka obiegu zamkni\u0119tego w miastach: idea czy rzeczywisto\u015b\u0107\u201d 23 marca 2020 r. \u2013&gt; ODWO\u0141ANE z powodu pandemii COVID-19<\/a><\/span><\/li>\n<li><a href=\"https:\/\/us.edu.pl\/centra-badawcze\/opmim\/2022\/05\/05\/seminarium-otoczenie-przyjazne-seniorom-26-maja-2022\/\"><span style=\"font-size: 12pt;\">Seminarium \u201eOtoczenie przyjazne seniorom: mieszkanie, infrastruktura, miasto\u201d 26 maja 2022 r.<\/span><\/a><\/li>\n<\/ol>\n<p><span style=\"font-size: 12pt;\"><strong><span style=\"color: #000080;\">Seminaria organizowane w ramach programu &#8222;Spo\u0142eczna odpowiedzialno\u015b\u0107 nauki&#8221; Ministra Edukacji i Nauki:<\/span><\/strong><\/span><\/p>\n<ol>\n<li><span style=\"font-size: 12pt;\"><a href=\"https:\/\/us.edu.pl\/centra-badawcze\/opmim\/seminarium-seniorzy-pandemia-maj-2021\">Seminarium &#8222;Seniorzy w obliczu pandemii \u2013 problemy, nadzieje, rozwi\u0105zania&#8221; 18 maja 2021 r.<\/a><\/span><\/li>\n<li><a href=\"https:\/\/us.edu.pl\/centra-badawcze\/opmim\/seminarium-human-smart-city\/\"><span style=\"font-size: 12pt;\">Seminarium &#8222;Human Smart City &#8211; inteligentne rozwi\u0105zania dla ludzi i z lud\u017ami&#8221; 26 pa\u017adziernika 2021 r.\u00a0<\/span><\/a><\/li>\n<li><a href=\"https:\/\/us.edu.pl\/centra-badawcze\/opmim\/ seminarium-otoczenie-przyjazne-osobom-starszym \/\"><span style=\"font-size: 12pt;\">Seminarium &#8222;Otoczenie przyjazne osobom starszym &#8211; modelowanie us\u0142ug spo\u0142ecznych&#8221; 7 grudnia 2021 r.<\/span><\/a><\/li>\n<\/ol>\n<p>&nbsp;<\/p>\n<p><strong><span style=\"font-size: 12pt; color: #000080;\">Inne wydarzenia organizowane w ramach popularyzacji nauki:<\/span><br \/>\n<\/strong><\/p>\n<ol>\n<li><span style=\"font-size: 12pt;\"><a href=\"https:\/\/us.edu.pl\/event\/miedzynarodowa-konferencja-pt-metropolia-pod-napieciem\/\">Konferencja mi\u0119dzynarodowa pn. \u201eMetropolia pod napi\u0119ciem\u201d<\/a> w ramach sympozjum \u201eMiasto pod napi\u0119ciem\u201d odbywaj\u0105cego si\u0119 w Uniwersytecie \u015al\u0105skim 29 wrze\u015bnia 2017 r.<\/span><\/li>\n<li><span style=\"font-size: 12pt;\"><a href=\"https:\/\/us.edu.pl\/student\/event\/miedzynarodowa-konferencja-naukowa-pt-metropolitalne-perspektywy-na-lepsza-miejska-przyszlosc\/\">Konferencja mi\u0119dzynarodowa pn. \u201eKonferencja metropolitalna. Metropolitalne perspektywy na lepsz\u0105 miejsk\u0105 przysz\u0142o\u015b\u0107 \u2013 idee, mieszka\u0144cy, instytucje\u201d w formie hybrydowej<\/a>, 10 lutego 2022 r. Konferencja uzyska\u0142a <strong>tytu\u0142 \u201cOficjalnego wydarzenia towarzysz\u0105cego 11. sesji \u015awiatowego Forum Miejskiego \u2013 WUF11\u201d.<\/strong><br \/>\n<\/span><\/li>\n<li><span style=\"font-size: 12pt;\"><a href=\"https:\/\/us.edu.pl\/event\/swiatowe-forum-miejskie-2022\/#sroda\">Debata pn. \u201eInnowatorzy spo\u0142eczni w wielkim mie\u015bcie\u201d oraz warsztaty pn. \u201eUpcycling, czyli miejskie majsterkowanie \u00a0\u2013 o spo\u0142ecznym wymiarze gospodarki cyrkularnej\u201d<\/a> (wsp\u00f3\u0142praca ze <a href=\"https:\/\/kurkawodna.org\/\">Stowarzyszeniem Kurka Wodna<\/a> w Katowicach) w Strefie Nauki U\u015a w czasie 11. \u015awiatowego Forum Miejskiego (WUF11) w Katowicach 29 czerwca 2022 r.<\/span><\/li>\n<li><span style=\"font-size: 12pt;\">Wsp\u00f3\u0142praca z mi\u0119dzynarodow\u0105 organizacj\u0105 UN-Habitat UNI w zwi\u0105zku z organizacj\u0105 wydarzenia &#8222;Academia Roundtable\u201d (Akademicki Okr\u0105g\u0142y St\u00f3\u0142) podczas 11. \u015awiatowego Forum Miejskiego (WUF11) w Katowicach 29 czerwca 2022 r. <a href=\"https:\/\/wuf.unhabitat.org\/event\/academia-roundtable\">Wyst\u0105pienie dr. hab. Roberta Pyki, prof. U\u015a w panelu pn. \u201eTransforming our cities for a better urban future, innovative research that informs policy making\u201d na zaproszenie UN-Habitat<\/a>.<\/span><\/li>\n<li><span style=\"font-size: 12pt;\">Wsp\u00f3\u0142praca z Miastem Katowice przy organizacji sesji panelowej pn. &#8222;Multidimensional transformation of post-industrial cities\u201d w ramach \u201eVoices from Cities\u201d w czasie WUF-11 w Katowicach.\u00a0 <a href=\"https:\/\/wuf.unhabitat.org\/event\/multidimensional-transformation-post-industrial-cities\">Moderacja przez dr. hab. Roberta Pyk\u0119, prof. U\u015a panelu dyskusyjnego na zaproszenie PM Marcina Krupy<\/a>.<\/span><\/li>\n<li><span style=\"font-size: 12pt;\">Organizacja seminarium i debaty pn. <a href=\"https:\/\/us.edu.pl\/centra-badawcze\/opmim\/2024\/04\/03\/relacja-seminarium-i-debata-jak-dzialaja-metropolie-i-obszary-metropolitalne-w-europie-srodkowej-w-ramach-tygodnia-miasta-emnk-2024\/\">\u201eJak dzia\u0142aj\u0105 metropolie i obszary metropolitalne w Europie \u015arodkowej?\u201d w ramach <strong><em>Tygodnia Miasta<\/em> Europejskiego Miasta Nauki 2024<\/strong> 20 marca 2024 r.<\/a> we wsp\u00f3\u0142pracy z partnerami z Polski i Czech, popularyzacja wynik\u00f3w projektu europejskiego pn. \u201eWzmacnianie wsp\u00f3\u0142pracy i metropolitalnego wsp\u00f3\u0142rz\u0105dzenia w Europie \u015arodkowej\u201d (<strong><a href=\"https:\/\/www.interreg-central.eu\/projects\/mecog-ce\/\">MECOG-CE<\/a><\/strong>)\u00a0<\/span><strong><br \/>\n<\/strong><\/li>\n<\/ol>\n<p>\n<\/div>\r\n                    <\/div>\r\n                <\/div>[\/vc_column][\/vc_row][vc_row][vc_column][vc_column_text][\/vc_column_text][\/vc_column][\/vc_row][vc_row][vc_column][vc_column_text][\/vc_column_text][\/vc_column][\/vc_row][vc_row][vc_column][vc_column_text]<\/p>","protected":false},"excerpt":{"rendered":"<p>[vc_row][vc_column][\/vc_column][\/vc_row][vc_row][vc_column][vc_column_text][\/vc_column_text][\/vc_column][\/vc_row][vc_row][vc_column][vc_column_text][\/vc_column_text][\/vc_column][\/vc_row][vc_row][vc_column][vc_column_text] [&#8230;]<\/p>\n<p><a class=\"btn btn-secondary understrap-read-more-link\" href=\"https:\/\/us.edu.pl\/centra-badawcze\/opmim\/akademia-samorzadowa\/\">Read More&#8230;<\/a><\/p>\n","protected":false},"author":2808,"featured_media":0,"parent":0,"menu_order":0,"comment_status":"closed","ping_status":"closed","template":"","meta":{"_expiration-date-status":"","_expiration-date":0,"_expiration-date-type":"","_expiration-date-categories":[],"_expiration-date-options":[]},"acf":[],"_links":{"self":[{"href":"https:\/\/us.edu.pl\/centra-badawcze\/opmim\/wp-json\/wp\/v2\/pages\/445"}],"collection":[{"href":"https:\/\/us.edu.pl\/centra-badawcze\/opmim\/wp-json\/wp\/v2\/pages"}],"about":[{"href":"https:\/\/us.edu.pl\/centra-badawcze\/opmim\/wp-json\/wp\/v2\/types\/page"}],"author":[{"embeddable":true,"href":"https:\/\/us.edu.pl\/centra-badawcze\/opmim\/wp-json\/wp\/v2\/users\/2808"}],"replies":[{"embeddable":true,"href":"https:\/\/us.edu.pl\/centra-badawcze\/opmim\/wp-json\/wp\/v2\/comments?post=445"}],"version-history":[{"count":10,"href":"https:\/\/us.edu.pl\/centra-badawcze\/opmim\/wp-json\/wp\/v2\/pages\/445\/revisions"}],"predecessor-version":[{"id":1688,"href":"https:\/\/us.edu.pl\/centra-badawcze\/opmim\/wp-json\/wp\/v2\/pages\/445\/revisions\/1688"}],"wp:attachment":[{"href":"https:\/\/us.edu.pl\/centra-badawcze\/opmim\/wp-json\/wp\/v2\/media?parent=445"}],"curies":[{"name":"wp","href":"https:\/\/api.w.org\/{rel}","templated":true}]}}