{"id":454,"date":"2021-01-13T14:38:43","date_gmt":"2021-01-13T13:38:43","guid":{"rendered":"http:\/\/us.edu.pl\/centra-badawcze\/opmim\/?page_id=454"},"modified":"2021-08-26T16:03:26","modified_gmt":"2021-08-26T14:03:26","slug":"rewitalizacja","status":"publish","type":"page","link":"https:\/\/us.edu.pl\/centra-badawcze\/opmim\/rewitalizacja\/","title":{"rendered":"Rewitalizacja"},"content":{"rendered":"<p>[vc_row][vc_column]\r\n                <div class=\"text-modules\">\r\n                    <div class=\"container\">\r\n                        <h3 class=\"page-title text__title\">Rewitalizacja<\/h3>\r\n                        <div class=\"text-modules__content\"><p><span style=\"font-size: 12pt;\"><strong>Rewitalizacja<\/strong>\u00a0to\u00a0<strong>proces wyprowadzania ze stanu kryzysowego obszar\u00f3w zdegradowanych<\/strong>, prowadzony kompleksowo, poprzez zintegrowane dzia\u0142ania na rzecz lokalnej spo\u0142eczno\u015bci, przestrzeni i gospodarki. Dzia\u0142ania te s\u0105 skoncentrowane terytorialnie co oznacza, \u017ce dotycz\u0105 wybranego, niewielkiego obszaru gminy.<\/span><\/p>\n<p><span style=\"font-size: 12pt;\"><strong>Rewitalizacja jest najbardziej kompleksow\u0105 odpowiedzi\u0105<\/strong>\u00a0na degradacj\u0119 techniczn\u0105, gospodarcz\u0105, spo\u0142eczn\u0105, przestrzenn\u0105 i \u015brodowiskow\u0105 obszar\u00f3w miejskich. Jednak pami\u0119ta\u0107 nale\u017cy, \u017ce\u00a0<strong>podstaw\u0105 rewitalizacji jest odpowied\u017a na zdiagnozowane problemy spo\u0142eczne<\/strong>, a pozosta\u0142e obszary problemowe maj\u0105 wy\u0142\u0105cznie charakter uzupe\u0142niaj\u0105cy.<\/span><\/p>\n<p><span style=\"font-size: 12pt;\">Do\u015bwiadczenia miast europejskich wskazuj\u0105, \u017ce rewitalizacja to szerokie dzia\u0142ania na rzecz odnowy spo\u0142ecznej, ekonomicznej i przestrzennej, kt\u00f3re\u00a0<strong>przynosz\u0105 najlepsze efekty przy zaanga\u017cowaniu w jej realizacj\u0119 wszystkich zainteresowanych stron<\/strong>. Rewitalizacji nie prowadzi wy\u0142\u0105cznie gmina \u2013 bior\u0105 w niej udzia\u0142 interesariusze, w tym podmioty publiczne, prywatne, organizacje pozarz\u0105dowe oraz przede wszystkim spo\u0142eczno\u015b\u0107 lokalna.<\/span><\/p>\n<ul>\n<li><span style=\"font-size: 12pt;\">W odpowiedzi na potrzeby miast w dniu 9 pa\u017adziernika 2015 r. uchwalono\u00a0<strong>Ustaw\u0119 o rewitalizacji<\/strong>. Wesz\u0142a ona w \u017cycie w dniu 18 listopada 2015 r.<\/span><\/li>\n<\/ul>\n<p><span style=\"font-size: 12pt;\">Opracowanie i uchwalenie ustawy mia\u0142o na celu usprawnienie procesu rewitalizacji prowadzonego przez samorz\u0105dy. Ustawa\u00a0<strong>dostarcza podstawowych narz\u0119dzi<\/strong>\u00a0niezb\u0119dnych do prowadzenia rewitalizacji przez gmin\u0119, kt\u00f3rej zadaniem jest przygotowanie, koordynowanie i tworzenie warunk\u00f3w do prowadzenia rewitalizacji, a tak\u017ce jej prowadzenie.<\/span><\/p>\n<p><span style=\"font-size: 12pt;\">Gminy, wykorzystuj\u0105c przepisy ustawy, mog\u0105 korzysta\u0107 ze sprawnych narz\u0119dzi rewitalizacji oraz gotowego scenariusza dzia\u0142a\u0144, kt\u00f3ry\u00a0<strong>zapewnia uwzgl\u0119dnienie wszystkich najwa\u017cniejszych czynnik\u00f3w potrzebnych do osi\u0105gni\u0119cia sukcesu<\/strong>, np. koncentracji terytorialnej, uwzgl\u0119dnienia aspekt\u00f3w spo\u0142ecznych, przestrzennych itp.<\/span><\/p>\n<p><span style=\"font-size: 12pt;\"><strong>Rewitalizacja<\/strong>\u00a0prowadzona zgodnie z Ustaw\u0105\u00a0<strong>ma przede wszystkim wymiar spo\u0142eczny<\/strong>\u00a0i na usuwanie problem\u00f3w spo\u0142ecznych k\u0142adziony jest tu najwi\u0119kszy nacisk.<\/span><\/p>\n<ul>\n<li><span style=\"font-size: 12pt;\"><strong>Obserwatorium Proces\u00f3w Miejskich i Metropolitalnych<\/strong>\u00a0<strong>oferuje szeroki zakres wsparcia dla gmin w zakresie opracowywania oraz realizacji proces\u00f3w rewitalizacji<\/strong>. Obserwatorium mo\u017ce realizowa\u0107 zadania obejmuj\u0105ce\u00a0<strong>wypracowanie<\/strong>,\u00a0<strong>wspieranie<\/strong>\u00a0i\u00a0<strong>upowszechnianie<\/strong>\u00a0nowatorskich rozwi\u0105za\u0144 spo\u0142ecznych. W rezultacie naszych dzia\u0142a\u0144 powstaj\u0105 spo\u0142eczne przestrzenie, w kt\u00f3rych mo\u017cna eksperymentowa\u0107, konsultowa\u0107 i zmienia\u0107 \u015brodowisko spo\u0142eczne. S\u0105 to obszary, z kt\u00f3rych Jednostki Samorz\u0105du Terytorialnego mog\u0105 czerpa\u0107 inspiracje i wzmocni\u0107 si\u0119 w kreatywnym i przedsi\u0119biorczym podej\u015bciu do dzia\u0142a\u0144 na rzecz rozwi\u0105zywania wa\u017cnych problem\u00f3w spo\u0142ecznych.<\/span><\/li>\n<\/ul>\n<hr \/>\n<h3><span style=\"font-size: 14pt;\"><strong>OFERTA<\/strong><\/span><\/h3>\n<p><span style=\"font-size: 12pt;\">Przyk\u0142adowa\u00a0<strong>oferta us\u0142ug Obserwatorium<\/strong>\u00a0w zakresie REWITALIZACJI OBSZAR\u00d3W MIEJSKICH obejmuje m.in.:<\/span><\/p>\n<ul>\n<li><span style=\"font-size: 12pt;\"><strong>Diagnozy spo\u0142eczne<\/strong><\/span><\/li>\n<\/ul>\n<ul>\n<li><span style=\"font-size: 12pt;\"><strong>Prace badawcze i konsultacyjne zwi\u0105zane z realizacj\u0105 projekt\u00f3w rewitalizacyjnych<\/strong><\/span><\/li>\n<\/ul>\n<ul>\n<li><span style=\"font-size: 12pt;\"><strong>Kszta\u0142towanie \u015brodowiska spo\u0142ecznego sprzyjaj\u0105cego procesom rewitalizacji<\/strong><\/span><\/li>\n<\/ul>\n<ul>\n<li><span style=\"font-size: 12pt;\"><strong>Diagnoza oraz okre\u015blanie granic obszar\u00f3w problemowych w oparciu o analiz\u0119 na poziomie wewn\u0105trzmiejskim<\/strong><\/span><\/li>\n<\/ul>\n<ul>\n<li><span style=\"font-size: 12pt;\"><strong>Rewitalizacja gleb<\/strong><\/span><\/li>\n<\/ul>\n<ul>\n<li><span style=\"font-size: 12pt;\"><strong>Rewitalizacja funkcjonalno\u015bci ekosystem\u00f3w<\/strong><\/span><\/li>\n<\/ul>\n<ul>\n<li><span style=\"font-size: 14pt;\"><strong><span style=\"font-size: 12pt;\">Rewitalizacja zbiornik\u00f3w i ciek\u00f3w wodnych. Kompleksowa diagnoza stanu, propozycje rozwi\u0105za\u0144, projekty realizacyjne. Przywracanie funkcjonowania ekosystem\u00f3w wodnych<\/span><br \/>\n<\/strong><\/span><\/li>\n<\/ul>\n<hr \/>\n<h3><span style=\"font-size: 14pt;\"><strong>Szczeg\u00f3\u0142owa oferta naszych zespo\u0142\u00f3w badawczych wraz z wykazem ekspert\u00f3w i ich dokona\u0144<\/strong><\/span><\/h3>\n<h4><span style=\"font-size: 14pt;\"><strong>(kliknij na nazw\u0119 zespo\u0142u)<\/strong><strong>:<\/strong><\/span><\/h4>\n<hr \/>\n<p><span style=\"font-size: 14pt;\"><a href=\"https:\/\/us.edu.pl\/centra-badawcze\/opmim\/zespol-ds-rewitalizacji\/\"><strong><span style=\"font-size: 12pt;\">Zesp\u00f3\u0142 ds. rewitalizacji<\/span><\/strong><\/a><\/span><\/p>\n<p><span style=\"font-size: 12pt;\"><strong>Koordynator: dr hab. S\u0142awomir Sitek<\/strong><\/span><\/p>\n<p><span style=\"font-size: 12pt;\">slawomir.sitek@us.edu.pl<\/span><\/p>\n<hr \/>\n<p><span style=\"font-size: 12pt;\"><a href=\"https:\/\/us.edu.pl\/centra-badawcze\/opmim\/zespol-ochrona-srodowiska\/\"><strong>Zesp\u00f3\u0142 ds. ochrony i kszta\u0142towania \u015brodowiska przyrodniczego<\/strong><\/a><\/span><\/p>\n<p><span style=\"font-size: 12pt;\"><strong>Koordynator: dr hab. Edyta Sierka, prof. U\u015a<\/strong><\/span><\/p>\n<p><span style=\"font-size: 12pt;\">edyta.sierka@us.edu.pl<\/span><\/p>\n<p><span style=\"font-size: 12pt;\"><strong>Koordynator merytoryczny<\/strong>:\u00a0<strong>dr hab.\u00a0<\/strong><strong>Izabella Franiel<\/strong><\/span><\/p>\n<p><span style=\"font-size: 12pt;\">izabella.franiel@us.edu.pl<\/span><\/p>\n<hr \/>\n<p><span style=\"font-size: 12pt;\"><strong><a href=\"https:\/\/us.edu.pl\/centra-badawcze\/opmim\/centrum-innowacji-spolecznych\/\">Centrum Bada\u0144 Innowacji Spo\u0142ecznych<\/a><\/strong><\/span><\/p>\n<p><span style=\"font-size: 12pt;\"><strong>Kierownik Centrum: dr Witold Mandrysz<\/strong><\/span><\/p>\n<p><span style=\"font-size: 12pt;\">witold.mandrysz@us.edu.pl<\/span><\/p>\n<hr \/>\n<p><span style=\"font-size: 12pt;\"><a href=\"https:\/\/us.edu.pl\/centra-badawcze\/opmim\/zespol-demografia\/\"><strong>Zesp\u00f3\u0142 ds. analiz demograficznych i problem\u00f3w spo\u0142ecznych<\/strong><\/a><\/span><\/p>\n<p><span style=\"font-size: 12pt;\"><strong>Koordynator: dr Agata Zygmunt<\/strong><\/span><\/p>\n<p><span style=\"font-size: 12pt;\">agata.zygmunt@us.edu.pl<\/span><\/p>\n<hr \/>\n<p><span style=\"font-size: 12pt;\"><a href=\"https:\/\/us.edu.pl\/centra-badawcze\/opmim\/krajobrazy-miejskie\/\"><strong>Krajobrazy miejskie<\/strong><\/a><\/span><\/p>\n<p><span style=\"font-size: 12pt;\"><strong>Koordynator: dr hab. Urszula Myga-Pi\u0105tek, prof. U\u015a<\/strong><\/span><\/p>\n<p><span style=\"font-size: 12pt;\">urszula.myga-piatek@us.edu.pl<\/span><\/p>\n<\/div>\r\n                    <\/div>\r\n                <\/div>[\/vc_column][\/vc_row]<\/p>","protected":false},"excerpt":{"rendered":"<p>[vc_row][vc_column][\/vc_column][\/vc_row] [&#8230;]<\/p>\n<p><a class=\"btn btn-secondary understrap-read-more-link\" href=\"https:\/\/us.edu.pl\/centra-badawcze\/opmim\/rewitalizacja\/\">Read More&#8230;<\/a><\/p>\n","protected":false},"author":2808,"featured_media":0,"parent":0,"menu_order":0,"comment_status":"closed","ping_status":"closed","template":"","meta":{"_expiration-date-status":"saved","_expiration-date":0,"_expiration-date-type":"","_expiration-date-categories":[],"_expiration-date-options":[]},"acf":[],"_links":{"self":[{"href":"https:\/\/us.edu.pl\/centra-badawcze\/opmim\/wp-json\/wp\/v2\/pages\/454"}],"collection":[{"href":"https:\/\/us.edu.pl\/centra-badawcze\/opmim\/wp-json\/wp\/v2\/pages"}],"about":[{"href":"https:\/\/us.edu.pl\/centra-badawcze\/opmim\/wp-json\/wp\/v2\/types\/page"}],"author":[{"embeddable":true,"href":"https:\/\/us.edu.pl\/centra-badawcze\/opmim\/wp-json\/wp\/v2\/users\/2808"}],"replies":[{"embeddable":true,"href":"https:\/\/us.edu.pl\/centra-badawcze\/opmim\/wp-json\/wp\/v2\/comments?post=454"}],"version-history":[{"count":11,"href":"https:\/\/us.edu.pl\/centra-badawcze\/opmim\/wp-json\/wp\/v2\/pages\/454\/revisions"}],"predecessor-version":[{"id":1197,"href":"https:\/\/us.edu.pl\/centra-badawcze\/opmim\/wp-json\/wp\/v2\/pages\/454\/revisions\/1197"}],"wp:attachment":[{"href":"https:\/\/us.edu.pl\/centra-badawcze\/opmim\/wp-json\/wp\/v2\/media?parent=454"}],"curies":[{"name":"wp","href":"https:\/\/api.w.org\/{rel}","templated":true}]}}