{"id":456,"date":"2021-01-13T14:39:52","date_gmt":"2021-01-13T13:39:52","guid":{"rendered":"http:\/\/us.edu.pl\/centra-badawcze\/opmim\/?page_id=456"},"modified":"2021-08-26T16:04:56","modified_gmt":"2021-08-26T14:04:56","slug":"456-2","status":"publish","type":"page","link":"https:\/\/us.edu.pl\/centra-badawcze\/opmim\/456-2\/","title":{"rendered":"Smart City"},"content":{"rendered":"<p>[vc_row][vc_column]\r\n                <div class=\"text-modules\">\r\n                    <div class=\"container\">\r\n                        <h3 class=\"page-title text__title\">Smart City<\/h3>\r\n                        <div class=\"text-modules__content\"><p><span style=\"font-size: 12pt;\">Koncepcja\u00a0<em>Smart City<\/em>\u00a0to nowoczesna idea zr\u00f3wnowa\u017conego rozwoju miast, kt\u00f3ra jest odpowiedzi\u0105 na coraz szybsz\u0105 ich urbanizacj\u0119.\u00a0<em>Smart City<\/em>\u00a0\u0142\u0105czy inteligentne wykorzystanie nowoczesnych rozwi\u0105za\u0144 technologicznych oraz innowacyjnych system\u00f3w z kreatywno\u015bci\u0105 aktywnych mieszka\u0144c\u00f3w oraz potencja\u0142em przedsi\u0119biorc\u00f3w, naukowc\u00f3w oraz organizacji i instytucji dzia\u0142aj\u0105cych na terenie miasta. Partycypacyjny system rz\u0105dzenia poprawia jako\u015b\u0107 \u017cycia. D\u0105\u017cenie do osi\u0105gni\u0119cia wska\u017anik\u00f3w, kt\u00f3re pozwol\u0105 na nazwanie miasta mianem \u201esmart\u201d, musi by\u0107 oparte na polityce lokalnej koordynuj\u0105cej wszystkie aspekty: technologie ICT, nowoczesny transport, innowacyjn\u0105 gospodark\u0119, aktywne spo\u0142ecze\u0144stwo, sprawne zarz\u0105dzanie oraz dbanie o jako\u015b\u0107 \u015brodowiska.<\/span><\/p>\n<p><span style=\"font-size: 12pt;\">Idea\u00a0<em>Smart City<\/em>, to:<\/span><\/p>\n<ul>\n<li><span style=\"font-size: 12pt;\">zarz\u0105dzanie o\u015brodkami miejskimi w spos\u00f3b:<\/span>\n<ul>\n<li><span style=\"font-size: 12pt;\"><em>ekologiczny, nowoczesny<\/em><\/span><\/li>\n<li><span style=\"font-size: 12pt;\"><em>oszcz\u0119dny i efektywny<\/em><\/span><\/li>\n<\/ul>\n<\/li>\n<li><span style=\"font-size: 12pt;\">technologie informatyczne i komunikacyjne, kt\u00f3re:<\/span>\n<ul>\n<li><span style=\"font-size: 12pt;\"><em>pozwalaj\u0105 podnie\u015b\u0107 funkcjonalno\u015b\u0107 miast<\/em><\/span><\/li>\n<li><span style=\"font-size: 12pt;\"><em>pozwalaj\u0105 po\u0142\u0105czy\u0107 \u201ewszystko\u201d z infrastruktur\u0105<\/em><\/span><\/li>\n<\/ul>\n<\/li>\n<li><span style=\"font-size: 12pt;\">dla ludzi i \u015brodowiska:<\/span>\n<ul>\n<li><span style=\"font-size: 12pt;\"><em>poprawa komfortu \u017cycia mieszka\u0144c\u00f3w<\/em><\/span><\/li>\n<li><span style=\"font-size: 12pt;\"><em>dbanie o otaczaj\u0105ce \u015brodowisko naturalne<\/em><\/span><\/li>\n<\/ul>\n<\/li>\n<\/ul>\n<p><span style=\"font-size: 12pt;\">Do \u015bwiatowych miast uznanych za inteligentne nale\u017c\u0105 mi\u0119dzy innymi Singapur, Malta, Kochi, Dubaj. W rankingu miast europejskich pierwsze pi\u0119\u0107 pozycji zajmuj\u0105: Luxembourg (Luksemburg), Aarhus (Dania), Turku (Finlandia), Aalborg (Dania), Odense (Dania).<\/span><\/p>\n<p><span style=\"font-size: 12pt;\">Zwykle wskazuje si\u0119 sze\u015b\u0107 obszar\u00f3w, kt\u00f3re sk\u0142adaj\u0105 si\u0119 na koncepcj\u0119 inteligentnego miasta:<\/span><\/p>\n<ul>\n<li><span style=\"font-size: 12pt;\"><em>Gospodarka<\/em>\u00a0\u2013 gospodarka oparta na wiedzy, wykorzystuj\u0105ca innowacyjne rozwi\u0105zania, charakteryzuj\u0105ca si\u0119 wysok\u0105 produktywno\u015bci\u0105, wsp\u00f3\u0142pracuj\u0105ca ze \u015brodowiskiem naukowym, efektywnie korzystaj\u0105ca z zasob\u00f3w, przyjazna \u015brodowisku i bardziej konkurencyjna, wysoki poziom zatrudnienia.<\/span><\/li>\n<li><span style=\"font-size: 12pt;\"><em>Mobilno\u015b\u0107<\/em>\u00a0\u2013 inteligentne systemy transportu wykorzystuj\u0105ce nowoczesne technologie do lepszego wykorzystania posiadania infrastruktury, bez konieczno\u015bci nabywania nowych obiekt\u00f3w oraz do zmniejszenia uci\u0105\u017cliwo\u015bci transportu dla \u015brodowiska, systemy automatycznego sterowania ruchem, poboru op\u0142at, stosowanie system\u00f3w nawigacji samochodowej, szybki i bezpieczny transport publiczny, elektroniczne systemy sprzeda\u017cy bilet\u00f3w, zintegrowana informacja dla pasa\u017cer\u00f3w.<\/span><\/li>\n<li><span style=\"font-size: 12pt;\"><em>\u015arodowisko<\/em>\u00a0\u2013 zmniejszenie emisji dwutlenku w\u0119gla do atmosfery, oszcz\u0119dzanie energii, zmniejszenie poboru wody, wykorzystanie \u017ar\u00f3de\u0142 energii odnawialnej \u2013 z wykorzystaniem nowoczesnych technologii w danej dziedzinie, edukacja ekologiczna.<\/span><\/li>\n<li><span style=\"font-size: 12pt;\"><em>Jako\u015b\u0107 \u017cycia<\/em>\u00a0\u2013 sprawna i efektywna realizacja us\u0142ug publicznych, nowoczesna infrastruktura edukacji, wysoka jako\u015b\u0107 kszta\u0142cenia oraz us\u0142ug zdrowotnych i spo\u0142ecznych, zapewnienie odpowiedniego poziomu warunk\u00f3w \u017cycia, bezpiecze\u0144stwa, mieszkaniowych, rozw\u00f3j szeroko dost\u0119pnej infrastruktury technicznej i spo\u0142ecznej m.in. w celu usprawnienia pracy urz\u0119d\u00f3w<\/span><br \/>\n<span style=\"font-size: 12pt;\">i zmniejszenia koszt\u00f3w obs\u0142ugi klienta, odpowiednia oferta rozrywkowo-kulturalna.<\/span><\/li>\n<li><span style=\"font-size: 12pt;\"><em>Ludzie<\/em>\u00a0\u2013 \u015bwiadomi, niezale\u017cni i decyduj\u0105cy o sobie, wykszta\u0142ceni, korzystaj\u0105cy z technologii informacyjno-komunikacyjnych w codziennym \u017cyciu, bior\u0105cy udzia\u0142 w \u017cyciu miasta, kreatywni, inicjatorzy zmian, kt\u00f3rzy przy odpowiednim wsparciu mog\u0105 dba\u0107 o zmniejszenie zu\u017cycia energii, zmniejszenie zanieczyszczenia \u015brodowiska, czy popraw\u0119 jako\u015bci \u017cycia.<\/span><\/li>\n<li><span style=\"font-size: 12pt;\"><em>Zarz\u0105dzanie<\/em>\u00a0\u2013 system oparty na wsp\u00f3\u0142pracy i wsp\u00f3\u0142rz\u0105dzeniu wszystkich u\u017cytkownik\u00f3w miasta: w\u0142adz, mieszka\u0144c\u00f3w, przedsi\u0119biorc\u00f3w, wykorzystanie nowoczesnych technologii<\/span><br \/>\n<span style=\"font-size: 12pt;\">w funkcjonowaniu miasta, np. w celu zapewnienia wi\u0119kszego bezpiecze\u0144stwa, ochrony \u015brodowiska, czy sprawnego transportu, przejrzysta wymiana informacji pomi\u0119dzy wszystkimi u\u017cytkownikami miasta a s\u0142u\u017cbami publicznymi.<\/span><\/li>\n<\/ul>\n<p><span style=\"font-size: 12pt;\">Normalizacja<\/span><\/p>\n<p><span style=\"font-size: 12pt;\">W literaturze funkcjonuje wiele definicji idei Smart City. Jedne z nich skupiaj\u0105 si\u0119 wy\u0142\u0105cznie na nowoczesnych technologiach, inne na czo\u0142o wysuwaj\u0105 mieszka\u0144c\u00f3w. W celu likwidacji chaosu wok\u00f3\u0142 terminologii i ram dzia\u0142ania inteligentnych miast podj\u0119to kroki w kierunku usystematyzowania tego poj\u0119cia. W 2015 roku opublikowano w Polsce pierwsz\u0105 norm\u0119 Smart Cities ISO 37120:2014.<\/span><\/p>\n<p><span style=\"font-size: 12pt;\">Norma ta obejmuje 17 obszar\u00f3w tematycznych:<\/span><\/p>\n<ul>\n<li><span style=\"font-size: 12pt;\">gospodarka<\/span><\/li>\n<li><span style=\"font-size: 12pt;\">edukacja<\/span><\/li>\n<li><span style=\"font-size: 12pt;\">energetyka<\/span><\/li>\n<li><span style=\"font-size: 12pt;\">\u015brodowisko<\/span><\/li>\n<li><span style=\"font-size: 12pt;\">finanse<\/span><\/li>\n<li><span style=\"font-size: 12pt;\">reagowanie kryzysowe<\/span><\/li>\n<li><span style=\"font-size: 12pt;\">zarz\u0105dzanie<\/span><\/li>\n<li><span style=\"font-size: 12pt;\">zdrowie<\/span><\/li>\n<li><span style=\"font-size: 12pt;\">rekreacja<\/span><\/li>\n<li><span style=\"font-size: 12pt;\">bezpiecze\u0144stwo<\/span><\/li>\n<li><span style=\"font-size: 12pt;\">schroniska<\/span><\/li>\n<li><span style=\"font-size: 12pt;\">odpady sta\u0142e<\/span><\/li>\n<li><span style=\"font-size: 12pt;\">telekomunikacja i innowacje<\/span><\/li>\n<li><span style=\"font-size: 12pt;\">transport<\/span><\/li>\n<li><span style=\"font-size: 12pt;\">planowanie urbanistyczne<\/span><\/li>\n<li><span style=\"font-size: 12pt;\">\u015bcieki<\/span><\/li>\n<li><span style=\"font-size: 12pt;\">woda i kanalizacja<\/span><\/li>\n<li><span style=\"font-size: 12pt;\">w ka\u017cdym obszarze okre\u015bla wska\u017aniki \u201eobowi\u0105zkowe\u201d i \u201efakultatywne\u201d oraz \u201e\u017ar\u00f3d\u0142o danych\u201d,<\/span><\/li>\n<li><span style=\"font-size: 12pt;\">wymaga weryfikacji niezale\u017cnego audytora jako\u015bci i \u017ar\u00f3de\u0142 danych, aby uzyska\u0107 certyfikacj\u0119.<\/span><\/li>\n<\/ul>\n<p><span style=\"font-size: 12pt;\">Wdro\u017cenie ISO 37120:2014 jest szans\u0105 dla Polskich miast, by ide\u0119\u00a0<em>Smart City<\/em>\u00a0rozwija\u0142y tak szybko, jak miasta Europy Zachodniej. Norma b\u0119dzie stanowi\u0107 wsparcie monitorowania wzrostu rozwoju miasta zgodnie z zasadami zr\u00f3wnowa\u017conego rozwoju, pomoc we wzajemnym uczeniu si\u0119 od siebie oraz w dzieleniu si\u0119 najlepszymi praktykami.<\/span><\/p>\n<hr \/>\n<p><span style=\"font-size: 14pt;\"><strong>Szczeg\u00f3\u0142owa oferta naszych zespo\u0142\u00f3w badawczych wraz z wykazem ekspert\u00f3w i ich dokona\u0144<\/strong><\/span><\/p>\n<h4><span style=\"font-size: 14pt;\"><strong>(kliknij na nazw\u0119 zespo\u0142u)<\/strong><strong>:<\/strong><\/span><\/h4>\n<hr \/>\n<p><span style=\"font-size: 12pt;\"><strong><a href=\"https:\/\/us.edu.pl\/centra-badawcze\/opmim\/zespol-smart-city\/\">Zesp\u00f3\u0142 ds. smarter city<\/a><br \/>\nKontakt:<br \/>\n<\/strong>obserwatoriumMiasto@us.edu.pl<\/span><\/p>\n<\/div>\r\n                    <\/div>\r\n                <\/div>[\/vc_column][\/vc_row]<\/p>","protected":false},"excerpt":{"rendered":"<p>[vc_row][vc_column][\/vc_column][\/vc_row] [&#8230;]<\/p>\n<p><a class=\"btn btn-secondary understrap-read-more-link\" href=\"https:\/\/us.edu.pl\/centra-badawcze\/opmim\/456-2\/\">Read More&#8230;<\/a><\/p>\n","protected":false},"author":2808,"featured_media":0,"parent":0,"menu_order":0,"comment_status":"closed","ping_status":"closed","template":"","meta":{"_expiration-date-status":"saved","_expiration-date":0,"_expiration-date-type":"","_expiration-date-categories":[],"_expiration-date-options":[]},"acf":[],"_links":{"self":[{"href":"https:\/\/us.edu.pl\/centra-badawcze\/opmim\/wp-json\/wp\/v2\/pages\/456"}],"collection":[{"href":"https:\/\/us.edu.pl\/centra-badawcze\/opmim\/wp-json\/wp\/v2\/pages"}],"about":[{"href":"https:\/\/us.edu.pl\/centra-badawcze\/opmim\/wp-json\/wp\/v2\/types\/page"}],"author":[{"embeddable":true,"href":"https:\/\/us.edu.pl\/centra-badawcze\/opmim\/wp-json\/wp\/v2\/users\/2808"}],"replies":[{"embeddable":true,"href":"https:\/\/us.edu.pl\/centra-badawcze\/opmim\/wp-json\/wp\/v2\/comments?post=456"}],"version-history":[{"count":10,"href":"https:\/\/us.edu.pl\/centra-badawcze\/opmim\/wp-json\/wp\/v2\/pages\/456\/revisions"}],"predecessor-version":[{"id":1198,"href":"https:\/\/us.edu.pl\/centra-badawcze\/opmim\/wp-json\/wp\/v2\/pages\/456\/revisions\/1198"}],"wp:attachment":[{"href":"https:\/\/us.edu.pl\/centra-badawcze\/opmim\/wp-json\/wp\/v2\/media?parent=456"}],"curies":[{"name":"wp","href":"https:\/\/api.w.org\/{rel}","templated":true}]}}