{"id":458,"date":"2021-01-13T14:41:25","date_gmt":"2021-01-13T13:41:25","guid":{"rendered":"http:\/\/us.edu.pl\/centra-badawcze\/opmim\/?page_id=458"},"modified":"2021-08-26T16:06:44","modified_gmt":"2021-08-26T14:06:44","slug":"inne-obszary-badawcze","status":"publish","type":"page","link":"https:\/\/us.edu.pl\/centra-badawcze\/opmim\/inne-obszary-badawcze\/","title":{"rendered":"Inne obszary badawcze"},"content":{"rendered":"<p>[vc_row][vc_column]\r\n                <div class=\"text-modules\">\r\n                    <div class=\"container\">\r\n                        <h3 class=\"page-title text__title\">Inne obszary badawcze<\/h3>\r\n                        <div class=\"text-modules__content\"><p><span style=\"font-size: 14pt;\"><strong>Szczeg\u00f3\u0142owa oferta naszych zespo\u0142\u00f3w badawczych wraz z wykazem ekspert\u00f3w i ich dokona\u0144<\/strong><\/span><\/p>\n<h4><span style=\"font-size: 14pt;\"><strong>(kliknij na nazw\u0119 zespo\u0142u)<\/strong><strong>:<\/strong><\/span><\/h4>\n<hr \/>\n<p><span style=\"font-size: 12pt;\"><a href=\"https:\/\/us.edu.pl\/centra-badawcze\/opmim\/zespol-administracja-etyka\/\"><strong>Zesp\u00f3\u0142 ds. jako\u015bci administracji, etyki i praworz\u0105dno\u015bci<\/strong><\/a><\/span><\/p>\n<p><span style=\"font-size: 12pt;\"><strong>Koordynator: dr hab. Waldemar Wojtasik, prof. U\u015a<\/strong><\/span><\/p>\n<p><span style=\"font-size: 12pt;\">waldemar.wojtasik@us.edu.pl<\/span><\/p>\n<hr \/>\n<p><span style=\"font-size: 12pt;\"><a href=\"https:\/\/us.edu.pl\/centra-badawcze\/opmim\/zespol-komunikacja-wizualna-design-sztuka\"><strong>Zesp\u00f3\u0142 ds. komunikacji wizualnej, designu i sztuki<\/strong><\/a><\/span><\/p>\n<p><span style=\"font-size: 12pt;\"><strong>Koordynator: dr \u0141ukasz Trembaczowski<\/strong><\/span><\/p>\n<p><span style=\"font-size: 12pt;\">lukasz.trembaczowski@us.edu.pl<\/span><\/p>\n<\/div>\r\n                    <\/div>\r\n                <\/div>[\/vc_column][\/vc_row]<\/p>","protected":false},"excerpt":{"rendered":"<p>[vc_row][vc_column][\/vc_column][\/vc_row] [&#8230;]<\/p>\n<p><a class=\"btn btn-secondary understrap-read-more-link\" href=\"https:\/\/us.edu.pl\/centra-badawcze\/opmim\/inne-obszary-badawcze\/\">Read More&#8230;<\/a><\/p>\n","protected":false},"author":2808,"featured_media":0,"parent":0,"menu_order":0,"comment_status":"closed","ping_status":"closed","template":"","meta":{"_expiration-date-status":"saved","_expiration-date":0,"_expiration-date-type":"","_expiration-date-categories":[],"_expiration-date-options":[]},"acf":[],"_links":{"self":[{"href":"https:\/\/us.edu.pl\/centra-badawcze\/opmim\/wp-json\/wp\/v2\/pages\/458"}],"collection":[{"href":"https:\/\/us.edu.pl\/centra-badawcze\/opmim\/wp-json\/wp\/v2\/pages"}],"about":[{"href":"https:\/\/us.edu.pl\/centra-badawcze\/opmim\/wp-json\/wp\/v2\/types\/page"}],"author":[{"embeddable":true,"href":"https:\/\/us.edu.pl\/centra-badawcze\/opmim\/wp-json\/wp\/v2\/users\/2808"}],"replies":[{"embeddable":true,"href":"https:\/\/us.edu.pl\/centra-badawcze\/opmim\/wp-json\/wp\/v2\/comments?post=458"}],"version-history":[{"count":8,"href":"https:\/\/us.edu.pl\/centra-badawcze\/opmim\/wp-json\/wp\/v2\/pages\/458\/revisions"}],"predecessor-version":[{"id":1199,"href":"https:\/\/us.edu.pl\/centra-badawcze\/opmim\/wp-json\/wp\/v2\/pages\/458\/revisions\/1199"}],"wp:attachment":[{"href":"https:\/\/us.edu.pl\/centra-badawcze\/opmim\/wp-json\/wp\/v2\/media?parent=458"}],"curies":[{"name":"wp","href":"https:\/\/api.w.org\/{rel}","templated":true}]}}