{"id":468,"date":"2021-01-13T15:26:26","date_gmt":"2021-01-13T14:26:26","guid":{"rendered":"http:\/\/us.edu.pl\/centra-badawcze\/opmim\/?page_id=468"},"modified":"2021-11-25T13:23:41","modified_gmt":"2021-11-25T12:23:41","slug":"inauguracja-obserwatorium-kwiecien-2017","status":"publish","type":"page","link":"https:\/\/us.edu.pl\/centra-badawcze\/opmim\/inauguracja-obserwatorium-kwiecien-2017\/","title":{"rendered":"Inauguracja Obserwatorium na Uniwersytecie \u015al\u0105skim w Katowicach &#8211; 4 kwietnia 2017 r."},"content":{"rendered":"<p>[vc_row][vc_column]\r\n                <div class=\"text-modules\">\r\n                    <div class=\"container\">\r\n                        <h3 class=\"page-title text__title\">Inauguracja Obserwatorium na Uniwersytecie \u015al\u0105skim w Katowicach - 4 kwietnia 2017 r.<\/h3>\r\n                        <div class=\"text-modules__content\"><p><span style=\"font-size: 12pt;\"><strong>4 kwietnia 2017 r. na Uniwersytecie \u015al\u0105skim w Katowicach<\/strong>\u00a0odby\u0142o si\u0119\u00a0<strong>seminarium inauguruj\u0105ce Obserwatorium Proces\u00f3w Miejskich i Metropolitalnych U\u015a (OPMiM)<\/strong>, skupiaj\u0105ce ekspert\u00f3w i naukowc\u00f3w dzia\u0142aj\u0105cych w siedemnastu tematycznych zespo\u0142ach badawczych, z zakresu proces\u00f3w miejskich i metropolitalnych, rewitalizacji, smart city i wielu innych. Seminarium oraz zaprezentowane wyniki z pierwszych bada\u0144 Obserwatorium doskonale wpisa\u0142y si\u0119 w kontekst prac nad ustaw\u0105 o zwi\u0105zku metropolitalnym w wojew\u00f3dztwie \u015bl\u0105skim, podpisan\u0105 dzi\u015b w Katowicach przez Prezydenta RP Andrzeja Dud\u0119.<\/span><\/p>\n<p><span style=\"font-size: 12pt;\">Punktem kluczowym seminarium inauguruj\u0105cego by\u0142o uroczyste podpisanie porozumienia o wsp\u00f3\u0142pracy z partnerskimi instytucjami naukowo-badawczymi, tj. Politechnik\u0105 \u015al\u0105sk\u0105, G\u0142\u00f3wnym Instytutem G\u00f3rnictwa, Akademi\u0105 Sztuk Pi\u0119knych, Wy\u017csz\u0105 Szko\u0142\u0105 Biznesu w D\u0105browie G\u00f3rniczej oraz Akademi\u0105 Techniczno-Humanistyczn\u0105 w Bielsku-Bia\u0142ej. Wierzymy, \u017ce wsp\u00f3lne dzia\u0142ania w ramach Obserwatorium stan\u0105 si\u0119 okazj\u0105 do owocnej wymiany naukowo-badawczej na polu r\u00f3\u017cnych dyscyplin naukowych, a tak\u017ce dostarcz\u0105 rzetelnej wiedzy jednostkom samorz\u0105du terytorialnego z ca\u0142ego wojew\u00f3dztwa, przyczyniaj\u0105c si\u0119 do dynamicznego i zr\u00f3wnowa\u017conego rozwoju regionu.<\/span><\/p>\n<p><span style=\"font-size: 12pt;\">W wydarzeniu wzi\u0119\u0142y udzia\u0142 w\u0142adze rektorskie Uniwersytetu \u015al\u0105skiego i zaproszonych instytucji partnerskich, koordynatorzy i cz\u0142onkowie powsta\u0142ych pod egid\u0105 Obserwatorium zespo\u0142\u00f3w badawczych, a tak\u017ce prezydenci miast G\u00f3rno\u015bl\u0105skiego Zwi\u0105zku Metropolitalnego, przedstawiciele jednostek samorz\u0105du terytorialnego, radni oraz kadra kierownicza Urz\u0119d\u00f3w Miasta zajmuj\u0105ca si\u0119 szeroko rozumianym rozwojem miejskim.<\/span><\/p>\n<p><span style=\"font-size: 12pt;\">Po podpisaniu porozumienia przedstawiono organizacj\u0119, struktur\u0119 i g\u0142\u00f3wne cele Obserwatorium, jak r\u00f3wnie\u017c potencja\u0142 wybranych zespo\u0142\u00f3w badawczych OPMiM. Nast\u0119pnie zaprezentowano wyniki pierwszych bada\u0144 w obszarze deficyt\u00f3w wiedzy na temat funkcjonowania obszaru metropolitalnego w samorz\u0105dach nale\u017c\u0105cych do GZM, oczekiwa\u0144 samorz\u0105d\u00f3w wzgl\u0119dem dzia\u0142a\u0144 Obserwatorium, a tak\u017ce wsp\u00f3\u0142pracy miast w perspektywie powstania zwi\u0105zku metropolitalnego w wojew\u00f3dztwie \u015bl\u0105skim. Seminarium dope\u0142ni\u0142y kr\u00f3tkie warsztaty, kt\u00f3re stanowi\u0142y okazj\u0119 do dyskusji oraz wymiany pomys\u0142\u00f3w na wsp\u00f3\u0142prac\u0119 zwi\u0105zan\u0105 z powstaniem zwi\u0105zku metropolitalnego.<\/span><\/p>\n<p><span style=\"font-size: 14pt;\"><strong><a href=\"https:\/\/us.edu.pl\/centra-badawcze\/opmim\/wp-content\/uploads\/sites\/56\/Nieprzypisane\/Program-seminarium-inauguruj\u0105ce_OPMIM_04.04.2017.pdf\" class=\"mtli_attachment mtli_pdf\" class=\"mtli_attachment mtli_pdf\" target=\"_blank\" rel=\"noopener noreferrer\">AGENDA seminarium &gt;&gt;&gt;<\/a><\/strong><\/span><\/p>\n<p><span style=\"font-size: 14pt;\"><strong>Zach\u0119camy do zapoznania si\u0119 z zamieszczonym na stronie, w zak\u0142adce \u201ePlatforma Wiedzy \u2013 Badania W\u0142asne\u201d, oficjalnym raportem z bada\u0144 Obserwatorium oraz prezentacj\u0105 przedstawion\u0105 w trakcie seminarium.<\/strong><\/span><\/p>\n<p>&nbsp;<\/p>\n<p>&nbsp;<\/p>\n<div id='gallery-1' class='gallery galleryid-468 gallery-columns-3 gallery-size-thumbnail'><figure class='gallery-item'>\n\t\t\t<div class='gallery-icon landscape'>\n\t\t\t\t<a href='https:\/\/us.edu.pl\/centra-badawcze\/opmim\/inauguracja-obserwatorium-kwiecien-2017\/autorzy-raportu-opmim-2\/'><img width=\"150\" height=\"150\" src=\"https:\/\/us.edu.pl\/centra-badawcze\/opmim\/wp-content\/uploads\/sites\/56\/Nieprzypisane\/Autorzy-raportu-OPMiM-1-150x150.jpg\" class=\"attachment-thumbnail size-thumbnail\" alt=\"Na pierwszym planie stoi grupa os\u00f3b, trzech m\u0119\u017cczyzn w ciemnych garniturach i po\u015brodku kobieta w czerwonej marynarce i bia\u0142ym szalu. Wszyscy maj\u0105 r\u0119ce skrzy\u017cowane na piersiach. W tle wida\u0107 przeszkolon\u0105 \u015bcian\u0119 budynku, w kt\u00f3rej odbijaj\u0105 si\u0119 zaparkowane na parkingu obok auta i fasada budynku naprzeciwko. Osoby stoj\u0105 na ulicy na wybrukowanym kostk\u0105 chodniku.\" aria-describedby=\"gallery-1-471\" \/><\/a>\n\t\t\t<\/div>\n\t\t\t\t<figcaption class='wp-caption-text gallery-caption' id='gallery-1-471'>\n\t\t\t\tAutorzy raportu z pierwszych bada\u0144 OPMiM (od lewej): dr Krzysztof Bierwiaczonek, dr Agata Zygmunt, dr hab. Tomasz Nawrocki, dr hab. Robert Pyka, fot. Sekcja Prasowa U\u015a\n\t\t\t\t<\/figcaption><\/figure><figure class='gallery-item'>\n\t\t\t<div class='gallery-icon landscape'>\n\t\t\t\t<a href='https:\/\/us.edu.pl\/centra-badawcze\/opmim\/inauguracja-obserwatorium-kwiecien-2017\/podpisanie-porozumienia-o-wspolpracy\/'><img width=\"150\" height=\"150\" src=\"https:\/\/us.edu.pl\/centra-badawcze\/opmim\/wp-content\/uploads\/sites\/56\/Nieprzypisane\/Podpisanie-porozumienia-o-wsp\u00f3\u0142pracy-150x150.jpg\" class=\"attachment-thumbnail size-thumbnail\" alt=\"W sali konferencyjnej przy pod\u0142u\u017cnym stole pokrytym granatowym suknem siedzi grupa os\u00f3b, siedmiu m\u0119\u017cczyzn i kobieta. Osoby podpisuj\u0105 dokumenty w granatowych teczkach. Na stole le\u017cy mikrofon, okulary i tabliczki prezentuj\u0105ce osoby. Ty\u0142em przechodzi kobieta w okularach i blond w\u0142osach, ubrana w czarny garnitur. W tle po lewej stronie wida\u0107 okno zakryte \u017caluzjami i czerwon\u0105 \u015bcian\u0119 sali.\" aria-describedby=\"gallery-1-472\" \/><\/a>\n\t\t\t<\/div>\n\t\t\t\t<figcaption class='wp-caption-text gallery-caption' id='gallery-1-472'>\n\t\t\t\tPodpisanie porozumienia o wsp\u00f3\u0142pracy OPMiM (od prawej): prof. dr hab. Wies\u0142aw Bany\u015b (Rektor U\u015a), prof. dr hab. Antoni Cygan (Rektor ASP), prof. dr hab. in\u017c. Marek Pawe\u0142czyk (Prorektor ds. Nauki i Rozwoju, Politechnika \u015al\u0105ska), prof. dr hab. Jaros\u0142aw Janicki (Rektor ATH), dr hab. Zdzis\u0142awa Dacko-Pikiewicz, prof. AWSB (Rektor WSB), dr in\u017c. Jan Bondaruk (Z-ca Naczelnego Dyrektora GIG), fot. Sekcja Prasowa U\u015a\n\t\t\t\t<\/figcaption><\/figure><figure class='gallery-item'>\n\t\t\t<div class='gallery-icon landscape'>\n\t\t\t\t<a href='https:\/\/us.edu.pl\/centra-badawcze\/opmim\/inauguracja-obserwatorium-kwiecien-2017\/seminarium-inaugurujace\/'><img width=\"150\" height=\"150\" src=\"https:\/\/us.edu.pl\/centra-badawcze\/opmim\/wp-content\/uploads\/sites\/56\/Nieprzypisane\/Seminarium-inauguruj\u0105ce-150x150.jpg\" class=\"attachment-thumbnail size-thumbnail\" alt=\"W sali konferencyjnej przy pod\u0142u\u017cnym stole pokrytym granatowym suknem siedzi grupa os\u00f3b, siedmiu m\u0119\u017cczyzn i kobieta. M\u0119\u017cczyzna po\u015brodku stoi, trzymaj\u0105c mikrofon w prawej r\u0119ce, w lewej r\u0119ce trzyma okulary. Ma na sobie granatowy garnitur, bia\u0142\u0105 koszul\u0119 i blado-niebieski krawat. W tle po lewej stronie wida\u0107 okno zakryte \u017caluzjami, czerwon\u0105 \u015bcian\u0119, na kt\u00f3rej wisi god\u0142o Polski z bia\u0142ym or\u0142em w z\u0142otej koronie na czerwonym tle oraz obraz wy\u015bwietlany na bia\u0142ym ekranie z rzutnika. Na stole przed osobami le\u017c\u0105 teczki z dokumentami oraz prezentery sto\u0142owe.\" aria-describedby=\"gallery-1-473\" \/><\/a>\n\t\t\t<\/div>\n\t\t\t\t<figcaption class='wp-caption-text gallery-caption' id='gallery-1-473'>\n\t\t\t\tSeminarium inauguruj\u0105ce OPMiM (od prawej): dr hab. Robert Pyka (Instytut Socjologii WNS U\u015a), dr hab. Tomasz Pietrzykowski, prof. U\u015a (Rektor ds. Wsp\u00f3\u0142pracy Mi\u0119dzynarodowej i Krajowej), prof. dr hab. Wies\u0142aw Bany\u015b (Rektor U\u015a), prof. dr hab. Antoni Cygan (Rektor ASP), prof. dr hab. in\u017c. Marek Pawe\u0142czyk (Prorektor ds. Nauki i Rozwoju Politechnika \u015al\u0105ska), prof. dr hab. Jaros\u0142aw Janicki (Rektor ATH), prof. nadzw. dr hab. Zdzis\u0142awa Dacko-Pikiewicz (Rektor WSB), dr in\u017c. Jan Bondaruk (Z-ca Naczelnego Dyrektora GIG), fot. Sekcja Prasowa U\u015a\n\t\t\t\t<\/figcaption><\/figure><figure class='gallery-item'>\n\t\t\t<div class='gallery-icon landscape'>\n\t\t\t\t<a href='https:\/\/us.edu.pl\/centra-badawcze\/opmim\/inauguracja-obserwatorium-kwiecien-2017\/seminarium-inaugurujace_2\/'><img width=\"150\" height=\"150\" src=\"https:\/\/us.edu.pl\/centra-badawcze\/opmim\/wp-content\/uploads\/sites\/56\/Nieprzypisane\/Seminarium-inauguruj\u0105ce_2-150x150.jpg\" class=\"attachment-thumbnail size-thumbnail\" alt=\"W sali konferencyjnej w kliku rz\u0119dach krzese\u0142 siedzi grupa kilkudziesi\u0119ciu os\u00f3b. W tle wida\u0107 szare \u015bciany sali i du\u017ce drzwi wyj\u015bciowe. Na peiwrszym planie siedzi czterech m\u0119\u017cczyzn i ejdna kobieta. wszyscy maja wzrok skierowany w lewo.\" aria-describedby=\"gallery-1-474\" \/><\/a>\n\t\t\t<\/div>\n\t\t\t\t<figcaption class='wp-caption-text gallery-caption' id='gallery-1-474'>\n\t\t\t\tSeminarium inauguruj\u0105ce, fot. Sekcja Prasowa U\u015a\n\t\t\t\t<\/figcaption><\/figure><figure class='gallery-item'>\n\t\t\t<div class='gallery-icon landscape'>\n\t\t\t\t<a href='https:\/\/us.edu.pl\/centra-badawcze\/opmim\/inauguracja-obserwatorium-kwiecien-2017\/seminarium-inaugurujace_3\/'><img width=\"150\" height=\"150\" src=\"https:\/\/us.edu.pl\/centra-badawcze\/opmim\/wp-content\/uploads\/sites\/56\/Nieprzypisane\/Seminarium-inauguruj\u0105ce_3-150x150.jpg\" class=\"attachment-thumbnail size-thumbnail\" alt=\"W sali konferencyjnej w kliku rz\u0119dach krzese\u0142 siedzi grupa kilkudziesi\u0119ciu os\u00f3b. W tle wida\u0107 okna zas\u0142oni\u0119te granatowymi \u017caluzjami.\" aria-describedby=\"gallery-1-475\" \/><\/a>\n\t\t\t<\/div>\n\t\t\t\t<figcaption class='wp-caption-text gallery-caption' id='gallery-1-475'>\n\t\t\t\tSeminarium inauguruj\u0105ce, fot. Sekcja Prasowa U\u015a\n\t\t\t\t<\/figcaption><\/figure>\n\t\t<\/div>\n\n<p>\n<\/div>\r\n                    <\/div>\r\n                <\/div>[\/vc_column][\/vc_row]<\/p>","protected":false},"excerpt":{"rendered":"<p>[vc_row][vc_column][\/vc_column][\/vc_row] [&#8230;]<\/p>\n<p><a class=\"btn btn-secondary understrap-read-more-link\" href=\"https:\/\/us.edu.pl\/centra-badawcze\/opmim\/inauguracja-obserwatorium-kwiecien-2017\/\">Read More&#8230;<\/a><\/p>\n","protected":false},"author":2808,"featured_media":0,"parent":0,"menu_order":0,"comment_status":"closed","ping_status":"closed","template":"","meta":{"_expiration-date-status":"saved","_expiration-date":0,"_expiration-date-type":"","_expiration-date-categories":[],"_expiration-date-options":[]},"acf":[],"_links":{"self":[{"href":"https:\/\/us.edu.pl\/centra-badawcze\/opmim\/wp-json\/wp\/v2\/pages\/468"}],"collection":[{"href":"https:\/\/us.edu.pl\/centra-badawcze\/opmim\/wp-json\/wp\/v2\/pages"}],"about":[{"href":"https:\/\/us.edu.pl\/centra-badawcze\/opmim\/wp-json\/wp\/v2\/types\/page"}],"author":[{"embeddable":true,"href":"https:\/\/us.edu.pl\/centra-badawcze\/opmim\/wp-json\/wp\/v2\/users\/2808"}],"replies":[{"embeddable":true,"href":"https:\/\/us.edu.pl\/centra-badawcze\/opmim\/wp-json\/wp\/v2\/comments?post=468"}],"version-history":[{"count":5,"href":"https:\/\/us.edu.pl\/centra-badawcze\/opmim\/wp-json\/wp\/v2\/pages\/468\/revisions"}],"predecessor-version":[{"id":1260,"href":"https:\/\/us.edu.pl\/centra-badawcze\/opmim\/wp-json\/wp\/v2\/pages\/468\/revisions\/1260"}],"wp:attachment":[{"href":"https:\/\/us.edu.pl\/centra-badawcze\/opmim\/wp-json\/wp\/v2\/media?parent=468"}],"curies":[{"name":"wp","href":"https:\/\/api.w.org\/{rel}","templated":true}]}}