{"id":478,"date":"2021-01-13T15:42:50","date_gmt":"2021-01-13T14:42:50","guid":{"rendered":"http:\/\/us.edu.pl\/centra-badawcze\/opmim\/?page_id=478"},"modified":"2021-08-17T14:59:13","modified_gmt":"2021-08-17T12:59:13","slug":"3-seminarium-2018","status":"publish","type":"page","link":"https:\/\/us.edu.pl\/centra-badawcze\/opmim\/3-seminarium-2018\/","title":{"rendered":"III Seminarium &#8211; 14 wrze\u015bnia 2018 r."},"content":{"rendered":"<p>[vc_row][vc_column]\r\n                <div class=\"text-modules\">\r\n                    <div class=\"container\">\r\n                        <h3 class=\"page-title text__title\">III Seminarium - 14 wrze\u015bnia 2018 r.<\/h3>\r\n                        <div class=\"text-modules__content\"><\/p>\n<h3><span style=\"font-size: 12pt;\"><strong><img class=\"alignnone wp-image-479\" src=\"http:\/\/us.edu.pl\/centra-badawcze\/opmim\/wp-content\/uploads\/sites\/56\/Nieprzypisane\/IMG_1638-300x200.jpg\" alt=\"\" width=\"661\" height=\"440\" srcset=\"https:\/\/us.edu.pl\/centra-badawcze\/opmim\/wp-content\/uploads\/sites\/56\/Nieprzypisane\/IMG_1638-300x200.jpg 300w, https:\/\/us.edu.pl\/centra-badawcze\/opmim\/wp-content\/uploads\/sites\/56\/Nieprzypisane\/IMG_1638-768x512.jpg 768w, https:\/\/us.edu.pl\/centra-badawcze\/opmim\/wp-content\/uploads\/sites\/56\/Nieprzypisane\/IMG_1638-1024x683.jpg 1024w, https:\/\/us.edu.pl\/centra-badawcze\/opmim\/wp-content\/uploads\/sites\/56\/Nieprzypisane\/IMG_1638-575x383.jpg 575w\" sizes=\"(max-width: 661px) 100vw, 661px\" \/><\/strong><\/span><\/h3>\n<p><strong><span style=\"font-size: 14pt;\">\u201eBezp\u0142atny transport zbiorowy w miastach: przysz\u0142o\u015b\u0107 czy populizm?\u201d<\/span><\/strong><\/p>\n<p><span style=\"font-size: 12pt;\">W pi\u0105tek 14 wrze\u015bnia 2018 roku o godz. 10.00 w\u00a0<strong><a href=\"http:\/\/www.ciniba.edu.pl\/\" target=\"_blank\" rel=\"noopener noreferrer\">Centrum Informacji Naukowej i Bibliotece Akademickiej<\/a><\/strong>\u00a0w Katowicach odby\u0142o si\u0119 seminarium z cyklu Akademii Samorz\u0105dowej, kt\u00f3rego celem by\u0142a otwarta dyskusja z przedstawicielami samorz\u0105du terytorialnego oraz zwi\u0105zk\u00f3w transportowych na tematy zwi\u0105zane m.in. ze zr\u00f3wnowa\u017con\u0105 mobilno\u015bci\u0105, zaletami i wadami bezp\u0142atnej komunikacji miejskiej oraz wp\u0142ywem cen us\u0142ug miejskiego transportu zbiorowego na zachowania komunikacyjne. Wydarzenie zgromadzi\u0142o grup\u0119 licznych uczestnik\u00f3w, w\u015br\u00f3d kt\u00f3rych znale\u017ali si\u0119 dzia\u0142acze spo\u0142eczni, urz\u0119dnicy miejscy i specjali\u015bci z zakresu transportu zbiorowego, przedstawiciele w\u0142adz G\u00f3rno\u015bl\u0105sko-Zag\u0142\u0119biowskiej Metropolii (p. Danuta Kami\u0144ska oraz p. Grzegorz Kwitek), prezesi i dyrektorzy zwi\u0105zk\u00f3w transportowych, jak p. \u00a0Marek Kopel (Zarz\u0105d Transportu Metropolitalnego), p. Roman Urba\u0144czyk (KZK GOP) czy p. Wojciech Dinges i Wojciech Smo\u0142ka (Koleje \u015al\u0105skie), oraz politycy wysokiej rangi, jak Pan Senator RP Leszek Piechota. Seminarium otworzy\u0142\u00a0<strong><a href=\"http:\/\/pracownik.us.edu.pl\/us-addressbook\/emp\/22612\" target=\"_blank\" rel=\"noopener noreferrer\">dr hab. Robert Pyka<\/a><\/strong>, zast\u0119pca dyrektora\u00a0<strong><a href=\"https:\/\/us.edu.pl\/wydzial\/wns\/instytut-socjologii\/\" target=\"_blank\" rel=\"noopener noreferrer\">Instytutu Socjologii<\/a><\/strong>\u00a0Uniwersytetu \u015al\u0105skiego, pe\u0142nomocnik JM Rektora Uniwersytetu \u015al\u0105skiego ds.\u00a0<strong><a href=\"http:\/\/www.obserwatoriummiasto.us.edu.pl\/\" target=\"_blank\" rel=\"noopener noreferrer\">Obserwatorium Proces\u00f3w Miejskich i Metropolitalnych<\/a>\u00a0<\/strong>(OPMiM). Otwarta formu\u0142a spotkania sprawi\u0142a, i\u017c po cz\u0119\u015bci seminaryjnej obejmuj\u0105cej wyst\u0105pienia merytoryczne ekspert\u00f3w z Uniwersytetu Ekonomicznego w Katowicach, uczestnicy \u017cywo anga\u017cowali si\u0119 w dyskusj\u0119 na temat organizacji komunikacji miejskiej.<\/span><\/p>\n<p>&nbsp;<\/p>\n<div style=\"width: 640px;\" class=\"wp-video\"><!--[if lt IE 9]><script>document.createElement('video');<\/script><![endif]-->\n<video class=\"wp-video-shortcode\" id=\"video-478-1\" width=\"640\" height=\"360\" preload=\"metadata\" controls=\"controls\"><source type=\"video\/mp4\" src=\"http:\/\/us.edu.pl\/centra-badawcze\/opmim\/wp-content\/uploads\/sites\/56\/Nieprzypisane\/Seminarium-Bezp\u0142atny-transport-zbiorowy-w-miastach-przysz\u0142o\u015b\u0107-czy-populizm1.mp4?_=1\" \/><a href=\"http:\/\/us.edu.pl\/centra-badawcze\/opmim\/wp-content\/uploads\/sites\/56\/Nieprzypisane\/Seminarium-Bezp\u0142atny-transport-zbiorowy-w-miastach-przysz\u0142o\u015b\u0107-czy-populizm1.mp4\">http:\/\/us.edu.pl\/centra-badawcze\/opmim\/wp-content\/uploads\/sites\/56\/Nieprzypisane\/Seminarium-Bezp\u0142atny-transport-zbiorowy-w-miastach-przysz\u0142o\u015b\u0107-czy-populizm1.mp4<\/a><\/video><\/div>\n<p>&nbsp;<\/p>\n<p><span style=\"font-size: 14pt;\"><strong>PLATFORMA WIEDZY \u2013 Materia\u0142y poseminaryjne do pobrania<\/strong><\/span><\/p>\n<ol>\n<li><strong><span style=\"font-size: 14pt;\"><a href=\"http:\/\/us.edu.pl\/centra-badawcze\/opmim\/wp-content\/uploads\/sites\/56\/Nieprzypisane\/obserwatorium-miejskie-09-2018_prof.-Szo\u0142tysek.pdf\" class=\"mtli_attachment mtli_pdf\" class=\"mtli_attachment mtli_pdf\" target=\"_blank\" rel=\"noopener noreferrer\">PREZENTACJA PPT &gt;&gt;&gt; Miasto i mobilno\u015b\u0107. Mi\u0119dzy ideologi\u0105 a rzeczywisto\u015bci\u0105_prof. dr hab. in\u017c. Jacek Szo\u0142tysek_Uniwersytet Ekonomiczny w Katowicach<\/a><\/span><\/strong><\/li>\n<li><strong><span style=\"font-size: 14pt;\"><a href=\"http:\/\/us.edu.pl\/centra-badawcze\/opmim\/wp-content\/uploads\/sites\/56\/Nieprzypisane\/TomanekObserwatorium_2018.pdf\" class=\"mtli_attachment mtli_pdf\" class=\"mtli_attachment mtli_pdf\" target=\"_blank\" rel=\"noopener noreferrer\">PREZENTACJA PPT &gt;&gt;&gt; Zr\u00f3wnowa\u017cona mobilno\u015b\u0107 \u2013 nowy paradygmat miejski czy oksymoron?_prof. UE dr hab. Robert Tomanek_Uniwersytet Ekonomiczny w Katowicach<\/a><\/span><\/strong><\/li>\n<\/ol>\n<p>&nbsp;<\/p>\n<div id='gallery-1' class='gallery galleryid-478 gallery-columns-3 gallery-size-thumbnail'><figure class='gallery-item'>\n\t\t\t<div class='gallery-icon landscape'>\n\t\t\t\t<a href='https:\/\/us.edu.pl\/centra-badawcze\/opmim\/3-seminarium-2018\/img_1638\/'><img width=\"150\" height=\"150\" src=\"https:\/\/us.edu.pl\/centra-badawcze\/opmim\/wp-content\/uploads\/sites\/56\/Nieprzypisane\/IMG_1638-150x150.jpg\" class=\"attachment-thumbnail size-thumbnail\" alt=\"W sali konferencyjnej przy pulpicie z mikrofonem stoi m\u0119\u017cczyzna w okularach, ubrany w ciemna marynark\u0119 i krawat. R\u0119ce z\u0142o\u017cone razem trzyma oparte na pulpicie. W tle wida\u0107 bia\u0142\u0105 \u015bcian\u0119 i obraz wy\u015bwietlany z rzutnika na bia\u0142y ekran. Po dw\u00f3ch stronach sali stoj\u0105 pomara\u0144czowe roll upy z logo CINiBA w kszta\u0142cie ksi\u0105\u017cki. W lewym dolnym rogu zdj\u0119cia przy bia\u0142ym stole prelegenckim siedzi kobieta i dw\u00f3ch m\u0119\u017cczyzn. Na stole prelegnckim ustawiono komputer, butelki wody i tabliczki z imionami prelegent\u00f3w..\" aria-describedby=\"gallery-1-479\" \/><\/a>\n\t\t\t<\/div>\n\t\t\t\t<figcaption class='wp-caption-text gallery-caption' id='gallery-1-479'>\n\t\t\t\tdr hab. Robert Pyka, zast\u0119pca dyrektora Instytutu Socjologii Uniwersytetu \u015al\u0105skiego, pe\u0142nomocnik Rektora ds. Obserwatorium Proces\u00f3w Miejskich i Metropolitalnych, fot. Sekcja Prasowa U\u015a\n\t\t\t\t<\/figcaption><\/figure><figure class='gallery-item'>\n\t\t\t<div class='gallery-icon landscape'>\n\t\t\t\t<a href='https:\/\/us.edu.pl\/centra-badawcze\/opmim\/3-seminarium-2018\/img_1640\/'><img width=\"150\" height=\"150\" src=\"https:\/\/us.edu.pl\/centra-badawcze\/opmim\/wp-content\/uploads\/sites\/56\/Nieprzypisane\/IMG_1640-150x150.jpg\" class=\"attachment-thumbnail size-thumbnail\" alt=\"Widok na publiczno\u015b\u0107 siedz\u0105c\u0105 na sali konferencyjnej w kliku rz\u0119dach. Na pierwszym planie wida\u0107 dw\u00f3ch siedz\u0105cych m\u0119\u017cczyzn w ciemnych garniturach z r\u0119kami opartymi na szarych pulpitach krzese\u0142. W tle wida\u0107 \u017c\u00f3\u0142t\u0105, a\u017curow\u0105 \u015bcian\u0119, czerwon\u0105 ga\u015bnic\u0119 zawieszon\u0105 na s\u0142upie podtrzymuj\u0105cym sufit. Po\u015brodku \u015bciany stoi ubrany w ciemny garnitur m\u0119\u017cczyzna.\" aria-describedby=\"gallery-1-481\" \/><\/a>\n\t\t\t<\/div>\n\t\t\t\t<figcaption class='wp-caption-text gallery-caption' id='gallery-1-481'>\n\t\t\t\tUczestnicy seminarium OPMiM, fot. Sekcja Prasowa U\u015a\n\t\t\t\t<\/figcaption><\/figure><figure class='gallery-item'>\n\t\t\t<div class='gallery-icon landscape'>\n\t\t\t\t<a href='https:\/\/us.edu.pl\/centra-badawcze\/opmim\/3-seminarium-2018\/img_1659\/'><img width=\"150\" height=\"150\" src=\"https:\/\/us.edu.pl\/centra-badawcze\/opmim\/wp-content\/uploads\/sites\/56\/Nieprzypisane\/IMG_1659-150x150.jpg\" class=\"attachment-thumbnail size-thumbnail\" alt=\"W sali konferencyjnej przy pulpicie z mikrofonem stoi kobieta w okularach, ubrana w bia\u0142\u0105 marynark\u0119 i czarn\u0105 bluzk\u0119. R\u0119ce ma z\u0142o\u017cone razem na wysoko\u015bci brzucha. W tle wida\u0107 okna budynku i dwa roll upy - jeden pomara\u0144czowy, a drugi bia\u0142y z wizerunkiem przeszkolonych wie\u017cowc\u00f3w.\" aria-describedby=\"gallery-1-485\" \/><\/a>\n\t\t\t<\/div>\n\t\t\t\t<figcaption class='wp-caption-text gallery-caption' id='gallery-1-485'>\n\t\t\t\tdr Anna Urbanek \u2013 adiunkt w Katedrze Transportu Uniwersytetu Ekonomicznego w Katowicach, fot. Sekcja Prasowa U\u015a\n\t\t\t\t<\/figcaption><\/figure><figure class='gallery-item'>\n\t\t\t<div class='gallery-icon landscape'>\n\t\t\t\t<a href='https:\/\/us.edu.pl\/centra-badawcze\/opmim\/3-seminarium-2018\/img_1649\/'><img width=\"150\" height=\"150\" src=\"https:\/\/us.edu.pl\/centra-badawcze\/opmim\/wp-content\/uploads\/sites\/56\/Nieprzypisane\/IMG_1649-150x150.jpg\" class=\"attachment-thumbnail size-thumbnail\" alt=\"Widok na st\u00f3\u0142 prelegencki. Po lewej siedzi kobieta w okularach, ubrana w bia\u0142\u0105 marynark\u0119 i czarn\u0105 bluzk\u0119. Po\u015brodku siedzi m\u0142ody m\u0119\u017cczyzna o kr\u00f3tko przystrzy\u017conych, ciemnych w\u0142osach, ubrany w ciemn\u0105 marynark\u0119. Po lewej siedzi m\u0119\u017cczyzna w okularach ubrany w ciemn\u0105 marynark\u0119 i b\u0142\u0119kitn\u0105 koszul\u0119. Na stole przed nimi ustawiono prezentery sto\u0142owe z nazwiskami prelegent\u00f3w. W tle wida\u0107 bia\u0142\u0105 \u015bcian\u0119, pomara\u0144czowy roll up i fragment obrazu wy\u015bwietlanego na bia\u0142ym ekranie z rzutnika.\" aria-describedby=\"gallery-1-483\" \/><\/a>\n\t\t\t<\/div>\n\t\t\t\t<figcaption class='wp-caption-text gallery-caption' id='gallery-1-483'>\n\t\t\t\tOd lewej: dr Anna Urbanek, \u0141ukasz \u0141ugowski, prof. dr hab. in\u017c. Jacek Szo\u0142tysek \u2013 kierownik Katedry Logistyki Spo\u0142ecznej w Uniwersytecie Ekonomicznym w Katowicach, fot. Sekcja Prasowa U\u015a\n\t\t\t\t<\/figcaption><\/figure><figure class='gallery-item'>\n\t\t\t<div class='gallery-icon landscape'>\n\t\t\t\t<a href='https:\/\/us.edu.pl\/centra-badawcze\/opmim\/3-seminarium-2018\/img_1664\/'><img width=\"150\" height=\"150\" src=\"https:\/\/us.edu.pl\/centra-badawcze\/opmim\/wp-content\/uploads\/sites\/56\/Nieprzypisane\/IMG_1664-150x150.jpg\" class=\"attachment-thumbnail size-thumbnail\" alt=\"W sali konferencyjnej przy pod\u0142u\u017cnym, bia\u0142ym stole prelegenckim siedzi dw\u00f3ch m\u0119\u017cczyzn i kobieta. Po prawej stronie na zdj\u0119ciu wida\u0107 stoj\u0105cego przy pulpicie z mikrofonem m\u0119\u017cczyzn\u0119 w okularach, ubranego w ciemn\u0105 marynark\u0119 i krawat. Praw\u0105 r\u0119k\u0119 trzyma na pulpicie, a lew\u0105 r\u0119k\u0119 w gipsie w temblaku. W tle wida\u0107 bia\u0142\u0105 \u015bcian\u0119 i fragment obrazu wy\u015bwietlanego z rzutnika. Po obu stronach sali ustawiono pomara\u0144czowe roll upy z logo CINiBA w kszta\u0142cie ksi\u0105\u017cki.\" aria-describedby=\"gallery-1-486\" \/><\/a>\n\t\t\t<\/div>\n\t\t\t\t<figcaption class='wp-caption-text gallery-caption' id='gallery-1-486'>\n\t\t\t\tprof. UE dr hab. Robert Tomanek, JM Rektor Uniwersytetu Ekonomicznego w Katowicach, profesor w Katedrze Transportu Uniwersytetu Ekonomicznego w Katowicach, fot. Sekcja Prasowa U\u015a\n\t\t\t\t<\/figcaption><\/figure><figure class='gallery-item'>\n\t\t\t<div class='gallery-icon landscape'>\n\t\t\t\t<a href='https:\/\/us.edu.pl\/centra-badawcze\/opmim\/3-seminarium-2018\/img_1652\/'><img width=\"150\" height=\"150\" src=\"https:\/\/us.edu.pl\/centra-badawcze\/opmim\/wp-content\/uploads\/sites\/56\/Nieprzypisane\/IMG_1652-150x150.jpg\" class=\"attachment-thumbnail size-thumbnail\" alt=\"W sali konferencyjnej siedzi grupa os\u00f3b, na pierwszym planie wida\u0107 dw\u00f3ch m\u0119\u017cczyzn ubranych w ciemne garnitury. Oboje maj\u0105 r\u0119ce z\u0142o\u017cone razem. M\u0119\u017cczyzna po lewej nosi ciemny krawat i okulary, ma kr\u00f3tko przystrzy\u017cone, siwe w\u0142osy. M\u0119\u017cczyzna po prawej nosi be\u017cowy krawat i okulary.\" aria-describedby=\"gallery-1-484\" \/><\/a>\n\t\t\t<\/div>\n\t\t\t\t<figcaption class='wp-caption-text gallery-caption' id='gallery-1-484'>\n\t\t\t\tUczestnicy seminarium w sali konferencyjnej CINiBA, fot. Sekcja Prasowa U\u015a\n\t\t\t\t<\/figcaption><\/figure>\n\t\t<\/div>\n\n<p>\n<\/div>\r\n                    <\/div>\r\n                <\/div>[\/vc_column][\/vc_row]<\/p>","protected":false},"excerpt":{"rendered":"<p>[vc_row][vc_column][\/vc_column][\/vc_row] [&#8230;]<\/p>\n<p><a class=\"btn btn-secondary understrap-read-more-link\" href=\"https:\/\/us.edu.pl\/centra-badawcze\/opmim\/3-seminarium-2018\/\">Read More&#8230;<\/a><\/p>\n","protected":false},"author":2808,"featured_media":0,"parent":0,"menu_order":0,"comment_status":"closed","ping_status":"closed","template":"","meta":{"_expiration-date-status":"saved","_expiration-date":0,"_expiration-date-type":"","_expiration-date-categories":[],"_expiration-date-options":[]},"acf":[],"_links":{"self":[{"href":"https:\/\/us.edu.pl\/centra-badawcze\/opmim\/wp-json\/wp\/v2\/pages\/478"}],"collection":[{"href":"https:\/\/us.edu.pl\/centra-badawcze\/opmim\/wp-json\/wp\/v2\/pages"}],"about":[{"href":"https:\/\/us.edu.pl\/centra-badawcze\/opmim\/wp-json\/wp\/v2\/types\/page"}],"author":[{"embeddable":true,"href":"https:\/\/us.edu.pl\/centra-badawcze\/opmim\/wp-json\/wp\/v2\/users\/2808"}],"replies":[{"embeddable":true,"href":"https:\/\/us.edu.pl\/centra-badawcze\/opmim\/wp-json\/wp\/v2\/comments?post=478"}],"version-history":[{"count":7,"href":"https:\/\/us.edu.pl\/centra-badawcze\/opmim\/wp-json\/wp\/v2\/pages\/478\/revisions"}],"predecessor-version":[{"id":998,"href":"https:\/\/us.edu.pl\/centra-badawcze\/opmim\/wp-json\/wp\/v2\/pages\/478\/revisions\/998"}],"wp:attachment":[{"href":"https:\/\/us.edu.pl\/centra-badawcze\/opmim\/wp-json\/wp\/v2\/media?parent=478"}],"curies":[{"name":"wp","href":"https:\/\/api.w.org\/{rel}","templated":true}]}}