{"id":528,"date":"2021-02-16T12:32:55","date_gmt":"2021-02-16T11:32:55","guid":{"rendered":"http:\/\/us.edu.pl\/centra-badawcze\/opmim\/?page_id=528"},"modified":"2021-08-17T14:55:32","modified_gmt":"2021-08-17T12:55:32","slug":"5-seminarium-24-maja-2019-r","status":"publish","type":"page","link":"https:\/\/us.edu.pl\/centra-badawcze\/opmim\/5-seminarium-24-maja-2019-r\/","title":{"rendered":"V seminarium \u2013 24 maja 2019 r."},"content":{"rendered":"<p>[vc_row][vc_column]\r\n                <div class=\"text-modules\">\r\n                    <div class=\"container\">\r\n                        <h3 class=\"page-title text__title\">V seminarium \u2013 24 maja 2019 r.<\/h3>\r\n                        <div class=\"text-modules__content\"><p><img class=\"alignnone wp-image-529\" src=\"http:\/\/us.edu.pl\/centra-badawcze\/opmim\/wp-content\/uploads\/sites\/56\/Nieprzypisane\/miasto_t\u0142o4-300x169.jpg\" alt=\"\" width=\"609\" height=\"343\" srcset=\"https:\/\/us.edu.pl\/centra-badawcze\/opmim\/wp-content\/uploads\/sites\/56\/Nieprzypisane\/miasto_t\u0142o4-300x169.jpg 300w, https:\/\/us.edu.pl\/centra-badawcze\/opmim\/wp-content\/uploads\/sites\/56\/Nieprzypisane\/miasto_t\u0142o4-768x432.jpg 768w, https:\/\/us.edu.pl\/centra-badawcze\/opmim\/wp-content\/uploads\/sites\/56\/Nieprzypisane\/miasto_t\u0142o4-1024x576.jpg 1024w, https:\/\/us.edu.pl\/centra-badawcze\/opmim\/wp-content\/uploads\/sites\/56\/Nieprzypisane\/miasto_t\u0142o4-575x323.jpg 575w\" sizes=\"(max-width: 609px) 100vw, 609px\" \/><\/p>\n<h3><span style=\"font-size: 14pt;\">\u201eCzym oddychamy? \u2013 monitoring jako\u015bci powietrza i jego ochrona\u201d<\/span><\/h3>\n<p>Seminarium po\u015bwi\u0119cone kontroli jako\u015bci powietrza i jego ochronie, kt\u00f3re odby\u0142o si\u0119 w gmachu <a href=\"https:\/\/www.polsl.pl\/Jednostki\/RJP7-CEK\/Strony\/witamy.aspx\" target=\"_blank\" rel=\"noopener noreferrer\">Centrum Edukacyjno-Kongresowego Politechniki \u015al\u0105skiej w Gliwicach<\/a>, by\u0142o ju\u017c czwartym wydarzeniem z cyklu\u00a0<strong>Akademii Samorz\u0105dowej<\/strong>, czyli spotka\u0144 typu\u00a0<strong><em>Science to Business<\/em><\/strong>\u00a0(S2B) naukowc\u00f3w i ekspert\u00f3w oraz przedstawicieli jednostek samorz\u0105du terytorialnego wojew\u00f3dztwa \u015bl\u0105skiego, subregion\u00f3w wojew\u00f3dztwa \u015bl\u0105skiego oraz G\u00f3rno\u015bl\u0105sko\u2013Zag\u0142\u0119biowskiej Metropolii, s\u0142u\u017c\u0105cych budowaniu efektywnej wsp\u00f3\u0142pracy i przestrzeni do wsp\u00f3lnej dyskusji na najbardziej nurtuj\u0105ce dla regionu kwestie. Wydarzenie przyci\u0105gn\u0119\u0142o rekordow\u0105 jak dot\u0105d liczb\u0119 uczestnik\u00f3w, poniewa\u017c blisko 100 os\u00f3b zawita\u0142o tego dnia do Gliwic z r\u00f3\u017cnych gmin wojew\u00f3dztwa \u015bl\u0105skiego, by porozmawia\u0107\u00a0 o szczeg\u00f3lnie istotnym z perspektywy regionu problemie zanieczyszczenia powietrza i monitoringu jego jako\u015bci. W\u015br\u00f3d uczestnik\u00f3w pojawili si\u0119 zar\u00f3wno przedstawiciele jednostek samorz\u0105du terytorialnego, jak r\u00f3wnie\u017c firm z bran\u017cy energetycznej i g\u00f3rniczo-energetycznej. Nie zabrak\u0142o tak\u017ce student\u00f3w zainteresowanych pal\u0105c\u0105 kwesti\u0105 smogu. Seminarium poprowdzone przez\u00a0<strong>Koordynatora<\/strong>\u00a0<a href=\"http:\/\/www.obserwatoriummiasto.us.edu.pl\/zespol-ds-programowania-i-monitorowania-zrownowazonego-rozwoju-regionu-koordynator-dr-hab-aleksandra-kuzior\/\" target=\"_blank\" rel=\"noopener noreferrer\"><strong><em>Zespo\u0142u ds. programowania i monitorowania zr\u00f3wnowa\u017conego rozwoju regionu OPMiM<\/em><\/strong><\/a>,\u00a0<strong>prof. P\u015a dr hab. Aleksandr\u0119 Kuzior,<\/strong>\u00a0obj\u0119\u0142o wyst\u0105pienia prelegent\u00f3w i dyskusj\u0119 panelow\u0105 z przyby\u0142ymi go\u015b\u0107mi.<\/p>\n<p>Po oficjalnym otwarciu konferencji przedstawiono specjalnie na t\u0119 okazj\u0119 przygotowane nagranie prof. dr hab. in\u017c. Jerzego Buzka, pos\u0142a do Parlamentu Europejskiego, w kt\u00f3rym poruszy\u0142 problem niskiej emisji oraz ub\u00f3stwa energetycznego, stanowi\u0105ce jedne z przedmiot\u00f3w dzia\u0142a\u0144 w ramach Komisji\u00a0<em><strong>Przemys\u0142u<\/strong><\/em><strong>,\u00a0<em>Bada\u0144 Naukowych<\/em>\u00a0i\u00a0<em>Energii<\/em>\u00a0(<em>ITRE<\/em>)\u00a0<\/strong>Parlamentu Europejskiego. Pan Europose\u0142 podkre\u015bli\u0142 szczeg\u00f3ln\u0105 rol\u0119 dzia\u0142a\u0144 informacyjno-edukacyjnych maj\u0105cych na celu podniesienie \u015bwiadomo\u015bci spo\u0142ecznej na temat zanieczyszczenia powietrza, daj\u0105c za przyk\u0142ad zorganizowany przez siebie konkurs na prace artystyczne pt. \u201eSTOP! Smog\u201d, kt\u00f3rego zwie\u0144czeniem by\u0142a wystawa o tym samym tytule, zaprezentowana w Brukseli i wielu miastach Polski. Dzi\u0119ki uprzejmo\u015bci Pana Europos\u0142a, a tak\u017ce kuratorki wystawy po stronie grupy artystycznej ATINA, Pani Anity Grobelak, oraz w\u0142adz Politechniki \u015al\u0105skiej, wystaw\u0119 mo\u017cna by\u0142o podziwia\u0107 w czasie seminarium OPMiM.<\/p>\n<p>Wyst\u0105pienia prelegent\u00f3w rozpocz\u0119\u0142a Pani Izabela Domoga\u0142a, Cz\u0142onek Zarz\u0105du Wojew\u00f3dztwa \u015al\u0105skiego, prezentuj\u0105c zatrwa\u017caj\u0105ce dane z Raportu WHO \u201eAmbient Air Pollution Database 2017\u201d, z kt\u00f3rych wynika, \u017ce a\u017c 36 z 50 najbardziej zanieczyszczonych miast Unii Europejskiej znajduje si\u0119 w\u00a0Polsce, w\u00a0tym 13 z nich le\u017cy w wojew\u00f3dztwie \u015bl\u0105skim. Pani Domoga\u0142a odnios\u0142a si\u0119 do uruchomionego przez w\u0142adze wojew\u00f3dztwa programu na rzecz ochrony jako\u015bci powietrza z 2017 r. i uchwalonej w tym samym roku ustawy antysmogowej, wskazuj\u0105c jednocze\u015bnie na bogactwo konkurs\u00f3w na dofinansowanie wymiany systemu ogrzewania, a tak\u017ce na rol\u0119 lokalnych lider\u00f3w i samorz\u0105dowc\u00f3w buduj\u0105cych projekty partnerskie dla kilku gmin. Problemem w opinii Pani Domoga\u0142y jest efektywne wydatkowanie \u015brodk\u00f3w unijnych, kt\u00f3re powinny by\u0107 pozyskiwane z my\u015bl\u0105 o konkretnym i rzeczywistym zapotrzebowaniu gmin. Kolejny prelegent, dr in\u017c. Jan Bondaruk, Zast\u0119pca Dyrektora ds. In\u017cynierii \u015arodowiska GIG, podni\u00f3s\u0142 natomiast kwesti\u0119 miejsc najbardziej dotkni\u0119tych ub\u00f3stwem energetycznym, tzw. bia\u0142ych plam w gminach,\u00a0kt\u00f3re pod wzgl\u0119dem niskiej emisji stanowi\u0105 najwi\u0119ksze zagro\u017cenie dla otoczenia. Pan Dyrektor Bondaruk opowiedzia\u0142 tak\u017ce o uruchomionych przez GIG systemowych rozwi\u0105zaniach wspomagaj\u0105cych monitorowanie jako\u015bci powietrza i ich efektach, czego przyk\u0142adem jest mobilna stacja pomiarowa \u201eEko-patrol GIG\u201d\u00a0i stworzone na\u00a0podstawie danych przez ni\u0105 dostarczonych\u00a0mapy zagro\u017ce\u0144 smogowych pozwalaj\u0105ce na wprowadzanie efektywnych dzia\u0142a\u0144 naprawczych. Wa\u017cnym elementem wyst\u0105pienia by\u0142y tak\u017ce przedstawione przez Pana Dyrektora projekty edukacyjne polegaj\u0105ce na szkoleniu pracownik\u00f3w JST oraz dzia\u0142ania zmierzaj\u0105ce do integracji danych pomiarowych w systemach bazodanowych i raportowych w celu stworzenia regionalnego systemu informacji o stanie jako\u015bci powietrza. W nast\u0119pnym wyst\u0105pieniu prof. U\u015a dr hab. Tomasz Pietrzykowski, Rektor ds. Wsp\u00f3\u0142pracy Mi\u0119dzynarodowej i Krajowej U\u015a, rozwin\u0105\u0142 trzy g\u0142\u00f3wne refleksje, zauwa\u017caj\u0105c, i\u017c problem zanieczyszczenia w regionie jako skutek podej\u015bcia do \u015brodowiska i pewnego stylu \u017cycia jest wycinkiem tego, z czym zmaga si\u0119 ca\u0142y \u015bwiat. Walk\u0119 ze smogiem powinni\u015bmy wi\u0119c postrzega\u0107 jako element transformacji regionu, przy czym brakuje kompleksowego programu na rzecz zmiany podej\u015bcia do \u015brodowiska. Istotn\u0105 rol\u0119 odgrywaj\u0105 zatem naukowcy, kt\u00f3rzy powinni wzi\u0105\u0107 na siebie odpowiedzialno\u015b\u0107 za stworzenie planu dzia\u0142ania dla decydent\u00f3w, polityk\u00f3w i urz\u0119dnik\u00f3w. Dodatkowo problem zanieczyszczenia powietrza nie jest rozwi\u0105zywalny jedynie za pomoc\u0105 \u015brodk\u00f3w finansowych, co wi\u0105\u017ce si\u0119 z potrzeb\u0105 zaistnienia zmiany kulturowej przy zastosowaniu odpowiedniego impulsu ekonomicznego. Ostatnia prezentacja seminaryjna, autorstwa prof. dr hab. in\u017c. Janusza Kotowicza, Prorektora ds. Wsp\u00f3\u0142pracy z Otoczeniem Spo\u0142eczno-Gospodarczym, koncentrowa\u0142a si\u0119 wok\u00f3\u0142 dzia\u0142a\u0144 Politechniki \u015al\u0105skiej w zakresie prac badawczych oraz kszta\u0142cenia na kierunkach zwi\u0105zanych z ochron\u0105 \u015brodowiska. Pan Rektor wskaza\u0142 na konieczno\u015b\u0107 rozwoju oraz zastosowania nowych technologii, m.in. kot\u0142\u00f3w klasy V pozwalaj\u0105cych na znaczne ograniczenie emisji. Wspomnia\u0142 tak\u017ce o rozwi\u0105zaniach dotycz\u0105cych redukcji emisji CO2 i zu\u017cycia energii w budynkach Politechniki \u015al\u0105skiej w Gliwicach polegaj\u0105cych na zastosowaniu odnawialnych \u017ar\u00f3de\u0142 energii, na przyk\u0142ad instalacji fotowoltaicznej.<\/p>\n<p><img class=\"alignnone wp-image-530\" src=\"http:\/\/us.edu.pl\/centra-badawcze\/opmim\/wp-content\/uploads\/sites\/56\/Nieprzypisane\/Plakat-seminarium-OPMiM_24-maja-225x300.png\" alt=\"\" width=\"276\" height=\"368\" srcset=\"https:\/\/us.edu.pl\/centra-badawcze\/opmim\/wp-content\/uploads\/sites\/56\/Nieprzypisane\/Plakat-seminarium-OPMiM_24-maja-225x300.png 225w, https:\/\/us.edu.pl\/centra-badawcze\/opmim\/wp-content\/uploads\/sites\/56\/Nieprzypisane\/Plakat-seminarium-OPMiM_24-maja-768x1024.png 768w, https:\/\/us.edu.pl\/centra-badawcze\/opmim\/wp-content\/uploads\/sites\/56\/Nieprzypisane\/Plakat-seminarium-OPMiM_24-maja-431x575.png 431w, https:\/\/us.edu.pl\/centra-badawcze\/opmim\/wp-content\/uploads\/sites\/56\/Nieprzypisane\/Plakat-seminarium-OPMiM_24-maja.png 1728w\" sizes=\"(max-width: 276px) 100vw, 276px\" \/><\/p>\n<p>Wyst\u0105pienia \u00a0prelegent\u00f3w i postawione przez nich pytania zainspirowa\u0142y zgromadzonych uczestnik\u00f3w do wymiany my\u015bli. G\u0142\u00f3wne w\u0105tki w dyskusji koncentrowa\u0142y si\u0119 na potrzebie integracji podejmowanych obecnie i w przysz\u0142o\u015bci dzia\u0142a\u0144, by wywo\u0142a\u0107 efekt synergii, a tak\u017ce odpowiedni\u0105 presj\u0119 spo\u0142eczn\u0105 na lokalnych politykach. W czasie rozm\u00f3w\u00a0poruszono tak\u017ce problem wysoko\u015bci i skuteczno\u015bci kar pieni\u0119\u017cnych za zanieczyszczenie powietrza. Prof. Pietrzykowski wskaza\u0142 na potrzeb\u0119 optymalizacji kar, podaj\u0105c w charakterze rozwi\u0105zania mo\u017cliwo\u015b\u0107 wprowadzenia kar krocz\u0105cych, czyli nak\u0142adanych do momentu a\u017c zanieczyszczenie nie ustanie. Po raz kolejny podkre\u015blono, \u017ce problemem nie jest brak \u015brodk\u00f3w pieni\u0119\u017cnych potrzebnych do walki ze smogiem, ale my\u015blenie strategiczne pozwalaj\u0105ce na efektywne ich wykorzystanie, a tak\u017ce kreatywne rozwi\u0105zania, dostosowane do lokalnych mo\u017cliwo\u015bci i potrzeb gmin, nie b\u0119d\u0105ce jedynie wynikiem kopiowania pomys\u0142\u00f3w stosowanych za granic\u0105. Obecni na sali uczestnicy seminarium domagali si\u0119 tak\u017ce od w\u0142adz wojew\u00f3dztwa wi\u0119kszego zaanga\u017cowania do dyskusji nad wprowadzeniem zmian w ustawie antysmogowej specjalist\u00f3w reprezentuj\u0105cych dziedziny maj\u0105ce prze\u0142o\u017cenie na ochron\u0119 \u015brodowiska. G\u0142osy r\u00f3\u017cnych \u015brodowisk zgromadzonych na seminarium pokaza\u0142y, \u017ce wojew\u00f3dztwo \u015bl\u0105skie mimo dzia\u0142a\u0144 naprawczych wci\u0105\u017c zmaga si\u0119 z wieloma bol\u0105czkami w zakresie sprawnego przeciwdzia\u0142ania zanieczyszczeniu powietrza, co jest elementem procesu transformacji regionu i powinno zosta\u0107 poddane dok\u0142adnej analizie w celu stworzenia\u00a0 kompleksowego i d\u0142ugoterminowego programu dzia\u0142ania.<\/p>\n<div id='gallery-1' class='gallery galleryid-528 gallery-columns-3 gallery-size-thumbnail'><figure class='gallery-item'>\n\t\t\t<div class='gallery-icon landscape'>\n\t\t\t\t<a href='https:\/\/us.edu.pl\/centra-badawcze\/opmim\/20190524_110429\/'><img width=\"150\" height=\"150\" src=\"https:\/\/us.edu.pl\/centra-badawcze\/opmim\/wp-content\/uploads\/sites\/56\/Akademia-samorz\u0105dowa\/IV-seminarium-\u2013-24-maja-2019-r\/20190524_110429-150x150.jpg\" class=\"attachment-thumbnail size-thumbnail\" alt=\"Na dole po\u015brodku sali audytoryjnej o uk\u0142adzie amfiteatralnym stoi rz\u0105d krzese\u0142, na kt\u00f3rych siedzi grupa os\u00f3b, trzech m\u0119\u017cczyzn i dwie kobiety. Jedno granatowe krzes\u0142o po prawej stronie stoi puste. Nad grup\u0105 os\u00f3b wisi bia\u0142y ekran z kolorowym obrazem wy\u015bwietlonym przez rzutnik. Pod ekranem stoi roll up z obrazem miasta i przeszklonych wie\u017cowc\u00f3w oraz bia\u0142e tablice na \u015bcianie. Na tablicy po prawej wisi b\u0142\u0119kitny plakat, obok stoi bia\u0142y roll up. W tle \u015bciana jest zbudowana z czerwonych cegie\u0142. Na pierwszym planie wida\u0107 kilka rz\u0119d\u00f3w drewnianych siedzisk z pulpitami, na kt\u00f3rych siedzi ty\u0142em grupa os\u00f3b.\" aria-describedby=\"gallery-1-521\" \/><\/a>\n\t\t\t<\/div>\n\t\t\t\t<figcaption class='wp-caption-text gallery-caption' id='gallery-1-521'>\n\t\t\t\tSeminarium 24 maja 2019 r.\n\t\t\t\t<\/figcaption><\/figure><figure class='gallery-item'>\n\t\t\t<div class='gallery-icon landscape'>\n\t\t\t\t<a href='https:\/\/us.edu.pl\/centra-badawcze\/opmim\/20190524_121240\/'><img width=\"150\" height=\"150\" src=\"https:\/\/us.edu.pl\/centra-badawcze\/opmim\/wp-content\/uploads\/sites\/56\/Akademia-samorz\u0105dowa\/IV-seminarium-\u2013-24-maja-2019-r\/20190524_121240-150x150.jpg\" class=\"attachment-thumbnail size-thumbnail\" alt=\"Na dole po\u015brodku sali audytoryjnej o uk\u0142adzie amfiteatralnym stoi rz\u0105d krzese\u0142, na kt\u00f3rych siedzi grupa os\u00f3b, trzech m\u0119\u017cczyzn i kobieta. Po prawej stoi m\u0119\u017cczyzna trzymaj\u0105cy mikrofon oraz rudow\u0142osa kobieta trzymaj\u0105ca w d\u0142oni dokumenty. Na bia\u0142ej \u015bcianie w tle wisz\u0105 bia\u0142e tablice. Na tablicy po prawej wisi b\u0142\u0119kitny plakat. Z boku, po prawej, pod du\u017cym, pod\u0142u\u017cnym oknem i \u015bcian\u0105 z czerwonej ceg\u0142y ustawione s\u0105 trzy roll upy. Na pierwszym planie wida\u0107 kilka rz\u0119d\u00f3w drewnianych siedzisk z pulpitami, na kt\u00f3rych siedzi ty\u0142em grupa os\u00f3b.\" aria-describedby=\"gallery-1-523\" \/><\/a>\n\t\t\t<\/div>\n\t\t\t\t<figcaption class='wp-caption-text gallery-caption' id='gallery-1-523'>\n\t\t\t\tdr hab. Robert Pyka, prof. U\u015a \u2013 Pe\u0142nomocnik Rektora U\u015a ds. Obserwatorium Proces\u00f3w Miejskich i Metropolitalnych, Zast\u0119pca Dyrektora Instytutu ds. Naukowych\n\t\t\t\t<\/figcaption><\/figure><figure class='gallery-item'>\n\t\t\t<div class='gallery-icon landscape'>\n\t\t\t\t<a href='https:\/\/us.edu.pl\/centra-badawcze\/opmim\/img_20190524_111841-kopiowanie\/'><img width=\"150\" height=\"150\" src=\"https:\/\/us.edu.pl\/centra-badawcze\/opmim\/wp-content\/uploads\/sites\/56\/Akademia-samorz\u0105dowa\/IV-seminarium-\u2013-24-maja-2019-r\/IMG_20190524_111841-Kopiowanie-150x150.jpg\" class=\"attachment-thumbnail size-thumbnail\" alt=\"Po\u015brodku sali konferencyjnej stoi rz\u0105d krzese\u0142, na kt\u00f3rych siedzi grupa os\u00f3b, trzech m\u0119\u017cczyzn i dwie kobiety. M\u0119\u017cczyzna po lewej trzyma mikrofon w prawej r\u0119ce, lew\u0105 r\u0119k\u0119 zaci\u015bni\u0119t\u0105 w pi\u0119\u015b\u0107 ma uniesion\u0105 do g\u00f3ry. Na kolanach le\u017c\u0105 roz\u0142o\u017cone dokumenty. Przed grup\u0105 os\u00f3b wida\u0107 siedz\u0105c\u0105 w pierwszym rz\u0119dzie publiczno\u015b\u0107. W tle stoi roll up z obrazem miasta i przeszklonych wie\u017cowc\u00f3w oraz bia\u0142e tablice powieszone na \u015bcianie. Na tablicy po prawej wisi b\u0142\u0119kitny plakat.\" aria-describedby=\"gallery-1-527\" \/><\/a>\n\t\t\t<\/div>\n\t\t\t\t<figcaption class='wp-caption-text gallery-caption' id='gallery-1-527'>\n\t\t\t\tprof. dr hab. in\u017c. Janusz Kotowicz \u2013 Prorektor ds. Wsp\u00f3\u0142pracy z Otoczeniem Spo\u0142eczno-Gospodarczym P\u015a\n\t\t\t\t<\/figcaption><\/figure><figure class='gallery-item'>\n\t\t\t<div class='gallery-icon landscape'>\n\t\t\t\t<a href='https:\/\/us.edu.pl\/centra-badawcze\/opmim\/img_20190524_103706-kopiowanie\/'><img width=\"150\" height=\"150\" src=\"https:\/\/us.edu.pl\/centra-badawcze\/opmim\/wp-content\/uploads\/sites\/56\/Akademia-samorz\u0105dowa\/IV-seminarium-\u2013-24-maja-2019-r\/IMG_20190524_103706-Kopiowanie-150x150.jpg\" class=\"attachment-thumbnail size-thumbnail\" alt=\"Na dole po\u015brodku sali audytoryjnej o uk\u0142adzie amfiteatralnym stoi rz\u0105d krzese\u0142, na kt\u00f3rych siedzi grupa os\u00f3b, dw\u00f3ch m\u0119\u017cczyzn i kobieta. Dwa granatowe krzes\u0142a po bokach s\u0105 puste. Po lewej stoi ciemnow\u0142osa kobieta trzymaj\u0105ca mikrofon. Nad ni\u0105 znajduje si\u0119 bia\u0142y ekran z obrazem wy\u015bwietlonym przez rzutnik, przedstawiaj\u0105cym widok miasta z g\u00f3ry. Pod ekranem stoi roll up z obrazem miasta i przeszklonych wie\u017cowc\u00f3w oraz bia\u0142e tablice powieszone na \u015bcianie. Na tablicy po prawej wisi b\u0142\u0119kitny plakat.\" aria-describedby=\"gallery-1-524\" \/><\/a>\n\t\t\t<\/div>\n\t\t\t\t<figcaption class='wp-caption-text gallery-caption' id='gallery-1-524'>\n\t\t\t\tIzabela Domoga\u0142a \u2013 Cz\u0142onek Zarz\u0105du Wojew\u00f3dztwa \u015al\u0105skiego\n\t\t\t\t<\/figcaption><\/figure><figure class='gallery-item'>\n\t\t\t<div class='gallery-icon landscape'>\n\t\t\t\t<a href='https:\/\/us.edu.pl\/centra-badawcze\/opmim\/img_20190524_105103-kopiowanie\/'><img width=\"150\" height=\"150\" src=\"https:\/\/us.edu.pl\/centra-badawcze\/opmim\/wp-content\/uploads\/sites\/56\/Akademia-samorz\u0105dowa\/IV-seminarium-\u2013-24-maja-2019-r\/IMG_20190524_105103-Kopiowanie-150x150.jpg\" class=\"attachment-thumbnail size-thumbnail\" alt=\"Na dole po\u015brodku sali audytoryjnej o uk\u0142adzie amfiteatralnym stoi rz\u0105d krzese\u0142, na kt\u00f3rych siedzi grupa os\u00f3b, m\u0119\u017cczyzna i dwie kobiety. Trzy granatowe krzes\u0142a miedzy nimi s\u0105 puste. Po lewej stoi m\u0119\u017cczyzna trzymaj\u0105cy mikrofon. Nad nim wisi bia\u0142y ekran z kolorowym obrazem wy\u015bwietlonym przez rzutnik. Pod ekranem stoi roll up z obrazem miasta i przeszklonych wie\u017cowc\u00f3w oraz bia\u0142e tablice powieszone na \u015bcianie. Na tablicy po prawej wisi b\u0142\u0119kitny plakat. Z boku pod du\u017cym, pod\u0142u\u017cnym oknem ustawione s\u0105 trzy roll upy. Na pierwszym planie wida\u0107 kilka rz\u0119d\u00f3w drewnianych siedzisk z pulpitami, na kt\u00f3rych siedzi ty\u0142em grupa os\u00f3b.\" aria-describedby=\"gallery-1-526\" \/><\/a>\n\t\t\t<\/div>\n\t\t\t\t<figcaption class='wp-caption-text gallery-caption' id='gallery-1-526'>\n\t\t\t\tdr in\u017c. Jan Bondaruk \u2013 Zast\u0119pca Dyrektora ds. In\u017cynierii \u015arodowiska GIG\n\t\t\t\t<\/figcaption><\/figure><figure class='gallery-item'>\n\t\t\t<div class='gallery-icon landscape'>\n\t\t\t\t<a href='https:\/\/us.edu.pl\/centra-badawcze\/opmim\/img_20190524_110355-kopiowanie\/'><img width=\"150\" height=\"150\" src=\"https:\/\/us.edu.pl\/centra-badawcze\/opmim\/wp-content\/uploads\/sites\/56\/Akademia-samorz\u0105dowa\/IV-seminarium-\u2013-24-maja-2019-r\/IMG_20190524_110355-Kopiowanie-150x150.jpg\" class=\"attachment-thumbnail size-thumbnail\" alt=\"Na dole po\u015brodku sali audytoryjnej o uk\u0142adzie amfiteatralnym stoi rz\u0105d krzese\u0142, na kt\u00f3rych siedzi grupa os\u00f3b, trzech m\u0119\u017cczyzn i kobieta. Po prawej stoi rudow\u0142osa kobieta trzymaj\u0105ca mikrofon. Na bia\u0142ej \u015bcianie w tle wisz\u0105 bia\u0142e tablice. Na tablicy po prawej wisi b\u0142\u0119kitny plakat. Z boku, po prawej, pod du\u017cym, pod\u0142u\u017cnym oknem i \u015bcian\u0105 z czerwonej ceg\u0142y wida\u0107 dwa roll upy. Na pierwszym planie wida\u0107 kilka rz\u0119d\u00f3w drewnianych siedzisk z pulpitami, na kt\u00f3rych siedzi ty\u0142em grupa os\u00f3b pracuj\u0105ca na laptopach.\" aria-describedby=\"gallery-1-522\" \/><\/a>\n\t\t\t<\/div>\n\t\t\t\t<figcaption class='wp-caption-text gallery-caption' id='gallery-1-522'>\n\t\t\t\tdr hab. Aleksandra Kuzior prof. P\u015a \u2013 Prodziekan ds. Studenckich WOiZ P\u015a, Koordynator Zespo\u0142u ds. programowania i monitorowania zr\u00f3wnowa\u017conego rozwoju regionu OPMiM\n\t\t\t\t<\/figcaption><\/figure><figure class='gallery-item'>\n\t\t\t<div class='gallery-icon landscape'>\n\t\t\t\t<a href='https:\/\/us.edu.pl\/centra-badawcze\/opmim\/20190524_121437\/'><img width=\"150\" height=\"150\" src=\"https:\/\/us.edu.pl\/centra-badawcze\/opmim\/wp-content\/uploads\/sites\/56\/Akademia-samorz\u0105dowa\/IV-seminarium-\u2013-24-maja-2019-r\/20190524_121437-150x150.jpg\" class=\"attachment-thumbnail size-thumbnail\" alt=\"Na szarej \u015bcianie wisz\u0105 dwa obrazy olejne i grafika. Obraz po lewejprzedstawia miasto noc\u0105 z kolorowymi neonami. Grafika po\u015brodku przedstawia nag\u0105 posta\u0107 kobiec\u0105 z wystawionymi w g\u00f3r\u0119 r\u0119kami. Na obrazie po prawej wida\u0107 kobiet\u0119 z dw\u00f3jk\u0105 ma\u0142ych dzieci, wszyscy nosz\u0105 maseczki ochronnej na twarzy. W tle obrazu wida\u0107 komin kopalniany.\" aria-describedby=\"gallery-1-525\" \/><\/a>\n\t\t\t<\/div>\n\t\t\t\t<figcaption class='wp-caption-text gallery-caption' id='gallery-1-525'>\n\t\t\t\tWystawa malarstwa pt. \u201eSTOP! Smog\u201d\n\t\t\t\t<\/figcaption><\/figure>\n\t\t<\/div>\n\n<p>\n<\/div>\r\n                    <\/div>\r\n                <\/div>[\/vc_column][\/vc_row]<\/p>","protected":false},"excerpt":{"rendered":"<p>[vc_row][vc_column][\/vc_column][\/vc_row] [&#8230;]<\/p>\n<p><a class=\"btn btn-secondary understrap-read-more-link\" href=\"https:\/\/us.edu.pl\/centra-badawcze\/opmim\/5-seminarium-24-maja-2019-r\/\">Read More&#8230;<\/a><\/p>\n","protected":false},"author":2808,"featured_media":0,"parent":0,"menu_order":0,"comment_status":"closed","ping_status":"closed","template":"","meta":{"_expiration-date-status":"saved","_expiration-date":0,"_expiration-date-type":"","_expiration-date-categories":[],"_expiration-date-options":[]},"acf":[],"_links":{"self":[{"href":"https:\/\/us.edu.pl\/centra-badawcze\/opmim\/wp-json\/wp\/v2\/pages\/528"}],"collection":[{"href":"https:\/\/us.edu.pl\/centra-badawcze\/opmim\/wp-json\/wp\/v2\/pages"}],"about":[{"href":"https:\/\/us.edu.pl\/centra-badawcze\/opmim\/wp-json\/wp\/v2\/types\/page"}],"author":[{"embeddable":true,"href":"https:\/\/us.edu.pl\/centra-badawcze\/opmim\/wp-json\/wp\/v2\/users\/2808"}],"replies":[{"embeddable":true,"href":"https:\/\/us.edu.pl\/centra-badawcze\/opmim\/wp-json\/wp\/v2\/comments?post=528"}],"version-history":[{"count":4,"href":"https:\/\/us.edu.pl\/centra-badawcze\/opmim\/wp-json\/wp\/v2\/pages\/528\/revisions"}],"predecessor-version":[{"id":996,"href":"https:\/\/us.edu.pl\/centra-badawcze\/opmim\/wp-json\/wp\/v2\/pages\/528\/revisions\/996"}],"wp:attachment":[{"href":"https:\/\/us.edu.pl\/centra-badawcze\/opmim\/wp-json\/wp\/v2\/media?parent=528"}],"curies":[{"name":"wp","href":"https:\/\/api.w.org\/{rel}","templated":true}]}}