{"id":535,"date":"2021-02-16T13:14:49","date_gmt":"2021-02-16T12:14:49","guid":{"rendered":"http:\/\/us.edu.pl\/centra-badawcze\/opmim\/?page_id=535"},"modified":"2021-08-17T14:54:14","modified_gmt":"2021-08-17T12:54:14","slug":"6-seminarium-2019-r","status":"publish","type":"page","link":"https:\/\/us.edu.pl\/centra-badawcze\/opmim\/6-seminarium-2019-r\/","title":{"rendered":"VI seminarium \u2013 21 pa\u017adziernika 2019 r."},"content":{"rendered":"<p>[vc_row][vc_column]\r\n                <div class=\"text-modules\">\r\n                    <div class=\"container\">\r\n                        <h3 class=\"page-title text__title\">VI seminarium \u2013 21 pa\u017adziernika 2019 r.<\/h3>\r\n                        <div class=\"text-modules__content\"><p><img class=\"alignnone wp-image-537\" src=\"http:\/\/us.edu.pl\/centra-badawcze\/opmim\/wp-content\/uploads\/sites\/56\/Nieprzypisane\/Seniorzy-w-mie\u015bcie-2-300x168.jpg\" alt=\"\" width=\"787\" height=\"441\" srcset=\"https:\/\/us.edu.pl\/centra-badawcze\/opmim\/wp-content\/uploads\/sites\/56\/Nieprzypisane\/Seniorzy-w-mie\u015bcie-2-300x168.jpg 300w, https:\/\/us.edu.pl\/centra-badawcze\/opmim\/wp-content\/uploads\/sites\/56\/Nieprzypisane\/Seniorzy-w-mie\u015bcie-2-768x431.jpg 768w, https:\/\/us.edu.pl\/centra-badawcze\/opmim\/wp-content\/uploads\/sites\/56\/Nieprzypisane\/Seniorzy-w-mie\u015bcie-2-1024x575.jpg 1024w, https:\/\/us.edu.pl\/centra-badawcze\/opmim\/wp-content\/uploads\/sites\/56\/Nieprzypisane\/Seniorzy-w-mie\u015bcie-2-575x323.jpg 575w, https:\/\/us.edu.pl\/centra-badawcze\/opmim\/wp-content\/uploads\/sites\/56\/Nieprzypisane\/Seniorzy-w-mie\u015bcie-2.jpg 1920w\" sizes=\"(max-width: 787px) 100vw, 787px\" \/><\/p>\n<p><span style=\"font-size: 14pt;\"><strong>&#8222;<em style=\"font-weight: bold;\">Seniorzy w mie\u015bcie a srebrna gospodarka \u2013 szanse, wyzwania, perspektywy&#8221;<\/em><\/strong><\/span><\/p>\n<p>21 pa\u017adziernika 2019 r. na Wydziale Nauk Przyrodniczych w Sosnowcu <strong>Obserwatorium Proces\u00f3w Miejskich i Metropolitalnych<\/strong>\u00a0zorganizowa\u0142o\u00a0<strong>seminarium poruszaj\u0105ce kwesti\u0119 polityki senioralnej oraz szans, wyzwa\u0144 i zagro\u017ce\u0144 stoj\u0105cych przed srebrn\u0105 gospodark\u0105<\/strong>. Wydarzenie przyci\u0105gn\u0119\u0142o\u00a0<strong>grup\u0119 blisko 50 uczestnik\u00f3w<\/strong>\u00a0reprezentuj\u0105cych \u015brodowisko naukowe, rady i stowarzyszenia senioralne, instytucje sektora publicznego i prywatnego, a tak\u017ce w\u0142adze lokalne gmin wojew\u00f3dztwa \u015bl\u0105skiego i przedstawicieli G\u00f3rno\u015bl\u0105sko-Zag\u0142\u0119biowskiej Metropolii.<\/p>\n<p>Seminarium zosta\u0142o podzielone na dwie cz\u0119\u015bci. Cz\u0119\u015b\u0107 pierwsza obj\u0119\u0142a wyst\u0105pienie\u00a0<strong>dr hab. Anny Runge<\/strong>\u00a0(Instytut Geografii Spo\u0142eczno-Ekonomicznej i Gospodarki Przestrzennej, Wydzia\u0142 Nauk Przyrodniczych U\u015a) na temat starzenia si\u0119 ludno\u015bci w woj. \u015bl\u0105skim i wyst\u0105pienie\u00a0<strong>dra hab. S\u0142awomira Pytla<\/strong>\u00a0(Instytut Geografii Spo\u0142eczno-Ekonomicznej i Gospodarki Przestrzennej. Wydzia\u0142 Nauk Przyrodniczych U\u015a) poruszaj\u0105ce zagadnienie migracji senior\u00f3w. Prelekcje stanowi\u0142y wst\u0119p do panelu dyskusyjnego diagnostycznego, po kt\u00f3rym w drugiej cz\u0119\u015bci seminarium zaprezentowali si\u0119:\u00a0<strong>dr hab. S\u0142awomir Sitek<\/strong>\u00a0(Instytut Geografii Spo\u0142eczno-Ekonomicznej i Gospodarki Przestrzennej, Wydzia\u0142 Nauk Przyrodniczych U\u015a) oraz\u00a0<strong>mgr Maciej Klimek\u00a0<\/strong>(Instytut Socjologii, WNS U\u015a). Prof. Sitek opowiada\u0142 w swojej prezentacji o r\u00f3\u017cnych aspektach srebrnej gospodarki, a mgr Klimek przedstawi\u0142 wykorzystanie potencja\u0142u senior\u00f3w w polityce miejskiej na przyk\u0142adzie dzia\u0142a\u0144 podejmowanych w Wojkowicach. Wyst\u0105pienia wprowadzi\u0142y uczestnik\u00f3w do kolejnego panelu dyskusyjnego, w kt\u00f3rym odwo\u0142ywano si\u0119 do kierunk\u00f3w i wyzwa\u0144 rozwoju polityki senioralnej. W panelu opr\u00f3cz prelegent\u00f3w uczestniczyli: p. Sabina Stanek (Wydzia\u0142 Polityki Spo\u0142ecznej, UM Sosnowiec), dr Monia Sulik (koordynator Uniwersytetu Trzeciego Wieku, WNS U\u015a), dr Grzegorz Gawron (Instytut Socjologii, WNS U\u015a), p. Marta Mas\u0142owska-Cichecka (Wydzia\u0142 \u015awiadcze\u0144 Emerytalno-Rentowych, ZUS Sosnowiec), p. Katarzyna Wadowska (Biuro Podr\u00f3\u017cy Fabryka Urlop\u00f3w Nadzwyczajnych).<\/p>\n<p>Dyskusj\u0119 z zaproszonymi ekspertami moderowa\u0142a\u00a0<strong>dr hab. El\u017cbieta Zuza\u0144ska-\u017by\u015bko<\/strong>,\u00a0<strong>Koordynator<\/strong>\u00a0<a href=\"http:\/\/www.obserwatoriummiasto.us.edu.pl\/zespol-ds-gospodarki-przestrzennej-i-obszarow-funkcjonalnych\/\" target=\"_blank\" rel=\"noopener noreferrer\"><em><strong>Zespo\u0142u ds. gospodarki przestrzennej i obszar\u00f3w funkcjonalnych.<\/strong><\/em><\/a><\/p>\n<p>&nbsp;<\/p>\n<div id='gallery-1' class='gallery galleryid-535 gallery-columns-3 gallery-size-thumbnail'><figure class='gallery-item'>\n\t\t\t<div class='gallery-icon portrait'>\n\t\t\t\t<a href='https:\/\/us.edu.pl\/centra-badawcze\/opmim\/6-seminarium-2019-r\/dsc_0277\/'><img width=\"150\" height=\"150\" src=\"https:\/\/us.edu.pl\/centra-badawcze\/opmim\/wp-content\/uploads\/sites\/56\/Nieprzypisane\/DSC_0277-150x150.jpg\" class=\"attachment-thumbnail size-thumbnail\" alt=\"\" aria-describedby=\"gallery-1-539\" \/><\/a>\n\t\t\t<\/div>\n\t\t\t\t<figcaption class='wp-caption-text gallery-caption' id='gallery-1-539'>\n\t\t\t\tdr hab. El\u017cbieta Zuza\u0144ska-\u017by\u015bko, Instytut Geografii Spo\u0142eczno-Ekonomicznej i Gospodarki Przestrzennej, Wydzia\u0142 Nauk Przyrodniczych U\u015a\n\t\t\t\t<\/figcaption><\/figure><figure class='gallery-item'>\n\t\t\t<div class='gallery-icon landscape'>\n\t\t\t\t<a href='https:\/\/us.edu.pl\/centra-badawcze\/opmim\/6-seminarium-2019-r\/dsc_0276\/'><img width=\"150\" height=\"150\" src=\"https:\/\/us.edu.pl\/centra-badawcze\/opmim\/wp-content\/uploads\/sites\/56\/Nieprzypisane\/DSC_0276-150x150.jpg\" class=\"attachment-thumbnail size-thumbnail\" alt=\"\" \/><\/a>\n\t\t\t<\/div><\/figure><figure class='gallery-item'>\n\t\t\t<div class='gallery-icon portrait'>\n\t\t\t\t<a href='https:\/\/us.edu.pl\/centra-badawcze\/opmim\/6-seminarium-2019-r\/dsc_0281\/'><img width=\"150\" height=\"150\" src=\"https:\/\/us.edu.pl\/centra-badawcze\/opmim\/wp-content\/uploads\/sites\/56\/Nieprzypisane\/DSC_0281-150x150.jpg\" class=\"attachment-thumbnail size-thumbnail\" alt=\"\" aria-describedby=\"gallery-1-542\" \/><\/a>\n\t\t\t<\/div>\n\t\t\t\t<figcaption class='wp-caption-text gallery-caption' id='gallery-1-542'>\n\t\t\t\tdr hab. Anna Runge, Instytut Geografii Spo\u0142eczno-Ekonomicznej i Gospodarki Przestrzennej,Wydzia\u0142 Nauk Przyrodniczych U\u015a\n\t\t\t\t<\/figcaption><\/figure><figure class='gallery-item'>\n\t\t\t<div class='gallery-icon portrait'>\n\t\t\t\t<a href='https:\/\/us.edu.pl\/centra-badawcze\/opmim\/6-seminarium-2019-r\/dsc_0282\/'><img width=\"150\" height=\"150\" src=\"https:\/\/us.edu.pl\/centra-badawcze\/opmim\/wp-content\/uploads\/sites\/56\/Nieprzypisane\/DSC_0282-150x150.jpg\" class=\"attachment-thumbnail size-thumbnail\" alt=\"\" aria-describedby=\"gallery-1-543\" \/><\/a>\n\t\t\t<\/div>\n\t\t\t\t<figcaption class='wp-caption-text gallery-caption' id='gallery-1-543'>\n\t\t\t\tdr hab. S\u0142awomir Pytel, Instytut Geografii Spo\u0142eczno-Ekonomicznej i Gospodarki Przestrzennej,Wydzia\u0142 Nauk Przyrodniczych U\u015a\n\t\t\t\t<\/figcaption><\/figure><figure class='gallery-item'>\n\t\t\t<div class='gallery-icon landscape'>\n\t\t\t\t<a href='https:\/\/us.edu.pl\/centra-badawcze\/opmim\/6-seminarium-2019-r\/dsc_0286\/'><img width=\"150\" height=\"150\" src=\"https:\/\/us.edu.pl\/centra-badawcze\/opmim\/wp-content\/uploads\/sites\/56\/Nieprzypisane\/DSC_0286-150x150.jpg\" class=\"attachment-thumbnail size-thumbnail\" alt=\"Na sali konferencyjnej siedz\u0105 trzy kobiety, kobieta po\u015brodku ma kr\u00f3tkie blond w\u0142osy i trzyma mikrofon. W tle stoi roll up z obrazem miasta i przeszklonych wie\u017cowc\u00f3w, napis: Obserwatorium Proces\u00f3w Miejskich i Metropolitalnych\" aria-describedby=\"gallery-1-546\" \/><\/a>\n\t\t\t<\/div>\n\t\t\t\t<figcaption class='wp-caption-text gallery-caption' id='gallery-1-546'>\n\t\t\t\tPanel dyskusyjny diagnostyczny\n\t\t\t\t<\/figcaption><\/figure><figure class='gallery-item'>\n\t\t\t<div class='gallery-icon landscape'>\n\t\t\t\t<a href='https:\/\/us.edu.pl\/centra-badawcze\/opmim\/6-seminarium-2019-r\/dsc_0284\/'><img width=\"150\" height=\"150\" src=\"https:\/\/us.edu.pl\/centra-badawcze\/opmim\/wp-content\/uploads\/sites\/56\/Nieprzypisane\/DSC_0284-150x150.jpg\" class=\"attachment-thumbnail size-thumbnail\" alt=\"Po\u015brodku sali konferencyjne, w p\u00f3\u0142okr\u0119gu, stoj\u0105 krzes\u0142a, na kt\u00f3rych siedzi grupa os\u00f3b, dw\u00f3ch m\u0119\u017cczyzn i cztery kobiety. Kobieta po \u015brodku w blond w\u0142osach do ramion trzyma mikrofon. W tle stoi roll up z obrazem miasta i przeszklonych wie\u017cowc\u00f3w oraz bia\u0142e tablice powieszone na \u015bcianie, na bia\u0142ym ekranie wy\u015bwietlono bia\u0142o-\u017c\u00f3\u0142ty slajd ze zdj\u0119ciem trzech starszych os\u00f3b w parku, stoj\u0105 odwr\u00f3ceni plecami.\" aria-describedby=\"gallery-1-545\" \/><\/a>\n\t\t\t<\/div>\n\t\t\t\t<figcaption class='wp-caption-text gallery-caption' id='gallery-1-545'>\n\t\t\t\tPanel dyskusyjny diagnostyczny\n\t\t\t\t<\/figcaption><\/figure><figure class='gallery-item'>\n\t\t\t<div class='gallery-icon portrait'>\n\t\t\t\t<a href='https:\/\/us.edu.pl\/centra-badawcze\/opmim\/6-seminarium-2019-r\/dsc_0289\/'><img width=\"150\" height=\"150\" src=\"https:\/\/us.edu.pl\/centra-badawcze\/opmim\/wp-content\/uploads\/sites\/56\/Nieprzypisane\/DSC_0289-150x150.jpg\" class=\"attachment-thumbnail size-thumbnail\" alt=\"Na sali konferencyjne siedzi kobieta o blond w\u0142osach do ramion, ubrana jest w czarny kostium i czerwone szpilki, siedzi z noga za\u0142o\u017con\u0105 na nog\u0119, w lewej r\u0119ce trzyma mikrofon, a praw\u0105 r\u0119k\u0119 z\u0142o\u017cy\u0142a na udzie.. W tle stoi roll up z obrazem miasta i przeszklonych wie\u017cowc\u00f3w, napis: Obserwatorium Proces\u00f3w Miejskich i Metropolitalnych\" \/><\/a>\n\t\t\t<\/div><\/figure><figure class='gallery-item'>\n\t\t\t<div class='gallery-icon landscape'>\n\t\t\t\t<a href='https:\/\/us.edu.pl\/centra-badawcze\/opmim\/6-seminarium-2019-r\/dsc_0280\/'><img width=\"150\" height=\"150\" src=\"https:\/\/us.edu.pl\/centra-badawcze\/opmim\/wp-content\/uploads\/sites\/56\/Nieprzypisane\/DSC_0280-150x150.jpg\" class=\"attachment-thumbnail size-thumbnail\" alt=\"Zdj\u0119cie z boku auli, wida\u0107 rz\u0105d drewnianych siedze\u0144 z granatow\u0105 tapicerk\u0105, w rz\u0119dach siedzi grupa os\u00f3b\" \/><\/a>\n\t\t\t<\/div><\/figure><figure class='gallery-item'>\n\t\t\t<div class='gallery-icon landscape'>\n\t\t\t\t<a href='https:\/\/us.edu.pl\/centra-badawcze\/opmim\/6-seminarium-2019-r\/dsc_0296\/'><img width=\"150\" height=\"150\" src=\"https:\/\/us.edu.pl\/centra-badawcze\/opmim\/wp-content\/uploads\/sites\/56\/Nieprzypisane\/DSC_0296-150x150.jpg\" class=\"attachment-thumbnail size-thumbnail\" alt=\"Po\u015brodku sali konferencyjne, w p\u00f3\u0142okr\u0119gu stoj\u0105 krzes\u0142a, na kt\u00f3rych siedzi grupa os\u00f3b, trzech m\u0119\u017cczyzn i trzy kobiety. Kobieta po lewej trzyma mikrofon. W tle stoi roll up z obrazem miasta i przeszklonych wie\u017cowc\u00f3w oraz bia\u0142e tablice powieszone na \u015bcianie, na bia\u0142ym ekranie wy\u015bwietlono granatowy slajd\" aria-describedby=\"gallery-1-548\" \/><\/a>\n\t\t\t<\/div>\n\t\t\t\t<figcaption class='wp-caption-text gallery-caption' id='gallery-1-548'>\n\t\t\t\tPanel dyskusyjny prognostyczny\n\t\t\t\t<\/figcaption><\/figure><figure class='gallery-item'>\n\t\t\t<div class='gallery-icon portrait'>\n\t\t\t\t<a href='https:\/\/us.edu.pl\/centra-badawcze\/opmim\/6-seminarium-2019-r\/dsc_0306\/'><img width=\"150\" height=\"150\" src=\"https:\/\/us.edu.pl\/centra-badawcze\/opmim\/wp-content\/uploads\/sites\/56\/Nieprzypisane\/DSC_0306-150x150.jpg\" class=\"attachment-thumbnail size-thumbnail\" alt=\"\" aria-describedby=\"gallery-1-550\" \/><\/a>\n\t\t\t<\/div>\n\t\t\t\t<figcaption class='wp-caption-text gallery-caption' id='gallery-1-550'>\n\t\t\t\tdr Grzegorz Gawron, Instytut Socjologii, wydzia\u0142 Nauk Spo\u0142ecznych U\u015a\n\t\t\t\t<\/figcaption><\/figure><figure class='gallery-item'>\n\t\t\t<div class='gallery-icon landscape'>\n\t\t\t\t<a href='https:\/\/us.edu.pl\/centra-badawcze\/opmim\/6-seminarium-2019-r\/dsc_0301\/'><img width=\"150\" height=\"150\" src=\"https:\/\/us.edu.pl\/centra-badawcze\/opmim\/wp-content\/uploads\/sites\/56\/Nieprzypisane\/DSC_0301-150x150.jpg\" class=\"attachment-thumbnail size-thumbnail\" alt=\"\" aria-describedby=\"gallery-1-549\" \/><\/a>\n\t\t\t<\/div>\n\t\t\t\t<figcaption class='wp-caption-text gallery-caption' id='gallery-1-549'>\n\t\t\t\tod lewej: mgr Maciej Klimek, dr hab. S\u0142awomir Sitek\n\t\t\t\t<\/figcaption><\/figure><figure class='gallery-item'>\n\t\t\t<div class='gallery-icon portrait'>\n\t\t\t\t<a href='https:\/\/us.edu.pl\/centra-badawcze\/opmim\/6-seminarium-2019-r\/dsc_0308\/'><img width=\"150\" height=\"150\" src=\"https:\/\/us.edu.pl\/centra-badawcze\/opmim\/wp-content\/uploads\/sites\/56\/Nieprzypisane\/DSC_0308-150x150.jpg\" class=\"attachment-thumbnail size-thumbnail\" alt=\"\" aria-describedby=\"gallery-1-552\" \/><\/a>\n\t\t\t<\/div>\n\t\t\t\t<figcaption class='wp-caption-text gallery-caption' id='gallery-1-552'>\n\t\t\t\tdr Helena Hrapkiewicz, Pe\u0142nomocnik ds. Senior\u00f3w Miasta Katowice\n\t\t\t\t<\/figcaption><\/figure><figure class='gallery-item'>\n\t\t\t<div class='gallery-icon landscape'>\n\t\t\t\t<a href='https:\/\/us.edu.pl\/centra-badawcze\/opmim\/6-seminarium-2019-r\/dsc_0307\/'><img width=\"150\" height=\"150\" src=\"https:\/\/us.edu.pl\/centra-badawcze\/opmim\/wp-content\/uploads\/sites\/56\/Nieprzypisane\/DSC_0307-150x150.jpg\" class=\"attachment-thumbnail size-thumbnail\" alt=\"\" \/><\/a>\n\t\t\t<\/div><\/figure><figure class='gallery-item'>\n\t\t\t<div class='gallery-icon landscape'>\n\t\t\t\t<a href='https:\/\/us.edu.pl\/centra-badawcze\/opmim\/6-seminarium-2019-r\/dsc_0309\/'><img width=\"150\" height=\"150\" src=\"https:\/\/us.edu.pl\/centra-badawcze\/opmim\/wp-content\/uploads\/sites\/56\/Nieprzypisane\/DSC_0309-150x150.jpg\" class=\"attachment-thumbnail size-thumbnail\" alt=\"\" aria-describedby=\"gallery-1-553\" \/><\/a>\n\t\t\t<\/div>\n\t\t\t\t<figcaption class='wp-caption-text gallery-caption' id='gallery-1-553'>\n\t\t\t\tod lewej: dr hab. Robert Pyka, dr Grzegorz Gawron, dr hab. S\u0142awomir Sitek, mgr Natalia Galica\n\t\t\t\t<\/figcaption><\/figure><figure class='gallery-item'>\n\t\t\t<div class='gallery-icon landscape'>\n\t\t\t\t<a href='https:\/\/us.edu.pl\/centra-badawcze\/opmim\/6-seminarium-2019-r\/dsc_0311\/'><img width=\"150\" height=\"150\" src=\"https:\/\/us.edu.pl\/centra-badawcze\/opmim\/wp-content\/uploads\/sites\/56\/Nieprzypisane\/DSC_0311-150x150.jpg\" class=\"attachment-thumbnail size-thumbnail\" alt=\"\" aria-describedby=\"gallery-1-554\" \/><\/a>\n\t\t\t<\/div>\n\t\t\t\t<figcaption class='wp-caption-text gallery-caption' id='gallery-1-554'>\n\t\t\t\tod lewej: dr Ewa Wojtyna, dr Wies\u0142awa Walkowska, dr Andrzej Socz\u00f3wka\n\t\t\t\t<\/figcaption><\/figure>\n\t\t<\/div>\n\n<p>\n<\/div>\r\n                    <\/div>\r\n                <\/div>[\/vc_column][\/vc_row]<\/p>","protected":false},"excerpt":{"rendered":"<p>[vc_row][vc_column][\/vc_column][\/vc_row] [&#8230;]<\/p>\n<p><a class=\"btn btn-secondary understrap-read-more-link\" href=\"https:\/\/us.edu.pl\/centra-badawcze\/opmim\/6-seminarium-2019-r\/\">Read More&#8230;<\/a><\/p>\n","protected":false},"author":2808,"featured_media":0,"parent":0,"menu_order":0,"comment_status":"closed","ping_status":"closed","template":"","meta":{"_expiration-date-status":"saved","_expiration-date":0,"_expiration-date-type":"","_expiration-date-categories":[],"_expiration-date-options":[]},"acf":[],"_links":{"self":[{"href":"https:\/\/us.edu.pl\/centra-badawcze\/opmim\/wp-json\/wp\/v2\/pages\/535"}],"collection":[{"href":"https:\/\/us.edu.pl\/centra-badawcze\/opmim\/wp-json\/wp\/v2\/pages"}],"about":[{"href":"https:\/\/us.edu.pl\/centra-badawcze\/opmim\/wp-json\/wp\/v2\/types\/page"}],"author":[{"embeddable":true,"href":"https:\/\/us.edu.pl\/centra-badawcze\/opmim\/wp-json\/wp\/v2\/users\/2808"}],"replies":[{"embeddable":true,"href":"https:\/\/us.edu.pl\/centra-badawcze\/opmim\/wp-json\/wp\/v2\/comments?post=535"}],"version-history":[{"count":6,"href":"https:\/\/us.edu.pl\/centra-badawcze\/opmim\/wp-json\/wp\/v2\/pages\/535\/revisions"}],"predecessor-version":[{"id":995,"href":"https:\/\/us.edu.pl\/centra-badawcze\/opmim\/wp-json\/wp\/v2\/pages\/535\/revisions\/995"}],"wp:attachment":[{"href":"https:\/\/us.edu.pl\/centra-badawcze\/opmim\/wp-json\/wp\/v2\/media?parent=535"}],"curies":[{"name":"wp","href":"https:\/\/api.w.org\/{rel}","templated":true}]}}