{"id":573,"date":"2021-02-16T14:47:53","date_gmt":"2021-02-16T13:47:53","guid":{"rendered":"http:\/\/us.edu.pl\/centra-badawcze\/opmim\/?page_id=573"},"modified":"2021-08-26T16:10:41","modified_gmt":"2021-08-26T14:10:41","slug":"raporty-i-analizy","status":"publish","type":"page","link":"https:\/\/us.edu.pl\/centra-badawcze\/opmim\/raporty-i-analizy\/","title":{"rendered":"Raporty i analizy"},"content":{"rendered":"<p>[vc_row][vc_column]\r\n                <div class=\"text-modules\">\r\n                    <div class=\"container\">\r\n                        <h3 class=\"page-title text__title\">Raporty i analizy<\/h3>\r\n                        <div class=\"text-modules__content\"><\/p>\n<div><span style=\"font-size: 12pt;\"><strong>Bia\u0142a Ksi\u0119ga Obszar\u00f3w Metropolitalnych<\/strong><\/span><br \/>\n<span style=\"font-size: 12pt;\"><a href=\"http:\/\/us.edu.pl\/centra-badawcze\/opmim\/wp-content\/uploads\/sites\/56\/Nieprzypisane\/Bia\u0142a-Ksi\u0119ga-Obszar\u00f3w-Metropolitalnych.pdf\" class=\"mtli_attachment mtli_pdf\" class=\"mtli_attachment mtli_pdf\" target=\"_blank\" rel=\"noopener noreferrer\">Bia\u0142a Ksi\u0119ga Obszar\u00f3w Metropolitalnych, Warszawa, 2013 r., Ministerstwo Administracji i Cyfryzacji<\/a><br \/>\n<\/span><br \/>\n<span style=\"font-size: 12pt;\"><strong>Delimitacja regionu G\u00f3rno\u015bl\u0105sko-Zag\u0142\u0119biowskiej Metropolii \u201eSilesia\u201d przygotowana przez pracownik\u00f3w naukowych Katedry Geografii Ekonomicznej Wydzia\u0142u Nauk o Ziemi Uniwersytetu \u015al\u0105skiego w Katowicach, prof. dr. hab. Jerzego Runge, dr. Roberta Krzysztofika, przy wsp\u00f3\u0142pracy mgr. Tomasza Sp\u00f3rna, Sosnowiec 2011<\/strong><\/span><br \/>\n<span style=\"font-size: 12pt;\"><a href=\"http:\/\/us.edu.pl\/centra-badawcze\/opmim\/wp-content\/uploads\/sites\/56\/Nieprzypisane\/DELIMITACJA-REGIONU-G\u00d3RNO\u015aL\u0104SKO-ZAG\u0141\u0118BIOWSKIEJ-METROPOLII-SILESIA-1.pdf\" class=\"mtli_attachment mtli_pdf\" class=\"mtli_attachment mtli_pdf\" target=\"_blank\" rel=\"noopener noreferrer\">POBIERZ PLIK &gt;&gt;&gt;<\/a><\/span><\/div>\n<div><span style=\"font-size: 12pt;\"><em>\u00a0<\/em><\/span><\/div>\n<div>\n<p><span style=\"font-size: 12pt;\"><strong><em>An Introduction to Governance of Urban Shrinkage,\u00a0<\/em>praca\u00a0przygotowana przez prof. dr. hab. Jerzego Runge, dr. Roberta Krzysztofika oraz dr Iwon\u0119 Kantor \u2013 Pietrag\u0119, Sosnowiec 2012<\/strong><\/span><br \/>\n<span style=\"font-size: 12pt;\"><a href=\"http:\/\/us.edu.pl\/centra-badawcze\/opmim\/wp-content\/uploads\/sites\/56\/Nieprzypisane\/Krzysztofik_An_introduction_to_governance_of_urban_shrinkage.pdf\" class=\"mtli_attachment mtli_pdf\" class=\"mtli_attachment mtli_pdf\" target=\"_blank\" rel=\"noopener noreferrer\">POBIERZ PLIK &gt;&gt;&gt;<\/a><\/span><\/p>\n<p><span style=\"font-size: 12pt;\"><strong><br \/>\nUstawa metropolitalna:<\/strong><\/span><br \/>\n<span style=\"font-size: 12pt;\"><a href=\"http:\/\/us.edu.pl\/centra-badawcze\/opmim\/wp-content\/uploads\/sites\/56\/Nieprzypisane\/Ustawa-metropolitalna-z-9-marca-2017-r..pdf\" class=\"mtli_attachment mtli_pdf\" class=\"mtli_attachment mtli_pdf\" target=\"_blank\" rel=\"noopener noreferrer\">Ustawa z dnia 9 marca 2017 r. o zwi\u0105zku metropolitalnym w wojew\u00f3dztwie \u015bl\u0105skim<\/a><\/span><\/p>\n<p><span style=\"font-size: 12pt;\"><strong><br \/>\nOpracowania GUS:<\/strong><\/span><\/p>\n<\/div>\n<div>\n<p><span style=\"font-size: 12pt;\"><strong><a href=\"http:\/\/us.edu.pl\/centra-badawcze\/opmim\/wp-content\/uploads\/sites\/56\/Nieprzypisane\/GZM-2017-2019.pdf\" class=\"mtli_attachment mtli_pdf\" class=\"mtli_attachment mtli_pdf\" target=\"_blank\" rel=\"noopener noreferrer\">Statystyczny Obraz G\u00f3rno\u015bl\u0105sko-Zag\u0142\u0119biowskiej Metropolii w 2017-2019 r. &gt;&gt;&gt;<\/a><\/strong><\/span><\/p>\n<\/div>\n<div>\n<p><span style=\"font-size: 12pt;\"><strong><a href=\"http:\/\/us.edu.pl\/centra-badawcze\/opmim\/wp-content\/uploads\/sites\/56\/Nieprzypisane\/gzm_vademecum_2019.pdf\" class=\"mtli_attachment mtli_pdf\" class=\"mtli_attachment mtli_pdf\" target=\"_blank\" rel=\"noopener noreferrer\">Statystyczny Obraz G\u00f3rno\u015bl\u0105sko-Zag\u0142\u0119biowskiej Metropolii w 2019 r. &gt;&gt;&gt;<\/a><\/strong><\/span><\/p>\n<p><span style=\"font-size: 12pt;\"><strong><a href=\"https:\/\/katowice.stat.gov.pl\/vademecum\/vademecum_slaskie\/portret_obszaru_metropolitalnego\/gornoslasko-zaglebiowska_metropolia.pdf\" class=\"mtli_attachment mtli_pdf\" class=\"mtli_attachment mtli_pdf\" target=\"_blank\" rel=\"noopener noreferrer\">Statystyczny Obraz G\u00f3rno\u015bl\u0105sko-Zag\u0142\u0119biowskiej Metropolii w 2018 r. &gt;&gt;&gt;<\/a><\/strong><\/span><\/p>\n<\/div>\n<div>\n<p><span style=\"font-size: 12pt;\"><strong><a href=\"http:\/\/us.edu.pl\/centra-badawcze\/opmim\/wp-content\/uploads\/sites\/56\/Nieprzypisane\/metropoliagzm2018_4paz2018-2.pdf\" class=\"mtli_attachment mtli_pdf\" class=\"mtli_attachment mtli_pdf\" target=\"_blank\" rel=\"noopener noreferrer\">Statystyczny Obraz G\u00f3rno\u015bl\u0105sko-Zag\u0142\u0119biowskiej Metropolii w 2017 r. &gt;&gt;&gt;<\/a><\/strong><\/span><\/p>\n<p><span style=\"font-size: 12pt;\"><strong><a href=\"http:\/\/katowice.stat.gov.pl\/publikacje-i-foldery\/inne-opracowania\/statystyczny-obraz-gornoslaskiego-zwiazku-metropolitalnego-w-2015-r-,6,2.html#\" target=\"_blank\" rel=\"noopener noreferrer\">Statystyczny Obraz G\u00f3rno\u015bl\u0105skiego Obszaru Metropolitalnego w 2015 r. &gt;&gt;&gt;<\/a><\/strong><\/span><\/p>\n<p><span style=\"font-size: 12pt;\"><strong><a href=\"http:\/\/us.edu.pl\/centra-badawcze\/opmim\/wp-content\/uploads\/sites\/56\/Nieprzypisane\/ulotka_metropolia_2018.pdf\" class=\"mtli_attachment mtli_pdf\" class=\"mtli_attachment mtli_pdf\" target=\"_blank\" rel=\"noopener noreferrer\">G\u00f3rno\u015bl\u0105sko-Zag\u0142\u0119biowska Metropolia (infografika 2018) &gt;&gt;&gt;<\/a><\/strong><\/span><\/p>\n<p>&nbsp;<\/p>\n<p><span style=\"font-size: 12pt;\"><strong><u>Statystyczne Vademecum Samorz\u0105dowca 2020 r.<\/u><\/strong><\/span><\/p>\n<p><span style=\"font-size: 12pt;\"><a href=\"http:\/\/katowice.stat.gov.pl\/vademecum\/vademecum_slaskie\/portret_wojewodztwa\/wojewodztwo_slaskie.pdf\" class=\"mtli_attachment mtli_pdf\" class=\"mtli_attachment mtli_pdf\" target=\"_blank\" rel=\"noopener noreferrer\">Portret wojew\u00f3dztwa &gt;&gt;&gt;<\/a><\/span><\/p>\n<p>&nbsp;<\/p>\n<p><span style=\"font-size: 12pt;\"><strong>Regionalne Obserwatorium Terytorialne:<\/strong><\/span><\/p>\n<p><span style=\"font-size: 12pt;\"><a href=\"https:\/\/rcas.slaskie.pl\/content\/1350388638\" target=\"_blank\" rel=\"noopener noreferrer\">Bank informacji o regionie (z podzia\u0142em na obszary tematyczne) &gt;&gt;&gt;<\/a><\/span><\/p>\n<p><span style=\"font-size: 12pt;\"><a href=\"https:\/\/rcas.slaskie.pl\/content\/1354873638\" target=\"_blank\" rel=\"noopener noreferrer\">Dokumenty strategiczne realizuj\u0105ce polityk\u0119 rozwoju w woj. \u015bl\u0105skim &gt;&gt;&gt;<\/a><\/span><\/p>\n<p><span style=\"font-size: 12pt;\"><a href=\"https:\/\/rcas.slaskie.pl\/content\/1354788642\" target=\"_blank\" rel=\"noopener noreferrer\">Raporty monitoringowe z podzia\u0142em na lata &gt;&gt;&gt;<\/a><\/span><\/p>\n<p><span style=\"font-size: 12pt;\">Raport monitoringowy Strategii Rozwoju Wojew\u00f3dztwa \u015al\u0105skiego \u201e\u015al\u0105skie 2020+\u201d za lata 2016-2017<\/span><br \/>\n<span style=\"font-size: 12pt;\"><a href=\"http:\/\/us.edu.pl\/centra-badawcze\/opmim\/wp-content\/uploads\/sites\/56\/Nieprzypisane\/Raport-Monitoringowy-za-lata-2016-2017.pdf\" class=\"mtli_attachment mtli_pdf\" class=\"mtli_attachment mtli_pdf\" target=\"_blank\" rel=\"noopener noreferrer\">POBIERZ PLIK &gt;&gt;&gt;<\/a><\/span><\/p>\n<p>&nbsp;<\/p>\n<p><span style=\"font-size: 12pt;\"><strong>Urz\u0105d Marsza\u0142kowski Wojew\u00f3dztwa \u015al\u0105skiego<\/strong><\/span><br \/>\n<span style=\"font-size: 12pt;\"><strong>Wydzia\u0142 Planowania Strategicznego i Przestrzennego<br \/>\n<\/strong><strong>Strategiczne Zarz\u0105dzanie Zmianami<\/strong><\/span><\/p>\n<ol>\n<li><span style=\"font-size: 12pt;\">Analizy potencja\u0142u rozwojowego funkcji metropolitalnych obszar\u00f3w aglomeracji miejskich w woj. \u015bl\u0105skim w wybranych obszarach:<\/span><\/li>\n<\/ol>\n<ul>\n<li><span style=\"font-size: 12pt;\"> <a href=\"http:\/\/us.edu.pl\/centra-badawcze\/opmim\/wp-content\/uploads\/sites\/56\/Nieprzypisane\/raport-ko\u0144cowy-specjalizacja-medyczna-regionu.pdf\" class=\"mtli_attachment mtli_pdf\" class=\"mtli_attachment mtli_pdf\" target=\"_blank\" rel=\"noopener noreferrer\">Specjalizacja medyczna regionu<\/a>\u00a0\u2013 raport ko\u0144cowy<\/span><\/li>\n<li><span style=\"font-size: 12pt;\"><a href=\"http:\/\/us.edu.pl\/centra-badawcze\/opmim\/wp-content\/uploads\/sites\/56\/Nieprzypisane\/raport-ko\u0144cowy-sektor-us\u0142ug-nowoczesnych.pdf\" class=\"mtli_attachment mtli_pdf\" class=\"mtli_attachment mtli_pdf\" target=\"_blank\" rel=\"noopener noreferrer\">Sektor us\u0142ug nowoczesnych<\/a> \u2013 raport ko\u0144cowy<\/span><\/li>\n<li><span style=\"font-size: 12pt;\"><a href=\"http:\/\/us.edu.pl\/centra-badawcze\/opmim\/wp-content\/uploads\/sites\/56\/Nieprzypisane\/raport-ko\u0144cowy-kultura-i-przemys\u0142y-kreatywne.pdf\" class=\"mtli_attachment mtli_pdf\" class=\"mtli_attachment mtli_pdf\" target=\"_blank\" rel=\"noopener noreferrer\">Kultura i przemys\u0142y kreatywne<\/a>\u00a0\u2013 raport ko\u0144cowy<\/span><\/li>\n<\/ul>\n<ol start=\"2\">\n<li><span style=\"font-size: 12pt;\">Diagnozy poziomu us\u0142ug regionalnych:<\/span><\/li>\n<\/ol>\n<ul>\n<li><span style=\"font-size: 12pt;\"><a href=\"https:\/\/rcas.slaskie.pl\/content\/badanie-poziomu-swiadczonych-uslug-zdrowotnych-w-wybranych-jednostkach-ochrony-zdrowia-w-kontekscie-diagnozy-poziomu-rozwoju-regionalnych-uslug-publicznych-oraz-prognozy-ich-zapotrzebowania-i-wplywu-na-sytuacje-rynku-pracy-w-swietle-tendencji-demograficzn\" target=\"_blank\" rel=\"noopener noreferrer\">Badanie poziomu \u015bwiadczenia us\u0142ug zdrowotnych<\/a>\u00a0\u2013 raport ko\u0144cowy<\/span><\/li>\n<li><span style=\"font-size: 12pt;\"><a href=\"http:\/\/us.edu.pl\/centra-badawcze\/opmim\/wp-content\/uploads\/sites\/56\/Nieprzypisane\/raport-ko\u0144cowy-bezpiecze\u0144stwo-ekologiczne.pdf\" class=\"mtli_attachment mtli_pdf\" class=\"mtli_attachment mtli_pdf\" target=\"_blank\" rel=\"noopener noreferrer\">Kszta\u0142towanie us\u0142ug publicznych z zakresu bezpiecze\u0144stwa ekologicznego\u2026<\/a> \u2013 raport z badania<\/span><\/li>\n<\/ul>\n<ol start=\"3\">\n<li><span style=\"font-size: 12pt;\">Nowa gospodarka i spo\u0142ecze\u0144stwo informacyjne<\/span><\/li>\n<\/ol>\n<ul>\n<li><span style=\"font-size: 12pt;\"><a href=\"https:\/\/rcas.slaskie.pl\/content\/analiza-przestrzennego-i-funkcjonalnego-rozmieszczenia-infrastruktury-nowej-gospodarki-i-spoleczenstwa-informacyjnego-gospodarki-i-spoleczenstwa-wiedzy-oraz-opracowanie-prognoz-i-kierunkow-jej-rozwoju-jako-determinanty-kreowania-nowych-miejsc-pracy-i-zapo\" target=\"_blank\" rel=\"noopener noreferrer\">Analiza funkcjonalnego i przestrzennego rozmieszczenia infrastruktury nowej gospodarki i spo\u0142ecze\u0144stwa informacyjnego<\/a>\u00a0\u2013 raport ko\u0144cowy<\/span><\/li>\n<\/ul>\n<\/div>\n<p>\n<\/div>\r\n                    <\/div>\r\n                <\/div>[\/vc_column][\/vc_row]<\/p>","protected":false},"excerpt":{"rendered":"<p>[vc_row][vc_column][\/vc_column][\/vc_row] [&#8230;]<\/p>\n<p><a class=\"btn btn-secondary understrap-read-more-link\" href=\"https:\/\/us.edu.pl\/centra-badawcze\/opmim\/raporty-i-analizy\/\">Read More&#8230;<\/a><\/p>\n","protected":false},"author":2808,"featured_media":0,"parent":0,"menu_order":0,"comment_status":"closed","ping_status":"closed","template":"","meta":{"_expiration-date-status":"saved","_expiration-date":0,"_expiration-date-type":"","_expiration-date-categories":[],"_expiration-date-options":[]},"acf":[],"_links":{"self":[{"href":"https:\/\/us.edu.pl\/centra-badawcze\/opmim\/wp-json\/wp\/v2\/pages\/573"}],"collection":[{"href":"https:\/\/us.edu.pl\/centra-badawcze\/opmim\/wp-json\/wp\/v2\/pages"}],"about":[{"href":"https:\/\/us.edu.pl\/centra-badawcze\/opmim\/wp-json\/wp\/v2\/types\/page"}],"author":[{"embeddable":true,"href":"https:\/\/us.edu.pl\/centra-badawcze\/opmim\/wp-json\/wp\/v2\/users\/2808"}],"replies":[{"embeddable":true,"href":"https:\/\/us.edu.pl\/centra-badawcze\/opmim\/wp-json\/wp\/v2\/comments?post=573"}],"version-history":[{"count":15,"href":"https:\/\/us.edu.pl\/centra-badawcze\/opmim\/wp-json\/wp\/v2\/pages\/573\/revisions"}],"predecessor-version":[{"id":1201,"href":"https:\/\/us.edu.pl\/centra-badawcze\/opmim\/wp-json\/wp\/v2\/pages\/573\/revisions\/1201"}],"wp:attachment":[{"href":"https:\/\/us.edu.pl\/centra-badawcze\/opmim\/wp-json\/wp\/v2\/media?parent=573"}],"curies":[{"name":"wp","href":"https:\/\/api.w.org\/{rel}","templated":true}]}}