{"id":615,"date":"2021-05-06T14:18:58","date_gmt":"2021-05-06T12:18:58","guid":{"rendered":"http:\/\/us.edu.pl\/centra-badawcze\/opmim\/?page_id=615"},"modified":"2024-03-13T14:37:32","modified_gmt":"2024-03-13T13:37:32","slug":"zespol-procesy-metropolizacji","status":"publish","type":"page","link":"https:\/\/us.edu.pl\/centra-badawcze\/opmim\/zespol-procesy-metropolizacji\/","title":{"rendered":"Zesp\u00f3\u0142 ds. analiz proces\u00f3w metropolizacji i metropolitalnego wsp\u00f3\u0142rz\u0105dzenia"},"content":{"rendered":"<p>[vc_row][vc_column][vc_column_text][\/vc_column_text][\/vc_column][\/vc_row][vc_row][vc_column]\r\n                <div class=\"text-modules\">\r\n                    <div class=\"container\">\r\n                        <h3 class=\"page-title text__title\">Zesp\u00f3\u0142 ds. analiz proces\u00f3w metropolizacji i metropolitalnego wsp\u00f3\u0142rz\u0105dzenia<\/h3>\r\n                        <div class=\"text-modules__content\"><p><strong>Us\u0142ugi oferowane przez zesp\u00f3\u0142:<\/strong><\/p>\n<p>\u00b7\u00a0Delimitacja obszaru metropolitalnego, regionu metropolitalnego, analiza funkcji metropolitalnych, powi\u0105za\u0144 funkcjonalnych i wyznaczanie strefy wp\u0142ywu metropolii<br \/>\n\u00b7\u00a0Ca\u0142o\u015bciowe miejskie i metropolitalne diagnozy (wymiar spo\u0142eczny, kulturalny i gospodarczy)<br \/>\n\u00b7\u00a0Badania i ekspertyzy na potrzeby opracowania strategii rozwoju obszar\u00f3w metropolitalnych z okre\u015bleniem wyzwa\u0144<br \/>\ni kierunk\u00f3w ich rozwoju (strategia polityki metropolitalnej)<br \/>\n\u00b7\u00a0Badania stanu sp\u00f3jno\u015bci spo\u0142ecznej i terytorialnej w kontek\u015bcie zr\u00f3wnowa\u017conego rozwoju obszar\u00f3w miejskich<br \/>\n\u00b7\u00a0Analiza czynnik\u00f3w i barier rozwoju obszar\u00f3w metropolitalnych<br \/>\n\u00b7\u00a0Badania kapita\u0142u spo\u0142ecznego i proces\u00f3w wsp\u00f3\u0142rz\u0105dzenia (zaanga\u017cowanie \u015brodowisk gospodarczych, organizacji pozarz\u0105dowych, jednostek badawczych, itp. w kszta\u0142towanie polityk metropolitalnych)<br \/>\n\u00b7\u00a0Badanie jako\u015bci \u017cycia i ocen us\u0142ug publicznych<br \/>\n\u00b7\u00a0Badanie instytucji metropolitalnych<br \/>\n\u00b7\u00a0Identyfikacja metropolitalnych sieci przep\u0142yw\u00f3w z okre\u015bleniem funkcjonalnych specjalno\u015bci jednostek samorz\u0105dowych w obszarach metropolitalnych<br \/>\n\u00b7\u00a0Diagnoza poziomu integracji i skoordynowania us\u0142ug publicznych \u015bwiadczonych przez samorz\u0105dy w obszarach metropolitalnych w perspektywie tworzenia centr\u00f3w us\u0142ug wsp\u00f3lnych<br \/>\n\u00b7\u00a0Analizy i badania sektorowe (transport publiczny, turystyka \u2013 baza i potencja\u0142 rozwojowy,\u00a0us\u0142ugi komunalne, sektor edukacji, kszta\u0142cenia zawodowego i ustawicznego, infrastruktura i us\u0142ugi w zakresie s\u0142u\u017cby zdrowia i pomocy socjalnej,\u00a0zasoby naturalne i bogactwo przyrodnicze)<br \/>\n\u00b7\u00a0Organizacja debat, seminari\u00f3w, spotka\u0144 z mieszka\u0144cami<br \/>\n\u00b7\u00a0Doradztwo eksperckie<\/p>\n<hr \/>\n<p><strong>Koordynator zespo\u0142u:<\/strong><\/p>\n<p><strong>dr hab. Robert Pyka, prof. U\u015a<\/strong><\/p>\n<p>Instytut Socjologii, Wydzia\u0142 Nauk Spo\u0142ecznych Uniwersytetu \u015al\u0105skiego w Katowicach<br \/>\nul. Bankowa 11, 40-007 Katowice<\/p>\n<p><a href=\"mailto:robert.pyka@us.edu.pl\" target=\"_blank\" rel=\"noopener noreferrer\">robert.pyka@us.edu.pl<\/a><\/p>\n<p><a href=\"https:\/\/orcid.org\/0000-0001-6690-9207\" target=\"_blank\" rel=\"noopener noreferrer\">https:\/\/orcid.org\/0000-0001-6690-9207<\/a><\/p>\n<hr \/>\n<p><strong>Cz\u0142onkowie zespo\u0142u:<\/strong><\/p>\n<p>\u271f prof. zw. dr hab. Marek S. Szczepa\u0144ski (WNS, Uniwersytet \u015al\u0105ski w Katowicach)<br \/>\ndr hab. Tomasz Nawrocki, prof. U\u015a (WNS, Uniwersytet \u015al\u0105ski w Katowicach)<br \/>\ndr hab. Krzysztof Bierwiaczonek, prof. U\u015a (WNS, Uniwersytet \u015al\u0105ski w Katowicach)<br \/>\ndr hab. El\u017cbieta Zuza\u0144ska-\u017by\u015bko, prof. U\u015a (WNP, Uniwersytet \u015al\u0105ski w Katowicach<br \/>\ndr Grzegorz Gawron (WNS, Uniwersytet \u015al\u0105ski w Katowicach)<br \/>\ndr Joanna Wr\u00f3blewska-Jachna (ATH w Bielsku Bia\u0142ej)<br \/>\ndr in\u017c. Jan Bondaruk (G\u0142\u00f3wny Instytut G\u00f3rnictwa)<br \/>\ndr Marcin Baron (Uniwersytet Ekonomiczny w Katowicach)<br \/>\ndr Adam Polko (Uniwersytet Ekonomiczny w Katowicach)<br \/>\ndr Zuzanna Neuve-\u00c9glise (WNS, Uniwersytet \u015al\u0105ski)<\/p>\n<p><strong>Eksperci zewn\u0119trzni:<\/strong><\/p>\n<p>prof. dr hab. Tomasz Kaczmarek (Uniwersytet im. Adama Mickiewicza w Poznaniu, Centrum Bada\u0144 Metropolitalnych)<br \/>\ndr hab. prof. UG Iwona Sagan (Uniwersytet Gda\u0144ski)<br \/>\ndr hab. Marta Lackowska (Uniwersytet Warszawski)<\/p>\n<hr \/>\n<p><strong>Karta zespo\u0142u badawczego w formacie PDF &gt;&gt;&gt; <a href=\"https:\/\/us.edu.pl\/centra-badawcze\/opmim\/wp-content\/uploads\/sites\/56\/Nieprzypisane\/Zesp\u00f3\u0142-ds.-analiz-proces\u00f3w-metropoliazacji-i-metropolitalnego-wsp\u00f3\u0142rz\u0105dzenia.pdf\" class=\"mtli_attachment mtli_pdf\" class=\"mtli_attachment mtli_pdf\" target=\"_blank\" rel=\"noopener noreferrer\">Zesp\u00f3\u0142 ds. analiz proces\u00f3w metropolizacji i metropolitalnego wsp\u00f3\u0142rz\u0105dzenia<\/a><\/strong><\/p>\n<\/div>\r\n                    <\/div>\r\n                <\/div>[\/vc_column][\/vc_row][vc_row][vc_column][vc_column_text][\/vc_column_text][\/vc_column][\/vc_row][vc_row][vc_column][vc_column_text][\/vc_column_text][\/vc_column][\/vc_row][vc_row][vc_column][vc_column_text]<\/p>","protected":false},"excerpt":{"rendered":"<p>[vc_row][vc_column][vc_column_text][\/vc_column_text][\/vc_column][\/vc_row][vc_row][vc_column][\/vc_column][\/vc_row][vc_row][vc_column][vc_column_text][\/vc_column_text][\/vc_column][\/vc_row][vc_row][vc_column][vc_column_text][\/vc_column_text][\/vc_column][\/vc_row][vc_row][vc_column][vc_column_text] [&#8230;]<\/p>\n<p><a class=\"btn btn-secondary understrap-read-more-link\" href=\"https:\/\/us.edu.pl\/centra-badawcze\/opmim\/zespol-procesy-metropolizacji\/\">Read More&#8230;<\/a><\/p>\n","protected":false},"author":2808,"featured_media":0,"parent":0,"menu_order":0,"comment_status":"closed","ping_status":"closed","template":"","meta":{"_expiration-date-status":"","_expiration-date":0,"_expiration-date-type":"","_expiration-date-categories":[],"_expiration-date-options":[]},"acf":[],"_links":{"self":[{"href":"https:\/\/us.edu.pl\/centra-badawcze\/opmim\/wp-json\/wp\/v2\/pages\/615"}],"collection":[{"href":"https:\/\/us.edu.pl\/centra-badawcze\/opmim\/wp-json\/wp\/v2\/pages"}],"about":[{"href":"https:\/\/us.edu.pl\/centra-badawcze\/opmim\/wp-json\/wp\/v2\/types\/page"}],"author":[{"embeddable":true,"href":"https:\/\/us.edu.pl\/centra-badawcze\/opmim\/wp-json\/wp\/v2\/users\/2808"}],"replies":[{"embeddable":true,"href":"https:\/\/us.edu.pl\/centra-badawcze\/opmim\/wp-json\/wp\/v2\/comments?post=615"}],"version-history":[{"count":10,"href":"https:\/\/us.edu.pl\/centra-badawcze\/opmim\/wp-json\/wp\/v2\/pages\/615\/revisions"}],"predecessor-version":[{"id":1645,"href":"https:\/\/us.edu.pl\/centra-badawcze\/opmim\/wp-json\/wp\/v2\/pages\/615\/revisions\/1645"}],"wp:attachment":[{"href":"https:\/\/us.edu.pl\/centra-badawcze\/opmim\/wp-json\/wp\/v2\/media?parent=615"}],"curies":[{"name":"wp","href":"https:\/\/api.w.org\/{rel}","templated":true}]}}