{"id":617,"date":"2021-05-06T14:22:05","date_gmt":"2021-05-06T12:22:05","guid":{"rendered":"http:\/\/us.edu.pl\/centra-badawcze\/opmim\/?page_id=617"},"modified":"2021-08-17T14:46:53","modified_gmt":"2021-08-17T12:46:53","slug":"zespol-gospodarka-rynek-pracy","status":"publish","type":"page","link":"https:\/\/us.edu.pl\/centra-badawcze\/opmim\/zespol-gospodarka-rynek-pracy\/","title":{"rendered":"Zesp\u00f3\u0142 ds. gospodarki, przedsi\u0119biorczo\u015bci i rynku pracy"},"content":{"rendered":"<p>[vc_row][vc_column]\r\n                <div class=\"text-modules\">\r\n                    <div class=\"container\">\r\n                        <h3 class=\"page-title text__title\">Zesp\u00f3\u0142 ds. gospodarki, przedsi\u0119biorczo\u015bci i rynku pracy<\/h3>\r\n                        <div class=\"text-modules__content\"><\/p>\n<hr \/>\n<p><strong>Us\u0142ugi oferowane przez zesp\u00f3\u0142:<\/strong><\/p>\n<p>\u00b7\u00a0Badania problem\u00f3w\u00a0 rozwoju infrastruktury komunalnej\u00a0 i \u015brodowiskowych\u00a0 uwarunkowa\u0144 oraz spo\u0142eczno-kulturowych koszt\u00f3w realizowania\u00a0 inwestycji lokalnych lub regionalnych<br \/>\n\u00b7\u00a0Studia postaw\u00a0 wobec przedsi\u0119biorczo\u015bci\u00a0 i przekrojowe badania opinii spo\u0142ecznej w zakresie aktywno\u015bci gospodarczej mieszka\u0144c\u00f3w\u00a0 oraz warunk\u00f3w\u00a0 zatrudnienia w wybranych segmentach rynku pracy\u00a0 i gospodarki lokalnej<br \/>\n\u00b7\u00a0Studia i analizy dla potrzeb instytucji samorz\u0105dowych i polityki rozwoju lokalnego oraz ekspertyzy dla planowania strategii rozwoju miast i gmin wojew\u00f3dztwa \u015bl\u0105skiego<br \/>\n\u00b7\u00a0Diagnozy uwarunkowa\u0144 i szans rozwoju przedsi\u0119biorczo\u015bci na lokalnych i regionalnym rynku pracy, w powi\u0105zaniu z sektorem ekonomii spo\u0142ecznej oraz aktywno\u015bci\u0105 stowarzysze\u0144 i fundacji III sektora<br \/>\n\u00b7\u00a0Badania deficyt\u00f3w kwalifikowanej si\u0142y roboczej na wybranych rynkach pracy\u00a0 oraz diagnozowanie problem\u00f3w aktywizacji zawodowej os\u00f3b bezrobotnych i poszukuj\u0105cych stabilnego zatrudnienia<br \/>\n\u00b7\u00a0Ekspertyzy w zakresie jako\u015bci zarz\u0105dzania zasobami ludzkimi i system\u00f3w motywacji pracy w przedsi\u0119biorstwach prywatnych i instytucjach<\/p>\n<hr \/>\n<p><strong>Koordynator\u00a0zespo\u0142u:<\/strong><\/p>\n<p><strong>dr hab. Adam Bartoszek, prof. U\u015a<\/strong><br \/>\nInstytut Socjologii, Wydzia\u0142 Nauk Spo\u0142ecznych Uniwersytetu \u015al\u0105skiego w Katowicach<br \/>\nul. Bankowa 11, 40-007 Katowice<\/p>\n<p><a href=\"mailto:adam.bartoszek@us.edu.pl\" target=\"_blank\" rel=\"noopener noreferrer\">adam.bartoszek@us.edu.pl<\/a><\/p>\n<p><a href=\"https:\/\/orcid.org\/0000-0001-9570-7962\" target=\"_blank\" rel=\"noopener noreferrer\">https:\/\/orcid.org\/0000-0001-9570-7962<\/a><\/p>\n<hr \/>\n<p><strong>Cz\u0142onkowie zespo\u0142u:<\/strong><\/p>\n<p>dr hab. Adam Bartoszek, prof. U\u015a\u00a0 (Instytut Socjologii WNS U\u015a)<br \/>\ndr hab. Marian Mitr\u0119ga, prof. U\u015a (Instytut Nauk Politycznych WNS U\u015a)<br \/>\ndr hab. Rafa\u0142 Muster, prof. U\u015a\u00a0 (Instytut Socjologii WNS U\u015a)<br \/>\ndr hab. Robert Pyka, prof. U\u015a\u00a0 (Instytut Socjologii WNS U\u015a)<br \/>\ndr hab. Ma\u0142gorzata Suchacka, prof. U\u015a (Instytut Socjologii WNS U\u015a)<br \/>\nprof. dr hab. Urszula Swad\u017aba (Instytut Socjologii WNS U\u015a)<br \/>\ndr \u0141ukasz Trembaczowski (Instytut Socjologii WNS U\u015a)<\/p>\n<hr \/>\n<p><strong>Karta zespo\u0142u badawczego w formacie PDF &gt;&gt;&gt;<a href=\"https:\/\/us.edu.pl\/centra-badawcze\/opmim\/wp-content\/uploads\/sites\/56\/Nieprzypisane\/Zesp\u00f3\u0142-ds.-gospodarki-i-rynku-pracy.pdf\" class=\"mtli_attachment mtli_pdf\" class=\"mtli_attachment mtli_pdf\" target=\"_blank\" rel=\"noopener noreferrer\">Zesp\u00f3\u0142 ds. gospodarki i rynku pracy<\/a><\/strong><\/p>\n<\/div>\r\n                    <\/div>\r\n                <\/div>[\/vc_column][\/vc_row]<\/p>","protected":false},"excerpt":{"rendered":"<p>[vc_row][vc_column][\/vc_column][\/vc_row] [&#8230;]<\/p>\n<p><a class=\"btn btn-secondary understrap-read-more-link\" href=\"https:\/\/us.edu.pl\/centra-badawcze\/opmim\/zespol-gospodarka-rynek-pracy\/\">Read More&#8230;<\/a><\/p>\n","protected":false},"author":2808,"featured_media":0,"parent":0,"menu_order":0,"comment_status":"closed","ping_status":"closed","template":"","meta":{"_expiration-date-status":"saved","_expiration-date":0,"_expiration-date-type":"","_expiration-date-categories":[],"_expiration-date-options":[]},"acf":[],"_links":{"self":[{"href":"https:\/\/us.edu.pl\/centra-badawcze\/opmim\/wp-json\/wp\/v2\/pages\/617"}],"collection":[{"href":"https:\/\/us.edu.pl\/centra-badawcze\/opmim\/wp-json\/wp\/v2\/pages"}],"about":[{"href":"https:\/\/us.edu.pl\/centra-badawcze\/opmim\/wp-json\/wp\/v2\/types\/page"}],"author":[{"embeddable":true,"href":"https:\/\/us.edu.pl\/centra-badawcze\/opmim\/wp-json\/wp\/v2\/users\/2808"}],"replies":[{"embeddable":true,"href":"https:\/\/us.edu.pl\/centra-badawcze\/opmim\/wp-json\/wp\/v2\/comments?post=617"}],"version-history":[{"count":8,"href":"https:\/\/us.edu.pl\/centra-badawcze\/opmim\/wp-json\/wp\/v2\/pages\/617\/revisions"}],"predecessor-version":[{"id":992,"href":"https:\/\/us.edu.pl\/centra-badawcze\/opmim\/wp-json\/wp\/v2\/pages\/617\/revisions\/992"}],"wp:attachment":[{"href":"https:\/\/us.edu.pl\/centra-badawcze\/opmim\/wp-json\/wp\/v2\/media?parent=617"}],"curies":[{"name":"wp","href":"https:\/\/api.w.org\/{rel}","templated":true}]}}