{"id":619,"date":"2021-05-06T14:23:16","date_gmt":"2021-05-06T12:23:16","guid":{"rendered":"http:\/\/us.edu.pl\/centra-badawcze\/opmim\/?page_id=619"},"modified":"2021-08-17T14:45:20","modified_gmt":"2021-08-17T12:45:20","slug":"zespol-ds-gospodarki-przestrzennej-i-obszarow-funkcjonalnych","status":"publish","type":"page","link":"https:\/\/us.edu.pl\/centra-badawcze\/opmim\/zespol-ds-gospodarki-przestrzennej-i-obszarow-funkcjonalnych\/","title":{"rendered":"Zesp\u00f3\u0142 ds. gospodarki przestrzennej i obszar\u00f3w funkcjonalnych"},"content":{"rendered":"<p>[vc_row][vc_column]\r\n                <div class=\"text-modules\">\r\n                    <div class=\"container\">\r\n                        <h3 class=\"page-title text__title\">Zesp\u00f3\u0142 ds. gospodarki przestrzennej i obszar\u00f3w funkcjonalnych<\/h3>\r\n                        <div class=\"text-modules__content\"><p><strong>Us\u0142ugi oferowane przez zesp\u00f3\u0142:<\/strong><\/p>\n<p>\u00b7\u00a0Analiza stref funkcjonalnych miast i gmin, ulic<br \/>\n\u00b7\u00a0Wyznaczanie stref wp\u0142ywu<br \/>\n\u00b7\u00a0Analiza stref przemys\u0142u, rekreacji, us\u0142ug<br \/>\n\u00b7\u00a0Okre\u015blanie dominuj\u0105cych funkcji miast<br \/>\n\u00b7\u00a0Wyznaczanie funkcjonalnych obszar\u00f3w miejskich<br \/>\n\u00b7\u00a0Wyznaczanie region\u00f3w miejskich<br \/>\n\u00b7\u00a0Analiza dojazd\u00f3w do pracy<br \/>\n\u00b7\u00a0Analiza dziennego ruchu miejskiego<br \/>\n\u00b7\u00a0Us\u0142ugi GiS \u2013 wykonywanie wszelkich map miejskich,<br \/>\n\u00b7\u00a0wieloaspektowe opracowania kartograficzne<br \/>\n\u00b7\u00a0Mapy koncentracji przedsi\u0119biorstw<br \/>\n\u00b7\u00a0Badanie rynku nieruchomo\u015bci, pustostan\u00f3w<br \/>\n\u00b7\u00a0Analiza zasob\u00f3w mieszkaniowych, nowych osiedli mieszkaniowych, starych osiedli substandardowych wed\u0142ug dowolnego kryterium<br \/>\n\u00b7\u00a0Analiza centr\u00f3w handlowych<br \/>\n\u00b7\u00a0Pomiar konsument\u00f3w handlowych<br \/>\n\u00b7\u00a0Oddzia\u0142ywanie obiekt\u00f3w handlowych<br \/>\n\u00b7\u00a0Badanie targowisk miejskich<br \/>\n\u00b7\u00a0Wyznaczanie stref ub\u00f3stwa<br \/>\n\u00b7\u00a0Analiza obszar\u00f3w peryferyjnych<br \/>\n\u00b7\u00a0Analiza pograniczy, euroregion\u00f3w i obszar\u00f3w stykowych<br \/>\n\u00b7\u00a0Badanie przestrzeni publicznej<br \/>\n\u00b7\u00a0Badanie teren\u00f3w zielonych i ich funkcji<br \/>\n\u00b7\u00a0Badanie ogr\u00f3dk\u00f3w dzia\u0142kowych<br \/>\n\u00b7\u00a0Analiza morfologiczna miasta<br \/>\n\u00b7\u00a0Analiza stopnia przedsi\u0119biorczo\u015bci miast<br \/>\n\u00b7\u00a0Okre\u015blanie czynnik\u00f3w lokalizacji obiekt\u00f3w, instytucji, przedsi\u0119biorstw<br \/>\n\u00b7\u00a0Analiza przemys\u0142u i us\u0142ug miejskich<br \/>\n\u00b7\u00a0Badanie us\u0142ug edukacyjnych, kulturalnych, kreatywnych, zdrowotnych<br \/>\n\u00b7\u00a0Badanie obszar\u00f3w wiejskich<br \/>\n\u00b7\u00a0Analiza rozlewania si\u0119 miast, proces\u00f3w suburbanizacji<br \/>\n\u00b7\u00a0Analiza jako\u015bci pracy instytucji samorz\u0105dowych<\/p>\n<hr \/>\n<p><strong>Koordynator zespo\u0142u:<\/strong><\/p>\n<p><strong>dr hab. El\u017cbieta Zuza\u0144ska-\u017by\u015bko, prof. U\u015a<\/strong><br \/>\nInstytut Geografii Spo\u0142eczno-Ekonomicznej i Gospodarki Przestrzennej, Wydzia\u0142 Nauk Przyrodniczych Uniwersytetu \u015al\u0105skiego w Katowicach<br \/>\nul. B\u0119dzi\u0144ska 60, 41-205 Sosnowiec<\/p>\n<p><a href=\"mailto:elzbieta.zuzanska-zysko@us.edu.pl\">elzbieta.zuzanska-zysko@us.edu.pl<\/a><\/p>\n<p><a href=\"https:\/\/orcid.org\/0000-0003-1258-3816\" target=\"_blank\" rel=\"noopener noreferrer\">https:\/\/orcid.org\/0000-0003-1258-3816<\/a><\/p>\n<hr \/>\n<p><strong>Cz\u0142onkowie zespo\u0142u:<\/strong><\/p>\n<p>prof. dr hab. Jerzy Runge (WNP U\u015a)<br \/>\ndr hab. S\u0142awomir Sitek (WNP U\u015a)<br \/>\ndr hab. Franciszek K\u0142osowski (WNP U\u015a)<br \/>\ndr Tomasz Sp\u00f3rna (WNP U\u015a)<br \/>\ndr Marta Chmielewska (WNP U\u015a)<br \/>\nmgr in\u017c. arch. Agnieszka Gieroszka (GIG)<\/p>\n<hr \/>\n<p><strong>Karta zespo\u0142u badawczego w formacie PDF &gt;&gt;&gt; <a href=\"https:\/\/us.edu.pl\/centra-badawcze\/opmim\/wp-content\/uploads\/sites\/56\/Nieprzypisane\/Zesp\u00f3\u0142-ds.-gospodarki-przestrzennej-i-obszar\u00f3w-funkcjonalnych.pdf\" class=\"mtli_attachment mtli_pdf\" class=\"mtli_attachment mtli_pdf\" target=\"_blank\" rel=\"noopener noreferrer\">Zesp\u00f3\u0142 ds. gospodarki przestrzennej i obszar\u00f3w funkcjonalnych<\/a><\/strong><\/p>\n<\/div>\r\n                    <\/div>\r\n                <\/div>[\/vc_column][\/vc_row]<\/p>","protected":false},"excerpt":{"rendered":"<p>[vc_row][vc_column][\/vc_column][\/vc_row] [&#8230;]<\/p>\n<p><a class=\"btn btn-secondary understrap-read-more-link\" href=\"https:\/\/us.edu.pl\/centra-badawcze\/opmim\/zespol-ds-gospodarki-przestrzennej-i-obszarow-funkcjonalnych\/\">Read More&#8230;<\/a><\/p>\n","protected":false},"author":2808,"featured_media":0,"parent":0,"menu_order":0,"comment_status":"closed","ping_status":"closed","template":"","meta":{"_expiration-date-status":"saved","_expiration-date":0,"_expiration-date-type":"","_expiration-date-categories":[],"_expiration-date-options":[]},"acf":[],"_links":{"self":[{"href":"https:\/\/us.edu.pl\/centra-badawcze\/opmim\/wp-json\/wp\/v2\/pages\/619"}],"collection":[{"href":"https:\/\/us.edu.pl\/centra-badawcze\/opmim\/wp-json\/wp\/v2\/pages"}],"about":[{"href":"https:\/\/us.edu.pl\/centra-badawcze\/opmim\/wp-json\/wp\/v2\/types\/page"}],"author":[{"embeddable":true,"href":"https:\/\/us.edu.pl\/centra-badawcze\/opmim\/wp-json\/wp\/v2\/users\/2808"}],"replies":[{"embeddable":true,"href":"https:\/\/us.edu.pl\/centra-badawcze\/opmim\/wp-json\/wp\/v2\/comments?post=619"}],"version-history":[{"count":7,"href":"https:\/\/us.edu.pl\/centra-badawcze\/opmim\/wp-json\/wp\/v2\/pages\/619\/revisions"}],"predecessor-version":[{"id":991,"href":"https:\/\/us.edu.pl\/centra-badawcze\/opmim\/wp-json\/wp\/v2\/pages\/619\/revisions\/991"}],"wp:attachment":[{"href":"https:\/\/us.edu.pl\/centra-badawcze\/opmim\/wp-json\/wp\/v2\/media?parent=619"}],"curies":[{"name":"wp","href":"https:\/\/api.w.org\/{rel}","templated":true}]}}