{"id":621,"date":"2021-05-06T14:25:24","date_gmt":"2021-05-06T12:25:24","guid":{"rendered":"http:\/\/us.edu.pl\/centra-badawcze\/opmim\/?page_id=621"},"modified":"2021-08-17T14:44:21","modified_gmt":"2021-08-17T12:44:21","slug":"zespol-partycypacja-konsultacje-spoleczne","status":"publish","type":"page","link":"https:\/\/us.edu.pl\/centra-badawcze\/opmim\/zespol-partycypacja-konsultacje-spoleczne\/","title":{"rendered":"Zesp\u00f3\u0142 ds. partycypacji, spo\u0142ecze\u0144stwa obywatelskiego i konsultacji spo\u0142ecznych"},"content":{"rendered":"<p>[vc_row][vc_column]\r\n                <div class=\"text-modules\">\r\n                    <div class=\"container\">\r\n                        <h3 class=\"page-title text__title\">Zesp\u00f3\u0142 ds. partycypacji, spo\u0142ecze\u0144stwa obywatelskiego i konsultacji spo\u0142ecznych<\/h3>\r\n                        <div class=\"text-modules__content\"><p><strong>Us\u0142ugi oferowane przez zesp\u00f3\u0142:<\/strong><\/p>\n<p>\u00b7 projektowanie procesu konsultacji spo\u0142ecznych, prowadzenie konsultacji spo\u0142ecznych<br \/>\n\u00b7\u00a0badania i analiza stanu spo\u0142ecze\u0144stwa obywatelskiego i uwarunkowa\u0144 jego funkcjonowania<br \/>\n\u00b7\u00a0badania i analizy kapita\u0142u spo\u0142ecznego w wymiarze lokalnym, miejskim i regionalnym<br \/>\n\u00b7\u00a0badania i analizy funkcjonowania miejskich przestrzeni publicznych (w oparciu o zr\u00f3\u017cnicowane metody i techniki badawcze)<br \/>\n\u00b7\u00a0badania wizerunku (miast, instytucji, regionu)<br \/>\n\u00b7\u00a0wyk\u0142ady, prelekcje po\u015bwi\u0119cone problematyce spo\u0142ecze\u0144stwa obywatelskiego, partycypacji i funkcjonowaniu miejskich przestrzeni publicznych;<br \/>\n\u00b7\u00a0opracowywanie program\u00f3w edukacyjnych dotycz\u0105cych spo\u0142ecze\u0144stwa obywatelskiego i postaw prospo\u0142ecznych<\/p>\n<hr \/>\n<p><strong>Koordynator\u00a0zespo\u0142u:<\/strong><\/p>\n<p><strong>dr hab. Krzysztof Bierwiaczonek, prof. U\u015a<\/strong><br \/>\nInstytut Socjologii, Wydzia\u0142 Nauk Spo\u0142ecznych Uniwersytetu \u015al\u0105skiego w Katowicach<br \/>\nul. Bankowa 11, 40-007 Katowice<\/p>\n<p><a href=\"mailto:krzysztof.bierwiaczonek@us.edu.pl\" target=\"_blank\" rel=\"noopener noreferrer\">krzysztof.bierwiaczonek@us.edu.pl<\/a><\/p>\n<p><a href=\"https:\/\/orcid.org\/0000-0002-8375-2800\" target=\"_blank\" rel=\"noopener noreferrer\">https:\/\/orcid.org\/0000-0002-8375-2800<\/a><\/p>\n<hr \/>\n<p><strong>Cz\u0142onkowie zespo\u0142u:<\/strong><\/p>\n<p>dr hab. Tomasz Nawrocki, prof. U\u015a (WNS U\u015a)<br \/>\ndr hab. Zbigniew Zaga\u0142a, prof. U\u015a (WNS U\u015a)<br \/>\ndr hab. Krzysztof Bierwiaczonek, prof. U\u015a (WNS U\u015a)<br \/>\ndr Agata Zygmunt (WNS U\u015a)<br \/>\ndr Barbara Ro\u017ca\u0142owska (Wydzia\u0142 Organizacji i Zarz\u0105dzania, Pol. \u015al.)<br \/>\ndr Magdalena P\u00f3\u0142torak (WPiA U\u015a)<\/p>\n<p>dr Joanna Wr\u00f3blewska-Jachna (Wydzia\u0142 Zarz\u0105dzania i Transportu ATH)<br \/>\ndr Agnieszka Sobol (Katedra Gospodarki Przestrzennej i \u015arodowiskowej UE)<br \/>\ndr Adam Polko (Katedra Gospodarki Przestrzennej i \u015arodowiskowej UE)<\/p>\n<hr \/>\n<p><strong>Karta zespo\u0142u badawczego w formacie PDF &gt;&gt;&gt; <a href=\"https:\/\/us.edu.pl\/centra-badawcze\/opmim\/wp-content\/uploads\/sites\/56\/Nieprzypisane\/Zesp\u00f3\u0142-ds.-partycypacji-spo\u0142ecze\u0144stwa-obywatelskiego-i-konsultacji-spo\u0142ecznych-1.pdf\" class=\"mtli_attachment mtli_pdf\" class=\"mtli_attachment mtli_pdf\" target=\"_blank\" rel=\"noopener noreferrer\">Zesp\u00f3\u0142 ds. partycypacji, spo\u0142ecze\u0144stwa obywatelskiego i konsultacji spo\u0142ecznych<\/a><\/strong><\/p>\n<\/div>\r\n                    <\/div>\r\n                <\/div>[\/vc_column][\/vc_row]<\/p>","protected":false},"excerpt":{"rendered":"<p>[vc_row][vc_column][\/vc_column][\/vc_row] [&#8230;]<\/p>\n<p><a class=\"btn btn-secondary understrap-read-more-link\" href=\"https:\/\/us.edu.pl\/centra-badawcze\/opmim\/zespol-partycypacja-konsultacje-spoleczne\/\">Read More&#8230;<\/a><\/p>\n","protected":false},"author":2808,"featured_media":0,"parent":0,"menu_order":0,"comment_status":"closed","ping_status":"closed","template":"","meta":{"_expiration-date-status":"saved","_expiration-date":0,"_expiration-date-type":"","_expiration-date-categories":[],"_expiration-date-options":[]},"acf":[],"_links":{"self":[{"href":"https:\/\/us.edu.pl\/centra-badawcze\/opmim\/wp-json\/wp\/v2\/pages\/621"}],"collection":[{"href":"https:\/\/us.edu.pl\/centra-badawcze\/opmim\/wp-json\/wp\/v2\/pages"}],"about":[{"href":"https:\/\/us.edu.pl\/centra-badawcze\/opmim\/wp-json\/wp\/v2\/types\/page"}],"author":[{"embeddable":true,"href":"https:\/\/us.edu.pl\/centra-badawcze\/opmim\/wp-json\/wp\/v2\/users\/2808"}],"replies":[{"embeddable":true,"href":"https:\/\/us.edu.pl\/centra-badawcze\/opmim\/wp-json\/wp\/v2\/comments?post=621"}],"version-history":[{"count":10,"href":"https:\/\/us.edu.pl\/centra-badawcze\/opmim\/wp-json\/wp\/v2\/pages\/621\/revisions"}],"predecessor-version":[{"id":990,"href":"https:\/\/us.edu.pl\/centra-badawcze\/opmim\/wp-json\/wp\/v2\/pages\/621\/revisions\/990"}],"wp:attachment":[{"href":"https:\/\/us.edu.pl\/centra-badawcze\/opmim\/wp-json\/wp\/v2\/media?parent=621"}],"curies":[{"name":"wp","href":"https:\/\/api.w.org\/{rel}","templated":true}]}}