{"id":624,"date":"2021-05-06T14:27:25","date_gmt":"2021-05-06T12:27:25","guid":{"rendered":"http:\/\/us.edu.pl\/centra-badawcze\/opmim\/?page_id=624"},"modified":"2021-08-17T14:43:10","modified_gmt":"2021-08-17T12:43:10","slug":"zespol-analizy-dokumenty-strategiczne","status":"publish","type":"page","link":"https:\/\/us.edu.pl\/centra-badawcze\/opmim\/zespol-analizy-dokumenty-strategiczne\/","title":{"rendered":"Zesp\u00f3\u0142 ds. analiz i dokument\u00f3w strategicznych"},"content":{"rendered":"<p>[vc_row][vc_column]\r\n                <div class=\"text-modules\">\r\n                    <div class=\"container\">\r\n                        <h3 class=\"page-title text__title\">Zesp\u00f3\u0142 ds. analiz i dokument\u00f3w strategicznych<\/h3>\r\n                        <div class=\"text-modules__content\"><p><strong>Us\u0142ugi oferowane przez zesp\u00f3\u0142:<\/strong><\/p>\n<p>\u00b7 analiza wizerunku wewn\u0119trznego i zewn\u0119trznego JST<br \/>\n\u00b7 pozycjonowanie JST w regionie<br \/>\n\u00b7 analiza kierunk\u00f3w rozwoju JST<br \/>\n\u00b7 diagnoza problem\u00f3w spo\u0142ecznych i sytuacji kryzysowych w obr\u0119bie JST<br \/>\n\u00b7 przygotowanie diagnozy na potrzeby dokument\u00f3w strategicznych<br \/>\n\u00b7 koordynacja opracowania i opracowanie dokument\u00f3w strategicznych na potrzeby JST<br \/>\n\u00b7 prowadzenie konsultacji spo\u0142ecznych na potrzeby wdra\u017cania dokument\u00f3w strategicznych JST<br \/>\n\u00b7 opiniowanie dokument\u00f3w strategicznych JST<\/p>\n<hr \/>\n<p><strong>Koordynator zespo\u0142u:<\/strong><\/p>\n<p><strong>dr Grzegorz Gawron<\/strong><br \/>\nInstytut Socjologii, Wydzia\u0142 Nauk Spo\u0142ecznych Uniwersytetu \u015al\u0105skiego w Katowicach<\/p>\n<p><a href=\"mailto:grzegorz.gawron@us.edu.pl\" target=\"_blank\" rel=\"noopener noreferrer\">grzegorz.gawron@us.edu.pl<\/a><\/p>\n<p><a href=\"https:\/\/orcid.org\/0000-0002-7044-4489\" target=\"_blank\" rel=\"noopener noreferrer\">https:\/\/orcid.org\/0000-0002-7044-4489<\/a><\/p>\n<hr \/>\n<p><strong>Cz\u0142onkowie zespo\u0142u:<\/strong><\/p>\n<p>dr Grzegorz Gawron (WNS U\u015a)<br \/>\ndr hab. Robert Pyka, prof. U\u015a (WNS U\u015a)<br \/>\ndr hab. Krzysztof Bierwiaczonek, prof. U\u015a (WNS U\u015a)<br \/>\ndr Miros\u0142aw Czerwi\u0144ski (WNS, WZDNE U\u015a)<br \/>\ndr in\u017c. Jan Bondaruk (GIG)<br \/>\ndr in\u017c. Mariusz Kruczek (GIG)<br \/>\nmgr in\u017c. El\u017cbieta Uszok (GIG)<br \/>\ndr Marcin Baron (Uniwersytet Ekonomiczny w Katowicach)<\/p>\n<hr \/>\n<p><strong>Karta zespo\u0142u badawczego w formacie PDF &gt;&gt;&gt; <a href=\"https:\/\/us.edu.pl\/centra-badawcze\/opmim\/wp-content\/uploads\/sites\/56\/Nieprzypisane\/Zesp\u00f3\u0142-ds.-analiz-i-dokument\u00f3w-strategicznych-1.pdf\" class=\"mtli_attachment mtli_pdf\" class=\"mtli_attachment mtli_pdf\" target=\"_blank\" rel=\"noopener noreferrer\">Zesp\u00f3\u0142 ds. analiz i dokument\u00f3w strategicznych<\/a><\/strong><\/p>\n<\/div>\r\n                    <\/div>\r\n                <\/div>[\/vc_column][\/vc_row]<\/p>","protected":false},"excerpt":{"rendered":"<p>[vc_row][vc_column][\/vc_column][\/vc_row] [&#8230;]<\/p>\n<p><a class=\"btn btn-secondary understrap-read-more-link\" href=\"https:\/\/us.edu.pl\/centra-badawcze\/opmim\/zespol-analizy-dokumenty-strategiczne\/\">Read More&#8230;<\/a><\/p>\n","protected":false},"author":2808,"featured_media":0,"parent":0,"menu_order":0,"comment_status":"closed","ping_status":"closed","template":"","meta":{"_expiration-date-status":"saved","_expiration-date":0,"_expiration-date-type":"","_expiration-date-categories":[],"_expiration-date-options":[]},"acf":[],"_links":{"self":[{"href":"https:\/\/us.edu.pl\/centra-badawcze\/opmim\/wp-json\/wp\/v2\/pages\/624"}],"collection":[{"href":"https:\/\/us.edu.pl\/centra-badawcze\/opmim\/wp-json\/wp\/v2\/pages"}],"about":[{"href":"https:\/\/us.edu.pl\/centra-badawcze\/opmim\/wp-json\/wp\/v2\/types\/page"}],"author":[{"embeddable":true,"href":"https:\/\/us.edu.pl\/centra-badawcze\/opmim\/wp-json\/wp\/v2\/users\/2808"}],"replies":[{"embeddable":true,"href":"https:\/\/us.edu.pl\/centra-badawcze\/opmim\/wp-json\/wp\/v2\/comments?post=624"}],"version-history":[{"count":6,"href":"https:\/\/us.edu.pl\/centra-badawcze\/opmim\/wp-json\/wp\/v2\/pages\/624\/revisions"}],"predecessor-version":[{"id":989,"href":"https:\/\/us.edu.pl\/centra-badawcze\/opmim\/wp-json\/wp\/v2\/pages\/624\/revisions\/989"}],"wp:attachment":[{"href":"https:\/\/us.edu.pl\/centra-badawcze\/opmim\/wp-json\/wp\/v2\/media?parent=624"}],"curies":[{"name":"wp","href":"https:\/\/api.w.org\/{rel}","templated":true}]}}