{"id":626,"date":"2021-05-06T14:30:14","date_gmt":"2021-05-06T12:30:14","guid":{"rendered":"http:\/\/us.edu.pl\/centra-badawcze\/opmim\/?page_id=626"},"modified":"2021-08-17T14:41:55","modified_gmt":"2021-08-17T12:41:55","slug":"zespol-rozwoj","status":"publish","type":"page","link":"https:\/\/us.edu.pl\/centra-badawcze\/opmim\/zespol-rozwoj\/","title":{"rendered":"Zesp\u00f3\u0142 ds. programowania i monitorowania zr\u00f3wnowa\u017conego rozwoju regionu"},"content":{"rendered":"<p>[vc_row][vc_column]\r\n                <div class=\"text-modules\">\r\n                    <div class=\"container\">\r\n                        <h3 class=\"page-title text__title\">Zesp\u00f3\u0142 ds. programowania i monitorowania zr\u00f3wnowa\u017conego rozwoju regionu<\/h3>\r\n                        <div class=\"text-modules__content\"><p><strong>Us\u0142ugi oferowane przez zesp\u00f3\u0142:<\/strong><\/p>\n<p>\u00b7\u00a0Projektowanie proces\u00f3w zr\u00f3wnowa\u017conego rozwoju regionu w wymiarze ekonomicznym, spo\u0142ecznym i ekologicznym<br \/>\n\u00b7\u00a0Przygotowanie strategii zr\u00f3wnowa\u017conego rozwoju regionu, miasta, gminy<br \/>\n\u00b7\u00a0Szkolenia dla kadr mened\u017cerskich z zakresu zr\u00f3wnowa\u017conego rozwoju organizacji<br \/>\n\u00b7\u00a0Szkolenia z zakresu projektowania strategii CSR jako narz\u0119dzia zr\u00f3wnowa\u017conego rozwoju organizacji<br \/>\n\u00b7\u00a0Badania postaw spo\u0142ecznych wobec realizacji r\u00f3\u017cnych aspekt\u00f3w zr\u00f3wnowa\u017conego rozwoju miasta i regionu<br \/>\n\u00b7\u00a0Wyk\u0142ady, prelekcje po\u015bwi\u0119cone problematyce zr\u00f3wnowa\u017conego rozwoju miast, partycypacji spo\u0142ecznej<br \/>\n\u00b7\u00a0Opracowywanie program\u00f3w edukacyjnych dotycz\u0105cych zr\u00f3wnowa\u017conego rozwoju<br \/>\n\u00b7\u00a0Monitorowanie zr\u00f3wnowa\u017conego rozwoju regionu, badania z wykorzystaniem triangulacji metod i \u017ar\u00f3de\u0142<\/p>\n<hr \/>\n<p><strong>Koordynator\u00a0zespo\u0142u:<\/strong><\/p>\n<p><strong>dr hab. Aleksandra Kuzior, prof. Pol. \u015al.<\/strong><br \/>\nKatedra Stosowanych Nauk Spo\u0142ecznych, Wydzia\u0142 Organizacji i Zarz\u0105dzania Politechniki \u015al\u0105skiej<br \/>\nul. Roosevelta 26-28, 41-800 Zabrze<\/p>\n<p><a href=\"mailto:Aleksandra.Kuzior@polsl.pl\" target=\"_blank\" rel=\"noopener noreferrer\">Aleksandra.Kuzior@polsl.pl<\/a><\/p>\n<p><a href=\"https:\/\/orcid.org\/0000-0001-9764-5320\" target=\"_blank\" rel=\"noopener noreferrer\">https:\/\/orcid.org\/0000-0001-9764-5320<\/a><\/p>\n<hr \/>\n<p><strong>Cz\u0142onkowie zespo\u0142u:<\/strong><\/p>\n<p>dr hab. Aleksandra Kuzior, prof. Pol. \u015al.<br \/>\ndr hab. Agata Chudzicka-Czupa\u0142a, prof. SWPS<br \/>\ndr hab. Artur Walasik, prof. UE w Katowicach<br \/>\ndr Anna Do\u015b (UE w Katowicach)<br \/>\ndr Agnieszka Sobol (UE w Katowicach)<br \/>\ndr Sylwia Jaros\u0142awska-Sob\u00f3r (GIG)<br \/>\ndr in\u017c. Janusz Karwot (PWiK Rybnik)<br \/>\ndr Agnieszka Pasternak (Wydzia\u0142 Zarz\u0105dzania Sportem i Turystyk\u0105, AWF Katowice)<br \/>\ndr Barbara Ro\u017ca\u0142owska (Wydzia\u0142 Organizacji i Zarz\u0105dzania, P\u015a.)<br \/>\ndr Brygida Smo\u0142ka-Franke (Wydzia\u0142 Organizacji i Zarz\u0105dzania, P\u015a.)<\/p>\n<hr \/>\n<p><strong>Karta zespo\u0142u badawczego w formacie PDF &gt;&gt;&gt; <a href=\"https:\/\/us.edu.pl\/centra-badawcze\/opmim\/wp-content\/uploads\/sites\/56\/Nieprzypisane\/Zesp\u00f3\u0142-ds.-programowania-i-monitorowania-zr\u00f3wnowa\u017conego-rozwoju.pdf\" class=\"mtli_attachment mtli_pdf\" class=\"mtli_attachment mtli_pdf\" target=\"_blank\" rel=\"noopener noreferrer\">Zesp\u00f3\u0142 ds. programowania i monitorowania zr\u00f3wnowa\u017conego rozwoju<\/a><\/strong><\/p>\n<\/div>\r\n                    <\/div>\r\n                <\/div>[\/vc_column][\/vc_row]<\/p>","protected":false},"excerpt":{"rendered":"<p>[vc_row][vc_column][\/vc_column][\/vc_row] [&#8230;]<\/p>\n<p><a class=\"btn btn-secondary understrap-read-more-link\" href=\"https:\/\/us.edu.pl\/centra-badawcze\/opmim\/zespol-rozwoj\/\">Read More&#8230;<\/a><\/p>\n","protected":false},"author":2808,"featured_media":0,"parent":0,"menu_order":0,"comment_status":"closed","ping_status":"closed","template":"","meta":{"_expiration-date-status":"saved","_expiration-date":0,"_expiration-date-type":"","_expiration-date-categories":[],"_expiration-date-options":[]},"acf":[],"_links":{"self":[{"href":"https:\/\/us.edu.pl\/centra-badawcze\/opmim\/wp-json\/wp\/v2\/pages\/626"}],"collection":[{"href":"https:\/\/us.edu.pl\/centra-badawcze\/opmim\/wp-json\/wp\/v2\/pages"}],"about":[{"href":"https:\/\/us.edu.pl\/centra-badawcze\/opmim\/wp-json\/wp\/v2\/types\/page"}],"author":[{"embeddable":true,"href":"https:\/\/us.edu.pl\/centra-badawcze\/opmim\/wp-json\/wp\/v2\/users\/2808"}],"replies":[{"embeddable":true,"href":"https:\/\/us.edu.pl\/centra-badawcze\/opmim\/wp-json\/wp\/v2\/comments?post=626"}],"version-history":[{"count":6,"href":"https:\/\/us.edu.pl\/centra-badawcze\/opmim\/wp-json\/wp\/v2\/pages\/626\/revisions"}],"predecessor-version":[{"id":988,"href":"https:\/\/us.edu.pl\/centra-badawcze\/opmim\/wp-json\/wp\/v2\/pages\/626\/revisions\/988"}],"wp:attachment":[{"href":"https:\/\/us.edu.pl\/centra-badawcze\/opmim\/wp-json\/wp\/v2\/media?parent=626"}],"curies":[{"name":"wp","href":"https:\/\/api.w.org\/{rel}","templated":true}]}}