{"id":628,"date":"2021-05-06T14:31:35","date_gmt":"2021-05-06T12:31:35","guid":{"rendered":"http:\/\/us.edu.pl\/centra-badawcze\/opmim\/?page_id=628"},"modified":"2021-08-17T14:40:53","modified_gmt":"2021-08-17T12:40:53","slug":"zespol-kultura","status":"publish","type":"page","link":"https:\/\/us.edu.pl\/centra-badawcze\/opmim\/zespol-kultura\/","title":{"rendered":"Zesp\u00f3\u0142 ds. bada\u0144 zjawisk i proces\u00f3w kulturowych"},"content":{"rendered":"<p>[vc_row][vc_column]\r\n                <div class=\"text-modules\">\r\n                    <div class=\"container\">\r\n                        <h3 class=\"page-title text__title\">Zesp\u00f3\u0142 ds. bada\u0144 zjawisk i proces\u00f3w kulturowych<\/h3>\r\n                        <div class=\"text-modules__content\"><p><strong>Us\u0142ugi oferowane przez zesp\u00f3\u0142<\/strong><\/p>\n<p><strong>Badania spo\u0142eczne i analizy\u00a0 w zakresie:<\/strong><br \/>\n\u00b7\u00a0dynamiki proces\u00f3w kulturowych,<br \/>\n\u00b7\u00a0partycypacji kulturowej,<br \/>\n\u00b7\u00a0kapita\u0142u spo\u0142eczno-kulturowego,<br \/>\n\u00b7\u00a0nowych technologii w \u017cyciu spo\u0142ecznym,<br \/>\n\u00b7\u00a0proces\u00f3w komunikacji spo\u0142ecznej (w tym komunikacji mi\u0119dzykulturowej),<br \/>\n\u00b7\u00a0przep\u0142ywu informacji miejskich,<br \/>\n\u00b7\u00a0diagnozy kondycji ma\u0142ych struktur spo\u0142ecznych (w szczeg\u00f3lno\u015bci rodziny),<br \/>\n\u00b7\u00a0styl\u00f3w \u017cycia (w tym zagospodarowania czasu wolnego i modeli konsumpcji),<br \/>\n\u00b7\u00a0kwestii etnicznych i narodowo\u015bciowych,<br \/>\n\u00b7\u00a0postaw prospo\u0142ecznych,<br \/>\n\u00b7\u00a0warunkowa\u0144 i konsekwencji proces\u00f3w migracyjnych.<\/p>\n<hr \/>\n<p><strong>Koordynator zespo\u0142u:<\/strong><\/p>\n<p><strong>dr Andrzej G\u00f3rny<\/strong><br \/>\nInstytut Socjologii, Wydzia\u0142 Nauk Spo\u0142ecznych Uniwersytetu \u015al\u0105skiego w Katowicach<\/p>\n<p><a href=\"mailto:andrzej.gorny@us.edu.pl\" target=\"_blank\" rel=\"noopener noreferrer\">andrzej.gorny@us.edu.pl<\/a><\/p>\n<hr \/>\n<p><strong>Cz\u0142onkowie zespo\u0142u:<\/strong><\/p>\n<p>dr Rafa\u0142 Cekiera (WNS, U\u015a)<br \/>\ndr Bo\u017cena Pactwa (WNS, U\u015a)<br \/>\ndr Katarzyna Ponikowska (WNS, U\u015a)<br \/>\ndr hab. Zbigniew Zaga\u0142a, prof. U\u015a (WNS, U\u015a)<br \/>\ndr Agata Zygmunt (WNS, U\u015a)<br \/>\ndr Monika \u017bak (WNS, U\u015a)<br \/>\ndr Brygida Smo\u0142ka-Franke (Politechnika \u015al\u0105ska)<\/p>\n<hr \/>\n<p><strong>Karta zespo\u0142u badawczego w formacie PDF &gt;&gt;&gt; <a href=\"https:\/\/us.edu.pl\/centra-badawcze\/opmim\/wp-content\/uploads\/sites\/56\/Nieprzypisane\/Zesp\u00f3\u0142-ds.-bada\u0144-zjawisk-i-proces\u00f3w-kulturowych-1.pdf\" class=\"mtli_attachment mtli_pdf\" class=\"mtli_attachment mtli_pdf\">Zesp\u00f3\u0142 ds. bada\u0144 zjawisk i proces\u00f3w kulturowych<\/a><\/strong><\/p>\n<\/div>\r\n                    <\/div>\r\n                <\/div>[\/vc_column][\/vc_row]<\/p>","protected":false},"excerpt":{"rendered":"<p>[vc_row][vc_column][\/vc_column][\/vc_row] [&#8230;]<\/p>\n<p><a class=\"btn btn-secondary understrap-read-more-link\" href=\"https:\/\/us.edu.pl\/centra-badawcze\/opmim\/zespol-kultura\/\">Read More&#8230;<\/a><\/p>\n","protected":false},"author":2808,"featured_media":0,"parent":0,"menu_order":0,"comment_status":"closed","ping_status":"closed","template":"","meta":{"_expiration-date-status":"saved","_expiration-date":0,"_expiration-date-type":"","_expiration-date-categories":[],"_expiration-date-options":[]},"acf":[],"_links":{"self":[{"href":"https:\/\/us.edu.pl\/centra-badawcze\/opmim\/wp-json\/wp\/v2\/pages\/628"}],"collection":[{"href":"https:\/\/us.edu.pl\/centra-badawcze\/opmim\/wp-json\/wp\/v2\/pages"}],"about":[{"href":"https:\/\/us.edu.pl\/centra-badawcze\/opmim\/wp-json\/wp\/v2\/types\/page"}],"author":[{"embeddable":true,"href":"https:\/\/us.edu.pl\/centra-badawcze\/opmim\/wp-json\/wp\/v2\/users\/2808"}],"replies":[{"embeddable":true,"href":"https:\/\/us.edu.pl\/centra-badawcze\/opmim\/wp-json\/wp\/v2\/comments?post=628"}],"version-history":[{"count":7,"href":"https:\/\/us.edu.pl\/centra-badawcze\/opmim\/wp-json\/wp\/v2\/pages\/628\/revisions"}],"predecessor-version":[{"id":987,"href":"https:\/\/us.edu.pl\/centra-badawcze\/opmim\/wp-json\/wp\/v2\/pages\/628\/revisions\/987"}],"wp:attachment":[{"href":"https:\/\/us.edu.pl\/centra-badawcze\/opmim\/wp-json\/wp\/v2\/media?parent=628"}],"curies":[{"name":"wp","href":"https:\/\/api.w.org\/{rel}","templated":true}]}}