{"id":630,"date":"2021-05-06T14:32:25","date_gmt":"2021-05-06T12:32:25","guid":{"rendered":"http:\/\/us.edu.pl\/centra-badawcze\/opmim\/?page_id=630"},"modified":"2021-08-25T14:26:43","modified_gmt":"2021-08-25T12:26:43","slug":"zespol-transport","status":"publish","type":"page","link":"https:\/\/us.edu.pl\/centra-badawcze\/opmim\/zespol-transport\/","title":{"rendered":"Zesp\u00f3\u0142 ds. transportu"},"content":{"rendered":"<p>[vc_row][vc_column]\r\n                <div class=\"text-modules\">\r\n                    <div class=\"container\">\r\n                        <h3 class=\"page-title text__title\">Zesp\u00f3\u0142 ds. transportu<\/h3>\r\n                        <div class=\"text-modules__content\"><p><strong>Us\u0142ugi oferowane przez zesp\u00f3\u0142:<\/strong><\/p>\n<p>\u00b7\u00a0opracowanie i aktualizacja plan\u00f3w zr\u00f3wnowa\u017conego rozwoju publicznego transportu zbiorowego (stosownie\u00a0do wymog\u00f3w ustawy)<br \/>\n\u00b7\u00a0opracowanie i aktualizacja dokument\u00f3w strategicznych z zakresu transportu publicznego dla jednostek samorz\u0105du terytorialnego<br \/>\n\u00b7\u00a0projekty analizy sytuacji na rynku publicznego transportu zbiorowego, optymalizacji i rozwoju sieci komunikacyjnych<br \/>\n\u00b7\u00a0mapy sieci komunikacyjnej z wykorzystaniem technologii GIS i projekty bazuj\u0105ce na tych mapach<br \/>\n\u00b7\u00a0inwentaryzacja danych transportowych pod potrzeby wielokryterialnych baz danych<\/p>\n<hr \/>\n<p><strong>Kontakt:<br \/>\n<\/strong>obserwatoriumMiasto@us.edu.pl<\/p>\n<hr \/>\n<p><strong>Cz\u0142onkowie zespo\u0142u:<\/strong><\/p>\n<p>dr hab. S\u0142awomir Sitek (WNP U\u015a)<br \/>\ndr hab. Franciszek K\u0142osowski (WNP U\u015a)<br \/>\ndr Tomasz Sp\u00f3rna (WNP U\u015a)<br \/>\ndr Marta Chmielewska (WNP U\u015a)<br \/>\ndr hab. El\u017cbieta Zuza\u0144ska-\u017by\u015bko, prof. U\u015a (WNP U\u015a)<br \/>\ndr in\u017c. Mariusz Kruczek (GIG)<\/p>\n<hr \/>\n<p><strong>Karta zespo\u0142u badawczego w formacie PDF &gt;&gt;&gt; <a href=\"https:\/\/us.edu.pl\/centra-badawcze\/opmim\/wp-content\/uploads\/sites\/56\/Nieprzypisane\/Zesp\u00f3\u0142-ds.-transportu.pdf\" class=\"mtli_attachment mtli_pdf\" class=\"mtli_attachment mtli_pdf\" target=\"_blank\" rel=\"noopener noreferrer\">Zesp\u00f3\u0142 ds. transportu<\/a><\/strong><\/p>\n<\/div>\r\n                    <\/div>\r\n                <\/div>[\/vc_column][\/vc_row]<\/p>","protected":false},"excerpt":{"rendered":"<p>[vc_row][vc_column][\/vc_column][\/vc_row] [&#8230;]<\/p>\n<p><a class=\"btn btn-secondary understrap-read-more-link\" href=\"https:\/\/us.edu.pl\/centra-badawcze\/opmim\/zespol-transport\/\">Read More&#8230;<\/a><\/p>\n","protected":false},"author":2808,"featured_media":0,"parent":0,"menu_order":0,"comment_status":"closed","ping_status":"closed","template":"","meta":{"_expiration-date-status":"saved","_expiration-date":0,"_expiration-date-type":"","_expiration-date-categories":[],"_expiration-date-options":[]},"acf":[],"_links":{"self":[{"href":"https:\/\/us.edu.pl\/centra-badawcze\/opmim\/wp-json\/wp\/v2\/pages\/630"}],"collection":[{"href":"https:\/\/us.edu.pl\/centra-badawcze\/opmim\/wp-json\/wp\/v2\/pages"}],"about":[{"href":"https:\/\/us.edu.pl\/centra-badawcze\/opmim\/wp-json\/wp\/v2\/types\/page"}],"author":[{"embeddable":true,"href":"https:\/\/us.edu.pl\/centra-badawcze\/opmim\/wp-json\/wp\/v2\/users\/2808"}],"replies":[{"embeddable":true,"href":"https:\/\/us.edu.pl\/centra-badawcze\/opmim\/wp-json\/wp\/v2\/comments?post=630"}],"version-history":[{"count":5,"href":"https:\/\/us.edu.pl\/centra-badawcze\/opmim\/wp-json\/wp\/v2\/pages\/630\/revisions"}],"predecessor-version":[{"id":1114,"href":"https:\/\/us.edu.pl\/centra-badawcze\/opmim\/wp-json\/wp\/v2\/pages\/630\/revisions\/1114"}],"wp:attachment":[{"href":"https:\/\/us.edu.pl\/centra-badawcze\/opmim\/wp-json\/wp\/v2\/media?parent=630"}],"curies":[{"name":"wp","href":"https:\/\/api.w.org\/{rel}","templated":true}]}}