{"id":632,"date":"2021-05-06T14:38:36","date_gmt":"2021-05-06T12:38:36","guid":{"rendered":"http:\/\/us.edu.pl\/centra-badawcze\/opmim\/?page_id=632"},"modified":"2021-08-17T14:38:22","modified_gmt":"2021-08-17T12:38:22","slug":"zespol-turystyka","status":"publish","type":"page","link":"https:\/\/us.edu.pl\/centra-badawcze\/opmim\/zespol-turystyka\/","title":{"rendered":"Zesp\u00f3\u0142 ds. turystyki"},"content":{"rendered":"<p>[vc_row][vc_column]\r\n                <div class=\"text-modules\">\r\n                    <div class=\"container\">\r\n                        <h3 class=\"page-title text__title\">Zesp\u00f3\u0142 ds. turystyki<\/h3>\r\n                        <div class=\"text-modules__content\"><p><strong>Us\u0142ugi oferowane przez zesp\u00f3\u0142:<\/strong><\/p>\n<p>\u00b7\u00a0Badania ruchu turystycznego<br \/>\n\u00b7\u00a0Strategia rozwoju turystyki ze szczeg\u00f3lnym uwzgl\u0119dnieniem turystyki poprzemys\u0142owej<br \/>\n\u00b7\u00a0Waloryzacja turystyczna<br \/>\n\u00b7\u00a0Test zr\u00f3\u017cnicowania semantycznego atrakcji turystycznych<br \/>\n\u00b7\u00a0Oceny warto\u015bci atrakcji turystycznych<br \/>\n\u00b7\u00a0Turystyczna analiza SWOT<br \/>\n\u00b7\u00a0Oceny wra\u017ce\u0144 z odbioru atrakcji<\/p>\n<hr \/>\n<p><strong>Koordynator zespo\u0142u:<\/strong><\/p>\n<p><strong>dr hab. S\u0142awomir Pytel, prof. U\u015a<\/strong><br \/>\nInstytut Geografii Spo\u0142eczno-Ekonomicznej i Gospodarki Przestrzennej, Wydzia\u0142 Nauk Przyrodniczych Uniwersytetu \u015al\u0105skiego w Katowicach<br \/>\nUl. B\u0119dzi\u0144ska 60, 41-200 Sosnowiec<\/p>\n<p><a href=\"mailto:slawomir.pytel@us.edu.pl\" target=\"_blank\" rel=\"noopener noreferrer\">slawomir.pytel@us.edu.pl<\/a><\/p>\n<p><a href=\"https:\/\/orcid.org\/0000-0002-0886-5151\" target=\"_blank\" rel=\"noopener noreferrer\">https:\/\/orcid.org\/0000-0002-0886-5151<\/a><\/p>\n<hr \/>\n<p><strong>Cz\u0142onkowie zespo\u0142u:<\/strong><\/p>\n<p>dr hab. S\u0142awomir Pytel, prof. U\u015a (WNP U\u015a)<br \/>\ndr hab. S\u0142awomir Sitek (WNP U\u015a)<br \/>\ndr hab. El\u017cbieta Zuza\u0144ska-\u017by\u015bko, prof. U\u015a (WNP U\u015a)<br \/>\ndr Katarzyna Pukowiec-Kurda (WNP U\u015a)<\/p>\n<hr \/>\n<p><strong>Karta zespo\u0142u badawczego w formacie PDF &gt;&gt;&gt; <a href=\"https:\/\/us.edu.pl\/centra-badawcze\/opmim\/wp-content\/uploads\/sites\/56\/Nieprzypisane\/Zesp\u00f3\u0142-ds.-turystyki-1.pdf\" class=\"mtli_attachment mtli_pdf\" class=\"mtli_attachment mtli_pdf\" target=\"_blank\" rel=\"noopener noreferrer\">Zesp\u00f3\u0142 ds. turystyki<\/a><\/strong><\/p>\n<\/div>\r\n                    <\/div>\r\n                <\/div>[\/vc_column][\/vc_row]<\/p>","protected":false},"excerpt":{"rendered":"<p>[vc_row][vc_column][\/vc_column][\/vc_row] [&#8230;]<\/p>\n<p><a class=\"btn btn-secondary understrap-read-more-link\" href=\"https:\/\/us.edu.pl\/centra-badawcze\/opmim\/zespol-turystyka\/\">Read More&#8230;<\/a><\/p>\n","protected":false},"author":2808,"featured_media":0,"parent":0,"menu_order":0,"comment_status":"closed","ping_status":"closed","template":"","meta":{"_expiration-date-status":"saved","_expiration-date":0,"_expiration-date-type":"","_expiration-date-categories":[],"_expiration-date-options":[]},"acf":[],"_links":{"self":[{"href":"https:\/\/us.edu.pl\/centra-badawcze\/opmim\/wp-json\/wp\/v2\/pages\/632"}],"collection":[{"href":"https:\/\/us.edu.pl\/centra-badawcze\/opmim\/wp-json\/wp\/v2\/pages"}],"about":[{"href":"https:\/\/us.edu.pl\/centra-badawcze\/opmim\/wp-json\/wp\/v2\/types\/page"}],"author":[{"embeddable":true,"href":"https:\/\/us.edu.pl\/centra-badawcze\/opmim\/wp-json\/wp\/v2\/users\/2808"}],"replies":[{"embeddable":true,"href":"https:\/\/us.edu.pl\/centra-badawcze\/opmim\/wp-json\/wp\/v2\/comments?post=632"}],"version-history":[{"count":10,"href":"https:\/\/us.edu.pl\/centra-badawcze\/opmim\/wp-json\/wp\/v2\/pages\/632\/revisions"}],"predecessor-version":[{"id":985,"href":"https:\/\/us.edu.pl\/centra-badawcze\/opmim\/wp-json\/wp\/v2\/pages\/632\/revisions\/985"}],"wp:attachment":[{"href":"https:\/\/us.edu.pl\/centra-badawcze\/opmim\/wp-json\/wp\/v2\/media?parent=632"}],"curies":[{"name":"wp","href":"https:\/\/api.w.org\/{rel}","templated":true}]}}