{"id":634,"date":"2021-05-06T14:41:42","date_gmt":"2021-05-06T12:41:42","guid":{"rendered":"http:\/\/us.edu.pl\/centra-badawcze\/opmim\/?page_id=634"},"modified":"2021-08-26T15:58:08","modified_gmt":"2021-08-26T13:58:08","slug":"obszar-procesy-miejskie-i-metropolitalne","status":"publish","type":"page","link":"https:\/\/us.edu.pl\/centra-badawcze\/opmim\/obszar-procesy-miejskie-i-metropolitalne\/","title":{"rendered":"Procesy miejskie i metropolitalne"},"content":{"rendered":"<p>[vc_row][vc_column]\r\n                <div class=\"text-modules\">\r\n                    <div class=\"container\">\r\n                        <h3 class=\"page-title text__title\">Procesy miejskie i metropolitalne<\/h3>\r\n                        <div class=\"text-modules__content\"><\/p>\n<h4><span style=\"font-size: 12pt;\"><strong>Kontekst:<\/strong><\/span><\/h4>\n<p><span style=\"font-size: 12pt;\">Konurbacja g\u00f3rno\u015bl\u0105ska jest jednym z najwi\u0119kszych polskich obszar\u00f3w wielkomiejskich, gdzie\u00a0post\u0119puj\u0105 dynamiczne procesy metropolizacji. \u015awiadczy\u0107 o tym mo\u017ce stopniowe w\u0142\u0105czanie si\u0119 tego obszaru w sie\u0107 europejskich metropolii, czego efektywnymi wska\u017anikami mog\u0105 by\u0107: dynamiczny\u00a0wzrost ruchu pasa\u017cerskiego\u00a0na lotnisku Katowice Pyrzowice (z 260 ty\u015b przed rokiem 2004 do ponad 3 mln w 2015 roku),\u00a0nap\u0142yw zagranicznych inwestor\u00f3w w zwi\u0105zku z wysokimi ocenami\u00a0atrakcyjno\u015bci inwestycyjnej, wzrost\u00a0potencja\u0142u innowacyjnego,\u00a0czemu towarzysz\u0105 powstaj\u0105ce licznie\u00a0klastry i parki naukowo-technologiczne, inwestycje\u00a0o znaczeniu metropolitalnym\u00a0(NOSPR, MCK, Muzeum \u015al\u0105skie). To jedynie wycinek d\u0142ugiej listy czynnik\u00f3w przek\u0142adaj\u0105cych si\u0119 na\u00a0rozw\u00f3j funkcji metropolitalnych\u00a0G\u00f3rno\u015bl\u0105skiego obszaru metropolitalnego, kt\u00f3rego zewn\u0119trzne oddzia\u0142ywanie nieustannie ro\u015bnie, o czym mo\u017ce \u015bwiadczy\u0107 wej\u015bcie Katowic, stolicy obszaru metropolitalnego, do w\u0105skiego grona\u00a0globalnej sieci miast kreatywnych UNESCO\u00a0w dziedzinie muzyki.<span id=\"more-107\"><\/span><\/span><\/p>\n<p><span style=\"font-size: 12pt;\">Post\u0119puj\u0105cej konsolidacji funkcjonalnej G\u00f3rno\u015bl\u0105skiego obszaru metropolitalnego towarzyszy\u0142a utrzymuj\u0105ca si\u0119 fragmentaryzacja instytucjonalna powoduj\u0105ca, \u017ce obszar ten by\u0142 zarz\u0105dzany przez kilkana\u015bcie dzia\u0142aj\u0105cych niezale\u017cnie od siebie jednostek samorz\u0105dowych tego samego szczebla. Powy\u017cszy uk\u0142ad terytorialno-administracyjny nie sprzyja\u0142 zintegrowanemu zarz\u0105dzaniu, optymalizacji wydatk\u00f3w inwestycyjnych, efektywnej promocji zewn\u0119trznej oraz zr\u00f3wnowa\u017conemu rozwojowi terytorialnemu.<\/span><\/p>\n<p><span style=\"font-size: 12pt;\">Po latach dyskusji i debat na poziomie centralnym, jak i po\u015br\u00f3d bezpo\u015brednio zainteresowanych jednostek samorz\u0105dowych, uda\u0142o si\u0119 doj\u015b\u0107 do konsensu co do konieczno\u015bci ostatecznego rozwi\u0105zania tego problemu.\u00a0 4 kwietnia 2017 roku ustawa powo\u0142uj\u0105ca metropoli\u0119 w wojew\u00f3dztwie \u015bl\u0105skim zosta\u0142a podpisana w Katowicach przez Prezydenta RP.\u00a0 1 lipca 2017 roku na drodze rozporz\u0105dzenie Rady Ministr\u00f3w powsta\u0142 zwi\u0105zek metropolitalny pod nazw\u0105 \u201eG\u00f3rno\u015bl\u0105sko-Zag\u0142\u0119biowska Metropolia\u201d. Od 1 stycznia 2018 roku Metropolia GZM rozpocz\u0119\u0142a realizacj\u0119 ustawowych zada\u0144. Tym samym G\u00f3rno\u015bl\u0105ski obszar metropolitalny w ko\u0144cu zyska\u0142 instytucjonaln\u0105 emanacj\u0119, kt\u00f3ra dysponuje realnymi narz\u0119dziami i \u015brodkami oddzia\u0142ywania na swoim terytorium. Obserwatorium uwa\u017cnie przygl\u0105da si\u0119 rozwojowi nowej struktury i prze\u0142o\u017ceniu jej dzia\u0142alno\u015bci na procesy zachodz\u0105ce w regionie.<\/span><\/p>\n<hr \/>\n<h4><span style=\"font-size: 12pt;\"><strong>OFERTA<\/strong><\/span><\/h4>\n<p><span style=\"font-size: 12pt;\"><strong>Przyk\u0142adowe zagadnienia badawcze:<\/strong><\/span><\/p>\n<ul>\n<li><span style=\"font-size: 12pt;\">Badania kapita\u0142u spo\u0142ecznego i proces\u00f3w wsp\u00f3\u0142rz\u0105dzenia (zaanga\u017cowanie \u015brodowisk gospodarczych, organizacji pozarz\u0105dowych, jednostek badawczych, itp. w kszta\u0142towanie polityk metropolitalnych)<\/span><\/li>\n<li><span style=\"font-size: 12pt;\">Delimitacja obszaru metropolitalnego, regionu metropolitalnego, analiza funkcji metropolitalnych, powi\u0105za\u0144 funkcjonalnych i wyznaczanie stery wp\u0142ywu metropolii;<\/span><\/li>\n<li><span style=\"font-size: 12pt;\">Badania i ekspertyzy na potrzeby opracowania strategii rozwoju obszar\u00f3w metropolitalnych z okre\u015bleniem wyzwa\u0144 i kierunk\u00f3w ich rozwoju (strategia polityki metropolitalnej);<\/span><\/li>\n<li><span style=\"font-size: 12pt;\">Badania stanu sp\u00f3jno\u015bci spo\u0142ecznej i terytorialnej w kontek\u015bcie zr\u00f3wnowa\u017conego rozwoju obszar\u00f3w miejskich;<\/span><\/li>\n<li><span style=\"font-size: 12pt;\">Analiza czynnik\u00f3w i barier rozwoju obszar\u00f3w metropolitalnych;<\/span><\/li>\n<li><span style=\"font-size: 12pt;\">Identyfikacja metropolitalnych sieci przep\u0142yw\u00f3w z okre\u015bleniem funkcjonalnych specjalno\u015bci jednostek samorz\u0105dowych w obszarach metropolitalnych;<\/span><\/li>\n<li><span style=\"font-size: 12pt;\">Badania opinii mieszka\u0144c\u00f3w na temat procesu integracji w obszarze metropolitalnym i jego funkcjonowania w perspektywie kszta\u0142towania si\u0119 to\u017csamo\u015bci metropolitalnej;<\/span><\/li>\n<li><span style=\"font-size: 12pt;\">Diagnoza poziomu integracji i skoordynowania us\u0142ug publicznych \u015bwiadczonych przez samorz\u0105dy w obszarach metropolitalnych w perspektywie tworzenia centr\u00f3w us\u0142ug wsp\u00f3lnych;<\/span><\/li>\n<li><span style=\"font-size: 12pt;\">Ruch wahad\u0142owy ze szczeg\u00f3lnym uwzgl\u0119dnieniem dojazd\u00f3w do pracy;<\/span><\/li>\n<li><span style=\"font-size: 12pt;\">(\u2026)<\/span><\/li>\n<\/ul>\n<p><span style=\"font-size: 12pt;\"><strong>Analizy i badania sektorowe, m.in.:<\/strong><\/span><\/p>\n<ul>\n<li><span style=\"font-size: 12pt;\">Transport publiczny;<\/span><\/li>\n<li><span style=\"font-size: 12pt;\">Turystyka \u2013 baza i potencja\u0142 rozwojowy;<\/span><\/li>\n<li><span style=\"font-size: 12pt;\">Us\u0142ugi komunalne w perspektywie ich integracji w obr\u0119bie metropolitalnych centr\u00f3w us\u0142ug wsp\u00f3lnych;<\/span><\/li>\n<li><span style=\"font-size: 12pt;\">Gospodarka i jej potencja\u0142;<\/span><\/li>\n<li><span style=\"font-size: 12pt;\">Sektor edukacji, kszta\u0142cenia zawodowego i ustawicznego;<\/span><\/li>\n<li><span style=\"font-size: 12pt;\">Rynek pracy i jego trendy;<\/span><\/li>\n<li><span style=\"font-size: 12pt;\">Sytuacja demograficzna \u2013 stan i prognozy;<\/span><\/li>\n<li><span style=\"font-size: 12pt;\">Infrastruktura i us\u0142ugi w zakresie s\u0142u\u017cby zdrowia i pomocy socjalnej;<\/span><\/li>\n<li><span style=\"font-size: 12pt;\">Zasoby naturalne i bogactwo przyrodnicze;<\/span><\/li>\n<li><span style=\"font-size: 12pt;\">(\u2026)<\/span><\/li>\n<\/ul>\n<hr \/>\n<h4><span style=\"font-size: 12pt;\"><strong>Szczeg\u00f3\u0142owa oferta naszych zespo\u0142\u00f3w badawczych wraz z wykazem ekspert\u00f3w i ich dokona\u0144 (kliknij na nazw\u0119 zespo\u0142u):<\/strong><\/span><\/h4>\n<hr \/>\n<p><span style=\"font-size: 12pt;\"><a href=\"https:\/\/us.edu.pl\/centra-badawcze\/opmim\/zespol-procesy-metropolizacji\/\"><strong>Zesp\u00f3\u0142 ds. metropolizacji i metropolitalnego wsp\u00f3\u0142rz\u0105dzenia<\/strong><\/a><\/span><br \/>\n<span style=\"font-size: 12pt;\"><strong>Koordynator:<\/strong>\u00a0<strong>dr hab. Robert Pyka, prof. U\u015a<\/strong><\/span><\/p>\n<p><span style=\"font-size: 12pt;\">robert.pyka@us.edu.pl<\/span><\/p>\n<hr \/>\n<p><span style=\"font-size: 12pt;\"><a href=\"https:\/\/us.edu.pl\/centra-badawcze\/opmim\/zespol-gospodarka-rynek-pracy\/\"><strong>Zesp\u00f3\u0142 ds. gospodarki, przedsi\u0119biorczo\u015bci i rynku pracy<\/strong><\/a><\/span><br \/>\n<span style=\"font-size: 12pt;\"><strong>Koordynator: dr hab. Adam Bartoszek, prof.\u00a0U\u015a<\/strong><\/span><\/p>\n<p><span style=\"font-size: 12pt;\">adam.bartoszek@us.edu.pl<\/span><\/p>\n<hr \/>\n<p><span style=\"font-size: 12pt;\"><a href=\"https:\/\/us.edu.pl\/centra-badawcze\/opmim\/zespol-ds-gospodarki-przestrzennej-i-obszarow-funkcjonalnych\/\"><strong>Zesp\u00f3\u0142 ds. gospodarki przestrzennej i obszar\u00f3w funkcjonalnych<\/strong><\/a><\/span><br \/>\n<span style=\"font-size: 12pt;\"><strong>Koordynator:\u00a0 dr hab. El\u017cbieta Zuza\u0144ska-\u017by\u015bko, prof. U\u015a<\/strong><\/span><\/p>\n<p><span style=\"font-size: 12pt;\">elzbieta.zuzanska-zysko@us.edu.pl<\/span><\/p>\n<hr \/>\n<p><span style=\"font-size: 12pt;\"><a href=\"https:\/\/us.edu.pl\/centra-badawcze\/opmim\/zespol-partycypacja-konsultacje-spoleczne\"><strong>Zesp\u00f3\u0142 ds. partycypacji, spo\u0142ecze\u0144stwa obywatelskiego i konsultacji spo\u0142ecznych<\/strong><\/a><\/span><br \/>\n<span style=\"font-size: 12pt;\"><strong>Koordynator: dr hab. Krzysztof Bierwiaczonek, \u00a0prof.\u00a0U\u015a<\/strong><\/span><\/p>\n<p><span style=\"font-size: 12pt;\">krzysztof.bierwiaczonek@us.edu.pl<\/span><\/p>\n<hr \/>\n<p><span style=\"font-size: 12pt;\"><a href=\"https:\/\/us.edu.pl\/centra-badawcze\/opmim\/zespol-analizy-dokumenty-strategiczne\"><strong>Zesp\u00f3\u0142 ds. analiz i dokument\u00f3w strategicznych<\/strong><\/a><\/span><br \/>\n<span style=\"font-size: 12pt;\"><strong>Koordynator: dr Grzegorz Gawron<\/strong><\/span><\/p>\n<p><span style=\"font-size: 12pt;\">grzegorz.gawron@us.edu.pl<\/span><\/p>\n<hr \/>\n<p><span style=\"font-size: 12pt;\"><a href=\"http:\/\/us.edu.pl\/centra-badawcze\/opmim\/zespol-rozwoj\/\"><strong>Zesp\u00f3\u0142 ds. programowania i monitorowania zr\u00f3wnowa\u017conego rozwoju regionu<\/strong><\/a><\/span><br \/>\n<span style=\"font-size: 12pt;\"><strong>Koordynator: dr hab. Aleksandra Kuzior, prof. P\u015a<\/strong><\/span><\/p>\n<p><span style=\"font-size: 12pt;\">aleksandra.kuzior@polsl.pl<\/span><\/p>\n<hr \/>\n<p><span style=\"font-size: 12pt;\"><a href=\"http:\/\/us.edu.pl\/centra-badawcze\/opmim\/zespol-kultura\/\"><strong>Zesp\u00f3\u0142 ds. bada\u0144 zjawisk i proces\u00f3w kulturowych<\/strong><\/a><\/span><br \/>\n<span style=\"font-size: 12pt;\"><strong>Koordynator: dr Andrzej G\u00f3rny<\/strong><\/span><\/p>\n<p><span style=\"font-size: 12pt;\">andrzej.gorny@us.edu.pl<\/span><\/p>\n<hr \/>\n<p><span style=\"font-size: 12pt;\"><strong><a href=\"https:\/\/us.edu.pl\/centra-badawcze\/opmim\/zespol-turystyka\/\">Zesp\u00f3\u0142 ds. turystyki<\/a><br \/>\nKoordynator: dr hab. S\u0142awomir Pytel, prof. U\u015a<\/strong><\/span><\/p>\n<p><span style=\"font-size: 12pt;\">slawomir.pytel@us.edu.pl<\/span><\/p>\n<hr \/>\n<p><span style=\"font-size: 12pt;\"><a href=\"http:\/\/us.edu.pl\/centra-badawcze\/opmim\/zespol-transport\/\"><strong>Zesp\u00f3\u0142 ds. transportu<\/strong><\/a><\/span><br \/>\n<span style=\"font-size: 12pt;\"><strong>Kontakt:<br \/>\n<\/strong>obserwatoriumMiasto@us.edu.pl<\/span><\/p>\n<\/div>\r\n                    <\/div>\r\n                <\/div>[\/vc_column][\/vc_row]<\/p>","protected":false},"excerpt":{"rendered":"<p>[vc_row][vc_column][\/vc_column][\/vc_row] [&#8230;]<\/p>\n<p><a class=\"btn btn-secondary understrap-read-more-link\" href=\"https:\/\/us.edu.pl\/centra-badawcze\/opmim\/obszar-procesy-miejskie-i-metropolitalne\/\">Read More&#8230;<\/a><\/p>\n","protected":false},"author":2808,"featured_media":0,"parent":0,"menu_order":0,"comment_status":"closed","ping_status":"closed","template":"","meta":{"_expiration-date-status":"saved","_expiration-date":0,"_expiration-date-type":"","_expiration-date-categories":[],"_expiration-date-options":[]},"acf":[],"_links":{"self":[{"href":"https:\/\/us.edu.pl\/centra-badawcze\/opmim\/wp-json\/wp\/v2\/pages\/634"}],"collection":[{"href":"https:\/\/us.edu.pl\/centra-badawcze\/opmim\/wp-json\/wp\/v2\/pages"}],"about":[{"href":"https:\/\/us.edu.pl\/centra-badawcze\/opmim\/wp-json\/wp\/v2\/types\/page"}],"author":[{"embeddable":true,"href":"https:\/\/us.edu.pl\/centra-badawcze\/opmim\/wp-json\/wp\/v2\/users\/2808"}],"replies":[{"embeddable":true,"href":"https:\/\/us.edu.pl\/centra-badawcze\/opmim\/wp-json\/wp\/v2\/comments?post=634"}],"version-history":[{"count":14,"href":"https:\/\/us.edu.pl\/centra-badawcze\/opmim\/wp-json\/wp\/v2\/pages\/634\/revisions"}],"predecessor-version":[{"id":1194,"href":"https:\/\/us.edu.pl\/centra-badawcze\/opmim\/wp-json\/wp\/v2\/pages\/634\/revisions\/1194"}],"wp:attachment":[{"href":"https:\/\/us.edu.pl\/centra-badawcze\/opmim\/wp-json\/wp\/v2\/media?parent=634"}],"curies":[{"name":"wp","href":"https:\/\/api.w.org\/{rel}","templated":true}]}}