{"id":66,"date":"2020-11-18T11:44:40","date_gmt":"2020-11-18T10:44:40","guid":{"rendered":"http:\/\/us.edu.pl\/centra-badawcze\/opmim\/?page_id=66"},"modified":"2020-11-18T11:44:40","modified_gmt":"2020-11-18T10:44:40","slug":"mapa-strony","status":"publish","type":"page","link":"https:\/\/us.edu.pl\/centra-badawcze\/opmim\/mapa-strony\/","title":{"rendered":"mapa strony"},"content":{"rendered":"<p>[vc_row][vc_column]\r\n                <div class=\"text-modules\">\r\n                    <div class=\"container\">\r\n                        <h3 class=\"page-title text__title\">mapa strony<\/h3>\r\n                        <div class=\"text-modules__content\"><div class=\"wsp-container\"><h2 class=\"wsp-pages-title\">Pages<\/h2>\n<ul class=\"wsp-pages-list\">\n<li class=\"page_item page-item-2\"><a href=\"https:\/\/us.edu.pl\/centra-badawcze\/opmim\/przykladowa-strona\/\">Przyk\u0142adowa strona<\/a><\/li>\n<li class=\"page_item page-item-6\"><a href=\"https:\/\/us.edu.pl\/centra-badawcze\/opmim\/\">Strona g\u0142\u00f3wna<\/a><\/li>\n<li class=\"page_item page-item-777\"><a href=\"https:\/\/us.edu.pl\/centra-badawcze\/opmim\/polecane-strony\/\">Polecane strony<\/a><\/li>\n<li class=\"page_item page-item-528\"><a href=\"https:\/\/us.edu.pl\/centra-badawcze\/opmim\/5-seminarium-24-maja-2019-r\/\">V seminarium \u2013 24 maja 2019 r.<\/a><\/li>\n<li class=\"page_item page-item-535\"><a href=\"https:\/\/us.edu.pl\/centra-badawcze\/opmim\/6-seminarium-2019-r\/\">VI seminarium \u2013 21 pa\u017adziernika 2019 r.<\/a><\/li>\n<li class=\"page_item page-item-295\"><a href=\"https:\/\/us.edu.pl\/centra-badawcze\/opmim\/spotkania-trzech-sektorow\/\">Spotkania trzech sektor\u00f3w<\/a><\/li>\n<li class=\"page_item page-item-559\"><a href=\"https:\/\/us.edu.pl\/centra-badawcze\/opmim\/7-seminarium-23-marca-2020-r\/\">VII seminarium \u2013 23 marca 2020 r.<\/a><\/li>\n<li class=\"page_item page-item-573\"><a href=\"https:\/\/us.edu.pl\/centra-badawcze\/opmim\/raporty-i-analizy\/\">Raporty i analizy<\/a><\/li>\n<li class=\"page_item page-item-64\"><a href=\"https:\/\/us.edu.pl\/centra-badawcze\/opmim\/kontakt\/\">kontakt<\/a><\/li>\n<li class=\"page_item page-item-66\"><a href=\"https:\/\/us.edu.pl\/centra-badawcze\/opmim\/mapa-strony\/\">mapa strony<\/a><\/li>\n<li class=\"page_item page-item-70\"><a href=\"https:\/\/us.edu.pl\/centra-badawcze\/opmim\/o-nas\/\">O nas<\/a><\/li>\n<li class=\"page_item page-item-85\"><a href=\"https:\/\/us.edu.pl\/centra-badawcze\/opmim\/doswiadczenie\/\">Nasze do\u015bwiadczenie<\/a><\/li>\n<li class=\"page_item page-item-87\"><a href=\"https:\/\/us.edu.pl\/centra-badawcze\/opmim\/oferta\/\">Oferta<\/a><\/li>\n<li class=\"page_item page-item-89\"><a href=\"https:\/\/us.edu.pl\/centra-badawcze\/opmim\/zespoly-eksperckie\/\">Zespo\u0142y eksperckie<\/a><\/li>\n<li class=\"page_item page-item-603\"><a href=\"https:\/\/us.edu.pl\/centra-badawcze\/opmim\/badania\/\">Badania OPMiM<\/a><\/li>\n<li class=\"page_item page-item-92\"><a href=\"https:\/\/us.edu.pl\/centra-badawcze\/opmim\/platforma-wiedzy\/\">Platforma wiedzy<\/a><\/li>\n<li class=\"page_item page-item-94\"><a href=\"https:\/\/us.edu.pl\/centra-badawcze\/opmim\/wspolpraca-z-otoczeniem\/\">Wsp\u00f3\u0142praca z otoczeniem<\/a><\/li>\n<li class=\"page_item page-item-615\"><a href=\"https:\/\/us.edu.pl\/centra-badawcze\/opmim\/zespol-procesy-metropolizacji\/\">Zesp\u00f3\u0142 ds. analiz proces\u00f3w metropolizacji i metropolitalnego wsp\u00f3\u0142rz\u0105dzenia<\/a><\/li>\n<li class=\"page_item page-item-617\"><a href=\"https:\/\/us.edu.pl\/centra-badawcze\/opmim\/zespol-gospodarka-rynek-pracy\/\">Zesp\u00f3\u0142 ds. gospodarki, przedsi\u0119biorczo\u015bci i rynku pracy<\/a><\/li>\n<li class=\"page_item page-item-619\"><a href=\"https:\/\/us.edu.pl\/centra-badawcze\/opmim\/zespol-ds-gospodarki-przestrzennej-i-obszarow-funkcjonalnych\/\">Zesp\u00f3\u0142 ds. gospodarki przestrzennej i obszar\u00f3w funkcjonalnych<\/a><\/li>\n<li class=\"page_item page-item-875\"><a href=\"https:\/\/us.edu.pl\/centra-badawcze\/opmim\/seminarium-seniorzy-pandemia-maj-2021\/\">Seminarium &#8222;Seniorzy w obliczu pandemii \u2013 problemy, nadzieje, rozwi\u0105zania&#8221; 18 maja 2021 r.<\/a><\/li>\n<li class=\"page_item page-item-621\"><a href=\"https:\/\/us.edu.pl\/centra-badawcze\/opmim\/zespol-partycypacja-konsultacje-spoleczne\/\">Zesp\u00f3\u0142 ds. partycypacji, spo\u0142ecze\u0144stwa obywatelskiego i konsultacji spo\u0142ecznych<\/a><\/li>\n<li class=\"page_item page-item-624\"><a href=\"https:\/\/us.edu.pl\/centra-badawcze\/opmim\/zespol-analizy-dokumenty-strategiczne\/\">Zesp\u00f3\u0142 ds. analiz i dokument\u00f3w strategicznych<\/a><\/li>\n<li class=\"page_item page-item-626\"><a href=\"https:\/\/us.edu.pl\/centra-badawcze\/opmim\/zespol-rozwoj\/\">Zesp\u00f3\u0142 ds. programowania i monitorowania zr\u00f3wnowa\u017conego rozwoju regionu<\/a><\/li>\n<li class=\"page_item page-item-371\"><a href=\"https:\/\/us.edu.pl\/centra-badawcze\/opmim\/doradztwo-eksperckie-i-wspomaganie-procesow-decyzyjnych\/\">Doradztwo eksperckie w procesach decyzyjnych<\/a><\/li>\n<li class=\"page_item page-item-628\"><a href=\"https:\/\/us.edu.pl\/centra-badawcze\/opmim\/zespol-kultura\/\">Zesp\u00f3\u0142 ds. bada\u0144 zjawisk i proces\u00f3w kulturowych<\/a><\/li>\n<li class=\"page_item page-item-373\"><a href=\"https:\/\/us.edu.pl\/centra-badawcze\/opmim\/badania-i-ekpsertyzy\/\">Badania i ekspertyzy<\/a><\/li>\n<li class=\"page_item page-item-630\"><a href=\"https:\/\/us.edu.pl\/centra-badawcze\/opmim\/zespol-transport\/\">Zesp\u00f3\u0142 ds. transportu<\/a><\/li>\n<li class=\"page_item page-item-375\"><a href=\"https:\/\/us.edu.pl\/centra-badawcze\/opmim\/popularyzacja-wiedzy\/\">Popularyzacja wiedzy<\/a><\/li>\n<li class=\"page_item page-item-632\"><a href=\"https:\/\/us.edu.pl\/centra-badawcze\/opmim\/zespol-turystyka\/\">Zesp\u00f3\u0142 ds. turystyki<\/a><\/li>\n<li class=\"page_item page-item-634\"><a href=\"https:\/\/us.edu.pl\/centra-badawcze\/opmim\/obszar-procesy-miejskie-i-metropolitalne\/\">Procesy miejskie i metropolitalne<\/a><\/li>\n<li class=\"page_item page-item-694\"><a href=\"https:\/\/us.edu.pl\/centra-badawcze\/opmim\/zespol-ds-rewitalizacji\/\">Zesp\u00f3\u0142 ds. rewitalizacji<\/a><\/li>\n<li class=\"page_item page-item-697\"><a href=\"https:\/\/us.edu.pl\/centra-badawcze\/opmim\/zespol-ochrona-srodowiska\/\">Zesp\u00f3\u0142 ds. ochrony i kszta\u0142towania \u015brodowiska przyrodniczego<\/a><\/li>\n<li class=\"page_item page-item-443\"><a href=\"https:\/\/us.edu.pl\/centra-badawcze\/opmim\/badania-i-ekspertyzy\/\">Badania i ekspertyzy<\/a><\/li>\n<li class=\"page_item page-item-445\"><a href=\"https:\/\/us.edu.pl\/centra-badawcze\/opmim\/akademia-samorzadowa\/\">Akademia Samorz\u0105dowa<\/a><\/li>\n<li class=\"page_item page-item-702\"><a href=\"https:\/\/us.edu.pl\/centra-badawcze\/opmim\/centrum-innowacji-spolecznych\/\">Centrum Bada\u0144 Innowacji Spo\u0142ecznych<\/a><\/li>\n<li class=\"page_item page-item-706\"><a href=\"https:\/\/us.edu.pl\/centra-badawcze\/opmim\/zespol-demografia\/\">Zesp\u00f3\u0142 ds. analiz demograficznych i problem\u00f3w spo\u0142ecznych<\/a><\/li>\n<li class=\"page_item page-item-454\"><a href=\"https:\/\/us.edu.pl\/centra-badawcze\/opmim\/rewitalizacja\/\">Rewitalizacja<\/a><\/li>\n<li class=\"page_item page-item-710\"><a href=\"https:\/\/us.edu.pl\/centra-badawcze\/opmim\/krajobrazy-miejskie\/\">Krajobrazy miejskie<\/a><\/li>\n<li class=\"page_item page-item-456\"><a href=\"https:\/\/us.edu.pl\/centra-badawcze\/opmim\/456-2\/\">Smart City<\/a><\/li>\n<li class=\"page_item page-item-458\"><a href=\"https:\/\/us.edu.pl\/centra-badawcze\/opmim\/inne-obszary-badawcze\/\">Inne obszary badawcze<\/a><\/li>\n<li class=\"page_item page-item-715\"><a href=\"https:\/\/us.edu.pl\/centra-badawcze\/opmim\/zespol-smart-city\/\">Zesp\u00f3\u0142 ds. smarter city<\/a><\/li>\n<li class=\"page_item page-item-720\"><a href=\"https:\/\/us.edu.pl\/centra-badawcze\/opmim\/zespol-administracja-etyka\/\">Zesp\u00f3\u0142 ds. jako\u015bci administracji, etyki i praworz\u0105dno\u015bci<\/a><\/li>\n<li class=\"page_item page-item-468\"><a href=\"https:\/\/us.edu.pl\/centra-badawcze\/opmim\/inauguracja-obserwatorium-kwiecien-2017\/\">Inauguracja Obserwatorium na Uniwersytecie \u015al\u0105skim w Katowicach &#8211; 4 kwietnia 2017 r.<\/a><\/li>\n<li class=\"page_item page-item-725\"><a href=\"https:\/\/us.edu.pl\/centra-badawcze\/opmim\/zespol-komunikacja-wizualna-design-sztuka\/\">Zesp\u00f3\u0142 ds. komunikacji wizualnej, designu i sztuki<\/a><\/li>\n<li class=\"page_item page-item-478\"><a href=\"https:\/\/us.edu.pl\/centra-badawcze\/opmim\/3-seminarium-2018\/\">III Seminarium &#8211; 14 wrze\u015bnia 2018 r.<\/a><\/li>\n<li class=\"page_item page-item-1253\"><a href=\"https:\/\/us.edu.pl\/centra-badawcze\/opmim\/seminarium-human-smart-city\/\">Seminarium &#8222;Human Smart City &#8211; inteligentne rozwi\u0105zania dla ludzi i z lud\u017ami&#8221; 26 pa\u017adziernika<\/a><\/li>\n<li class=\"page_item page-item-1256\"><a href=\"https:\/\/us.edu.pl\/centra-badawcze\/opmim\/seminarium-otoczenie-przyjazne-osobom-starszym\/\">Seminarium \u201eOtoczenie przyjazne osobom starszym &#8211; modelowanie us\u0142ug spo\u0142ecznych\u201d 7 grudnia 2021<\/a><\/li>\n<li class=\"page_item page-item-238\"><a href=\"https:\/\/us.edu.pl\/centra-badawcze\/opmim\/rzetelnosc-i-obiektywizm\/\">Rzetelno\u015b\u0107 i obiektywizm<\/a><\/li>\n<li class=\"page_item page-item-244\"><a href=\"https:\/\/us.edu.pl\/centra-badawcze\/opmim\/profesjonalizm-i-reaktywnosc\/\">Profesjonalizm i reaktywno\u015b\u0107<\/a><\/li>\n<li class=\"page_item page-item-756\"><a href=\"https:\/\/us.edu.pl\/centra-badawcze\/opmim\/ksiazki\/\">Ksi\u0105\u017cki<\/a><\/li>\n<li class=\"page_item page-item-502\"><a href=\"https:\/\/us.edu.pl\/centra-badawcze\/opmim\/4-seminarium-1-marca-2019-r\/\">IV Seminarium \u2013 1 marca 2019 r.<\/a><\/li>\n<li class=\"page_item page-item-248\"><a href=\"https:\/\/us.edu.pl\/centra-badawcze\/opmim\/praca-dla-spoleczenstwa\/\">Praca dla spo\u0142ecze\u0144stwa<\/a><\/li>\n<li class=\"page_item page-item-760\"><a href=\"https:\/\/us.edu.pl\/centra-badawcze\/opmim\/artykuly\/\">Artyku\u0142y<\/a><\/li>\n<li class=\"page_item page-item-250\"><a href=\"https:\/\/us.edu.pl\/centra-badawcze\/opmim\/wspolpraca-i-synergia\/\">Wsp\u00f3\u0142praca i synergia<\/a><\/li>\n<\/ul>\n<\/div>\n<\/div>\r\n                    <\/div>\r\n                <\/div>[\/vc_column][\/vc_row]<\/p>","protected":false},"excerpt":{"rendered":"<p>[vc_row][vc_column][\/vc_column][\/vc_row] [&#8230;]<\/p>\n<p><a class=\"btn btn-secondary understrap-read-more-link\" href=\"https:\/\/us.edu.pl\/centra-badawcze\/opmim\/mapa-strony\/\">Read More&#8230;<\/a><\/p>\n","protected":false},"author":24,"featured_media":0,"parent":0,"menu_order":0,"comment_status":"closed","ping_status":"closed","template":"","meta":{"_expiration-date-status":"saved","_expiration-date":0,"_expiration-date-type":"","_expiration-date-categories":[],"_expiration-date-options":[]},"acf":[],"_links":{"self":[{"href":"https:\/\/us.edu.pl\/centra-badawcze\/opmim\/wp-json\/wp\/v2\/pages\/66"}],"collection":[{"href":"https:\/\/us.edu.pl\/centra-badawcze\/opmim\/wp-json\/wp\/v2\/pages"}],"about":[{"href":"https:\/\/us.edu.pl\/centra-badawcze\/opmim\/wp-json\/wp\/v2\/types\/page"}],"author":[{"embeddable":true,"href":"https:\/\/us.edu.pl\/centra-badawcze\/opmim\/wp-json\/wp\/v2\/users\/24"}],"replies":[{"embeddable":true,"href":"https:\/\/us.edu.pl\/centra-badawcze\/opmim\/wp-json\/wp\/v2\/comments?post=66"}],"version-history":[{"count":1,"href":"https:\/\/us.edu.pl\/centra-badawcze\/opmim\/wp-json\/wp\/v2\/pages\/66\/revisions"}],"predecessor-version":[{"id":68,"href":"https:\/\/us.edu.pl\/centra-badawcze\/opmim\/wp-json\/wp\/v2\/pages\/66\/revisions\/68"}],"wp:attachment":[{"href":"https:\/\/us.edu.pl\/centra-badawcze\/opmim\/wp-json\/wp\/v2\/media?parent=66"}],"curies":[{"name":"wp","href":"https:\/\/api.w.org\/{rel}","templated":true}]}}