{"id":697,"date":"2021-07-15T13:25:38","date_gmt":"2021-07-15T11:25:38","guid":{"rendered":"https:\/\/us.edu.pl\/centra-badawcze\/opmim\/?page_id=697"},"modified":"2021-08-17T14:33:45","modified_gmt":"2021-08-17T12:33:45","slug":"zespol-ochrona-srodowiska","status":"publish","type":"page","link":"https:\/\/us.edu.pl\/centra-badawcze\/opmim\/zespol-ochrona-srodowiska\/","title":{"rendered":"Zesp\u00f3\u0142 ds. ochrony i kszta\u0142towania \u015brodowiska przyrodniczego"},"content":{"rendered":"<p>[vc_row][vc_column]\r\n                <div class=\"text-modules\">\r\n                    <div class=\"container\">\r\n                        <h3 class=\"page-title text__title\">Zesp\u00f3\u0142 ds. ochrony i kszta\u0142towania \u015brodowiska przyrodniczego<\/h3>\r\n                        <div class=\"text-modules__content\"><p><strong>Us\u0142ugi oferowane przez zesp\u00f3\u0142:<\/strong><\/p>\n<p><strong>Ocena stanu \u015brodowiska przyrodniczego:<\/strong><\/p>\n<p>\u00b7\u00a0kompleksowa diagnoza stanu mikro i makrobioty \u015brodowisk l\u0105dowych, wodnych i powietrznych \u2013 inwentaryzacja siedlisk, okre\u015blenie kierunk\u00f3w odtwarzania, rekomendacja post\u0119powania z gatunkami inwazyjnymi;<br \/>\n\u00b7\u00a0ocena stanu abiotycznych parametr\u00f3w \u015brodowiska przyrodniczego (stopie\u0144 zanieczyszczenia wody, gleby i powietrza);<br \/>\n\u00b7\u00a0biotesty;<br \/>\n\u00b7\u00a0ocena us\u0142ug ekosystemowych przez analiz\u0119 funkcjonalno\u015bci uk\u0142ad\u00f3w przyrodniczych i wskazanie mo\u017cliwo\u015bci ich optymalizacji.<\/p>\n<p><strong>Us\u0142ugi eksperckie:<\/strong><br \/>\n\u00b7\u00a0ocena stanu i opracowanie program\u00f3w oczyszczania gleby i wody metodami biologicznymi i fizycznymi, w tym rekultywacja gleb;<br \/>\n\u00b7\u00a0ocena r\u00f3\u017cnorodno\u015bci biologicznej ekosystem\u00f3w l\u0105dowych i wodnych na podstawie identyfikacji flory i fauny, w tym gatunk\u00f3w obcych oraz inwazyjnych;<br \/>\n\u00b7\u00a0projekty rozwi\u0105za\u0144 dotycz\u0105ce przywracania funkcjonowania ekosystem\u00f3w l\u0105dowych i wodnych przez analiz\u0119 przyczynowo \u2013 skutkow\u0105 stanu \u015brodowiska opart\u0105 na metodyce DPSIR.<\/p>\n<p><strong>Podnoszenie \u015bwiadomo\u015bci spo\u0142ecze\u0144stwa w zakresie funkcjonowania cz\u0142owieka w \u015brodowisku przyrodniczym \u2013 edukacja ekologiczna:<\/strong><br \/>\n\u00b7\u00a0edukacja dla zr\u00f3wnowa\u017conego rozwoju i dzia\u0142a\u0144 na rzecz rewitalizacji tren\u00f3w zdegradowanych;<br \/>\n\u00b7\u00a0propagowanie oceny wp\u0142ywu cz\u0142owieka na \u015brodowisko przyrodnicze metod\u0105 \u015bladu w\u0119glowego;<br \/>\n\u00b7\u00a0przygotowanie oraz prowadzenie warsztat\u00f3w terenowych i\u00a0laboratoryjnych dotycz\u0105cych oceny stanu\/potencja\u0142u ekologicznego \u015brodowiska przyrodniczego;<br \/>\n\u00b7\u00a0udzia\u0142 w konsultacjach spo\u0142ecznych w zakresie prezentacji mo\u017cliwych efekt\u00f3w rewitalizacji \u015brodowiskowej.<\/p>\n<hr \/>\n<p><strong>Koordynator\u00a0zespo\u0142u:<\/strong><\/p>\n<p><strong>dr hab. Edyta Sierka, prof. U\u015a<\/strong><br \/>\nEuropean Brownfields Manager<br \/>\nUniwersytet \u015al\u0105ski w Katowicach, Wydzia\u0142 Nauk Przyrodniczych<br \/>\n40-032 Katowice, ul. Jagiello\u0144ska 28<\/p>\n<p><a href=\"mailto:edyta.sierka@us.edu.pl\">edyta.sierka@us.edu.pl<\/a><\/p>\n<p><a href=\"https:\/\/orcid.org\/0000-0003-3317-4552\" target=\"_blank\" rel=\"noopener noreferrer\">https:\/\/orcid.org\/0000-0003-3317-4552<\/a><\/p>\n<p><strong>Merytoryczny koordynator:<\/strong><br \/>\n<strong>dr hab.\u00a0<\/strong><strong>Izabella Franiel<\/strong><br \/>\nWydzia\u0142 Nauk Przyrodniczych<br \/>\n40-007 Katowice, ul. Bankowa 9<\/p>\n<p><a href=\"mailto:izabella.franiel@us.edu.pl\">izabella.franiel@us.edu.pl<\/a><\/p>\n<p><a href=\"https:\/\/orcid.org\/0000-0002-2383-6850\" target=\"_blank\" rel=\"noopener noreferrer\">https:\/\/orcid.org\/0000-0002-2383-6850<\/a><\/p>\n<hr \/>\n<p><strong>Cz\u0142onkowie zespo\u0142u:<\/strong><\/p>\n<p><strong>Wydzia\u0142 Nauk Przyrodniczych U\u015a<\/strong><\/p>\n<p>dr hab. Izabella Franiel<br \/>\ndr hab. Alina Kafel, prof. U\u015a<br \/>\ndr hab. Mariola Krodkiewska, prof. U\u015a<br \/>\ndr hab. Edyta Sierka, prof. U\u015a<br \/>\ndr hab. Danuta Wojcieszy\u0144ska, prof. U\u015a<br \/>\ndr hab. Gabriela Wo\u017aniak, prof. U\u015a<br \/>\ndr S\u0142awomir Su\u0142owicz<br \/>\nprof. dr hab. Jacek Gorczyca<br \/>\nprof. dr hab. Piotr Skuba\u0142a<br \/>\nprof. dr hab. Barbara Tokarska-Guzik<br \/>\ndr hab. Andrzej Wo\u017anica, prof. U\u015a<\/p>\n<hr \/>\n<p><strong>Wydzia\u0142 Nauk Stosowanych, Akademia WSB w D\u0105browie G\u00f3rniczej:<\/strong><br \/>\ndr hab. Joanna Kurowska-Pysz<em>,\u00a0<\/em>prof. AWSB<\/p>\n<p><strong>Wydzia\u0142 In\u017cynierii Materia\u0142\u00f3w Budownictwa i \u015arodowiska ATH:<\/strong><br \/>\nprof. ATH dr hab. in\u017c. Janusz Juraszek, Dziekan WIMBIS ATH<br \/>\ndr in\u017c. Janusz Kozak<br \/>\ndr in\u017c. Joanna Grzybowska-Pietras<br \/>\ndr in\u017c. Monika Wierzbi\u0144ska<br \/>\ndr in\u017c. Beata S\u0142adkowska-Rybka<\/p>\n<hr \/>\n<p><strong>Karta zespo\u0142u badawczego w formacie PDF &gt;&gt;&gt; <a href=\"https:\/\/us.edu.pl\/centra-badawcze\/opmim\/wp-content\/uploads\/sites\/56\/Nieprzypisane\/Zesp\u00f3\u0142-ds.-Ochrony-i-Kszta\u0142towania-\u015arodowiska-Przyrodniczego-1.pdf\" class=\"mtli_attachment mtli_pdf\" class=\"mtli_attachment mtli_pdf\" target=\"_blank\" rel=\"noopener noreferrer\">Zesp\u00f3\u0142 ds. ochrony i kszta\u0142towania \u015brodowiska przyrodniczego<\/a><\/strong><\/p>\n<\/div>\r\n                    <\/div>\r\n                <\/div>[\/vc_column][\/vc_row]<\/p>","protected":false},"excerpt":{"rendered":"<p>[vc_row][vc_column][\/vc_column][\/vc_row] [&#8230;]<\/p>\n<p><a class=\"btn btn-secondary understrap-read-more-link\" href=\"https:\/\/us.edu.pl\/centra-badawcze\/opmim\/zespol-ochrona-srodowiska\/\">Read More&#8230;<\/a><\/p>\n","protected":false},"author":2808,"featured_media":0,"parent":0,"menu_order":0,"comment_status":"closed","ping_status":"closed","template":"","meta":{"_expiration-date-status":"saved","_expiration-date":0,"_expiration-date-type":"","_expiration-date-categories":[],"_expiration-date-options":[]},"acf":[],"_links":{"self":[{"href":"https:\/\/us.edu.pl\/centra-badawcze\/opmim\/wp-json\/wp\/v2\/pages\/697"}],"collection":[{"href":"https:\/\/us.edu.pl\/centra-badawcze\/opmim\/wp-json\/wp\/v2\/pages"}],"about":[{"href":"https:\/\/us.edu.pl\/centra-badawcze\/opmim\/wp-json\/wp\/v2\/types\/page"}],"author":[{"embeddable":true,"href":"https:\/\/us.edu.pl\/centra-badawcze\/opmim\/wp-json\/wp\/v2\/users\/2808"}],"replies":[{"embeddable":true,"href":"https:\/\/us.edu.pl\/centra-badawcze\/opmim\/wp-json\/wp\/v2\/comments?post=697"}],"version-history":[{"count":5,"href":"https:\/\/us.edu.pl\/centra-badawcze\/opmim\/wp-json\/wp\/v2\/pages\/697\/revisions"}],"predecessor-version":[{"id":983,"href":"https:\/\/us.edu.pl\/centra-badawcze\/opmim\/wp-json\/wp\/v2\/pages\/697\/revisions\/983"}],"wp:attachment":[{"href":"https:\/\/us.edu.pl\/centra-badawcze\/opmim\/wp-json\/wp\/v2\/media?parent=697"}],"curies":[{"name":"wp","href":"https:\/\/api.w.org\/{rel}","templated":true}]}}