{"id":70,"date":"2020-11-18T12:03:37","date_gmt":"2020-11-18T11:03:37","guid":{"rendered":"http:\/\/us.edu.pl\/centra-badawcze\/opmim\/?page_id=70"},"modified":"2025-04-16T16:31:46","modified_gmt":"2025-04-16T14:31:46","slug":"o-nas","status":"publish","type":"page","link":"https:\/\/us.edu.pl\/centra-badawcze\/opmim\/o-nas\/","title":{"rendered":"O nas"},"content":{"rendered":"<p>[vc_row][vc_column]\r\n                <div class=\"text-modules \">\r\n                    <div class=\"container\">\r\n                         \r\n                        <div class=\"row m-0\">\r\n                            <div class=\"text-modules__content\">\r\n                                <span style=\"color: #ff9900;\"><strong><span style=\"font-size: 12pt;\"><a style=\"color: #ff9900;\" href=\"https:\/\/us.edu.pl\/centra-badawcze\/opmim\/wp-content\/uploads\/sites\/56\/Nieprzypisane\/Folder-obserwatorium_wersja-polska.pdf\" class=\"mtli_attachment mtli_pdf\"><img class=\"alignnone wp-image-1429\" src=\"https:\/\/us.edu.pl\/centra-badawcze\/opmim\/wp-content\/uploads\/sites\/56\/Nieprzypisane\/Folder-obserwatorium_wersja-polska-01-300x300.jpg\" alt=\"widok rynku w Katowicach, na pierwszym planie grupa os\u00f3b, przechodni\u00f3w, w tle budynki miasta, w lewym g\u00f3rnym rogu logo Obserwatorium, w prawym dolnym rogu napis: Obserwatorium Proces\u00f3w Miejskich i Metropolitalnych\" width=\"399\" height=\"399\" srcset=\"https:\/\/us.edu.pl\/centra-badawcze\/opmim\/wp-content\/uploads\/sites\/56\/Nieprzypisane\/Folder-obserwatorium_wersja-polska-01-300x300.jpg 300w, https:\/\/us.edu.pl\/centra-badawcze\/opmim\/wp-content\/uploads\/sites\/56\/Nieprzypisane\/Folder-obserwatorium_wersja-polska-01-150x150.jpg 150w, https:\/\/us.edu.pl\/centra-badawcze\/opmim\/wp-content\/uploads\/sites\/56\/Nieprzypisane\/Folder-obserwatorium_wersja-polska-01-768x768.jpg 768w, https:\/\/us.edu.pl\/centra-badawcze\/opmim\/wp-content\/uploads\/sites\/56\/Nieprzypisane\/Folder-obserwatorium_wersja-polska-01-1024x1024.jpg 1024w, https:\/\/us.edu.pl\/centra-badawcze\/opmim\/wp-content\/uploads\/sites\/56\/Nieprzypisane\/Folder-obserwatorium_wersja-polska-01-575x575.jpg 575w, https:\/\/us.edu.pl\/centra-badawcze\/opmim\/wp-content\/uploads\/sites\/56\/Nieprzypisane\/Folder-obserwatorium_wersja-polska-01.jpg 1654w\" sizes=\"(max-width: 399px) 100vw, 399px\" \/><\/a><\/span><\/strong><\/span><\/p>\n<p><span style=\"color: #ff9900;\"><strong><span style=\"font-size: 12pt;\"><a style=\"color: #ff9900;\" href=\"https:\/\/us.edu.pl\/centra-badawcze\/opmim\/wp-content\/uploads\/sites\/56\/Nieprzypisane\/Folder-obserwatorium_wersja-polska.pdf\" class=\"mtli_attachment mtli_pdf\">Pobierz folder informacyjny Obserwatorium 2022 &#8211; wersja polska<\/a><\/span><\/strong><\/span><\/p>\n<p><span style=\"font-size: 12pt;\">Rol\u0105 \u015bwiata nauki, a w szczeg\u00f3lno\u015bci Uniwersytetu, jest s\u0142u\u017cenie spo\u0142ecze\u0144stwu, w tym w\u0142adzy publicznej, poprzez <strong>dostarczanie rzetelnej wiedzy pozwalaj\u0105cej na kreowanie i realizowanie efektywnych polityk publicznych<\/strong>. Uniwersytet \u015al\u0105ski wype\u0142nia t\u0119 rol\u0119 od pocz\u0105tku swego istnienia, staraj\u0105c si\u0119 aktywnie reagowa\u0107 i antycypowa\u0107 nadchodz\u0105ce zmiany. Maj\u0105c poczucie tej misji, Uniwersytet \u015al\u0105ski powo\u0142a\u0142 w ramach swoich struktur <strong>OBSERWATORIUM PROCES\u00d3W MIEJSKICH I METROPOLITALNYCH<\/strong>, kt\u00f3rego prace przyczyniaj\u0105 si\u0119 do dynamicznego, a jednocze\u015bnie zr\u00f3wnowa\u017conego rozwoju g\u00f3rno\u015bl\u0105skiego obszaru metropolitalnego. Trudno bowiem sobie wyobrazi\u0107 zarz\u0105dzanie tak z\u0142o\u017conym i zr\u00f3\u017cnicowanym organizmem miejskim, bez dost\u0119pu do <strong>rzetelnych danych, bada\u0144 i wiedzy w zakresie proces\u00f3w wyst\u0119puj\u0105cych w skali ponadmiejskiej i metropolitalnej<\/strong>. <\/span><\/p>\n<p><span style=\"font-size: 12pt;\">Z inicjatyw\u0105 utworzenia Obserwatorium wyst\u0105pi\u0142 dr hab. Robert Pyka, prof. U\u015a, prowadz\u0105cy od lat badania nad zagadnieniami metropolitalnymi. W trakcie bada\u0144 prowadzonych we Francji by\u0142 on pod du\u017cym wra\u017ceniem agencji urbanistycznych dzia\u0142aj\u0105cych przy najwi\u0119kszych francuskich aglomeracjach. Z tego te\u017c powodu pierwsze nieformalne obserwatorium metropolitalne za\u0142o\u017cy\u0142 on ju\u017c w 2010 roku, a obecna inicjatywa jest rozwini\u0119ciem tego projektu.<\/span><\/p>\n<p><span style=\"font-size: 12pt;\">Obserwatorium Proces\u00f3w Miejskich i Metropolitalnych powsta\u0142o przy Uniwersytecie \u015al\u0105skim i jest przez niego koordynowane. Z racji tego, \u017ce jest to inicjatywa otwarta, do wsp\u00f3\u0142pracy zaproszone zosta\u0142y inne uczelnie i jednostki naukowe. Dotychczas do porozumienia przyst\u0105pi\u0142o osiem jednostek partnerskich:<\/span><\/p>\n<ul style=\"list-style-type: circle;\">\n<li><span style=\"font-size: 12pt;\">Uniwersytet \u015al\u0105ski w Katowicach,<\/span><\/li>\n<li><span style=\"font-size: 12pt;\">Uniwersytet Ekonomiczny w Katowicach,<\/span><\/li>\n<li><span style=\"font-size: 12pt;\">Akademia Sztuk Pi\u0119knych w Katowicach,<\/span><\/li>\n<li><span style=\"font-size: 12pt;\">Akademia Techniczno-Humanistyczna w Bielsku Bia\u0142ej,<\/span><\/li>\n<li><span style=\"font-size: 12pt;\">G\u0142\u00f3wny Instytut G\u00f3rnictwa,<\/span><\/li>\n<li><span style=\"font-size: 12pt;\">Politechnika \u015al\u0105ska,<\/span><\/li>\n<li><span style=\"font-size: 12pt;\">Akademia WSB,<\/span><\/li>\n<li><span style=\"font-size: 12pt;\">Akademia Humanitas w Sosnowcu.<\/span><\/li>\n<\/ul>\n<p><span style=\"font-size: 12pt;\">Jednym z pierwszych dzia\u0142a\u0144 podj\u0119tych przez Obserwatorium by\u0142o <strong>zbadanie potrzeb i luk w wiedzy jednostek samorz\u0105dowych<\/strong> dzia\u0142aj\u0105cych na terenie g\u00f3rno\u015bl\u0105skiego obszaru metropolitalnego. Dokonanie inwentaryzacji potrzeb i deficyt\u00f3w wiedzy pozwoli\u0142o na zdefiniowanie priorytetowych projekt\u00f3w badawczych, kt\u00f3re zesp\u00f3\u0142 Obserwatorium powinien przeprowadzi\u0107 w pierwszej kolejno\u015bci.<\/span><\/p>\n<p><span style=\"font-size: 12pt;\">R\u00f3wnocze\u015bnie z badaniami maj\u0105cymi na celu okre\u015blenie oczekiwa\u0144 samorz\u0105d\u00f3w wzgl\u0119dem Obserwatorium, przeprowadzono badania dotycz\u0105ce stanu wsp\u00f3\u0142pracy jednostek samorz\u0105dowych dzia\u0142aj\u0105cych w ramach G\u00f3rno\u015bl\u0105skiego Zwi\u0105zku Metropolitalnego w perspektywie utworzenia Zwi\u0105zku Metropolitalnego Wojew\u00f3dztwa \u015al\u0105skiego.<\/span><\/p>\n<p><strong><span style=\"font-size: 12pt;\">Cele Obserwatorium Proces\u00f3w Miejskich i Metropolitalnych:<\/span><\/strong><\/p>\n<ul>\n<li><span style=\"font-size: 12pt;\">Gromadzenie informacji i poszerzanie wiedzy w zakresie zachodz\u0105cych na obszarze konurbacji \u015bl\u0105skiej proces\u00f3w, ze szczeg\u00f3lnym uwzgl\u0119dnieniem proces\u00f3w spo\u0142ecznych, kulturowych, politycznych i gospodarczych;<\/span><\/li>\n<li><span style=\"font-size: 12pt;\">Prowadzenie bada\u0144 zwi\u0105zanych z procesami metropolizacyjnymi, szczeg\u00f3lnie tych, kt\u00f3re wynikaj\u0105 z bezpo\u015bredniego zapotrzebowania zainteresowanych jednostek samorz\u0105du terytorialnego;<\/span><\/li>\n<li><span style=\"font-size: 12pt;\">Popularyzowanie wiedzy w zakresie badanych proces\u00f3w i zjawisk w spo\u0142ecze\u0144stwie z uwzgl\u0119dnieniem \u015brodowiska naukowego oraz miejskich, regionalnych i pa\u0144stwowych struktur instytucjonalnych;<\/span><\/li>\n<li><span style=\"font-size: 12pt;\">Wzbogacanie debaty publicznej w zakresie wyzwa\u0144, szans i zagro\u017ce\u0144 staj\u0105cych przed \u015bl\u0105sk\u0105 konurbacj\u0105 w perspektywie jej zr\u00f3wnowa\u017conego rozwoju;<\/span><\/li>\n<li><span style=\"font-size: 12pt;\">Tworzenie p\u0142aszczyzny wymiany informacji i do\u015bwiadcze\u0144 pomi\u0119dzy osobami i instytucjami zainteresowanymi problematyk\u0105 \u015bl\u0105skiej konurbacji;<\/span><\/li>\n<li><span style=\"font-size: 12pt;\">Organizowanie spotka\u0144, prelekcji i. in.;<\/span><\/li>\n<li><span style=\"font-size: 12pt;\">Prowadzenie dzia\u0142alno\u015bci wydawniczej;<\/span><\/li>\n<li><span style=\"font-size: 12pt;\">Wsp\u00f3\u0142praca z wszelkimi osobami i instytucjami, kt\u00f3re mog\u0105 przyczyni\u0107 si\u0119 do realizacji cel\u00f3w Obserwatorium;<\/span><\/li>\n<li><span style=\"font-size: 12pt;\">Wspieranie dzia\u0142a\u0144 innych podmiot\u00f3w sprzyjaj\u0105cych realizacji cel\u00f3w Obserwatorium.<\/span><\/li>\n<\/ul>\n<p>&nbsp;<\/p>\n<p><span style=\"color: #ff9900; font-size: 14pt;\"><strong>INFOGRAFIKA OPMIM<\/strong><\/span><\/p>\n<p><img class=\"wp-image-861 alignleft\" src=\"https:\/\/us.edu.pl\/centra-badawcze\/opmim\/wp-content\/uploads\/sites\/56\/Nieprzypisane\/Infografika-OPMiM_2020-300x169.png\" alt=\"\" width=\"539\" height=\"304\" srcset=\"https:\/\/us.edu.pl\/centra-badawcze\/opmim\/wp-content\/uploads\/sites\/56\/Nieprzypisane\/Infografika-OPMiM_2020-300x169.png 300w, https:\/\/us.edu.pl\/centra-badawcze\/opmim\/wp-content\/uploads\/sites\/56\/Nieprzypisane\/Infografika-OPMiM_2020-768x432.png 768w, https:\/\/us.edu.pl\/centra-badawcze\/opmim\/wp-content\/uploads\/sites\/56\/Nieprzypisane\/Infografika-OPMiM_2020-1024x576.png 1024w, https:\/\/us.edu.pl\/centra-badawcze\/opmim\/wp-content\/uploads\/sites\/56\/Nieprzypisane\/Infografika-OPMiM_2020-575x323.png 575w\" sizes=\"(max-width: 539px) 100vw, 539px\" \/> \r\n                                <div class=\"mt-3\"><\/div>\r\n                            <\/div>\r\n                            \r\n                            \r\n                        <\/div>\r\n                    <\/div>\r\n                <\/div>[\/vc_column][\/vc_row]<\/p>","protected":false},"excerpt":{"rendered":"<p>[vc_row][vc_column][\/vc_column][\/vc_row] [&#8230;]<\/p>\n<p><a class=\"btn btn-secondary understrap-read-more-link\" href=\"https:\/\/us.edu.pl\/centra-badawcze\/opmim\/o-nas\/\">Read More&#8230;<\/a><\/p>\n","protected":false},"author":24,"featured_media":0,"parent":0,"menu_order":0,"comment_status":"closed","ping_status":"closed","template":"","meta":{"_expiration-date-status":"","_expiration-date":0,"_expiration-date-type":"","_expiration-date-categories":[],"_expiration-date-options":[]},"acf":[],"_links":{"self":[{"href":"https:\/\/us.edu.pl\/centra-badawcze\/opmim\/wp-json\/wp\/v2\/pages\/70"}],"collection":[{"href":"https:\/\/us.edu.pl\/centra-badawcze\/opmim\/wp-json\/wp\/v2\/pages"}],"about":[{"href":"https:\/\/us.edu.pl\/centra-badawcze\/opmim\/wp-json\/wp\/v2\/types\/page"}],"author":[{"embeddable":true,"href":"https:\/\/us.edu.pl\/centra-badawcze\/opmim\/wp-json\/wp\/v2\/users\/24"}],"replies":[{"embeddable":true,"href":"https:\/\/us.edu.pl\/centra-badawcze\/opmim\/wp-json\/wp\/v2\/comments?post=70"}],"version-history":[{"count":10,"href":"https:\/\/us.edu.pl\/centra-badawcze\/opmim\/wp-json\/wp\/v2\/pages\/70\/revisions"}],"predecessor-version":[{"id":2082,"href":"https:\/\/us.edu.pl\/centra-badawcze\/opmim\/wp-json\/wp\/v2\/pages\/70\/revisions\/2082"}],"wp:attachment":[{"href":"https:\/\/us.edu.pl\/centra-badawcze\/opmim\/wp-json\/wp\/v2\/media?parent=70"}],"curies":[{"name":"wp","href":"https:\/\/api.w.org\/{rel}","templated":true}]}}