{"id":702,"date":"2021-07-15T13:43:19","date_gmt":"2021-07-15T11:43:19","guid":{"rendered":"https:\/\/us.edu.pl\/centra-badawcze\/opmim\/?page_id=702"},"modified":"2021-08-17T15:13:41","modified_gmt":"2021-08-17T13:13:41","slug":"centrum-innowacji-spolecznych","status":"publish","type":"page","link":"https:\/\/us.edu.pl\/centra-badawcze\/opmim\/centrum-innowacji-spolecznych\/","title":{"rendered":"Centrum Bada\u0144 Innowacji Spo\u0142ecznych"},"content":{"rendered":"<p>[vc_row][vc_column]\r\n                <div class=\"text-modules\">\r\n                    <div class=\"container\">\r\n                        <h3 class=\"page-title text__title\">Centrum Bada\u0144 Innowacji Spo\u0142ecznych<\/h3>\r\n                        <div class=\"text-modules__content\"><p><strong>Dzia\u0142ania realizowane przez zesp\u00f3\u0142:<\/strong><\/p>\n<p>\u00b7\u00a0Tworzenie i realizowanie innowacyjnych strategii, modeli i metod oraz rozwi\u0105za\u0144 projektowanych w odpowiedzi na wyzwania spo\u0142eczne, w tym realizowaniem szeregu dzia\u0142a\u0144 skierowanych do konkretnych grup mieszka\u0144c\u00f3w<\/p>\n<p>\u00b7\u00a0Rewitalizacja i animowanie proces\u00f3w organizowania spo\u0142eczno\u015bci lokalnej<\/p>\n<p>\u00b7\u00a0Prowadzenie interdyscyplinarnych bada\u0144, dotycz\u0105cych problematyki innowacji spo\u0142ecznych<\/p>\n<p>\u00b7\u00a0Oddzia\u0142ywanie na kszta\u0142t lokalnych, regionalnych i krajowych polityk spo\u0142ecznych poprzez przygotowywanie diagnoz, ekspertyz i analiz<\/p>\n<p>\u00b7\u00a0Rozwijanie i promowanie metodologii bada\u0144 jako\u015bciowych i partycypacyjnych, a w szczeg\u00f3lno\u015bci \u201ebada\u0144 w dzia\u0142aniu\u201d<\/p>\n<p>\u00b7\u00a0Poszukiwanie spo\u0142eczno-edukacyjnych metod i narz\u0119dzi rozwijania kapita\u0142u spo\u0142ecznego, kulturowego<br \/>\ni ludzkiego, ukierunkowanych na pobudzanie rozwoju innowacji spo\u0142ecznych w\u015br\u00f3d obywateli, \u015brodowisk i wsp\u00f3lnot lokalnych<\/p>\n<p>\u00b7\u00a0Wyst\u0119powanie o granty i realizacj\u0119 projekt\u00f3w o charakterze naukowo-badawczym i dydaktycznym oraz upowszechnianie wynik\u00f3w bada\u0144 w powy\u017cszym zakresie oraz podejmowanie inicjatyw edukacyjnych,\u00a0w szczeg\u00f3lno\u015bci w zakresie rewitalizacji spo\u0142ecznej<\/p>\n<p>\u00b7\u00a0Promowanie instytucji, program\u00f3w i os\u00f3b realizuj\u0105cych innowacyjne dzia\u0142ania w obszarze lokalnych polityk publicznych<\/p>\n<p>\u00b7\u00a0Sta\u0142a wsp\u00f3\u0142praca z Zwi\u0105zkiem Gmin i Powiat\u00f3w Subregionu Centralnego Wojew\u00f3dztwa \u015al\u0105skiego w zakresie realizacji dzia\u0142a\u0144 Rady Konsultacyjnej ds. Zintegrowanych Inwestycji Terytorialnych \u2013 Rada stanowi cia\u0142o doradcze Zarz\u0105du Zwi\u0105zku w zapewnieniu pog\u0142\u0119bienia w\u0142\u0105czenia spo\u0142ecznego w obszarze edukacji oraz polityki spo\u0142ecznej<\/p>\n<hr \/>\n<p><strong>Kierownik Centrum \/ Koordynator zespo\u0142u :<\/strong><\/p>\n<p><strong>dr Witold Mandrysz<\/strong><\/p>\n<p><strong>Osoba do kontaktu:<br \/>\n<\/strong><strong>dr Witold Mandrysz<br \/>\n<\/strong><a href=\"mailto:witold.mandrysz@us.edu.pl\">witold.mandrysz@us.edu.pl<\/a><\/p>\n<p><a href=\"https:\/\/orcid.org\/0000-0003-0888-3808\" target=\"_blank\" rel=\"noopener noreferrer\">https:\/\/orcid.org\/0000-0003-0888-3808\u00a0<\/a><\/p>\n<p><strong>mgr Monika Szpoczek<br \/>\n<\/strong><a href=\"mailto:m.szpoczek@gmail.coml\">m.szpoczek@gmail.coml<\/a><\/p>\n<hr \/>\n<p><strong>Cz\u0142onkowie zespo\u0142u:<\/strong><\/p>\n<p>prof. zw. dr hab. Kazimiera W\u00f3dz<br \/>\ndr hab. Krystyna Faliszek<br \/>\ndr Dorota Nowalska-Kapu\u015bcik<br \/>\ndr Ewa Le\u015bniak-Berek, prof. U\u015a<br \/>\ndr Daniela Dzienniak-Pulina<br \/>\ndr hab. Sabina Pawlas-Czy\u017c, prof. US<br \/>\ndr Witold Mandrysz<br \/>\nmgr Monika Szpoczek<\/p>\n<hr \/>\n<p><strong>Karta zespo\u0142u badawczego w formacie PDF &gt;&gt;&gt; <a href=\"https:\/\/us.edu.pl\/centra-badawcze\/opmim\/wp-content\/uploads\/sites\/56\/Nieprzypisane\/Centrum-Innowacji-Spo\u0142ecznych.pdf\" class=\"mtli_attachment mtli_pdf\" class=\"mtli_attachment mtli_pdf\" target=\"_blank\" rel=\"noopener noreferrer\">Centrum Innowacji Spo\u0142ecznych<\/a><\/strong><\/p>\n<\/div>\r\n                    <\/div>\r\n                <\/div>[\/vc_column][\/vc_row]<\/p>","protected":false},"excerpt":{"rendered":"<p>[vc_row][vc_column][\/vc_column][\/vc_row] [&#8230;]<\/p>\n<p><a class=\"btn btn-secondary understrap-read-more-link\" href=\"https:\/\/us.edu.pl\/centra-badawcze\/opmim\/centrum-innowacji-spolecznych\/\">Read More&#8230;<\/a><\/p>\n","protected":false},"author":2808,"featured_media":0,"parent":0,"menu_order":0,"comment_status":"closed","ping_status":"closed","template":"","meta":{"_expiration-date-status":"saved","_expiration-date":0,"_expiration-date-type":"","_expiration-date-categories":[],"_expiration-date-options":[]},"acf":[],"_links":{"self":[{"href":"https:\/\/us.edu.pl\/centra-badawcze\/opmim\/wp-json\/wp\/v2\/pages\/702"}],"collection":[{"href":"https:\/\/us.edu.pl\/centra-badawcze\/opmim\/wp-json\/wp\/v2\/pages"}],"about":[{"href":"https:\/\/us.edu.pl\/centra-badawcze\/opmim\/wp-json\/wp\/v2\/types\/page"}],"author":[{"embeddable":true,"href":"https:\/\/us.edu.pl\/centra-badawcze\/opmim\/wp-json\/wp\/v2\/users\/2808"}],"replies":[{"embeddable":true,"href":"https:\/\/us.edu.pl\/centra-badawcze\/opmim\/wp-json\/wp\/v2\/comments?post=702"}],"version-history":[{"count":5,"href":"https:\/\/us.edu.pl\/centra-badawcze\/opmim\/wp-json\/wp\/v2\/pages\/702\/revisions"}],"predecessor-version":[{"id":1002,"href":"https:\/\/us.edu.pl\/centra-badawcze\/opmim\/wp-json\/wp\/v2\/pages\/702\/revisions\/1002"}],"wp:attachment":[{"href":"https:\/\/us.edu.pl\/centra-badawcze\/opmim\/wp-json\/wp\/v2\/media?parent=702"}],"curies":[{"name":"wp","href":"https:\/\/api.w.org\/{rel}","templated":true}]}}