{"id":706,"date":"2021-07-15T13:49:13","date_gmt":"2021-07-15T11:49:13","guid":{"rendered":"https:\/\/us.edu.pl\/centra-badawcze\/opmim\/?page_id=706"},"modified":"2021-08-17T14:29:31","modified_gmt":"2021-08-17T12:29:31","slug":"zespol-demografia","status":"publish","type":"page","link":"https:\/\/us.edu.pl\/centra-badawcze\/opmim\/zespol-demografia\/","title":{"rendered":"Zesp\u00f3\u0142 ds. analiz demograficznych i problem\u00f3w spo\u0142ecznych"},"content":{"rendered":"<p>[vc_row][vc_column]\r\n                <div class=\"text-modules\">\r\n                    <div class=\"container\">\r\n                        <h3 class=\"page-title text__title\">Zesp\u00f3\u0142 ds. analiz demograficznych i problem\u00f3w spo\u0142ecznych<\/h3>\r\n                        <div class=\"text-modules__content\"><p><strong>Us\u0142ugi\u00a0oferowane przez zesp\u00f3\u0142:<\/strong><\/p>\n<p>\u00b7\u00a0analiza proces\u00f3w ludno\u015bciowych w miastach<br \/>\n\u00b7\u00a0badanie proces\u00f3w starzenia si\u0119 populacji<br \/>\n\u00b7\u00a0analiza depopulacji miast<br \/>\n\u00b7\u00a0szacowanie liczby ludno\u015bci<br \/>\n\u00b7\u00a0analiza migracji ludno\u015bci<br \/>\n\u00b7\u00a0analiza ruchu naturalnego ludno\u015bci<br \/>\n\u00b7\u00a0analiza prognoz demograficznych<br \/>\n\u00b7\u00a0badanie i analiza poziomu\u00a0 i jako\u015bci \u017cycia<br \/>\n\u00b7\u00a0badanie i analiza problem\u00f3w ludzi starych<br \/>\n\u00b7\u00a0badanie i analiza problem\u00f3w spo\u0142ecznych<br \/>\n\u00b7\u00a0badanie i analiza lokalnych rynk\u00f3w pracy<br \/>\n\u00b7\u00a0badanie i analiza obszar\u00f3w wykluczenia spo\u0142ecznego<br \/>\n\u00b7\u00a0tworzenie miejskich strategii rozwi\u0105zywania problem\u00f3w spo\u0142ecznych<br \/>\n\u00b7\u00a0opracowywanie program\u00f3w rozwoju pieczy zast\u0119pczej<br \/>\n\u00b7\u00a0opracowywanie modeli integracji spo\u0142ecznej i aktywizacji zawodowej os\u00f3b zagro\u017conych wykluczeniem spo\u0142ecznym<br \/>\n\u00b7\u00a0prowadzenie bada\u0144 ewaluacyjnych<\/p>\n<hr \/>\n<p><strong>Koordynator zespo\u0142u:<\/strong><\/p>\n<p><strong>dr Agata Zygmunt<\/strong><br \/>\nInstytut Socjologii, Wydzia\u0142 Nauk Spo\u0142ecznych Uniwersytetu \u015al\u0105skiego w Katowicach<br \/>\nul. Bankowa 11, 40-007 Katowice<\/p>\n<p><a href=\"mailto:agata.zygmunt@us.edu.pl\">agata.zygmunt@us.edu.pl<\/a><\/p>\n<p><a href=\"https:\/\/orcid.org\/0000-0001-9135-491X\" target=\"_blank\" rel=\"noopener noreferrer\">https:\/\/orcid.org\/0000-0001-9135-491X<\/a><\/p>\n<hr \/>\n<p><strong>Cz\u0142onkowie zespo\u0142u:<\/strong><\/p>\n<p>dr Andrzej G\u00f3rny (WNS U\u015a)<br \/>\ndr hab. Iwona Kantor-Pietraga, prof. U\u015a \u00a0(WNP U\u015a)<br \/>\ndr hab. Rafa\u0142 Muster, prof. U\u015a (WNS U\u015a)<br \/>\ndr hab. S\u0142awomir Pytel, prof. U\u015a (WNP U\u015a)<br \/>\ndr hab. Anna Runge, prof. U\u015a (WNP U\u015a)<br \/>\ndr Ma\u0142gorzata Tyrybon (WNS U\u015a)<br \/>\ndr Agata Zygmunt (WNS U\u015a)<br \/>\ndr hab. Anna S\u0105czewska-Piotrowska (Uniwersytet Ekonomiczny w Katowicach)<\/p>\n<p>&nbsp;<\/p>\n<hr \/>\n<p><strong>Karta zespo\u0142u badawczego w formacie PDF &gt;&gt;&gt; <a href=\"https:\/\/us.edu.pl\/centra-badawcze\/opmim\/wp-content\/uploads\/sites\/56\/Nieprzypisane\/Zesp\u00f3\u0142-ds.-analiz-demograficznych-i-problem\u00f3w-spo\u0142ecznych.pdf\" class=\"mtli_attachment mtli_pdf\" class=\"mtli_attachment mtli_pdf\" target=\"_blank\" rel=\"noopener noreferrer\">Zesp\u00f3\u0142 ds. analiz demograficznych i problem\u00f3w spo\u0142ecznych<\/a><\/strong><\/p>\n<\/div>\r\n                    <\/div>\r\n                <\/div>[\/vc_column][\/vc_row]<\/p>","protected":false},"excerpt":{"rendered":"<p>[vc_row][vc_column][\/vc_column][\/vc_row] [&#8230;]<\/p>\n<p><a class=\"btn btn-secondary understrap-read-more-link\" href=\"https:\/\/us.edu.pl\/centra-badawcze\/opmim\/zespol-demografia\/\">Read More&#8230;<\/a><\/p>\n","protected":false},"author":2808,"featured_media":0,"parent":0,"menu_order":0,"comment_status":"closed","ping_status":"closed","template":"","meta":{"_expiration-date-status":"saved","_expiration-date":0,"_expiration-date-type":"","_expiration-date-categories":[],"_expiration-date-options":[]},"acf":[],"_links":{"self":[{"href":"https:\/\/us.edu.pl\/centra-badawcze\/opmim\/wp-json\/wp\/v2\/pages\/706"}],"collection":[{"href":"https:\/\/us.edu.pl\/centra-badawcze\/opmim\/wp-json\/wp\/v2\/pages"}],"about":[{"href":"https:\/\/us.edu.pl\/centra-badawcze\/opmim\/wp-json\/wp\/v2\/types\/page"}],"author":[{"embeddable":true,"href":"https:\/\/us.edu.pl\/centra-badawcze\/opmim\/wp-json\/wp\/v2\/users\/2808"}],"replies":[{"embeddable":true,"href":"https:\/\/us.edu.pl\/centra-badawcze\/opmim\/wp-json\/wp\/v2\/comments?post=706"}],"version-history":[{"count":5,"href":"https:\/\/us.edu.pl\/centra-badawcze\/opmim\/wp-json\/wp\/v2\/pages\/706\/revisions"}],"predecessor-version":[{"id":982,"href":"https:\/\/us.edu.pl\/centra-badawcze\/opmim\/wp-json\/wp\/v2\/pages\/706\/revisions\/982"}],"wp:attachment":[{"href":"https:\/\/us.edu.pl\/centra-badawcze\/opmim\/wp-json\/wp\/v2\/media?parent=706"}],"curies":[{"name":"wp","href":"https:\/\/api.w.org\/{rel}","templated":true}]}}