{"id":715,"date":"2021-07-15T14:28:17","date_gmt":"2021-07-15T12:28:17","guid":{"rendered":"https:\/\/us.edu.pl\/centra-badawcze\/opmim\/?page_id=715"},"modified":"2021-08-25T14:38:17","modified_gmt":"2021-08-25T12:38:17","slug":"zespol-smart-city","status":"publish","type":"page","link":"https:\/\/us.edu.pl\/centra-badawcze\/opmim\/zespol-smart-city\/","title":{"rendered":"Zesp\u00f3\u0142 ds. smarter city"},"content":{"rendered":"<p>[vc_row][vc_column]\r\n                <div class=\"text-modules\">\r\n                    <div class=\"container\">\r\n                        <h3 class=\"page-title text__title\">Zesp\u00f3\u0142 ds. smarter city<\/h3>\r\n                        <div class=\"text-modules__content\"><p><strong>Us\u0142ugi oferowane przez zesp\u00f3\u0142:<\/strong><\/p>\n<p>\u00b7\u00a0Analiza interesariuszy przestrzeni publicznej oddzia\u0142ywuj\u0105cych w obszarze Smart City i spo\u0142ecze\u0144stwa informacyjnego<br \/>\n\u00b7\u00a0Analiza \u017ar\u00f3de\u0142 informacji publicznej i prywatnej oddzia\u0142ywuj\u0105cych w obszarze Smart City i spo\u0142ecze\u0144stwa informacyjnego<br \/>\n\u00b7\u00a0Analiza potrzeby i mo\u017cliwo\u015bci dostarczania wiedzy przez \u015brodowisko biznesu oddzia\u0142ywuj\u0105cych w obszarze Smart City i spo\u0142ecze\u0144stwa informacyjnego<br \/>\n\u00b7\u00a0Analiza dojrza\u0142o\u015bci \u015bl\u0105skich miast w obszarach pracy zespo\u0142u<br \/>\n\u00b7\u00a0Analiza strategii rozwoju miasta w odniesieniu do zakresu prac zespo\u0142u<br \/>\n\u00b7\u00a0Analiza dokument\u00f3w strategicznych na szczeblu EU, krajowym, wojew\u00f3dzkim i miejskim w obszarze Smart City i spo\u0142ecze\u0144stwa informacyjnego<br \/>\n\u00b7\u00a0Analiza norm i standard\u00f3w w obszarze Smart City i ICT<br \/>\n\u00b7\u00a0Analizy obecnych rozwi\u0105za\u0144 technologicznych, inwentaryzacje obszaru ICT w zakresie Smart City i spo\u0142ecze\u0144stwa informacyjnego<br \/>\n\u00b7\u00a0Analiza i rekomendacje wyboru nowoczesnych rozwi\u0105za\u0144 ICT i Smart Industry w zastosowaniach w obszarach miejskich i metropolitalnych<br \/>\n\u00b7\u00a0Opinie o interoperacyjno\u015bci i kompatybilno\u015bci<br \/>\n\u00b7\u00a0Audyty bezpiecze\u0144stwa<br \/>\n\u00b7\u00a0Projekty ICT i Smart City w obszarze miasta i metropolii<\/p>\n<hr \/>\n<p><strong>Kontakt:<\/strong><\/p>\n<p>obserwatoriumMiasto@us.edu.pl<\/p>\n<hr \/>\n<p><strong>Cz\u0142onkowie zespo\u0142u:<\/strong><\/p>\n<p>mgr in\u017c. Romuald Gacka<br \/>\nmgr in\u017c. Marcin Korzeb<br \/>\nmgr in\u017c. Micha\u0142 Wolniewicz<\/p>\n<hr \/>\n<p><strong>Karta zespo\u0142u badawczego w formacie PDF &gt;&gt;&gt; <a href=\"https:\/\/us.edu.pl\/centra-badawcze\/opmim\/wp-content\/uploads\/sites\/56\/Nieprzypisane\/Zesp\u00f3\u0142-ds.-smarter-city.pdf\" class=\"mtli_attachment mtli_pdf\" class=\"mtli_attachment mtli_pdf\" target=\"_blank\" rel=\"noopener noreferrer\">Zesp\u00f3\u0142 ds. smarter city<\/a><\/strong><\/p>\n<\/div>\r\n                    <\/div>\r\n                <\/div>[\/vc_column][\/vc_row]<\/p>","protected":false},"excerpt":{"rendered":"<p>[vc_row][vc_column][\/vc_column][\/vc_row] [&#8230;]<\/p>\n<p><a class=\"btn btn-secondary understrap-read-more-link\" href=\"https:\/\/us.edu.pl\/centra-badawcze\/opmim\/zespol-smart-city\/\">Read More&#8230;<\/a><\/p>\n","protected":false},"author":2808,"featured_media":0,"parent":0,"menu_order":0,"comment_status":"closed","ping_status":"closed","template":"","meta":{"_expiration-date-status":"saved","_expiration-date":0,"_expiration-date-type":"","_expiration-date-categories":[],"_expiration-date-options":[]},"acf":[],"_links":{"self":[{"href":"https:\/\/us.edu.pl\/centra-badawcze\/opmim\/wp-json\/wp\/v2\/pages\/715"}],"collection":[{"href":"https:\/\/us.edu.pl\/centra-badawcze\/opmim\/wp-json\/wp\/v2\/pages"}],"about":[{"href":"https:\/\/us.edu.pl\/centra-badawcze\/opmim\/wp-json\/wp\/v2\/types\/page"}],"author":[{"embeddable":true,"href":"https:\/\/us.edu.pl\/centra-badawcze\/opmim\/wp-json\/wp\/v2\/users\/2808"}],"replies":[{"embeddable":true,"href":"https:\/\/us.edu.pl\/centra-badawcze\/opmim\/wp-json\/wp\/v2\/comments?post=715"}],"version-history":[{"count":4,"href":"https:\/\/us.edu.pl\/centra-badawcze\/opmim\/wp-json\/wp\/v2\/pages\/715\/revisions"}],"predecessor-version":[{"id":1117,"href":"https:\/\/us.edu.pl\/centra-badawcze\/opmim\/wp-json\/wp\/v2\/pages\/715\/revisions\/1117"}],"wp:attachment":[{"href":"https:\/\/us.edu.pl\/centra-badawcze\/opmim\/wp-json\/wp\/v2\/media?parent=715"}],"curies":[{"name":"wp","href":"https:\/\/api.w.org\/{rel}","templated":true}]}}