{"id":720,"date":"2021-07-15T14:39:42","date_gmt":"2021-07-15T12:39:42","guid":{"rendered":"https:\/\/us.edu.pl\/centra-badawcze\/opmim\/?page_id=720"},"modified":"2021-08-17T14:25:56","modified_gmt":"2021-08-17T12:25:56","slug":"zespol-administracja-etyka","status":"publish","type":"page","link":"https:\/\/us.edu.pl\/centra-badawcze\/opmim\/zespol-administracja-etyka\/","title":{"rendered":"Zesp\u00f3\u0142 ds. jako\u015bci administracji, etyki i praworz\u0105dno\u015bci"},"content":{"rendered":"<p>[vc_row][vc_column]\r\n                <div class=\"text-modules\">\r\n                    <div class=\"container\">\r\n                        <h3 class=\"page-title text__title\">Zesp\u00f3\u0142 ds. jako\u015bci administracji, etyki i praworz\u0105dno\u015bci<\/h3>\r\n                        <div class=\"text-modules__content\"><p><strong>Us\u0142ugi oferowane przez zesp\u00f3\u0142:<\/strong><\/p>\n<p><strong>\u00b7\u00a0Audyt stanowisk nara\u017conych na korupcj\u0119<\/strong><\/p>\n<p>Celem audytu\u00a0jest stworzenie (na podstawie zakresu kompetencji, ryzyk \u015brodowiskowych i realnego oddzia\u0142ywania na proces decyzyjny) listy stanowisk zagro\u017conych ryzykiem korupcyjnym. W przypadku ka\u017cdego z nich zostanie zaproponowany konkretny pakiet dzia\u0142a\u0144 prewencyjnych, zmniejszaj\u0105cy ryzyko wyst\u0105pienia zachowa\u0144 korupcyjnych.Audyt ryzyk korupcyjnych<\/p>\n<p>Podstawowym celem audytu\u00a0 jest stworzenie (na podstawie zakresu kompetencji, ryzyk \u015brodowiskowych i realnego oddzia\u0142ywania na proces decyzyjny) skategoryzowanej listy stanowisk zagro\u017conych ryzykiem korupcyjnym, z podzia\u0142em na 3 obszary: wolnych od ryzyk korupcyjnych, zagro\u017conych korupcj\u0105 i szczeg\u00f3lnie zagro\u017conych zjawiskami korupcyjnymi. Dla ka\u017cdego ze stanowisk zostanie opracowana odr\u0119bna instrukcja post\u0119powania w przypadku podejrzenia wyst\u0105pienia zjawisk nieetycznych lub korupcyjnych, oraz stworzona deklaracja o braku konfliktu interes\u00f3w na zajmowanym stanowisku. Integraln\u0105 cz\u0119\u015bci\u0105 audytu ryzyk korupcyjnych jest opracowanie wytycznych dla rekrutacji na stanowiska zagro\u017cone ryzykiem korupcyjnym. Zawiera on tak\u017ce szczeg\u00f3\u0142owe wytyczne w zakresie edukacji i podnoszenia kompetencji w odniesieniu do etyki i antykorupcji.<\/p>\n<p><strong>\u00b7\u00a0Audyt ryzyk lobbingowych<\/strong><\/p>\n<p>Celem audytu jest zwi\u0119kszenie ochrony procesu decyzyjnego\u00a0 przed dzia\u0142aniami os\u00f3b trzecich, kt\u00f3rych motywem jest wp\u0142yw na wydawane decyzje lub stanowione akty prawa. Sam lobbing jest zjawiskiem legalnym, jednak musi podlega\u0107 procesom kontroli, szczeg\u00f3lnie dla zapewnienia r\u00f3wno\u015bci szans wszystkim stronom post\u0119powania. Audyt wskazuje list\u0119 stanowisk dla kt\u00f3rych powinna by\u0107\u00a0 stworzona deklaracja o braku konfliktu interes\u00f3w, oraz zalecenie chroni\u0105ce przed nielegalnymi dzia\u0142aniami lobbingowymi (tzw. czarnym lobbingiem).<\/p>\n<p><strong>\u00b7\u00a0Audyt procesu stanowienia prawa miejscowego\u00a0<em>per se<\/em><\/strong><\/p>\n<p>Celem audytu jest z jednej strony zwi\u0119kszenie transparentno\u015bci procedur oraz, zgodnie z zasad\u0105 dobrej legislacji, poprawa techniki i redakcji akt\u00f3w prawa miejscowego, z drugiej natomiast \u2013 wzmocnienie aktywnej partycypacji w ramach procesu legislacji samorz\u0105dowej. Mowa tu zw\u0142aszcza o faktycznej mo\u017cliwo\u015bci artyku\u0142owania interes\u00f3w i potrzeb os\u00f3b wchodz\u0105cych w sk\u0142ad organ\u00f3w stanowi\u0105cych JST, organ\u00f3w doradczych oraz upowszechnieniu i uporz\u0105dkowaniu zasad przeprowadzania konsultacji spo\u0142ecznych.<\/p>\n<hr \/>\n<p><strong>Koordynator\u00a0zespo\u0142u:<\/strong><\/p>\n<p><strong>dr hab. Waldemar Wojtasik, prof. U\u015a<\/strong><br \/>\nInstytut Nauk Politycznych, Wydzia\u0142 Nauk Spo\u0142ecznych Uniwersytetu \u015al\u0105skiego w Katowicach<br \/>\nul. Bankowa 11, 40-007 Katowice<\/p>\n<p><a href=\"mailto:waldemar.wojtasik@us.edu.pl\" target=\"_blank\" rel=\"noopener noreferrer\">waldemar.wojtasik@us.edu.pl<\/a><\/p>\n<p><a href=\"https:\/\/orcid.org\/0000-0001-9111-1723\" target=\"_blank\" rel=\"noopener noreferrer\">https:\/\/orcid.org\/0000-0001-9111-1723<\/a><\/p>\n<hr \/>\n<p><strong>Cz\u0142onkowie zespo\u0142u:<\/strong><\/p>\n<p>dr hab. Waldemar Wojtasik, prof. U\u015a (WNS, U\u015a)<br \/>\ndr hab. Rafa\u0142 Glajcar, prof. U\u015a (WNS, U\u015a)<br \/>\ndr Magdalena P\u00f3\u0142torak (WPiA, U\u015a)<br \/>\ndr hab. prof. P\u015al. Aleksandra Kuzior (WOiZ, Pol. \u015al.)<\/p>\n<hr \/>\n<p><strong>Karta zespo\u0142u badawczego w formacie PDF &gt;&gt;&gt; <a href=\"https:\/\/us.edu.pl\/centra-badawcze\/opmim\/wp-content\/uploads\/sites\/56\/Nieprzypisane\/Zesp\u00f3\u0142-ds.-jako\u015bci-administracji-etyki-i-praworz\u0105dno\u015bci.pdf\" class=\"mtli_attachment mtli_pdf\" class=\"mtli_attachment mtli_pdf\" target=\"_blank\" rel=\"noopener noreferrer\">Zesp\u00f3\u0142 ds. jako\u015bci administracji, etyki i praworz\u0105dno\u015bci<\/a><\/strong><\/p>\n<\/div>\r\n                    <\/div>\r\n                <\/div>[\/vc_column][\/vc_row]<\/p>","protected":false},"excerpt":{"rendered":"<p>[vc_row][vc_column][\/vc_column][\/vc_row] [&#8230;]<\/p>\n<p><a class=\"btn btn-secondary understrap-read-more-link\" href=\"https:\/\/us.edu.pl\/centra-badawcze\/opmim\/zespol-administracja-etyka\/\">Read More&#8230;<\/a><\/p>\n","protected":false},"author":2808,"featured_media":0,"parent":0,"menu_order":0,"comment_status":"closed","ping_status":"closed","template":"","meta":{"_expiration-date-status":"saved","_expiration-date":0,"_expiration-date-type":"","_expiration-date-categories":[],"_expiration-date-options":[]},"acf":[],"_links":{"self":[{"href":"https:\/\/us.edu.pl\/centra-badawcze\/opmim\/wp-json\/wp\/v2\/pages\/720"}],"collection":[{"href":"https:\/\/us.edu.pl\/centra-badawcze\/opmim\/wp-json\/wp\/v2\/pages"}],"about":[{"href":"https:\/\/us.edu.pl\/centra-badawcze\/opmim\/wp-json\/wp\/v2\/types\/page"}],"author":[{"embeddable":true,"href":"https:\/\/us.edu.pl\/centra-badawcze\/opmim\/wp-json\/wp\/v2\/users\/2808"}],"replies":[{"embeddable":true,"href":"https:\/\/us.edu.pl\/centra-badawcze\/opmim\/wp-json\/wp\/v2\/comments?post=720"}],"version-history":[{"count":5,"href":"https:\/\/us.edu.pl\/centra-badawcze\/opmim\/wp-json\/wp\/v2\/pages\/720\/revisions"}],"predecessor-version":[{"id":979,"href":"https:\/\/us.edu.pl\/centra-badawcze\/opmim\/wp-json\/wp\/v2\/pages\/720\/revisions\/979"}],"wp:attachment":[{"href":"https:\/\/us.edu.pl\/centra-badawcze\/opmim\/wp-json\/wp\/v2\/media?parent=720"}],"curies":[{"name":"wp","href":"https:\/\/api.w.org\/{rel}","templated":true}]}}