{"id":725,"date":"2021-07-15T14:51:51","date_gmt":"2021-07-15T12:51:51","guid":{"rendered":"https:\/\/us.edu.pl\/centra-badawcze\/opmim\/?page_id=725"},"modified":"2021-08-17T14:24:27","modified_gmt":"2021-08-17T12:24:27","slug":"zespol-komunikacja-wizualna-design-sztuka","status":"publish","type":"page","link":"https:\/\/us.edu.pl\/centra-badawcze\/opmim\/zespol-komunikacja-wizualna-design-sztuka\/","title":{"rendered":"Zesp\u00f3\u0142 ds. komunikacji wizualnej, designu i sztuki"},"content":{"rendered":"<p>[vc_row][vc_column]\r\n                <div class=\"text-modules\">\r\n                    <div class=\"container\">\r\n                        <h3 class=\"page-title text__title\">Zesp\u00f3\u0142 ds. komunikacji wizualnej, designu i sztuki<\/h3>\r\n                        <div class=\"text-modules__content\"><\/p>\n<hr \/>\n<p><strong>Us\u0142ugi oferowane\u00a0przez zesp\u00f3\u0142:<\/strong><\/p>\n<p>\u00b7\u00a0badania w dziedzinie komunikacji i kultury wizualnej<br \/>\n\u00b7\u00a0audyty eksperckie z zakresu komunikacji wizualnej<br \/>\n\u00b7\u00a0ocena i opiniowanie us\u0142ug publicznych pod k\u0105tem ich dostosowania do potrzeb odbiorc\u00f3w<br \/>\n\u00b7\u00a0realizacja projekt\u00f3w z zakresu komunikacji wizualnej, m.in. projektowanie publikacji naukowych i popularnonaukowych, wizualizacja danych, systemy informacji miejskiej, systemy identyfikacji wizualnej, serwisy www<br \/>\n\u00b7\u00a0nadz\u00f3r merytoryczny i techniczny nad projektami z obszaru komunikacji wizualnej i projektowania us\u0142ug<br \/>\n\u00b7\u00a0edukacja (wyk\u0142ady, szkolenia, warsztaty dla pracownik\u00f3w jednostek samorz\u0105dowych, pracownik\u00f3w naukowych)<\/p>\n<hr \/>\n<p><strong>Koordynator\u00a0zespo\u0142u:<\/strong><\/p>\n<p><strong>dr \u0141ukasz Trembaczowski<\/strong><\/p>\n<p>Instytut Socjologii, Wydzia\u0142 Nauk Spo\u0142ecznych Uniwersytetu \u015al\u0105skiego w Katowicach<br \/>\nul. Bankowa 11, 40-007 Katowice<\/p>\n<p><a href=\"mailto:lukasz.trembaczowski@us.edu.pl\">lukasz.trembaczowski@us.edu.pl<\/a><\/p>\n<p><a href=\"https:\/\/orcid.org\/0000-0002-8914-3811\" target=\"_blank\" rel=\"noopener noreferrer\">https:\/\/orcid.org\/0000-0002-8914-3811\u00a0<\/a><\/p>\n<hr \/>\n<p><strong>Cz\u0142onkowie zespo\u0142u:<\/strong><\/p>\n<p>prof. dr hab. Tomasz Bierkowski (ASP Katowice)<br \/>\ndr hab. Justyna Szklarczyk-Lauer, prof. ASP (ASP Katowice)<br \/>\ndr hab. Joanna Wowrzeczka, prof. U\u015a (Instytut Sztuk Plastycznych U\u015a)<br \/>\ndr Grzegorz Gawron (Instytut Socjologii, WNS U\u015a)<br \/>\ndr \u0141ukasz Trembaczowski (Instytut Socjologii, WNS U\u015a)<br \/>\ndr Paulina Urba\u0144ska (ASP Katowice)<\/p>\n<hr \/>\n<p><strong>Karta zespo\u0142u badawczego w formacie PDF &gt;&gt;&gt; <a href=\"https:\/\/us.edu.pl\/centra-badawcze\/opmim\/wp-content\/uploads\/sites\/56\/Nieprzypisane\/Zesp\u00f3\u0142-ds.-komunikacji-wizualnej-designu-i-sztuki.pdf\" class=\"mtli_attachment mtli_pdf\" class=\"mtli_attachment mtli_pdf\" target=\"_blank\" rel=\"noopener noreferrer\">Zesp\u00f3\u0142 ds. komunikacji wizualnej, designu i sztuki<\/a><\/strong><\/p>\n<\/div>\r\n                    <\/div>\r\n                <\/div>[\/vc_column][\/vc_row]<\/p>","protected":false},"excerpt":{"rendered":"<p>[vc_row][vc_column][\/vc_column][\/vc_row] [&#8230;]<\/p>\n<p><a class=\"btn btn-secondary understrap-read-more-link\" href=\"https:\/\/us.edu.pl\/centra-badawcze\/opmim\/zespol-komunikacja-wizualna-design-sztuka\/\">Read More&#8230;<\/a><\/p>\n","protected":false},"author":2808,"featured_media":0,"parent":0,"menu_order":0,"comment_status":"closed","ping_status":"closed","template":"","meta":{"_expiration-date-status":"saved","_expiration-date":0,"_expiration-date-type":"","_expiration-date-categories":[],"_expiration-date-options":[]},"acf":[],"_links":{"self":[{"href":"https:\/\/us.edu.pl\/centra-badawcze\/opmim\/wp-json\/wp\/v2\/pages\/725"}],"collection":[{"href":"https:\/\/us.edu.pl\/centra-badawcze\/opmim\/wp-json\/wp\/v2\/pages"}],"about":[{"href":"https:\/\/us.edu.pl\/centra-badawcze\/opmim\/wp-json\/wp\/v2\/types\/page"}],"author":[{"embeddable":true,"href":"https:\/\/us.edu.pl\/centra-badawcze\/opmim\/wp-json\/wp\/v2\/users\/2808"}],"replies":[{"embeddable":true,"href":"https:\/\/us.edu.pl\/centra-badawcze\/opmim\/wp-json\/wp\/v2\/comments?post=725"}],"version-history":[{"count":5,"href":"https:\/\/us.edu.pl\/centra-badawcze\/opmim\/wp-json\/wp\/v2\/pages\/725\/revisions"}],"predecessor-version":[{"id":978,"href":"https:\/\/us.edu.pl\/centra-badawcze\/opmim\/wp-json\/wp\/v2\/pages\/725\/revisions\/978"}],"wp:attachment":[{"href":"https:\/\/us.edu.pl\/centra-badawcze\/opmim\/wp-json\/wp\/v2\/media?parent=725"}],"curies":[{"name":"wp","href":"https:\/\/api.w.org\/{rel}","templated":true}]}}