{"id":777,"date":"2021-07-21T13:20:29","date_gmt":"2021-07-21T11:20:29","guid":{"rendered":"https:\/\/us.edu.pl\/centra-badawcze\/opmim\/?page_id=777"},"modified":"2021-08-26T15:56:41","modified_gmt":"2021-08-26T13:56:41","slug":"polecane-strony","status":"publish","type":"page","link":"https:\/\/us.edu.pl\/centra-badawcze\/opmim\/polecane-strony\/","title":{"rendered":"Polecane strony"},"content":{"rendered":"<p>[vc_row][vc_column]\r\n                <div class=\"text-modules\">\r\n                    <div class=\"container\">\r\n                        <h3 class=\"page-title text__title\">Polecane strony<\/h3>\r\n                        <div class=\"text-modules__content\"><p><span style=\"color: #000080; font-size: 18pt;\"><strong><u>Konurbacja g\u00f3rno\u015bl\u0105ska<\/u><\/strong><\/span><\/p>\n<table style=\"width: 138.16%; height: 314px;\" width=\"1377\">\n<tbody>\n<tr style=\"height: 10px;\">\n<td style=\"width: 41.9397%; height: 10px;\" width=\"293\"><span style=\"font-size: 12pt;\"><strong><a href=\"http:\/\/gzmetropolia.pl\/\" target=\"_blank\" rel=\"noopener noreferrer\">G\u00f3rno\u015bl\u0105sko-Zag\u0142\u0119biowska Metropolia &gt;&gt;&gt;\u00a0<\/a> \u00a0 \u00a0 \u00a0 \u00a0 \u00a0 \u00a0 \u00a0 \u00a0 \u00a0 \u00a0 \u00a0 \u00a0 \u00a0 \u00a0 \u00a0 \u00a0 \u00a0 \u00a0 \u00a0 \u00a0 \u00a0 \u00a0 \u00a0 \u00a0 \u00a0 \u00a0 \u00a0 \u00a0 \u00a0 \u00a0<\/strong><\/span><\/td>\n<td style=\"width: 57.6249%; height: 10px;\" width=\"406\"><\/td>\n<\/tr>\n<tr style=\"height: 23px;\">\n<td style=\"width: 41.9397%; height: 23px;\" width=\"293\"><span style=\"font-size: 12pt;\"><a href=\"http:\/\/katowice.stat.gov.pl\/\" target=\"_blank\" rel=\"noopener noreferrer\"><strong>Urz\u0105d Statystyczny w Katowicach &gt;&gt;&gt;<\/strong><\/a><\/span><\/td>\n<td style=\"width: 57.6249%; height: 23px;\" width=\"406\"><\/td>\n<\/tr>\n<tr style=\"height: 23px;\">\n<td style=\"width: 41.9397%; height: 23px;\" width=\"293\"><span style=\"font-size: 12pt;\"><a href=\"http:\/\/rcas.slaskie.pl\/\" target=\"_blank\" rel=\"noopener noreferrer\"><strong>Regionalne Obserwatorium Terytorialne &gt;&gt;&gt;<\/strong><\/a><\/span><\/td>\n<td style=\"width: 57.6249%; height: 23px;\" width=\"406\"><\/td>\n<\/tr>\n<tr style=\"height: 47px;\">\n<td style=\"width: 41.9397%; height: 47px;\" width=\"293\"><span style=\"font-size: 12pt;\"><a href=\"https:\/\/rcas.slaskie.pl\/content\/1354622651\" target=\"_blank\" rel=\"noopener noreferrer\"><strong>Analizy: Regionalne Centrum Analiz Strategicznych &gt;&gt;&gt;<\/strong><\/a><\/span><\/td>\n<td style=\"width: 57.6249%; height: 47px;\" width=\"406\"><\/td>\n<\/tr>\n<tr style=\"height: 47px;\">\n<td style=\"width: 41.9397%; height: 47px;\" width=\"293\"><span style=\"font-size: 12pt;\"><a href=\"https:\/\/www.slaskie.pl\/content\/1372921202_2013-07-04\" target=\"_blank\" rel=\"noopener noreferrer\"><strong>Strategia Rozwoju Wojew\u00f3dztwa \u015al\u0105skiego \u015aL\u0104SKIE 2020+ &gt;&gt;&gt;<\/strong><\/a><\/span><\/td>\n<td style=\"width: 57.6249%; height: 47px;\" width=\"406\"><\/td>\n<\/tr>\n<tr style=\"height: 47px;\">\n<td style=\"width: 41.9397%; height: 47px;\" width=\"293\"><span style=\"font-size: 12pt;\"><a href=\"http:\/\/www.slaskie.pl\/\" target=\"_blank\" rel=\"noopener noreferrer\"><strong>Urz\u0105d Marsza\u0142kowski Wojew\u00f3dztwa \u015al\u0105skiego &gt;&gt;&gt;<\/strong><\/a><\/span><\/td>\n<td style=\"width: 57.6249%; height: 47px;\" width=\"406\"><\/td>\n<\/tr>\n<tr style=\"height: 47px;\">\n<td style=\"width: 41.9397%; height: 47px;\" width=\"293\"><span style=\"font-size: 12pt;\"><a href=\"http:\/\/rpo.slaskie.pl\/\" target=\"_blank\" rel=\"noopener noreferrer\"><strong>Regionalny Program Operacyjny Wojew\u00f3dztwa \u015al\u0105skiego &gt;&gt;&gt;<\/strong><\/a><\/span><\/td>\n<td style=\"width: 57.6249%; height: 47px;\" width=\"406\"><\/td>\n<\/tr>\n<tr style=\"height: 23px;\">\n<td style=\"width: 41.9397%; height: 23px;\" width=\"293\"><span style=\"font-size: 12pt;\"><a href=\"https:\/\/www.silesia.org.pl\/index.php\" target=\"_blank\" rel=\"noopener noreferrer\"><strong>\u015al\u0105ski Zwi\u0105zek Gmin i Powiat\u00f3w &gt;&gt;&gt;<\/strong><\/a><\/span><\/td>\n<td style=\"width: 57.6249%; height: 23px;\" width=\"406\"><\/td>\n<\/tr>\n<tr style=\"height: 47px;\">\n<td style=\"width: 41.9397%; height: 47px;\" width=\"293\"><span style=\"font-size: 12pt;\"><a href=\"http:\/\/www.subregioncentralny.pl\/\" target=\"_blank\" rel=\"noopener noreferrer\"><strong>Zwi\u0105zek Gmin i Powiat\u00f3w Subregionu Centralnego Wojew\u00f3dztwa Centralnego &gt;&gt;&gt;<\/strong><\/a><\/span><\/td>\n<td style=\"width: 57.6249%; height: 47px;\" width=\"406\"><\/td>\n<\/tr>\n<\/tbody>\n<\/table>\n<p><span style=\"color: #000080; font-size: 12pt;\"><strong><u><br \/>\n<span style=\"font-size: 18pt;\">Polska<\/span><\/u><\/strong><\/span><\/p>\n<table style=\"border-collapse: collapse; width: 100.1%; height: 144px;\">\n<tbody>\n<tr style=\"height: 23px;\">\n<td style=\"width: 72.2535%; height: 23px;\" width=\"379\"><span style=\"font-size: 12pt;\"><a href=\"https:\/\/www.gov.pl\/web\/fundusze-regiony\" target=\"_blank\" rel=\"noopener noreferrer\"><strong>Ministerstwo Funduszy i Polityki Regionalnej &gt;&gt;&gt;<\/strong><\/a><\/span><\/td>\n<td style=\"width: 27.3962%; height: 23px;\"><\/td>\n<\/tr>\n<tr style=\"height: 23px;\">\n<td style=\"width: 72.2535%; height: 23px;\"><span style=\"font-size: 12pt;\"><a href=\"https:\/\/www.gov.pl\/web\/fundusze-regiony\/krajowy-punkt-kontaktowy-espon3\" target=\"_blank\" rel=\"noopener noreferrer\"><strong>Krajowy Punkt Kontaktowy ESPON &gt;&gt;&gt;<\/strong><\/a><\/span><\/td>\n<td style=\"width: 27.3962%; height: 23px;\"><\/td>\n<\/tr>\n<tr style=\"height: 47px;\">\n<td style=\"width: 72.2535%; height: 10px;\"><span style=\"font-size: 12pt;\"><a href=\"http:\/\/www.mswia.gov.pl\/\" target=\"_blank\" rel=\"noopener noreferrer\"><strong>Ministerstwo Spraw Wewn\u0119trznych i Administracji \u2013 ustawa metropolitalna &gt;&gt;&gt;<\/strong><\/a><\/span><\/td>\n<td style=\"width: 27.3962%; height: 10px;\"><\/td>\n<\/tr>\n<tr style=\"height: 47px;\">\n<td style=\"width: 72.2535%; height: 37px;\"><span style=\"font-size: 12pt;\"><a href=\"http:\/\/polska2030.pl\/\" target=\"_blank\" rel=\"noopener noreferrer\"><strong>Raport Polska 2030 \u2013 strategie, oczekiwania, opracowania &gt;&gt;&gt;<\/strong><\/a><\/span><\/td>\n<td style=\"width: 27.3962%; height: 37px;\"><\/td>\n<\/tr>\n<tr style=\"height: 17px;\">\n<td style=\"width: 72.2535%; height: 17px;\"><span style=\"font-size: 12pt;\"><a href=\"http:\/\/cbm.amu.edu.pl\/\" target=\"_blank\" rel=\"noopener noreferrer\"><strong>Centrum Bada\u0144 Metropolitalnych Uniwersytetu im. A. Mickiewicza w Poznaniu &gt;&gt;&gt;<\/strong><\/a><\/span><\/td>\n<td style=\"width: 27.3962%; height: 17px;\"><\/td>\n<\/tr>\n<tr style=\"height: 17px;\">\n<td style=\"width: 72.2535%; height: 17px;\"><span style=\"font-size: 12pt;\"><a href=\"http:\/\/obserwatorium.miasta.pl\/\" target=\"_blank\" rel=\"noopener noreferrer\"><strong>Obserwatorium Polityki Miejskiej IRMiR &gt;&gt;&gt;<\/strong><\/a><\/span><\/td>\n<td style=\"width: 27.3962%; height: 17px;\"><\/td>\n<\/tr>\n<tr style=\"height: 17px;\">\n<td style=\"width: 72.2535%; height: 17px;\"><span style=\"font-size: 12pt;\"><a href=\"https:\/\/www.im.edu.pl\/\" target=\"_blank\" rel=\"noopener noreferrer\"><strong>Instytut Metropolitalny w Gda\u0144sku &gt;&gt;&gt;<\/strong><\/a><\/span><\/td>\n<td style=\"width: 27.3962%; height: 17px;\"><\/td>\n<\/tr>\n<\/tbody>\n<\/table>\n<p><span style=\"color: #000080; font-size: 14pt;\"><strong><u><br \/>\n<span style=\"font-size: 18pt;\">Europa<\/span><\/u><\/strong><\/span><\/p>\n<table style=\"width: 138.16%; height: 169px;\" width=\"1377\">\n<tbody>\n<tr style=\"height: 47px;\">\n<td style=\"width: 54.4084%; height: 32px;\" width=\"293\"><span style=\"font-size: 12pt;\"><strong><a href=\"https:\/\/www.eurometrex.org\/\" target=\"_blank\" rel=\"noopener noreferrer\">Sie\u0107 Europejskich Region\u00f3w i Obszar\u00f3w Metropolitalnych METREX &gt;&gt;&gt;<\/a><\/strong><\/span><\/td>\n<td style=\"width: 45.1562%; height: 32px;\" width=\"406\"><\/td>\n<\/tr>\n<tr style=\"height: 23px;\">\n<td style=\"width: 54.4084%; height: 23px;\" width=\"293\"><span style=\"font-size: 12pt;\"><a href=\"https:\/\/www.espon.eu\/\" target=\"_blank\" rel=\"noopener noreferrer\"><strong>Program ESPON 2020 &gt;&gt;&gt;<\/strong><\/a><\/span><\/td>\n<td style=\"width: 45.1562%; height: 23px;\" width=\"406\"><\/td>\n<\/tr>\n<tr style=\"height: 47px;\">\n<td style=\"width: 54.4084%; height: 23px;\" width=\"293\"><span style=\"font-size: 12pt;\"><a href=\"https:\/\/www.slaskie.pl\/content\/biuro-regionalne-wojewodztwa-slaskiego-w-brukseli\" target=\"_blank\" rel=\"noopener noreferrer\"><strong>Biuro Regionalne Wojew\u00f3dztwa \u015al\u0105skiego w Brukseli &gt;&gt;&gt;<\/strong><\/a><\/span><\/td>\n<td style=\"width: 45.1562%; height: 23px;\" width=\"406\"><\/td>\n<\/tr>\n<tr style=\"height: 47px;\">\n<td style=\"width: 54.4084%; height: 23px;\" width=\"293\"><span style=\"font-size: 12pt;\"><a href=\"https:\/\/www.prosilesia.pl\/pl\" target=\"_blank\" rel=\"noopener noreferrer\"><strong>Stowarzyszenie Biznes \u2013 Nauka \u2013 Samorz\u0105d \u201ePro Silesia\u201d &gt;&gt;&gt;<\/strong><\/a><\/span><\/td>\n<td style=\"width: 45.1562%; height: 23px;\" width=\"406\"><\/td>\n<\/tr>\n<tr style=\"height: 23px;\">\n<td style=\"width: 54.4084%; height: 23px;\" width=\"293\"><span style=\"font-size: 12pt;\"><a href=\"http:\/\/www.gouvernement.fr\/action\/les-metropoles\" target=\"_blank\" rel=\"noopener noreferrer\"><strong>Metropolie we Francji &gt;&gt;&gt;<\/strong><\/a><\/span><\/td>\n<td style=\"width: 45.1562%; height: 23px;\" width=\"406\"><\/td>\n<\/tr>\n<tr style=\"height: 47px;\">\n<td style=\"width: 54.4084%; height: 30px;\" width=\"293\"><span style=\"font-size: 12pt;\"><a href=\"https:\/\/agence-cohesion-territoires.gouv.fr\/lagence-21\" target=\"_blank\" rel=\"noopener noreferrer\"><strong>Agence Nationale de la Coh\u00e9sion des Territoires &gt;&gt;&gt;<\/strong><\/a><\/span><\/td>\n<td style=\"width: 45.1562%; height: 30px;\" width=\"406\"><\/td>\n<\/tr>\n<tr style=\"height: 34px;\">\n<td style=\"width: 54.4084%; height: 15px;\" width=\"293\"><span style=\"font-size: 12pt;\"><a href=\"https:\/\/www.cohesion-territoires.gouv.fr\/\" target=\"_blank\" rel=\"noopener noreferrer\"><strong>Minist\u00e8re de la Coh\u00e9sion des Territoires et des Relations avec les Collectivit\u00e9s Territoriales &gt;&gt;&gt;<\/strong><\/a><\/span><\/td>\n<td style=\"width: 45.1562%; height: 15px;\" width=\"406\"><\/td>\n<\/tr>\n<\/tbody>\n<\/table>\n<p><span style=\"color: #000080; font-size: 14pt;\"><strong><u><br \/>\n<span style=\"font-size: 18pt;\">Inne polskie aglomeracje<\/span><\/u><\/strong><\/span><\/p>\n<table width=\"1377\">\n<tbody>\n<tr>\n<td width=\"577\"><span style=\"font-size: 12pt;\"><a href=\"http:\/\/metropoliakrakowska.pl\/\" target=\"_blank\" rel=\"noopener noreferrer\"><strong>Metropolia Krakowska &gt;&gt;&gt;<\/strong><\/a><\/span><\/td>\n<td width=\"794\"><\/td>\n<\/tr>\n<tr>\n<td width=\"577\"><span style=\"font-size: 12pt;\"><a href=\"http:\/\/www.metropoliagdansk.pl\/\" target=\"_blank\" rel=\"noopener noreferrer\"><strong>Obszar Metropolitalny \u2013 Gda\u0144sk, Gdynia, Sopot &gt;&gt;&gt;<\/strong><\/a><\/span><\/td>\n<td width=\"794\"><\/td>\n<\/tr>\n<tr>\n<td width=\"577\"><span style=\"font-size: 12pt;\"><a href=\"http:\/\/lom.lodz.pl\/\" target=\"_blank\" rel=\"noopener noreferrer\"><strong>Stowarzyszenie \u0141\u00f3dzki Obszar Metropolitalny &gt;&gt;&gt;<\/strong><\/a><\/span><\/td>\n<td width=\"794\"><\/td>\n<\/tr>\n<tr>\n<td width=\"577\"><span style=\"font-size: 12pt;\"><a href=\"http:\/\/www.aglomeracja.poznan.pl\/\" target=\"_blank\" rel=\"noopener noreferrer\"><strong>Stowarzyszenie Metropolia Pozna\u0144 &gt;&gt;&gt;<\/strong><\/a><\/span><\/td>\n<td width=\"794\"><\/td>\n<\/tr>\n<tr>\n<td width=\"577\"><span style=\"font-size: 12pt;\"><a href=\"https:\/\/sm.waw.pl\/\" target=\"_blank\" rel=\"noopener noreferrer\"><strong>Stowarzyszenie Metropolia Warszawa &gt;&gt;&gt;<\/strong><\/a><\/span><\/td>\n<td width=\"794\"><\/td>\n<\/tr>\n<tr>\n<td width=\"577\"><span style=\"font-size: 12pt;\"><a href=\"http:\/\/omw.um.warszawa.pl\/\" target=\"_blank\" rel=\"noopener noreferrer\"><strong>Obszar Metropolitalny Warszawy &gt;&gt;&gt;<\/strong><\/a><\/span><\/td>\n<td width=\"794\"><\/td>\n<\/tr>\n<tr>\n<td width=\"577\"><span style=\"font-size: 12pt;\"><a href=\"https:\/\/zitwrof.pl\/\" target=\"_blank\" rel=\"noopener noreferrer\"><strong>Zintegrowane Inwestycje Terytorialne Wroc\u0142awskiego Obszaru Terytorialnego &gt;&gt;&gt;<\/strong><\/a><\/span><\/td>\n<td width=\"794\"><\/td>\n<\/tr>\n<tr>\n<td width=\"577\"><span style=\"font-size: 12pt;\"><a href=\"http:\/\/aglomeracja.wroclaw.pl\/\" target=\"_blank\" rel=\"noopener noreferrer\"><strong>Aglomeracja Wroc\u0142awska &gt;&gt;&gt;<\/strong><\/a><\/span><\/td>\n<td width=\"794\"><\/td>\n<\/tr>\n<\/tbody>\n<\/table>\n<p>\n<\/div>\r\n                    <\/div>\r\n                <\/div>[\/vc_column][\/vc_row]<\/p>","protected":false},"excerpt":{"rendered":"<p>[vc_row][vc_column][\/vc_column][\/vc_row] [&#8230;]<\/p>\n<p><a class=\"btn btn-secondary understrap-read-more-link\" href=\"https:\/\/us.edu.pl\/centra-badawcze\/opmim\/polecane-strony\/\">Read More&#8230;<\/a><\/p>\n","protected":false},"author":2808,"featured_media":0,"parent":0,"menu_order":0,"comment_status":"closed","ping_status":"closed","template":"","meta":{"_expiration-date-status":"saved","_expiration-date":0,"_expiration-date-type":"","_expiration-date-categories":[],"_expiration-date-options":[]},"acf":[],"_links":{"self":[{"href":"https:\/\/us.edu.pl\/centra-badawcze\/opmim\/wp-json\/wp\/v2\/pages\/777"}],"collection":[{"href":"https:\/\/us.edu.pl\/centra-badawcze\/opmim\/wp-json\/wp\/v2\/pages"}],"about":[{"href":"https:\/\/us.edu.pl\/centra-badawcze\/opmim\/wp-json\/wp\/v2\/types\/page"}],"author":[{"embeddable":true,"href":"https:\/\/us.edu.pl\/centra-badawcze\/opmim\/wp-json\/wp\/v2\/users\/2808"}],"replies":[{"embeddable":true,"href":"https:\/\/us.edu.pl\/centra-badawcze\/opmim\/wp-json\/wp\/v2\/comments?post=777"}],"version-history":[{"count":17,"href":"https:\/\/us.edu.pl\/centra-badawcze\/opmim\/wp-json\/wp\/v2\/pages\/777\/revisions"}],"predecessor-version":[{"id":1193,"href":"https:\/\/us.edu.pl\/centra-badawcze\/opmim\/wp-json\/wp\/v2\/pages\/777\/revisions\/1193"}],"wp:attachment":[{"href":"https:\/\/us.edu.pl\/centra-badawcze\/opmim\/wp-json\/wp\/v2\/media?parent=777"}],"curies":[{"name":"wp","href":"https:\/\/api.w.org\/{rel}","templated":true}]}}